{"id":10232,"date":"2022-05-26T23:06:43","date_gmt":"2022-05-26T20:06:43","guid":{"rendered":"https:\/\/www.baysalsaglik.com\/agiz-dis-ve-cene-sagligi\/"},"modified":"2022-05-27T20:19:37","modified_gmt":"2022-05-27T17:19:37","slug":"mund-zahn-und-kiefergesundheit","status":"publish","type":"page","link":"https:\/\/www.baysalsaglik.com\/de\/mund-zahn-und-kiefergesundheit\/","title":{"rendered":"Mund-, Zahn- und Kiefergesundheit"},"content":{"rendered":"<div class=\"wpb-content-wrapper\"><p>[vc_row][vc_column][vc_column_text woodmart_inline=&#8221;no&#8221; text_larger=&#8221;no&#8221;]Mund-, Zahn- und Kieferchirurgie; Neben den Weichteilen im Mund spielt es eine Rolle bei der Beseitigung aller Erkrankungen rund um Z\u00e4hne, Kiefer und Kiefergelenke. In diesem Zusammenhang werden in diesem Bereich die Diagnose und Behandlung von Erkrankungen des Mundes und der Zahnsubstanz durchgef\u00fchrt. Patienten ges\u00fcnder zu machen, ist das Ziel der Mund-, Zahn- und Kieferchirurgie, deren Behandlungsverfahren sehr vielf\u00e4ltig sind.<\/p>\n<h2>Behandlungen im Rahmen der Mund-, Zahn- und Kiefergesundheit<\/h2>\n<p>Wenn sich Patienten mit Beschwerden \u00fcber die Mund- und Zahngesundheit an das Baysal Health Center wenden, werden die folgenden Behandlungen und Anwendungen angewendet. Diese Praktiken sind unerl\u00e4sslich, um sich im Grunde wohl und gesund zu f\u00fchlen.<\/p>\n<p>eingebettete Zahnextraktion,<br \/>\nAnwendungen von Zahnimplantaten,<br \/>\nProthesenbau,<br \/>\nBehandlung von Entz\u00fcndungen im Kinn- und Gesichtsbereich,<br \/>\nBehandlung von Zahn- und Kieferbr\u00fcchen,<br \/>\nBehandlungen bei Erkrankungen des Kiefergelenks,<br \/>\nRekonstruktion der Kieferknochen und des Weichgewebes um den Knochen herum,<br \/>\nImplantatchirurgie.<\/p>\n<p>Zus\u00e4tzlich zu den oben aufgef\u00fchrten Behandlungen und Praktiken bietet Baysal Health auch viele Behandlungen f\u00fcr die Mund- und Zahngesundheit an. Alle Anwendungen erfolgen unter hygienischen Bedingungen im Sinne einer gesunden Zahnsubstanz und dem \u00d6ffnen der T\u00fcr zum Leben.<\/p>\n<h2>Was ist ein Zahnimplantat? Auf wen wird es angewendet?<\/h2>\n<p>Zahnimplantate sind eine der am meisten bevorzugten Anwendungen im Rahmen der Mund-, Zahn- und Kiefergesundheit. Es wird bevorzugt, Zahnverlust aufgrund von Problemen zu kompensieren, die aus verschiedenen Gr\u00fcnden auftreten. W\u00e4hrend es f\u00fcr einen nat\u00fcrlichen, gesunden und haltbaren Zahn sorgt, kann es f\u00fcr mehr als einen Zahn angewendet werden. Das Ziel von Zahnimplantaten, deren Behandlungsdauer 3 bis 6 Monate andauert, ist es, den Zahnmangel des Patienten zu beseitigen. In diesem Zusammenhang werden professionelle Anwendungen realisiert.<\/p>\n<h3>Zahnextraktion<\/h3>\n<p>Mit dem Auftreten von Strukturen, die aus verschiedenen Gr\u00fcnden unbrauchbar werden oder als impaktierte Z\u00e4hne im Mund bezeichnet werden, werden Zahnextraktionsdienste angewendet. Bei der Zahnextraktion werden ungesunde Z\u00e4hne, die andere Z\u00e4hne sch\u00e4digen k\u00f6nnen, aus dem Mund entfernt. Au\u00dferdem sind die Vorarbeiten f\u00fcr eine ges\u00fcndere Zahnsubstanz abgeschlossen.<\/p>\n<h3>Zahnaufhellungsbehandlung<\/h3>\n<p>Obwohl die Z\u00e4hne nat\u00fcrliche Farben zwischen wei\u00df und gelb haben, verursachen die Ver\u00e4nderungen, die im Laufe der Zeit auftreten, gravierende Unterschiede in den Farben der Z\u00e4hne. In diesem Zusammenhang ist der gro\u00dfe Einfluss sowohl von Umweltfaktoren als auch von Ern\u00e4hrungsgewohnheiten zu erw\u00e4hnen. Tats\u00e4chlich gibt es bei den Farb\u00e4nderungen, die in den Z\u00e4hnen zu sehen sind, Farben, die sich intern oder extern \u00e4ndern. Unsere Spezialisten, die als Reaktion auf solche Negativit\u00e4ten eine Zahnaufhellung durchf\u00fchren, erm\u00f6glichen Ihnen ges\u00fcndere und nat\u00fcrliche Z\u00e4hne. W\u00e4hrend wir Ihre Z\u00e4hne mit nat\u00fcrlichen Anwendungen aufhellen, erm\u00f6glichen wir Ihnen auch ein selbstbewussteres L\u00e4cheln.<\/p>\n<h3>Verfahren bei Mund-, Zahn- und Kiefergesundheitsbehandlungen<\/h3>\n<p>Um die Mund- und Zahngesundheit auf ein optimales Niveau zu bringen, sollten Patienten in regelm\u00e4\u00dfigen Abst\u00e4nden behandelt werden. Tats\u00e4chlich geh\u00f6rt die Tatsache, dass Z\u00e4hne st\u00e4ndig mit Nahrung in Verbindung gebracht werden, zu den wichtigsten Faktoren, die die Bildung von Bakterien ausl\u00f6sen. Dar\u00fcber hinaus ergeben sich bei Mangelern\u00e4hrung und Differenzierung von Umweltfaktoren unterschiedliche Situationen in der Mund- und Zahngesundheit. Daher ist der Behandlungsprozess nicht f\u00fcr jeden Patienten gleich.<\/p>\n<p>Im Rahmen der Vorkontrollen durch die Experten von Baysal Health werden die f\u00fcr den Patienten idealsten Anwendungen ermittelt. Nachdem die notwendigen Bestimmungen vorgenommen wurden, wird der Zahnbehandlungsprozess durchgef\u00fchrt. An dieser Stelle ist der wichtigste Punkt, dass der Patient gesund ist und alle Probleme im Zusammenhang mit der Zahngesundheit beseitigt.[\/vc_column_text][\/vc_column][\/vc_row]<\/p>\n<\/div>","protected":false},"excerpt":{"rendered":"<p>[vc_row][vc_column][vc_column_text woodmart_inline=&#8221;no&#8221; text_larger=&#8221;no&#8221;]Mund-, Zahn- und Kieferchirurgie; Neben den Weichteilen im Mund spielt es eine Rolle bei der Beseitigung aller Erkrankungen<\/p>\n","protected":false},"author":2,"featured_media":0,"parent":0,"menu_order":0,"comment_status":"closed","ping_status":"closed","template":"","meta":{"footnotes":""},"class_list":["post-10232","page","type-page","status-publish","hentry"],"_links":{"self":[{"href":"https:\/\/www.baysalsaglik.com\/de\/wp-json\/wp\/v2\/pages\/10232","targetHints":{"allow":["GET"]}}],"collection":[{"href":"https:\/\/www.baysalsaglik.com\/de\/wp-json\/wp\/v2\/pages"}],"about":[{"href":"https:\/\/www.baysalsaglik.com\/de\/wp-json\/wp\/v2\/types\/page"}],"author":[{"embeddable":true,"href":"https:\/\/www.baysalsaglik.com\/de\/wp-json\/wp\/v2\/users\/2"}],"replies":[{"embeddable":true,"href":"https:\/\/www.baysalsaglik.com\/de\/wp-json\/wp\/v2\/comments?post=10232"}],"version-history":[{"count":0,"href":"https:\/\/www.baysalsaglik.com\/de\/wp-json\/wp\/v2\/pages\/10232\/revisions"}],"wp:attachment":[{"href":"https:\/\/www.baysalsaglik.com\/de\/wp-json\/wp\/v2\/media?parent=10232"}],"curies":[{"name":"wp","href":"https:\/\/api.w.org\/{rel}","templated":true}]}}