{"id":10245,"date":"2022-05-26T23:08:57","date_gmt":"2022-05-26T20:08:57","guid":{"rendered":"https:\/\/www.baysalsaglik.com\/beyin-cerrahisi\/"},"modified":"2022-05-27T20:23:10","modified_gmt":"2022-05-27T17:23:10","slug":"gehirnoperation","status":"publish","type":"page","link":"https:\/\/www.baysalsaglik.com\/de\/gehirnoperation\/","title":{"rendered":"Gehirnoperation"},"content":{"rendered":"<div class=\"wpb-content-wrapper\"><p>[vc_row][vc_column][vc_column_text woodmart_inline=&#8221;no&#8221; text_larger=&#8221;no&#8221;]Die Neurochirurgie befasst sich mit der Diagnose und Behandlung aller Erkrankungen des Gehirns, des R\u00fcckenmarks und des Nervensystems.<\/p>\n<ul>\n<li>Diagnose und Behandlung von Hirn- und R\u00fcckenmarkstumoren<\/li>\n<li>Diagnose und Behandlung von Verengungen in Hirn- und R\u00fcckenmarksgef\u00e4\u00dfen<\/li>\n<li>Diagnose und Behandlung von Aneurysmen in Hirn- und R\u00fcckenmarksgef\u00e4\u00dfen<\/li>\n<li>Diagnose und Behandlung einer erh\u00f6hten Gehirnfl\u00fcssigkeitsmenge<\/li>\n<li>Angeborene Anomalien und Behandlungen<\/li>\n<li>Diagnose und Behandlung von Hirnblutungen<\/li>\n<li>Diagnose und Behandlung des zerebralen Gef\u00e4\u00dfverschlusses<\/li>\n<li>Diagnose und Behandlung von Nackenhernien<\/li>\n<li>Diagnose und Behandlung von Lumbalhernien<\/li>\n<li>Diagnose und Behandlung von neurologischen Erkrankungen<\/li>\n<li>Kompression und Behandlung von Arm- und Beinnerven<\/li>\n<li>Chirurgische Diagnose und Behandlung von Tic-Erkrankungen<\/li>\n<li>Diagnose und Behandlung von Krebsoperationen<\/li>\n<li>Gamma Knife (nicht-chirurgische Hirntumorbehandlung)<\/li>\n<li>Nicht-chirurgische Behandlung des zerebrovaskul\u00e4ren Verschlusses<\/li>\n<li>Hydrozephalus<\/li>\n<li>Hypophysentumor<\/li>\n<li>Skoliose<\/li>\n<\/ul>\n<h4>Baysal-Gesundheitsprivilegien<\/h4>\n<p>Mit den Privilegien von Baysal Health finden Sie die besten \u00c4rzte und die besten Krankenh\u00e4user im Bereich der Neurochirurgie. Wenn Sie sich m\u00f6glichst ausf\u00fchrlich \u00fcber unsere Leistungen und Leistungsbereiche informieren m\u00f6chten, sind Sie bei uns an der richtigen Adresse. Sie k\u00f6nnen perfekte Informationen erhalten, indem Sie uns \u00fcber unsere Kontaktinformationen auf unserer Website kontaktieren.[\/vc_column_text][\/vc_column][\/vc_row]<\/p>\n<\/div>","protected":false},"excerpt":{"rendered":"<p>[vc_row][vc_column][vc_column_text woodmart_inline=&#8221;no&#8221; text_larger=&#8221;no&#8221;]Die Neurochirurgie befasst sich mit der Diagnose und Behandlung aller Erkrankungen des Gehirns, des R\u00fcckenmarks und des Nervensystems.<\/p>\n","protected":false},"author":2,"featured_media":0,"parent":0,"menu_order":0,"comment_status":"closed","ping_status":"closed","template":"","meta":{"footnotes":""},"class_list":["post-10245","page","type-page","status-publish","hentry"],"_links":{"self":[{"href":"https:\/\/www.baysalsaglik.com\/de\/wp-json\/wp\/v2\/pages\/10245","targetHints":{"allow":["GET"]}}],"collection":[{"href":"https:\/\/www.baysalsaglik.com\/de\/wp-json\/wp\/v2\/pages"}],"about":[{"href":"https:\/\/www.baysalsaglik.com\/de\/wp-json\/wp\/v2\/types\/page"}],"author":[{"embeddable":true,"href":"https:\/\/www.baysalsaglik.com\/de\/wp-json\/wp\/v2\/users\/2"}],"replies":[{"embeddable":true,"href":"https:\/\/www.baysalsaglik.com\/de\/wp-json\/wp\/v2\/comments?post=10245"}],"version-history":[{"count":0,"href":"https:\/\/www.baysalsaglik.com\/de\/wp-json\/wp\/v2\/pages\/10245\/revisions"}],"wp:attachment":[{"href":"https:\/\/www.baysalsaglik.com\/de\/wp-json\/wp\/v2\/media?parent=10245"}],"curies":[{"name":"wp","href":"https:\/\/api.w.org\/{rel}","templated":true}]}}