{"id":10257,"date":"2022-05-26T23:10:40","date_gmt":"2022-05-26T20:10:40","guid":{"rendered":"https:\/\/www.baysalsaglik.com\/cocuk-kardiyolojisi-cerrahi\/"},"modified":"2022-05-27T20:28:55","modified_gmt":"2022-05-27T17:28:55","slug":"kinderkardiologie-chirurgie","status":"publish","type":"page","link":"https:\/\/www.baysalsaglik.com\/de\/kinderkardiologie-chirurgie\/","title":{"rendered":"Kinderkardiologie \/ Chirurgie"},"content":{"rendered":"<div class=\"wpb-content-wrapper\"><p>[vc_row][vc_column][vc_column_text woodmart_inline=&#8221;hay\u0131r&#8221; text_larger=&#8221;hay\u0131r&#8221;]<\/p>\n<h2>Was ist Kinderchirurgie?<\/h2>\n<p>Die Kinderchirurgie, auch Kinderchirurgie genannt, geh\u00f6rt zu den bedeutenden Zweigen der Medizin. Wenn Ihr Kind an einer Krankheit, Verletzung oder einem Zustand leidet, der eine Operation erfordert, verf\u00fcgt ein Kinderchirurg \u00fcber die Erfahrung und Qualifikation, um Ihr Kind zu behandeln. Die chirurgischen Probleme, die Kinderchirurgen sehen, unterscheiden sich oft stark von denen, die Allgemein- oder Erwachsenenchirurgen sehen. Spezielle Ausbildung ist in der Kinderchirurgie wichtig.<\/p>\n<p>Kinderchirurgen behandeln Kinder von der Geburt bis ins Teenageralter. Sie w\u00e4hlten die P\u00e4diatrie als Schwerpunkt ihrer medizinischen Praxis und lernten durch Weiterbildung und praktische Erfahrung die Einzigartigkeit der medizinischen und chirurgischen Versorgung von Kindern kennen. Wenn man bedenkt, dass Kinder eine andere Struktur haben als Erwachsene, k\u00f6nnen wir klar sagen, dass sie von gro\u00dfer Bedeutung sind.<\/p>\n<h3>Welche Arten von Behandlungen bieten Kinderchirurgen an?<\/h3>\n<p>Kinderchirurgen diagnostizieren, behandeln und verwalten die chirurgischen Bed\u00fcrfnisse von Kindern wie:<\/p>\n<h3>Chirurgische Reparatur von Geburtsfehlern<br \/>\nSchwere Verletzungen, die eine Operation erfordern (z. B. Leberrisse, Stich- oder Schusswunden)<br \/>\nDiagnose und chirurgische Behandlung von Tumoren<br \/>\nTransplantationsoperationen<br \/>\nEndoskopieverfahren (Bronchoskopie, obere GI-Endoskopie, Koloskopie)<br \/>\nAlle anderen chirurgischen Eingriffe bei Kindern<br \/>\nKinderchirurgen: Beste Pflege f\u00fcr Kinder<\/h3>\n<p>Kinder sind nicht nur kleine Erwachsene. Sie k\u00f6nnen nicht immer sagen, was sie st\u00f6rt, oder medizinische Fragen beantworten. Sie sind w\u00e4hrend einer medizinischen Untersuchung m\u00f6glicherweise nicht immer geduldig und kooperativ. Kinderchirurgen verstehen es, Kinder beruhigend und kooperativ zu untersuchen und zu behandeln. Dar\u00fcber hinaus verwenden Kinderchirurgen speziell f\u00fcr Kinder entwickelte Ger\u00e4te. Die meisten Praxen von Kinderchirurgen sind kindgerecht gestaltet und eingerichtet. Spielzeug, Videos und Lesematerial f\u00fcr Kinder k\u00f6nnen in Pr\u00fcfungsr\u00e4umen und Wartezimmern verf\u00fcgbar sein. Dies tr\u00e4gt dazu bei, eine stressfreie und unterhaltsame Umgebung f\u00fcr Ihr Kind zu schaffen.<\/p>\n<p>Wenn Ihr Kinderarzt Ihnen empfiehlt, Ihr Kind zu einem Kinderchirurgen zu bringen, k\u00f6nnen Sie sicher sein, dass Ihr Kind \u00fcber das gr\u00f6\u00dftm\u00f6gliche Behandlungsspektrum, die umfassendste Ausbildung und die umfassendste Erfahrung mit Kindern und der Behandlung von chirurgischen Erkrankungen verf\u00fcgt.[\/vc_column_text][\/vc_column][\/vc_row][vc_row][vc_column][vc_column_text][\/vc_column_text][\/vc_column][\/vc_row]<\/p>\n<\/div>","protected":false},"excerpt":{"rendered":"<p>[vc_row][vc_column][vc_column_text woodmart_inline=&#8221;hay\u0131r&#8221; text_larger=&#8221;hay\u0131r&#8221;] Was ist Kinderchirurgie? Die Kinderchirurgie, auch Kinderchirurgie genannt, geh\u00f6rt zu den bedeutenden Zweigen der Medizin. Wenn Ihr<\/p>\n","protected":false},"author":2,"featured_media":0,"parent":0,"menu_order":0,"comment_status":"closed","ping_status":"closed","template":"","meta":{"footnotes":""},"class_list":["post-10257","page","type-page","status-publish","hentry"],"_links":{"self":[{"href":"https:\/\/www.baysalsaglik.com\/de\/wp-json\/wp\/v2\/pages\/10257","targetHints":{"allow":["GET"]}}],"collection":[{"href":"https:\/\/www.baysalsaglik.com\/de\/wp-json\/wp\/v2\/pages"}],"about":[{"href":"https:\/\/www.baysalsaglik.com\/de\/wp-json\/wp\/v2\/types\/page"}],"author":[{"embeddable":true,"href":"https:\/\/www.baysalsaglik.com\/de\/wp-json\/wp\/v2\/users\/2"}],"replies":[{"embeddable":true,"href":"https:\/\/www.baysalsaglik.com\/de\/wp-json\/wp\/v2\/comments?post=10257"}],"version-history":[{"count":0,"href":"https:\/\/www.baysalsaglik.com\/de\/wp-json\/wp\/v2\/pages\/10257\/revisions"}],"wp:attachment":[{"href":"https:\/\/www.baysalsaglik.com\/de\/wp-json\/wp\/v2\/media?parent=10257"}],"curies":[{"name":"wp","href":"https:\/\/api.w.org\/{rel}","templated":true}]}}