{"id":10277,"date":"2022-05-26T23:13:27","date_gmt":"2022-05-26T20:13:27","guid":{"rendered":"https:\/\/www.baysalsaglik.com\/dahiliye-ic-hastaliklari\/"},"modified":"2022-05-28T11:46:20","modified_gmt":"2022-05-28T08:46:20","slug":"innere-medizin","status":"publish","type":"page","link":"https:\/\/www.baysalsaglik.com\/de\/innere-medizin\/","title":{"rendered":"Innere Medizin"},"content":{"rendered":"<div class=\"wpb-content-wrapper\"><p>[vc_row][vc_column][vc_column_text woodmart_inline=&#8221;no&#8221; text_larger=&#8221;no&#8221;]Alle internistischen Erkrankungen werden in unserer Abteilung f\u00fcr Innere Medizin diagnostiziert und behandelt.<\/p>\n<h2>Als Unterabteilungen der Abteilung f\u00fcr innere Krankheiten;<\/h2>\n<ul>\n<li>Gastroenterologie<\/li>\n<li>Nephrologie<\/li>\n<li>Rheumatologie<\/li>\n<li>H\u00e4matologie<\/li>\n<li>Medizinische Onkologie<\/li>\n<li>Gastroenterologie<\/li>\n<li>Erkrankungen der Endochronologie und des Stoffwechsels k\u00f6nnen gez\u00e4hlt werden.<\/li>\n<\/ul>\n<p>In der Abteilung f\u00fcr Gastroenterologie, die \u00fcber das bedeutendste endoskopische Labor der Region verf\u00fcgt, werden Erkrankungen des Verdauungssystems erkannt und nach dem Stand der Technik behandelt. Gastroskopie- und Koloskopieanwendungen werden unter Narkose durchgef\u00fchrt.<\/p>\n<ul>\n<li>Magengeschw\u00fcr<\/li>\n<li>Gastritis<\/li>\n<li>Leber- und Gallenerkrankungen<\/li>\n<li>spastischer Dickdarm<\/li>\n<\/ul>\n<p>Die Diagnose vieler Krankheiten, wie z. B. Blutungen im Verdauungssystem, ist einfach zu stellen und die Patienten erreichen ihre Behandlung in kurzer Zeit. Neben oberen und unteren endoskopischen Untersuchungen des Verdauungssystems wird die Diagnose durch Ultraschalluntersuchungen best\u00e4tigt und bei Bedarf die Diagnose von Krankheiten durch tomographische Untersuchungen gekl\u00e4rt.[\/vc_column_text][\/vc_column][\/vc_row]<\/p>\n<\/div>","protected":false},"excerpt":{"rendered":"<p>[vc_row][vc_column][vc_column_text woodmart_inline=&#8221;no&#8221; text_larger=&#8221;no&#8221;]Alle internistischen Erkrankungen werden in unserer Abteilung f\u00fcr Innere Medizin diagnostiziert und behandelt. Als Unterabteilungen der Abteilung f\u00fcr<\/p>\n","protected":false},"author":2,"featured_media":0,"parent":0,"menu_order":0,"comment_status":"closed","ping_status":"closed","template":"","meta":{"footnotes":""},"class_list":["post-10277","page","type-page","status-publish","hentry"],"_links":{"self":[{"href":"https:\/\/www.baysalsaglik.com\/de\/wp-json\/wp\/v2\/pages\/10277","targetHints":{"allow":["GET"]}}],"collection":[{"href":"https:\/\/www.baysalsaglik.com\/de\/wp-json\/wp\/v2\/pages"}],"about":[{"href":"https:\/\/www.baysalsaglik.com\/de\/wp-json\/wp\/v2\/types\/page"}],"author":[{"embeddable":true,"href":"https:\/\/www.baysalsaglik.com\/de\/wp-json\/wp\/v2\/users\/2"}],"replies":[{"embeddable":true,"href":"https:\/\/www.baysalsaglik.com\/de\/wp-json\/wp\/v2\/comments?post=10277"}],"version-history":[{"count":0,"href":"https:\/\/www.baysalsaglik.com\/de\/wp-json\/wp\/v2\/pages\/10277\/revisions"}],"wp:attachment":[{"href":"https:\/\/www.baysalsaglik.com\/de\/wp-json\/wp\/v2\/media?parent=10277"}],"curies":[{"name":"wp","href":"https:\/\/api.w.org\/{rel}","templated":true}]}}