{"id":10291,"date":"2022-05-27T12:30:47","date_gmt":"2022-05-27T09:30:47","guid":{"rendered":"https:\/\/www.baysalsaglik.com\/estetik-operasyonlar\/"},"modified":"2022-05-27T20:39:21","modified_gmt":"2022-05-27T17:39:21","slug":"aesthetische-operationen","status":"publish","type":"page","link":"https:\/\/www.baysalsaglik.com\/de\/aesthetische-operationen\/","title":{"rendered":"\u00c4sthetische Operationen"},"content":{"rendered":"<div class=\"wpb-content-wrapper\"><p>[vc_row][vc_column][vc_column_text woodmart_inline=&#8221;no&#8221; text_larger=&#8221;no&#8221;]\u00c4sthetisch; Es ist ein Wissenschaftszweig, der als Plastische, Rekonstruktive und \u00c4sthetische Chirurgie bekannt ist. Es ist das Gebiet, das bei der Behandlung angeborener oder erworbener Erkrankungen eingesetzt wird. Kosmetikerinnen sorgen f\u00fcr die Beseitigung von Seh-Funktionsst\u00f6rungen im Gesicht, Lippen, Kinn, Brust und allen anderen Organen. In diesem Rahmen ist ein sch\u00f6neres Aussehen und ein qualitativ besseres Ergebnis m\u00f6glich. Als Baysal Health k\u00fcmmern wir uns mit vielen Anwendungen im Bereich der \u00c4sthetik um Ihre Gesundheit.<\/p>\n<h3>Nasen\u00e4sthetik<\/h3>\n<p>Nasen\u00e4sthetische Anwendungen werden angewendet, um die Defekte in der Nasenstruktur zu beseitigen und ein qualitativ besseres Ergebnis zu erzielen. In diesem Zusammenhang werden notwendige Eingriffe durchgef\u00fchrt, um die Nase strukturell und funktionell an einen idealeren Punkt zu bringen. Dank der Nasenkorrektur, die von einem Facharzt f\u00fcr plastische Chirurgie durchgef\u00fchrt wird, ist es f\u00fcr den Patienten sehr einfach, das gew\u00fcnschte Ergebnis zu erzielen.<\/p>\n<h3>Brust\u00e4sthetik<\/h3>\n<p>Probleme in der Bruststruktur der Frau f\u00fchren dazu, dass verschiedene Operationen bevorzugt werden. Brustverkleinerung, -vergr\u00f6\u00dferung und -straffung geh\u00f6ren in dieser Hinsicht zu den am meisten bevorzugten Anwendungen. Sie k\u00f6nnen es auch vorziehen, ein qualitativ hochwertiges Ergebnis in Bezug auf die Brust\u00e4sthetik zu erzielen, was im Hinblick auf ein gelungeneres Erscheinungsbild der Br\u00fcste sehr wertvoll ist. Erfolgreiche Ergebnisse werden dank der von Baysal Health-Experten pr\u00e4sentierten Anwendungen m\u00f6glich sein!<\/p>\n<h3>Fettabsaugung<\/h3>\n<p>Wenn \u00e4sthetische Anwendungen erw\u00e4hnt werden sollen, ist die Fettabsaugung eine der am meisten bevorzugten in dieser Hinsicht. Es ist besonders wichtig, um das in bestimmten K\u00f6rperteilen angesammelte Fett zu entfernen und ein besseres Aussehen zu erzielen. Es sollte gesagt werden, dass es sehr wertvoll ist, sich f\u00fcr die Fettabsaugung f\u00fcr diejenigen zu entscheiden, die sich mit hartn\u00e4ckigem Fett befassen m\u00f6chten.<\/p>\n<h3>Dehnungsoperationen<\/h3>\n<p>Eine der am meisten bevorzugten Anwendungen im Bereich der \u00e4sthetischen Chirurgie ist die Streckoperation. Das Ziel von Dehnungsoperationen, die bevorzugt an Armen, Beinen, Bauch und anderen K\u00f6rperpartien durchgef\u00fchrt werden, ist es, dass der v\u00f6llig erschlaffte K\u00f6rper optisch ein gelungeneres Niveau erreicht. W\u00e4hrend Dehnungsoperationen durchgef\u00fchrt werden, werden alle notwendigen Verfahren f\u00fcr einen straffen K\u00f6rper durchgef\u00fchrt, w\u00e4hrend die Erschlaffung entfernt wird. Es wird allgemein als bevorzugte Qualit\u00e4tsalternative f\u00fcr diejenigen akzeptiert, die j\u00fcnger aussehen m\u00f6chten. Die Tatsache, dass die Dehnungsoperationen in unterschiedlichen Regionen angewendet werden, macht es m\u00f6glich, gleichzeitig in mehr als einer Region zu dehnen.<\/p>\n<h3>Augenbrauenlift-Anwendungen<\/h3>\n<p>Die Augenbraue ist eines der wichtigen Elemente, die dem menschlichen Gesicht ein \u00e4sthetisches Aussehen verleihen. Aus diesem Grund ist es sinnvoll zu handeln, um bei niedrigen Augenbrauen ein gelungeneres Erscheinungsbild zu erzielen. Patienten mit Positionsproblemen im Zusammenhang mit ihren Augenbrauen k\u00f6nnen durch die Wahl von Augenbrauenlifting-Anwendungen erfolgreiche Ergebnisse erzielen. Es ist m\u00f6glich, das erwartete Ergebnis mit chirurgischen Eingriffen zu erzielen, die von Baysal Health-\u00c4sthetikspezialisten durchgef\u00fchrt werden.<\/p>\n<h3>Fettspritzen<\/h3>\n<p>Das Auftreten eines kollabierten Aussehens in verschiedenen Teilen des menschlichen K\u00f6rpers ist \u00e4sthetisch st\u00f6rend. Um das schlechte Aussehen zu beseitigen, ist es w\u00fcnschenswert, ein erfolgreiches Ergebnis zu erzielen, indem eine \u00d6linjektion im Gesicht und vielen anderen Bereichen durchgef\u00fchrt wird. Da die bei den \u00d6linjektionen verwendeten \u00d6le dem menschlichen K\u00f6rper entnommen werden, hat dies keine negativen Auswirkungen. Im Gegenteil, es sorgt f\u00fcr ein nat\u00fcrlicheres und hochwertigeres Erscheinungsbild.<\/p>\n<h3>Anwendungen f\u00fcr die Ohr\u00e4sthetik<\/h3>\n<p>Das Ohr, das einer der wichtigsten Teile des \u00e4sthetischen Erscheinungsbildes ist, wird zu einem Organ, das in manchen F\u00e4llen mit einem \u00e4sthetischen Eingriff behandelt werden muss. In diesem Fall f\u00fchren \u00e4sthetische Chirurgen, die planen, was zu tun ist, eine erfolgreiche Ohr\u00e4sthetik durch, nachdem sie den Patienten vor der Anwendung informiert haben. Damit der Patient sowohl optisch als auch funktionell einen gelungeneren Ohraufbau hat, haben ohr\u00e4sthetische Anwendungen eine gro\u00dfe Wirkung.<\/p>\n<p>Informationen zu all diesen Prozessen und vielem mehr erhalten Sie bei Baysal Health.[\/vc_column_text][\/vc_column][\/vc_row]<\/p>\n<\/div>","protected":false},"excerpt":{"rendered":"<p>[vc_row][vc_column][vc_column_text woodmart_inline=&#8221;no&#8221; text_larger=&#8221;no&#8221;]\u00c4sthetisch; Es ist ein Wissenschaftszweig, der als Plastische, Rekonstruktive und \u00c4sthetische Chirurgie bekannt ist. Es ist das Gebiet,<\/p>\n","protected":false},"author":2,"featured_media":0,"parent":0,"menu_order":0,"comment_status":"closed","ping_status":"closed","template":"","meta":{"footnotes":""},"class_list":["post-10291","page","type-page","status-publish","hentry"],"_links":{"self":[{"href":"https:\/\/www.baysalsaglik.com\/de\/wp-json\/wp\/v2\/pages\/10291","targetHints":{"allow":["GET"]}}],"collection":[{"href":"https:\/\/www.baysalsaglik.com\/de\/wp-json\/wp\/v2\/pages"}],"about":[{"href":"https:\/\/www.baysalsaglik.com\/de\/wp-json\/wp\/v2\/types\/page"}],"author":[{"embeddable":true,"href":"https:\/\/www.baysalsaglik.com\/de\/wp-json\/wp\/v2\/users\/2"}],"replies":[{"embeddable":true,"href":"https:\/\/www.baysalsaglik.com\/de\/wp-json\/wp\/v2\/comments?post=10291"}],"version-history":[{"count":0,"href":"https:\/\/www.baysalsaglik.com\/de\/wp-json\/wp\/v2\/pages\/10291\/revisions"}],"wp:attachment":[{"href":"https:\/\/www.baysalsaglik.com\/de\/wp-json\/wp\/v2\/media?parent=10291"}],"curies":[{"name":"wp","href":"https:\/\/api.w.org\/{rel}","templated":true}]}}