{"id":10304,"date":"2022-05-27T12:33:03","date_gmt":"2022-05-27T09:33:03","guid":{"rendered":"https:\/\/www.baysalsaglik.com\/genel-cerrahi\/"},"modified":"2022-05-27T20:44:30","modified_gmt":"2022-05-27T17:44:30","slug":"generelle-operation","status":"publish","type":"page","link":"https:\/\/www.baysalsaglik.com\/de\/generelle-operation\/","title":{"rendered":"Generelle Operation"},"content":{"rendered":"<div class=\"wpb-content-wrapper\"><p>[vc_row][vc_column][vc_column_text woodmart_inline=&#8221;no&#8221; text_larger=&#8221;no&#8221;]Allgemeinchirurgie ist eigentlich ein chirurgisches Spezialgebiet. Allgemeinchirurgen f\u00fchren nicht nur Operationen bei einer Vielzahl von Volkskrankheiten durch, sondern sind auch f\u00fcr die Patientenversorgung vor, w\u00e4hrend und nach der Operation verantwortlich. Alle Chirurgen sollten ihre Ausbildung in allgemeiner Chirurgie beginnen; Viele konzentrieren sich dann auf eine andere Spezialisierung. generelle Operation; Es ist eine medizinische Wissenschaft, die verschiedene Verfahren zur Beseitigung von Krankheiten durchf\u00fchrt, die nicht mit Medikamenten oder anderen medizinischen Methoden behandelt werden k\u00f6nnen, durch chirurgische Eingriffe, um ein Organ zu entfernen und zu heilen. generelle Operation; Es kooperiert mit verschiedenen Fachrichtungen wie Endokrinologie, Onkologie, Traumatologie. Die allgemeine Chirurgie, die Patienten mit Anwendungen der neuen Generation ein gesundes Leben bietet, ist eine medizinische Wissenschaft, in der Robotertechnologie intensiv genutzt wird.<\/p>\n<h3>Was deckt die allgemeine Chirurgie ab?<\/h3>\n<p>Der Umfang der allgemeinen Chirurgie kann wie folgt ausgedr\u00fcckt werden.<\/p>\n<ul>\n<li>Magen-Darm-System<\/li>\n<li>Bauch<\/li>\n<li>Verdauungstrakt<\/li>\n<li>Haut- und Weichteilchirurgie<\/li>\n<li>Brusterkrankungen<\/li>\n<li>Hormonsystem<\/li>\n<li>Chirurgische Onkologie<\/li>\n<li>Chirurgische Intensivpflege<\/li>\n<li>Traumatologie<\/li>\n<li>Gef\u00e4\u00dfchirurgie<\/li>\n<li>Transplantationschirurgie<\/li>\n<li>Herzchirugie<\/li>\n<li>Kinderchirurgie<\/li>\n<li>P\u00e4diatrische Herz-Kreislauf-Chirurgie<\/li>\n<li>Brustchirurgie<\/li>\n<li>Plastische Chirurgie<\/li>\n<li>Plastische und Rekonstruktive Chirurgie<\/li>\n<li>Orthop\u00e4die und Traumatologie<\/li>\n<\/ul>\n<p>Chirurgen, die allgemeine Chirurgie praktizieren, sind hochqualifizierte Chirurgen, die typischerweise an h\u00e4ufigen Bauchbeschwerden wie Blinddarmentz\u00fcndung, Hernien, Gallenblasenoperationen sowie Magen- und Darmproblemen arbeiten. Die allgemeine Chirurgie erfordert einen Chirurgen, der in der Lage ist, Eingriffe an mehreren Bereichen des K\u00f6rpers durchzuf\u00fchren. So wird beispielsweise f\u00fcr die Behandlung von Krebs oder Verbrennungen ein auf dieses Gebiet spezialisierter Chirurg ben\u00f6tigt.<\/p>\n<p>Es wird bestimmt, wer die Operation gem\u00e4\u00df den Organen oder Systemen, an denen die Operationen durchgef\u00fchrt werden, durchf\u00fchrt. An dieser Stelle kann klar festgestellt werden, dass die allgemeine Chirurgie mit mehr als einer Abteilung zusammenarbeitet.<\/p>\n<ul>\n<li>Welche Krankheiten werden allgemeinchirurgisch behandelt?<\/li>\n<\/ul>\n<p>Die Organe, an denen die Operationen durchgef\u00fchrt werden, und die Systeme, an die diese Organe angeschlossen sind, geh\u00f6ren zum Bereich der allgemeinen Chirurgie. An dieser Stelle ist es m\u00f6glich, die betreffenden Organe und Systeme verschiedenen Zweigen der allgemeinen Chirurgie zuzuordnen. Operationen an der Schilddr\u00fcse sind zum Beispiel das Interessengebiet der Abteilung Endokrinologie. Daher kann die allgemeine Chirurgie mit mehr als einer Abteilung zusammenarbeiten. Erkrankungen des Verdauungssystems, Gallenblasenoperationen werden von Allgemeinchirurgen durchgef\u00fchrt. Diese Operationen, die auf zwei Arten als offen und geschlossen durchgef\u00fchrt werden k\u00f6nnen, umfassen endoskopische und laparoskopische Techniken.<\/p>\n<p>Wir k\u00f6nnen die Krankheiten, die im Rahmen der allgemeinen Chirurgie behandelt werden k\u00f6nnen, wie folgt auflisten.<\/p>\n<ul>\n<li>Schilddr\u00fcsenerkrankungen,<\/li>\n<li>Appendizitis,<\/li>\n<li>Schmerzen, Schwellungen, Steifheit oder Schmerzen in der Brust<\/li>\n<li>Schmerzen oder Schwellungen im Bauch<\/li>\n<li>Orthop\u00e4dische Probleme<\/li>\n<li>H\u00e4morrhoiden<\/li>\n<li>Eingewachsenes Haar<\/li>\n<li>D\u00fcnn- und Dickdarmprobleme<\/li>\n<li>Leberprobleme<\/li>\n<li>Magen<\/li>\n<li>Hautprobleme<\/li>\n<li>Blutiger Stuhl<\/li>\n<li>Probleme mit der Gallenblase<\/li>\n<li>Probleme mit der Bauchspeicheldr\u00fcse,<\/li>\n<li>Zysten<\/li>\n<\/ul>\n<h3>Baysal-Gesundheitsprivilegien<\/h3>\n<p>Baysal Health unterst\u00fctzt Sie dabei, den besten Arzt und das beste Krankenhaus f\u00fcr die Behandlung allgemeinchirurgischer Erkrankungen zu finden. Sie k\u00f6nnen uns f\u00fcr weitere Informationen kontaktieren. Mit Baysal Health, das seit seiner Gr\u00fcndung Einzelpersonen h\u00f6chste Qualit\u00e4t und professionelle Dienstleistungen bietet, finden Sie das Qualit\u00e4tskrankenhaus und den professionellen Arzt, den Sie suchen. F\u00fcr detaillierte Informationen handeln Sie jetzt und kontaktieren Sie uns.[\/vc_column_text][\/vc_column][\/vc_row]<\/p>\n<\/div>","protected":false},"excerpt":{"rendered":"<p>[vc_row][vc_column][vc_column_text woodmart_inline=&#8221;no&#8221; text_larger=&#8221;no&#8221;]Allgemeinchirurgie ist eigentlich ein chirurgisches Spezialgebiet. Allgemeinchirurgen f\u00fchren nicht nur Operationen bei einer Vielzahl von Volkskrankheiten durch, sondern<\/p>\n","protected":false},"author":2,"featured_media":0,"parent":0,"menu_order":0,"comment_status":"closed","ping_status":"closed","template":"","meta":{"footnotes":""},"class_list":["post-10304","page","type-page","status-publish","hentry"],"_links":{"self":[{"href":"https:\/\/www.baysalsaglik.com\/de\/wp-json\/wp\/v2\/pages\/10304","targetHints":{"allow":["GET"]}}],"collection":[{"href":"https:\/\/www.baysalsaglik.com\/de\/wp-json\/wp\/v2\/pages"}],"about":[{"href":"https:\/\/www.baysalsaglik.com\/de\/wp-json\/wp\/v2\/types\/page"}],"author":[{"embeddable":true,"href":"https:\/\/www.baysalsaglik.com\/de\/wp-json\/wp\/v2\/users\/2"}],"replies":[{"embeddable":true,"href":"https:\/\/www.baysalsaglik.com\/de\/wp-json\/wp\/v2\/comments?post=10304"}],"version-history":[{"count":0,"href":"https:\/\/www.baysalsaglik.com\/de\/wp-json\/wp\/v2\/pages\/10304\/revisions"}],"wp:attachment":[{"href":"https:\/\/www.baysalsaglik.com\/de\/wp-json\/wp\/v2\/media?parent=10304"}],"curies":[{"name":"wp","href":"https:\/\/api.w.org\/{rel}","templated":true}]}}