{"id":10317,"date":"2022-05-27T12:36:15","date_gmt":"2022-05-27T09:36:15","guid":{"rendered":"https:\/\/www.baysalsaglik.com\/kardiyoloji\/"},"modified":"2022-05-27T20:48:00","modified_gmt":"2022-05-27T17:48:00","slug":"kardiologie","status":"publish","type":"page","link":"https:\/\/www.baysalsaglik.com\/de\/kardiologie\/","title":{"rendered":"Kardiologie"},"content":{"rendered":"<div class=\"wpb-content-wrapper\"><p>[vc_row][vc_column][vc_column_text woodmart_inline=&#8221;no&#8221; text_larger=&#8221;no&#8221;]Die Kardiologie ist die medizinische Einheit, die sich mit dem gesamten Herz-Kreislauf-System befasst.<\/p>\n<ul>\n<li>Diagnose und Behandlung von Herzklappenerkrankungen<\/li>\n<li>Diagnose und Behandlung von Herzinsuffizienz<\/li>\n<li>Diagnose und Behandlung von angeborenen Herzfehlern<\/li>\n<li>Diagnose und Behandlung von Herzrhythmus- und Leitungsst\u00f6rungen<\/li>\n<li>Diagnose und Behandlung von Gef\u00e4\u00dferkrankungen der Aorta<\/li>\n<li>Diagnose und Behandlung des Aortenaneurysmas<\/li>\n<li>Diagnose und Behandlung von peripheren Gef\u00e4\u00dferkrankungen<\/li>\n<li>Diagnose und Behandlung von Hypercholesterin\u00e4mie<\/li>\n<li>Diagnose und Behandlung von Bluthochdruck<\/li>\n<li>Radiales Angio<\/li>\n<li>Stent\/Ballon<\/li>\n<li>Ablationselektrophysiologie<\/li>\n<li>Atherosklerose (Arteriosklerose)<\/li>\n<li>EVAR\/TEVAR<\/li>\n<\/ul>\n<h3>Baysal-Gesundheitsprivilegien<\/h3>\n<p>Mit den Privilegien von Baysal Health finden Sie die besten \u00c4rzte und die besten Krankenh\u00e4user im Bereich Kardiologie. Wenn Sie sich m\u00f6glichst ausf\u00fchrlich \u00fcber unsere Leistungen und Leistungsbereiche informieren m\u00f6chten, sind Sie bei uns an der richtigen Adresse. Sie k\u00f6nnen perfekte Informationen erhalten, indem Sie uns \u00fcber unsere Kontaktinformationen auf unserer Website kontaktieren.[\/vc_column_text][\/vc_column][\/vc_row]<\/p>\n<\/div>","protected":false},"excerpt":{"rendered":"<p>[vc_row][vc_column][vc_column_text woodmart_inline=&#8221;no&#8221; text_larger=&#8221;no&#8221;]Die Kardiologie ist die medizinische Einheit, die sich mit dem gesamten Herz-Kreislauf-System befasst. Diagnose und Behandlung von Herzklappenerkrankungen<\/p>\n","protected":false},"author":2,"featured_media":0,"parent":0,"menu_order":0,"comment_status":"closed","ping_status":"closed","template":"","meta":{"footnotes":""},"class_list":["post-10317","page","type-page","status-publish","hentry"],"_links":{"self":[{"href":"https:\/\/www.baysalsaglik.com\/de\/wp-json\/wp\/v2\/pages\/10317","targetHints":{"allow":["GET"]}}],"collection":[{"href":"https:\/\/www.baysalsaglik.com\/de\/wp-json\/wp\/v2\/pages"}],"about":[{"href":"https:\/\/www.baysalsaglik.com\/de\/wp-json\/wp\/v2\/types\/page"}],"author":[{"embeddable":true,"href":"https:\/\/www.baysalsaglik.com\/de\/wp-json\/wp\/v2\/users\/2"}],"replies":[{"embeddable":true,"href":"https:\/\/www.baysalsaglik.com\/de\/wp-json\/wp\/v2\/comments?post=10317"}],"version-history":[{"count":0,"href":"https:\/\/www.baysalsaglik.com\/de\/wp-json\/wp\/v2\/pages\/10317\/revisions"}],"wp:attachment":[{"href":"https:\/\/www.baysalsaglik.com\/de\/wp-json\/wp\/v2\/media?parent=10317"}],"curies":[{"name":"wp","href":"https:\/\/api.w.org\/{rel}","templated":true}]}}