{"id":10331,"date":"2022-05-27T12:38:41","date_gmt":"2022-05-27T09:38:41","guid":{"rendered":"https:\/\/www.baysalsaglik.com\/onkoloji\/"},"modified":"2022-05-27T20:53:59","modified_gmt":"2022-05-27T17:53:59","slug":"onkologie","status":"publish","type":"page","link":"https:\/\/www.baysalsaglik.com\/de\/onkologie\/","title":{"rendered":"Onkologie"},"content":{"rendered":"<div class=\"wpb-content-wrapper\"><p>[vc_row][vc_column][vc_column_text woodmart_inline=&#8221;no&#8221; text_larger=&#8221;no&#8221;]Die Onkologie ist der Zweig der Medizin, der Krebs untersucht, identifiziert und behandelt. Ein auf dem Gebiet der Onkologie t\u00e4tiger Arzt wird Onkologe genannt.<\/p>\n<p>Onkologen m\u00fcssen Krebs in der Regel durch Biopsie, Endoskopie, R\u00f6ntgen, CT-Scan, MRT, PET-Scan, Ultraschall oder andere radiologische Methoden diagnostizieren. Die Nuklearmedizin kann auch zur Diagnose von Krebs eingesetzt werden, beispielsweise durch Blutuntersuchungen oder Tumormarker. Die Onkologie wird im Allgemeinen mit der H\u00e4matologie in Verbindung gebracht, dem Zweig der Medizin, der sich mit Blut und blutverwandten Erkrankungen befasst.<\/p>\n<p>Die p\u00e4diatrische Onkologie ist das medizinische Fachgebiet, das sich auf die Krebsbehandlung von Kindern konzentriert. Die p\u00e4diatrische Onkologie ist ein wichtiges Gebiet der Medizin, das alle Arten von p\u00e4diatrischem Krebs behandelt, einschlie\u00dflich akuter lymphatischer Leuk\u00e4mie, Neuroblastom, Hirntumoren und anderen Tumoren des zentralen Nervensystems. Die Behandlung unterscheidet sich oft von der Onkologie bei Erwachsenen. Die p\u00e4diatrische onkologische Behandlung kann Operation, Chemotherapie, Strahlentherapie, Immuntherapie und\/oder Stammzelltransplantation umfassen.<\/p>\n<h2>Behandlung im Bereich der Onkologie<\/h2>\n<p>Nach der Diagnose bespricht der Onkologe mit dem Patienten das Stadium der Erkrankung. Die Inszenierung bestimmt die Behandlung von Krebs. Neben der Chemotherapie, die als Zerst\u00f6rung von Krebszellen definiert ist, kann auch eine Strahlentherapie eingesetzt werden. Chirurgie wird verwendet, um Tumore zu entfernen. Die Hormontherapie wird zur Behandlung bestimmter Krebsarten eingesetzt, und Therapien mit monoklonalen Antik\u00f6rpern werden immer beliebter. Die Forschung an Krebsimpfstoffen und Immuntherapien geht weiter. Palliative Care in der Onkologie behandelt Schmerzen und andere Symptome von Krebs.<\/p>\n<p>Krebs wird normalerweise in Teamarbeit mit mindestens zwei oder drei Arten von Onkologen behandelt, einschlie\u00dflich medizinischer, chirurgischer oder Bestrahlung. Das onkologische Behandlungsteam kann auch einen Pathologen, einen diagnostischen Radiologen oder eine onkologische Krankenschwester umfassen. Bei einer neu aufgetretenen oder schwer behandelbaren Krebserkrankung kann das Onkologie-Versorgungsteam ein Tumorboard konsultieren, das sich aus verschiedenen Medizinern aller relevanten Fachrichtungen zusammensetzt. Er untersucht den Tumor in einem etablierten Zustand und empfiehlt dem Patienten, eine Krebsbehandlung zu beginnen.<\/p>\n<h3>Welche Erkrankungen behandelt der Facharzt f\u00fcr Onkologie?<\/h3>\n<p>Das Spezialgebiet des Onkologen sind Krebszellen. Die Onkologie, die einen \u00e4u\u00dferst wichtigen Stellenwert einnimmt, ist eng an der Behandlung und Diagnose vieler Krankheiten interessiert. An dieser Stelle besch\u00e4ftigen sich Onkologen mit Leuk\u00e4mie, Nierenkrebs, Knochenkrebs, Leberkrebs und verschiedenen anderen Krebsarten. Diese Spezialisten, auch Onkologen genannt, sind f\u00fcr den Beginn des Behandlungsprozesses nach der Diagnose verantwortlich. An dieser Stelle k\u00f6nnen wir festhalten, dass alle Stadien der Krebszelle vom jeweiligen Spezialisten verfolgt werden.<\/p>\n<h3>Teilgebiete der Onkologie<\/h3>\n<ul>\n<li>Gyn\u00e4kologische Onkologie: Sie befasst sich mit der Art von Krebs, der in den Fortpflanzungsorganen von Frauen vorkommt.<\/li>\n<li>Medizinische Onkologie: Es ist der Zweig der Onkologie, der sich mit den Medikamenten von Krebspatienten befasst.<\/li>\n<li>P\u00e4diatrische Onkologie: Spezialisiert auf die Diagnose und Behandlung von Krebs bei Kindern.<\/li>\n<li>Radioonkologie: Spezialisiert auf dem Gebiet der Strahlentherapie.<\/li>\n<li>Chirurgische Onkologie: Sie befasst sich mit Biopsie, Tumorentfernung und verschiedenen chirurgischen Eingriffen.<\/li>\n<\/ul>\n<h3>Baysal-Gesundheitsprivilegien<\/h3>\n<p>Mit den Privilegien von Baysal Health finden Sie die besten \u00c4rzte und die besten Krankenh\u00e4user im Bereich der Onkologie. Wenn Sie sich m\u00f6glichst ausf\u00fchrlich \u00fcber unsere Leistungen und Leistungsbereiche informieren m\u00f6chten, sind Sie bei uns an der richtigen Adresse. Sie k\u00f6nnen perfekte Informationen erhalten, indem Sie uns \u00fcber unsere Kontaktinformationen auf unserer Website kontaktieren.[\/vc_column_text][\/vc_column][\/vc_row]<\/p>\n<\/div>","protected":false},"excerpt":{"rendered":"<p>[vc_row][vc_column][vc_column_text woodmart_inline=&#8221;no&#8221; text_larger=&#8221;no&#8221;]Die Onkologie ist der Zweig der Medizin, der Krebs untersucht, identifiziert und behandelt. Ein auf dem Gebiet der<\/p>\n","protected":false},"author":2,"featured_media":0,"parent":0,"menu_order":0,"comment_status":"closed","ping_status":"closed","template":"","meta":{"footnotes":""},"class_list":["post-10331","page","type-page","status-publish","hentry"],"_links":{"self":[{"href":"https:\/\/www.baysalsaglik.com\/de\/wp-json\/wp\/v2\/pages\/10331","targetHints":{"allow":["GET"]}}],"collection":[{"href":"https:\/\/www.baysalsaglik.com\/de\/wp-json\/wp\/v2\/pages"}],"about":[{"href":"https:\/\/www.baysalsaglik.com\/de\/wp-json\/wp\/v2\/types\/page"}],"author":[{"embeddable":true,"href":"https:\/\/www.baysalsaglik.com\/de\/wp-json\/wp\/v2\/users\/2"}],"replies":[{"embeddable":true,"href":"https:\/\/www.baysalsaglik.com\/de\/wp-json\/wp\/v2\/comments?post=10331"}],"version-history":[{"count":0,"href":"https:\/\/www.baysalsaglik.com\/de\/wp-json\/wp\/v2\/pages\/10331\/revisions"}],"wp:attachment":[{"href":"https:\/\/www.baysalsaglik.com\/de\/wp-json\/wp\/v2\/media?parent=10331"}],"curies":[{"name":"wp","href":"https:\/\/api.w.org\/{rel}","templated":true}]}}