{"id":10347,"date":"2022-05-27T12:45:20","date_gmt":"2022-05-27T09:45:20","guid":{"rendered":"https:\/\/www.baysalsaglik.com\/ortopedi-ve-travmatoloji\/"},"modified":"2022-05-27T21:01:41","modified_gmt":"2022-05-27T18:01:41","slug":"orthopaedie-und-traumatologie","status":"publish","type":"page","link":"https:\/\/www.baysalsaglik.com\/de\/orthopaedie-und-traumatologie\/","title":{"rendered":"Orthop\u00e4die und Traumatologie"},"content":{"rendered":"<div class=\"wpb-content-wrapper\"><p>[vc_row][vc_column][vc_column_text woodmart_inline=&#8221;no&#8221; text_larger=&#8221;no&#8221;]Orthop\u00e4die ist das Gebiet der Medizin, das sich auf Operationen oder Manipulationen am Bewegungsapparat konzentriert. Die chirurgische Spezialit\u00e4t konzentrierte sich urspr\u00fcnglich auf Entwicklungsdeformit\u00e4ten und die Auswirkungen von Polio bei Kindern, hat sich aber jetzt erheblich erweitert, um alle Zust\u00e4nde und Krankheiten zu behandeln, die den Bewegungsapparat bei Menschen jeden Alters betreffen.<\/p>\n<p>Orthop\u00e4dische Erkrankungen k\u00f6nnen operativ und nicht-chirurgisch mit Medikamenten, Physiotherapie, \u00dcbungen, alternativen Therapien oder einer Reihe von chirurgischen Verfahren behandelt werden, einschlie\u00dflich solcher, die minimalinvasiv und daher f\u00fcr den K\u00f6rper weniger traumatisch sind als herk\u00f6mmliche offene Operationen. Das allgemeine Ziel orthop\u00e4discher Behandlungen ist der Erhalt oder die Wiederherstellung des Bewegungsapparates.<\/p>\n<p>Die Orthop\u00e4die behandelt angeborene oder erworbene Behinderungen. Es ist einer der gefragtesten medizinischen Zweige in der Welt und in unserem Land. Aufgrund der Lebensbedingungen und der Intensit\u00e4t des Arbeitslebens ist es unvermeidlich, dass einige Krankheiten und Schmerzen auftreten. Die Menschen versuchen, ihre Schmerzen loszuwerden, indem sie verschiedene Behandlungsmethoden anwenden, um diese Schmerzen zu lindern. Das Problem ist, dass die Menschen nicht sehr gut darin sind, den Arzt auszuw\u00e4hlen, der ihre Schmerzen heilt. Da diese und \u00e4hnliche Zust\u00e4nde hierzulande in Frage kommen, ist die Fachrichtung Orthop\u00e4die die Abteilung mit der h\u00f6chsten Dichte.<\/p>\n<h2>Orthop\u00e4dische Behandlung<\/h2>\n<p>Orthop\u00e4dische Chirurgen werden \u00c4rzte genannt, deren T\u00e4tigkeitsschwerpunkt auf Orthop\u00e4die liegt, auch wenn nicht alle von ihnen operieren. Wenn ein orthop\u00e4disches Problem auftritt, sollten orthop\u00e4dische Chirurgen eingreifen. Ein orthop\u00e4discher Chirurg ist qualifiziert, muskuloskelettale Probleme zu diagnostizieren und zu behandeln oder zu behandeln, die die Knochen und Weichteile (B\u00e4nder, Sehnen) im K\u00f6rper betreffen. Dar\u00fcber hinaus kann ein Orthop\u00e4de Rehabilitationsmethoden empfehlen, die die Wirksamkeit seiner Behandlung erh\u00f6hen k\u00f6nnen. Es kann Patienten auch eine effektive orthop\u00e4dische Aufkl\u00e4rung und Anleitung zur Vorbeugung von orthop\u00e4dischen Verletzungen und Krankheiten bieten.<\/p>\n<p>Klinische und Grundlagenforscher auf der ganzen Welt erweitern weiterhin das Wissen \u00fcber bestehende und neue orthop\u00e4dische Behandlungen zur Behandlung von Muskel-Skelett-Problemen und helfen Patienten, ein normales Aktivit\u00e4tsniveau und einen normalen Lebensstil wiederzuerlangen.<\/p>\n<p>Im Rahmen einer orthop\u00e4dischen Behandlung k\u00f6nnen sowohl Entwicklungsst\u00f6rungen als auch angeborene Erkrankungen wie Klumpfu\u00df, Taillenverkr\u00fcmmung, H\u00fcftluxation behandelt werden. Dar\u00fcber hinaus k\u00f6nnen auch durch sportliche Aktivit\u00e4ten auftretende Erkrankungen wie Meniskus, Verstauchung und Quetschung mit einer orthop\u00e4dischen Behandlung gel\u00f6st werden. Orthop\u00e4den sollten bei Problemen wie Sehnenriss, Fraktur, Luxation konsultiert werden.<\/p>\n<h3>Baysal-Gesundheitsprivilegien<\/h3>\n<p>Baysal Health ist eine der wenigen Organisationen, die an Ihre Gesundheit denkt, indem sie mit \u00c4rzten zusammenarbeitet, die Experten auf dem Gebiet der Gesundheitsdienste sind. F\u00fcr Baysal Health, das ein Pionier im Dienste seiner Patienten ist, ist das prim\u00e4re Ziel die menschliche Gesundheit und das Leben, denn Gesundheit darf nicht vernachl\u00e4ssigt werden. Unsere Preispolitik ist es, die g\u00fcnstigste auf dem Markt zu sein und den besten Service zu bieten. Um von diesen hochwertigen, zuverl\u00e4ssigen und erschwinglichen Gesundheitsdiensten zu profitieren, kontaktieren Sie uns sofort \u00fcber unsere Website oder andere Kommunikationskan\u00e4le und sichern Sie Ihre Gesundheit.<\/p>\n<p>Baysal Health bietet seinen Kunden seit seiner Gr\u00fcndung h\u00f6chste Qualit\u00e4t und professionelle Dienstleistungen. Sie k\u00f6nnen auch von Baysal Health Privilegien profitieren, um die besten \u00c4rzte und Krankenh\u00e4user im Bereich Orthop\u00e4die zu finden. Sie k\u00f6nnen uns sofort kontaktieren, um detaillierte Informationen zu unseren Dienstleistungen zu erhalten.[\/vc_column_text][\/vc_column][\/vc_row]<\/p>\n<\/div>","protected":false},"excerpt":{"rendered":"<p>[vc_row][vc_column][vc_column_text woodmart_inline=&#8221;no&#8221; text_larger=&#8221;no&#8221;]Orthop\u00e4die ist das Gebiet der Medizin, das sich auf Operationen oder Manipulationen am Bewegungsapparat konzentriert. Die chirurgische Spezialit\u00e4t<\/p>\n","protected":false},"author":2,"featured_media":0,"parent":0,"menu_order":0,"comment_status":"closed","ping_status":"closed","template":"","meta":{"footnotes":""},"class_list":["post-10347","page","type-page","status-publish","hentry"],"_links":{"self":[{"href":"https:\/\/www.baysalsaglik.com\/de\/wp-json\/wp\/v2\/pages\/10347","targetHints":{"allow":["GET"]}}],"collection":[{"href":"https:\/\/www.baysalsaglik.com\/de\/wp-json\/wp\/v2\/pages"}],"about":[{"href":"https:\/\/www.baysalsaglik.com\/de\/wp-json\/wp\/v2\/types\/page"}],"author":[{"embeddable":true,"href":"https:\/\/www.baysalsaglik.com\/de\/wp-json\/wp\/v2\/users\/2"}],"replies":[{"embeddable":true,"href":"https:\/\/www.baysalsaglik.com\/de\/wp-json\/wp\/v2\/comments?post=10347"}],"version-history":[{"count":0,"href":"https:\/\/www.baysalsaglik.com\/de\/wp-json\/wp\/v2\/pages\/10347\/revisions"}],"wp:attachment":[{"href":"https:\/\/www.baysalsaglik.com\/de\/wp-json\/wp\/v2\/media?parent=10347"}],"curies":[{"name":"wp","href":"https:\/\/api.w.org\/{rel}","templated":true}]}}