{"id":10357,"date":"2022-05-27T12:42:18","date_gmt":"2022-05-27T09:42:18","guid":{"rendered":"https:\/\/www.baysalsaglik.com\/organ-nakli\/"},"modified":"2022-05-27T20:59:15","modified_gmt":"2022-05-27T17:59:15","slug":"transplantation","status":"publish","type":"page","link":"https:\/\/www.baysalsaglik.com\/de\/transplantation\/","title":{"rendered":"Transplantation"},"content":{"rendered":"<div class=\"wpb-content-wrapper\"><p>[vc_row][vc_column][vc_column_text woodmart_inline=&#8221;no&#8221; text_larger=&#8221;no&#8221;]Es ist die Bezeichnung f\u00fcr die Transplantation dieses Organs an den Patienten durch Entnahme eines Organs von einer Leiche oder einer lebenden Person aufgrund von Krankheiten, die nicht behandelt werden k\u00f6nnen, oder Organe, die nicht ausreichend funktionieren.<\/p>\n<ul>\n<li>Nierentransplantation<\/li>\n<li>Leber-Transplantation<\/li>\n<li>Herz Transplantation<\/li>\n<li>Hornhauttransplantation<\/li>\n<li>Knochenmarktransplantation<\/li>\n<li>Knochentransplantation<\/li>\n<li>Bauchspeicheldr\u00fcsentransplantation<\/li>\n<\/ul>\n<h2>Baysal-Gesundheitsprivilegien<\/h2>\n<p>Baysal Health bietet seinen Kunden seit seiner Gr\u00fcndung h\u00f6chste Qualit\u00e4t und professionelle Dienstleistungen. Sie k\u00f6nnen auch von Baysal Health Privilegien profitieren, um die besten \u00c4rzte und Krankenh\u00e4user im Bereich Orthop\u00e4die zu finden. Sie k\u00f6nnen uns sofort kontaktieren, um detaillierte Informationen zu unseren Dienstleistungen zu erhalten.[\/vc_column_text][\/vc_column][\/vc_row]<\/p>\n<\/div>","protected":false},"excerpt":{"rendered":"<p>[vc_row][vc_column][vc_column_text woodmart_inline=&#8221;no&#8221; text_larger=&#8221;no&#8221;]Es ist die Bezeichnung f\u00fcr die Transplantation dieses Organs an den Patienten durch Entnahme eines Organs von einer<\/p>\n","protected":false},"author":2,"featured_media":0,"parent":0,"menu_order":0,"comment_status":"closed","ping_status":"closed","template":"","meta":{"footnotes":""},"class_list":["post-10357","page","type-page","status-publish","hentry"],"_links":{"self":[{"href":"https:\/\/www.baysalsaglik.com\/de\/wp-json\/wp\/v2\/pages\/10357","targetHints":{"allow":["GET"]}}],"collection":[{"href":"https:\/\/www.baysalsaglik.com\/de\/wp-json\/wp\/v2\/pages"}],"about":[{"href":"https:\/\/www.baysalsaglik.com\/de\/wp-json\/wp\/v2\/types\/page"}],"author":[{"embeddable":true,"href":"https:\/\/www.baysalsaglik.com\/de\/wp-json\/wp\/v2\/users\/2"}],"replies":[{"embeddable":true,"href":"https:\/\/www.baysalsaglik.com\/de\/wp-json\/wp\/v2\/comments?post=10357"}],"version-history":[{"count":0,"href":"https:\/\/www.baysalsaglik.com\/de\/wp-json\/wp\/v2\/pages\/10357\/revisions"}],"wp:attachment":[{"href":"https:\/\/www.baysalsaglik.com\/de\/wp-json\/wp\/v2\/media?parent=10357"}],"curies":[{"name":"wp","href":"https:\/\/api.w.org\/{rel}","templated":true}]}}