{"id":10383,"date":"2022-05-27T12:55:21","date_gmt":"2022-05-27T09:55:21","guid":{"rendered":"https:\/\/www.baysalsaglik.com\/tup-bebek\/"},"modified":"2022-05-27T21:06:10","modified_gmt":"2022-05-27T18:06:10","slug":"ivf","status":"publish","type":"page","link":"https:\/\/www.baysalsaglik.com\/de\/ivf\/","title":{"rendered":"IVF"},"content":{"rendered":"<div class=\"wpb-content-wrapper\"><p>[vc_row][vc_column][vc_column_text woodmart_inline=&#8221;no&#8221; text_larger=&#8221;no&#8221;]Die In-vitro-Fertilisation ist heute die am h\u00e4ufigsten angewandte assistierte Reproduktionsbehandlung.<\/p>\n<ul>\n<li>IVF<\/li>\n<li>IVF ohne Medikamente<\/li>\n<li>Bequeme IVF<\/li>\n<li>Nat\u00fcrliche IVF<\/li>\n<li>Pille IVF<\/li>\n<li>Mikroinjektion<\/li>\n<\/ul>\n<h2>Baysal-Gesundheitsprivilegien<\/h2>\n<p>Baysal Health ist eine der wenigen Organisationen, die an Ihre Gesundheit denkt, indem sie mit \u00c4rzten zusammenarbeitet, die Experten auf dem Gebiet der Gesundheitsdienste sind. F\u00fcr Baysal Health, das ein Pionier im Dienste seiner Patienten ist, ist das prim\u00e4re Ziel die menschliche Gesundheit und das Leben, denn Gesundheit darf nicht vernachl\u00e4ssigt werden. Unsere Preispolitik ist es, die g\u00fcnstigste auf dem Markt zu sein und den besten Service zu bieten. Um von diesen hochwertigen, zuverl\u00e4ssigen und erschwinglichen Gesundheitsdiensten zu profitieren, kontaktieren Sie uns sofort \u00fcber unsere Website oder andere Kommunikationskan\u00e4le und sichern Sie Ihre Gesundheit.<\/p>\n<p>Baysal Health bietet seinen Kunden seit seiner Gr\u00fcndung h\u00f6chste Qualit\u00e4t und professionelle Dienstleistungen. Sie k\u00f6nnen auch von Baysal Health Privilegien profitieren, um die besten \u00c4rzte und Krankenh\u00e4user im Bereich Orthop\u00e4die zu finden. Sie k\u00f6nnen uns sofort kontaktieren, um detaillierte Informationen zu unseren Dienstleistungen zu erhalten.[\/vc_column_text][\/vc_column][\/vc_row]<\/p>\n<\/div>","protected":false},"excerpt":{"rendered":"<p>[vc_row][vc_column][vc_column_text woodmart_inline=&#8221;no&#8221; text_larger=&#8221;no&#8221;]Die In-vitro-Fertilisation ist heute die am h\u00e4ufigsten angewandte assistierte Reproduktionsbehandlung. IVF IVF ohne Medikamente Bequeme IVF Nat\u00fcrliche IVF<\/p>\n","protected":false},"author":2,"featured_media":0,"parent":0,"menu_order":0,"comment_status":"closed","ping_status":"closed","template":"","meta":{"footnotes":""},"class_list":["post-10383","page","type-page","status-publish","hentry"],"_links":{"self":[{"href":"https:\/\/www.baysalsaglik.com\/de\/wp-json\/wp\/v2\/pages\/10383","targetHints":{"allow":["GET"]}}],"collection":[{"href":"https:\/\/www.baysalsaglik.com\/de\/wp-json\/wp\/v2\/pages"}],"about":[{"href":"https:\/\/www.baysalsaglik.com\/de\/wp-json\/wp\/v2\/types\/page"}],"author":[{"embeddable":true,"href":"https:\/\/www.baysalsaglik.com\/de\/wp-json\/wp\/v2\/users\/2"}],"replies":[{"embeddable":true,"href":"https:\/\/www.baysalsaglik.com\/de\/wp-json\/wp\/v2\/comments?post=10383"}],"version-history":[{"count":0,"href":"https:\/\/www.baysalsaglik.com\/de\/wp-json\/wp\/v2\/pages\/10383\/revisions"}],"wp:attachment":[{"href":"https:\/\/www.baysalsaglik.com\/de\/wp-json\/wp\/v2\/media?parent=10383"}],"curies":[{"name":"wp","href":"https:\/\/api.w.org\/{rel}","templated":true}]}}