{"id":10955,"date":"2022-10-25T03:11:20","date_gmt":"2022-10-25T00:11:20","guid":{"rendered":"https:\/\/www.baysalsaglik.com\/?page_id=10955"},"modified":"2022-10-25T03:17:54","modified_gmt":"2022-10-25T00:17:54","slug":"fernabsatzvertrag","status":"publish","type":"page","link":"https:\/\/www.baysalsaglik.com\/de\/fernabsatzvertrag\/","title":{"rendered":"Fernabsatzvertrag"},"content":{"rendered":"<p>1. PARTEIEN<\/p>\n<p>Diese Vereinbarung wurde zwischen den folgenden Parteien im Rahmen der unten aufgef\u00fchrten Bedingungen unterzeichnet.<\/p>\n<p>&#8216;K\u00c4UFER&#8217; ; (nachfolgend im Vertrag \u201eK\u00c4UFER\u201c genannt)<\/p>\n<p>VORNAME NACHNAME:<br \/>\nDIE ANSCHRIFT:<\/p>\n<p>\u201eBAYSAL REISEB\u00dcROS TOURISMUS GIDA REINIGUNG KOMMUNIKATION TRANSPORT INDUSTRIE UND HANDEL GESELLSCHAFT MIT GESCH\u00c4FTSF\u00dcHRUNG\u201c; (nachfolgend im Vertrag \u201eVERK\u00c4UFER\u201c genannt)<\/p>\n<p>NAME- NACHNAME: BAYSAL REISEB\u00dcRO TUR\u0130ZM GIDA REINIGUNG KONTAKT TRANSPORT INDUSTRIE UND HANDEL GMBH<br \/>\nADRESSE: Nailbey Mah. Gazi Cad. Nr.:43\/P5 Merkez\/ELAZIG<\/p>\n<p>Durch die Annahme dieses Vertrages akzeptiert der K\u00c4UFER im Voraus, dass er verpflichtet ist, den Preis der Bestellung und etwaige zus\u00e4tzliche Geb\u00fchren, wie z. B. Versandkosten und Steuern, zu zahlen, wenn der Vertragsgegenstand die Bestellung annimmt dass sie \u00fcber dieses Problem informiert wurde.<\/p>\n<p>2. DIAGNOSE<\/p>\n<p>Bei der Anwendung und Auslegung dieses Vertrages dr\u00fccken die nachstehenden Bedingungen die schriftlichen Erkl\u00e4rungen dagegen aus.<\/p>\n<p>MINISTER: Minister f\u00fcr Zoll und Handel,<\/p>\n<p>MINISTERIUM: Ministerium f\u00fcr Zoll und Handel,<\/p>\n<p>GESETZ: Verbraucherschutzgesetz Nr. 6502,<\/p>\n<p>VERORDNUNG: Fernabsatzverordnung (RG:27.11.2014\/29188)<\/p>\n<p>DIENSTLEISTUNG: Der Gegenstand eines Verbrauchergesch\u00e4fts, bei dem es sich nicht um die Lieferung von Waren handelt, die gegen eine Geb\u00fchr oder Leistung erbracht oder versprochen werden,<\/p>\n<p>VERK\u00c4UFER: Das Unternehmen, das dem Verbraucher im Rahmen seiner gewerblichen oder beruflichen T\u00e4tigkeit Waren anbietet oder im Auftrag oder im Auftrag des Lieferanten handelt,<\/p>\n<p>K\u00c4UFER: Die nat\u00fcrliche oder juristische Person, die eine Ware oder Dienstleistung zu gewerblichen oder nicht beruflichen Zwecken erwirbt, nutzt oder davon profitiert,<\/p>\n<p>SITE: Die Website des VERK\u00c4UFERS,<\/p>\n<p>BESTELLER: Die nat\u00fcrliche oder juristische Person, die eine Ware oder Dienstleistung \u00fcber die Website des VERK\u00c4UFERS anfordert,<\/p>\n<p>PARTEIEN: VERK\u00c4UFER und K\u00c4UFER,<\/p>\n<p>VEREINBARUNG: Dieser zwischen dem VERK\u00c4UFER und dem K\u00c4UFER geschlossene Vertrag,<\/p>\n<p>WAREN: Bezieht sich auf bewegliche Waren, die Gegenstand des Einkaufs sind, sowie auf Software, Ton, Bild und \u00e4hnliche immaterielle Waren, die f\u00fcr die Verwendung in der elektronischen Umgebung vorbereitet wurden.<\/p>\n<p>3. BETREFF<\/p>\n<p>Diese Vereinbarung regelt die Rechte und Pflichten der Parteien gem\u00e4\u00df den Bestimmungen des Gesetzes Nr. 6502 zum Schutz des Verbrauchers und der Verordnung \u00fcber Fernabsatzvertr\u00e4ge in Bezug auf den Verkauf und die Lieferung des Produkts, dessen Eigenschaften und Verkaufspreis sind unten angegeben, die der K\u00c4UFER auf der Website des VERK\u00c4UFERS elektronisch bestellt hat.<\/p>\n<p>Die auf der Website aufgef\u00fchrten und angek\u00fcndigten Preise sind die Verkaufspreise. Angek\u00fcndigte Preise und Versprechungen sind g\u00fcltig, bis sie aktualisiert und ge\u00e4ndert werden. Auf Zeit angek\u00fcndigte Preise gelten bis zum Ende des angegebenen Zeitraums.<\/p>\n<p>4. VERK\u00c4UFERINFORMATIONEN<\/p>\n<p>BAYSAL REISEB\u00dcROS TOURISMUS LEBENSMITTELREINIGUNG KONTAKT TRANSPORT INDUSTRIE UND HANDEL GMBH<br \/>\nNailbey Mah. Gazi Cad. Nr.:43\/P5 Merkez\/ELAZIG<br \/>\n00850 304 09 23<br \/>\ninfo@baysalsaglik.com<\/p>\n<p>5. K\u00c4UFERINFORMATIONEN<\/p>\n<p>Zu liefernde Person<br \/>\nLieferadresse<br \/>\nTelefon<br \/>\nFax<br \/>\nE-Mail\/Benutzername<\/p>\n<p>6. INFORMATIONEN ZUR BESTELLPERSON<\/p>\n<p>Name\/Nachname\/Titel<\/p>\n<p>Adresse<br \/>\nTelefon<br \/>\nFax<br \/>\nE-Mail\/Benutzername<\/p>\n<p>7. VERTRAGSPRODUKT\/PRODUKTINFORMATIONEN<\/p>\n<p>1.\u00a0Die grundlegenden Merkmale der Ware\/des Produkts\/der Produkte\/der Dienstleistung (Art, Menge, Marke\/Modell, Farbe, Nummer) werden auf der Website des VERK\u00c4UFERS ver\u00f6ffentlicht. Wird die Aktion vom Verk\u00e4ufer organisiert, k\u00f6nnen Sie w\u00e4hrend der Aktion die Grundeigenschaften des jeweiligen Produkts begutachten. G\u00fcltig bis zum Aktionsdatum.<\/p>\n<p>7.2. Die auf der Website aufgef\u00fchrten und angek\u00fcndigten Preise sind die Verkaufspreise. Angek\u00fcndigte Preise und Versprechungen sind g\u00fcltig, bis sie aktualisiert und ge\u00e4ndert werden. Auf Zeit angek\u00fcndigte Preise gelten bis zum Ende des angegebenen Zeitraums.<\/p>\n<p>7.3. Nachfolgend wird der Verkaufspreis der vertragsgegenst\u00e4ndlichen Waren oder Dienstleistungen inklusive aller Steuern ausgewiesen.<\/p>\n<p>Produktbeschreibung<\/p>\n<p>&nbsp;<\/p>\n<p>St\u00fcck<\/p>\n<p>&nbsp;<\/p>\n<p>St\u00fcckpreis<\/p>\n<p>&nbsp;<\/p>\n<p>Zwischensumme<br \/>\n(Inkl. MwSt)<\/p>\n<p>&nbsp;<\/p>\n<p>&nbsp;<\/p>\n<p>&nbsp;<\/p>\n<p>&nbsp;<\/p>\n<p>Versandbetrag<\/p>\n<p>&nbsp;<\/p>\n<p>&nbsp;<\/p>\n<p>&nbsp;<\/p>\n<p>Gesamt:<\/p>\n<p>&nbsp;<\/p>\n<p>Zahlungsmethode und Plan<\/p>\n<p>Lieferadresse<\/p>\n<p>Zu liefernde Person<\/p>\n<p>Rechnungsadresse<\/p>\n<p>Bestelldatum<\/p>\n<p>Lieferdatum<\/p>\n<p>Versandart<\/p>\n<p>7.4. Die Versandkosten, die den Produktversandkosten entsprechen, werden vom K\u00c4UFER bezahlt.<\/p>\n<p>8. RECHNUNGSINFORMATIONEN<\/p>\n<p>Name\/Nachname\/Titel<\/p>\n<p>Adresse<br \/>\nTelefon<br \/>\nFax<br \/>\nE-Mail\/Benutzername<br \/>\nRechnungszustellung: Bei Zustellung der Rechnungsbestellung an die Rechnungsadresse zusammen mit der Bestellung.<br \/>\nEs wird geliefert.<\/p>\n<p>9. ALLGEMEINE BESTIMMUNGEN<\/p>\n<p>9.1. Der K\u00c4UFER akzeptiert, erkl\u00e4rt und verpflichtet sich, die vorl\u00e4ufigen Informationen \u00fcber die grundlegenden Eigenschaften, den Verkaufspreis, die Zahlungsweise und die Lieferung des vertragsgegenst\u00e4ndlichen Produkts auf der Website des VERK\u00c4UFERS gelesen zu haben und informiert zu sein und die erforderliche Best\u00e4tigung abzugeben die elektronische Umgebung. K\u00e4ufer; Er\/sie akzeptiert, erkl\u00e4rt und verpflichtet sich, die vorl\u00e4ufigen Informationen in elektronischer Umgebung zu best\u00e4tigen, die vom VERK\u00c4UFER dem K\u00c4UFER vor Abschluss des Fernabsatzvertrags zu nennende Adresse, die grundlegenden Merkmale der bestellten Produkte, den Preis der Produkte einschlie\u00dflich Steuern, Zahlungs- und Lieferinformationen genau und vollst\u00e4ndig.<\/p>\n<p>9.2. Jedes vertragsgegenst\u00e4ndliche Produkt wird an die Person und\/oder Organisation an die vom K\u00c4UFER oder vom K\u00c4UFER angegebene Adresse innerhalb der im Abschnitt Vorabinformationen der Website angegebenen Frist geliefert, abh\u00e4ngig von der Entfernung des Wohnsitzes des K\u00c4UFERS, vorausgesetzt, dass sie \u00fcberschreitet nicht die gesetzliche Frist von 30 Tagen.<\/p>\n","protected":false},"excerpt":{"rendered":"<p>1. PARTEIEN Diese Vereinbarung wurde zwischen den folgenden Parteien im Rahmen der unten aufgef\u00fchrten Bedingungen unterzeichnet. &#8216;K\u00c4UFER&#8217; ; (nachfolgend im<\/p>\n","protected":false},"author":2,"featured_media":0,"parent":0,"menu_order":0,"comment_status":"closed","ping_status":"closed","template":"","meta":{"footnotes":""},"class_list":["post-10955","page","type-page","status-publish","hentry"],"_links":{"self":[{"href":"https:\/\/www.baysalsaglik.com\/de\/wp-json\/wp\/v2\/pages\/10955","targetHints":{"allow":["GET"]}}],"collection":[{"href":"https:\/\/www.baysalsaglik.com\/de\/wp-json\/wp\/v2\/pages"}],"about":[{"href":"https:\/\/www.baysalsaglik.com\/de\/wp-json\/wp\/v2\/types\/page"}],"author":[{"embeddable":true,"href":"https:\/\/www.baysalsaglik.com\/de\/wp-json\/wp\/v2\/users\/2"}],"replies":[{"embeddable":true,"href":"https:\/\/www.baysalsaglik.com\/de\/wp-json\/wp\/v2\/comments?post=10955"}],"version-history":[{"count":0,"href":"https:\/\/www.baysalsaglik.com\/de\/wp-json\/wp\/v2\/pages\/10955\/revisions"}],"wp:attachment":[{"href":"https:\/\/www.baysalsaglik.com\/de\/wp-json\/wp\/v2\/media?parent=10955"}],"curies":[{"name":"wp","href":"https:\/\/api.w.org\/{rel}","templated":true}]}}