{"id":10987,"date":"2022-10-25T03:30:04","date_gmt":"2022-10-25T00:30:04","guid":{"rendered":"https:\/\/www.baysalsaglik.com\/?page_id=10987"},"modified":"2022-10-25T03:43:42","modified_gmt":"2022-10-25T00:43:42","slug":"datenschutz-und-zahlungssicherheit","status":"publish","type":"page","link":"https:\/\/www.baysalsaglik.com\/de\/datenschutz-und-zahlungssicherheit\/","title":{"rendered":"Datenschutz und Zahlungssicherheit"},"content":{"rendered":"<p>Liebe BAYSAL Reiseb\u00fcros Tourismus Lebensmittel Reinigung Kommunikation Transport Industrie und Handel limited company (www.baysalsaglik.com) Mitglied,<\/p>\n<p>BAYSAL Reiseb\u00fcros Tourismus Lebensmittel reinigung Kontakt Transport Industrie und Handel LIMITED bietet Ihnen einige pers\u00f6nliche Informationen (Name, Alter, Interessen, E-Mail usw.), um Ihren Kunden einen besseren Service bieten zu k\u00f6nnen. er verlangt von euch.<\/p>\n<p>Diese Informationen, die auf den Servern der BAYSAL travel agents Tourism food cleaning communication transport industry and Trade Limited Company gesammelt werden, werden nur innerhalb der BAYSAL travel agents Tourism food cleaning communication transport industry and trade limited company in der Arbeit der &#8220;Klassifikation&#8221; des Kunden verwendet, um regelm\u00e4\u00dfige Kampagnen zu betreiben, spezielle Werbeaktivit\u00e4ten f\u00fcr Kundenprofile zu erstellen und unerw\u00fcnschte e-Mails nicht zu senden.<\/p>\n<p>BAYSAL travel agents Tourism food cleaning communication transport industry and trade limited company teilt die Informationen, die sie aus den mitgliedschaftsformularen sammelt, nicht mit Dritten ohne Wissen oder andere Anweisungen des Mitglieds, verwendet sie nicht f\u00fcr kommerzielle Zwecke und verkauft sie aus keinem anderen Grund.<\/p>\n<p>BAYSAL travel agents Tourism food cleaning communication transport industry and trade limited company, E-Mail-Adressen und mitgliedschaftsformulare, mit Ausnahme der pers\u00f6nlichen Informationen, die Sie w\u00e4hrend der Nutzung der Website verfolgt, analysiert und interpretiert die Bewegungen und Vorlieben der Besucher.<\/p>\n<p>Diese statistischen Daten, die keine pers\u00f6nlichen Daten enthalten, k\u00f6nnen mit den Gesch\u00e4ftspartnern der BAYSAL Reiseb\u00fcros tourism food cleaning communication transport industry and Trade Limited geteilt werden, um den Kunden der Baysal Reiseb\u00fcros tourism food cleaning communication transport industry and Trade Limited ein exklusiveres und effektiveres Einkaufserlebnis zu bieten.<\/p>\n<p>Kundendaten k\u00f6nnen nur an offizielle Beh\u00f6rden weitergegeben werden, wenn diese Informationen von den Beh\u00f6rden im Ordnungsamt angefordert werden und in F\u00e4llen, in denen sie gem\u00e4\u00df den Bestimmungen der geltenden anordnungsvorschriften verpflichtet sind, Erkl\u00e4rungen an die Beh\u00f6rden abzugeben. Nur der Kunde kann auf alle Informationen zugreifen, die der Kunde in das System eingibt, und nur der Kunde kann diese Informationen \u00e4ndern. Es ist nicht m\u00f6glich, dass jemand anderes auf diese Informationen zugreifen und sie \u00e4ndern kann.<\/p>\n<p>Ihre Kreditkartendaten, die auf der Zahlungsseite angefordert werden, werden in keiner Weise auf den Servern von BAYSAL Reiseb\u00fcros Tourismus food cleaning Kommunikation transport industry and Trade Limited Company oder den Unternehmen, die Sie bedienen, gespeichert, um die Sicherheit unserer gesch\u00e4tzten Kunden, die von der Website einkaufen, auf h\u00f6chstem Niveau zu halten. Auf diese Weise werden alle Transaktionen zur Zahlung zwischen der Bank und Ihrem Computer \u00fcber die Schnittstelle der Baysal Reiseb\u00fcros Tourismus food cleaning Kommunikation transport industry and trade limited company durchgef\u00fchrt.<\/p>\n<p>Unsere Mitglieder, BAYSAL Reiseb\u00fcros Tourismus Lebensmittel Reinigung Kommunikation Transport Industrie und Handel LIMITED company \u00fcber sich selbst;<\/p>\n<p>Erfahren Sie, ob personenbezogene Daten verarbeitet werden,<br \/>\nWenn personenbezogene Daten verarbeitet wurden, um Informationen dar\u00fcber anzufordern,<br \/>\nErfahren Sie, f\u00fcr welchen Zweck die personenbezogenen Daten verarbeitet werden und ob sie zweckm\u00e4\u00dfig verwendet werden,<br \/>\nKenntnis von Dritten, an die personenbezogene Daten im In-oder Ausland \u00fcbermittelt werden,<br \/>\nWenn die personenbezogenen Daten unvollst\u00e4ndig oder falsch verarbeitet wurden, bitten Sie um Berichtigung,<br \/>\nFordern Sie die L\u00f6schung oder Zerst\u00f6rung personenbezogener Daten gem\u00e4\u00df den in den einschl\u00e4gigen Rechtsvorschriften festgelegten Bedingungen an,<br \/>\nVerlangen, dass die gem\u00e4\u00df den einschl\u00e4gigen Rechtsvorschriften durchgef\u00fchrten Berichtigungs -, L\u00f6schungs-und beseitigungsvorg\u00e4nge Dritten mitgeteilt werden, an die personenbezogene Daten \u00fcbermittelt werden,<br \/>\nWiderspruch gegen die Entstehung eines Ergebnisses gegen die Person selbst durch Analyse der verarbeiteten Daten ausschlie\u00dflich mittels automatisierter Systeme,<br \/>\nSchadensersatz zu verlangen, wenn die personenbezogenen Daten aufgrund einer rechtswidrigen Verarbeitung gesch\u00e4digt werden,<br \/>\ner hat Rechte.<\/p>\n<p>BAYSAL Reiseb\u00fcros Tourismus Lebensmittel Reinigung Kommunikation Transport Industrie und Handel LIMITED company kann seine begr\u00fcndete positive\/negative Antwort in \u00dcbereinstimmung mit den oben genannten Anforderungen in schriftlichen oder digitalen Medien durchf\u00fchren. Wenn die angeforderten Transaktionen Kosten erfordern, kann der Ausschuss f\u00fcr den Schutz personenbezogener Daten 6698 des Gesetzes \u00dcber den Schutz personenbezogener Daten Nr. 13. Es ist m\u00f6glich, eine Geb\u00fchr f\u00fcr den angegebenen Tarif zu verlangen.<\/p>\n","protected":false},"excerpt":{"rendered":"<p>Liebe BAYSAL Reiseb\u00fcros Tourismus Lebensmittel Reinigung Kommunikation Transport Industrie und Handel limited company (www.baysalsaglik.com) Mitglied, BAYSAL Reiseb\u00fcros Tourismus Lebensmittel reinigung<\/p>\n","protected":false},"author":2,"featured_media":0,"parent":0,"menu_order":0,"comment_status":"closed","ping_status":"closed","template":"","meta":{"footnotes":""},"class_list":["post-10987","page","type-page","status-publish","hentry"],"_links":{"self":[{"href":"https:\/\/www.baysalsaglik.com\/de\/wp-json\/wp\/v2\/pages\/10987","targetHints":{"allow":["GET"]}}],"collection":[{"href":"https:\/\/www.baysalsaglik.com\/de\/wp-json\/wp\/v2\/pages"}],"about":[{"href":"https:\/\/www.baysalsaglik.com\/de\/wp-json\/wp\/v2\/types\/page"}],"author":[{"embeddable":true,"href":"https:\/\/www.baysalsaglik.com\/de\/wp-json\/wp\/v2\/users\/2"}],"replies":[{"embeddable":true,"href":"https:\/\/www.baysalsaglik.com\/de\/wp-json\/wp\/v2\/comments?post=10987"}],"version-history":[{"count":0,"href":"https:\/\/www.baysalsaglik.com\/de\/wp-json\/wp\/v2\/pages\/10987\/revisions"}],"wp:attachment":[{"href":"https:\/\/www.baysalsaglik.com\/de\/wp-json\/wp\/v2\/media?parent=10987"}],"curies":[{"name":"wp","href":"https:\/\/api.w.org\/{rel}","templated":true}]}}