{"id":8439,"date":"2022-05-25T16:24:12","date_gmt":"2022-05-25T13:24:12","guid":{"rendered":"https:\/\/www.baysalsaglik.com\/ueber-uns\/"},"modified":"2022-05-26T20:38:05","modified_gmt":"2022-05-26T17:38:05","slug":"ueber-uns","status":"publish","type":"page","link":"https:\/\/www.baysalsaglik.com\/de\/ueber-uns\/","title":{"rendered":"\u00fcber uns"},"content":{"rendered":"<div class=\"wpb-content-wrapper\"><p>[vc_row][vc_column][vc_column_text woodmart_inline=&#8221;no&#8221; text_larger=&#8221;no&#8221;]<\/p>\n<p style=\"text-align: justify;\"><img loading=\"lazy\" decoding=\"async\" class=\"wp-image-7626 size-full alignleft\" src=\"https:\/\/www.baysalsaglik.com\/wp-content\/uploads\/2022\/05\/hakkimizda_logo.jpg\" alt=\"\" width=\"300\" height=\"180\" title=\"\" srcset=\"https:\/\/www.baysalsaglik.com\/wp-content\/uploads\/2022\/05\/hakkimizda_logo.jpg 300w, https:\/\/www.baysalsaglik.com\/wp-content\/uploads\/2022\/05\/hakkimizda_logo-150x90.jpg 150w\" sizes=\"auto, (max-width: 300px) 100vw, 300px\" \/>Baysal Health &amp; Tourism startete seine Aktivit\u00e4ten im Jahr 2015 mit einem Verst\u00e4ndnis, das im Bereich der Gesundheitsdienste einen Unterschied machen wird. Baysal Health arbeitet mit den wichtigen t\u00fcrkischen Gesundheitseinrichtungen im Einklang mit besonderen Vereinbarungen und Kooperationen und bietet effektive und dauerhafte L\u00f6sungen f\u00fcr die Behandlungsbed\u00fcrfnisse von Patienten im In- und Ausland. W\u00e4hrend die Servicestandards auf h\u00f6chstem Niveau gehalten werden, vernachl\u00e4ssigt es nicht, von der Technologie im maximalen Sinne zu profitieren. In diesem Zusammenhang unterst\u00fctzt es Patienten dabei, einen gesunden Prozess mit schnellen, qualitativ hochwertigen und nachhaltigen Dienstleistungen zu haben.<\/p>\n<p style=\"text-align: justify;\">In jeder Phase wird ein Unterst\u00fctzungsansatz verfolgt, von der Planung der Reisen von Patienten aus dem Ausland in die T\u00fcrkei \u00fcber die Auswahl eines Krankenhauses\/Arztes bis hin zu Nachbehandlungsprozessen. In dieser Richtung ist es erw\u00fcnscht, den Behandlungsprozess perfekt abzuschlie\u00dfen und mit dem Gesundheitsdienst mit den erbrachten Hilfsleistungen zufrieden zu sein. Als Baysal Health erf\u00fcllt es die Bed\u00fcrfnisse von Hauspatienten und agiert mit den Ans\u00e4tzen \u201eQualit\u00e4t\u201c, \u201eVertrauen\u201c und \u201erichtiger Service\u201c.<\/p>\n<p style=\"text-align: justify;\">W\u00e4hrend Baysal Health &amp; Tourism Ihnen Dutzende von Behandlungen und Hunderte von Arztalternativen anbietet, haben Sie das Gef\u00fchl, nicht aus begrenzten Optionen w\u00e4hlen zu m\u00fcssen. Obwohl Sie keine unerw\u00fcnschten Entscheidungen treffen m\u00fcssen, soll jeder Schritt im Behandlungsprozess transparent und in hoher Qualit\u00e4t durchgef\u00fchrt werden. Mit den Zertifikaten von TURSAB und International Health Tourism Intermediary Institution k\u00f6nnen Sie dank Baysal Health die T\u00fcr zu beruhigenden Ans\u00e4tzen \u00f6ffnen.<\/p>\n<p>[\/vc_column_text][vc_row_inner][vc_column_inner width=&#8221;1\/2&#8243;][vc_column_text woodmart_inline=&#8221;no&#8221; text_larger=&#8221;no&#8221;]<em><strong>Wir geben gerne Vertrauen, weil<\/strong><\/em><\/p>\n<p style=\"text-align: justify;\">Unser gr\u00f6\u00dfter Gewinn, das Fundament unserer Unternehmenskultur, ist Vertrauen. Zuallererst vertrauen wir uns selbst, wir vertrauen einander, wir vertrauen Ihnen und wir geben gerne Vertrauen.<\/p>\n<p><em><strong>Wir f\u00fchlen uns gerne ein, weil<\/strong><\/em><\/p>\n<p style=\"text-align: justify;\">Wir sind uns bewusst, dass die Hindernisse und die wichtigsten Probleme mit Empathie \u00fcberwunden werden k\u00f6nnen. In unserem Vierteljahrhundert-Abenteuer lag unser Fokus immer auf Empathie.<\/p>\n<p><em><strong>Wir gefallen gerne, weil<\/strong><\/em><\/p>\n<p style=\"text-align: justify;\">Wenn Sie l\u00e4cheln, bringen Sie die andere Person unweigerlich zum L\u00e4cheln, und wir wissen, dass L\u00e4cheln das menschliche Leben verl\u00e4ngert. Mit jedem Service, den Sie von uns erhalten, werden Sie weiterhin gl\u00fccklich und in Frieden leben.<\/p>\n<p><em><strong>Wir gefallen gerne, weil<\/strong><\/em><\/p>\n<p style=\"text-align: justify;\">Wir wissen, dass das Wichtigste in der Welt und im Leben der Religionen das Recht auf Nutzung ist. Unsere Philosophie ist es, niemandes Freiheit und Rechte zu verhindern. Vielmehr freuen wir uns, dass unsere Rechte an unsere Kunden weitergegeben werden.<\/p>\n<p><em><strong>Wir lieben Einheit und Zusammengeh\u00f6rigkeit, weil<\/strong><\/em><\/p>\n<p style=\"text-align: justify;\">Wir sind seit Jahren ein Familienunternehmen und f\u00fchren unsere Dienstleistungen nun unter der Leitung unserer zweiten Generation fort. Wir glauben an die Kraft der Einheit und des Miteinanders. Wir wissen sehr gut, dass das gewonnene Brot k\u00f6stlich ist, wenn es geteilt wird.<\/p>\n<p>[\/vc_column_text][\/vc_column_inner][vc_column_inner width=&#8221;1\/2&#8243;][vc_single_image image=&#8221;8276&#8243; img_size=&#8221;586&#215;582&#8243; alignment=&#8221;center&#8221; woodmart_inline=&#8221;no&#8221; parallax_scroll=&#8221;no&#8221;][\/vc_column_inner][\/vc_row_inner][\/vc_column][\/vc_row]<\/p>\n<\/div>","protected":false},"excerpt":{"rendered":"<p>[vc_row][vc_column][vc_column_text woodmart_inline=&#8221;no&#8221; text_larger=&#8221;no&#8221;] Baysal Health &amp; Tourism startete seine Aktivit\u00e4ten im Jahr 2015 mit einem Verst\u00e4ndnis, das im Bereich der<\/p>\n","protected":false},"author":2,"featured_media":0,"parent":0,"menu_order":0,"comment_status":"closed","ping_status":"closed","template":"","meta":{"footnotes":""},"class_list":["post-8439","page","type-page","status-publish","hentry"],"_links":{"self":[{"href":"https:\/\/www.baysalsaglik.com\/de\/wp-json\/wp\/v2\/pages\/8439","targetHints":{"allow":["GET"]}}],"collection":[{"href":"https:\/\/www.baysalsaglik.com\/de\/wp-json\/wp\/v2\/pages"}],"about":[{"href":"https:\/\/www.baysalsaglik.com\/de\/wp-json\/wp\/v2\/types\/page"}],"author":[{"embeddable":true,"href":"https:\/\/www.baysalsaglik.com\/de\/wp-json\/wp\/v2\/users\/2"}],"replies":[{"embeddable":true,"href":"https:\/\/www.baysalsaglik.com\/de\/wp-json\/wp\/v2\/comments?post=8439"}],"version-history":[{"count":0,"href":"https:\/\/www.baysalsaglik.com\/de\/wp-json\/wp\/v2\/pages\/8439\/revisions"}],"wp:attachment":[{"href":"https:\/\/www.baysalsaglik.com\/de\/wp-json\/wp\/v2\/media?parent=8439"}],"curies":[{"name":"wp","href":"https:\/\/api.w.org\/{rel}","templated":true}]}}