{"id":8480,"date":"2022-05-26T14:30:18","date_gmt":"2022-05-26T11:30:18","guid":{"rendered":"https:\/\/www.baysalsaglik.com\/ohr-aesthetik\/"},"modified":"2022-05-26T20:43:27","modified_gmt":"2022-05-26T17:43:27","slug":"ohr-aesthetik","status":"publish","type":"page","link":"https:\/\/www.baysalsaglik.com\/de\/ohr-aesthetik\/","title":{"rendered":"Ohr-\u00c4sthetik"},"content":{"rendered":"<div class=\"wpb-content-wrapper\"><p>[vc_row][vc_column][vc_column_text woodmart_inline=&#8221;no&#8221; text_larger=&#8221;no&#8221;]<strong>Abstehendes Ohr <\/strong><\/p>\n<p>Das abstehende Ohr ist eines der h\u00e4ufigsten Probleme, auf die Menschen mit ihren Ohrstrukturen sto\u00dfen. Dieses Problem, das keine sensorischen Beeintr\u00e4chtigungen der Ohren verursacht, wird aufgrund visueller Bedenken normalerweise operiert. Als Baysal Health beseitigen wir dank spezieller L\u00f6sungen sowohl Ihre \u00e4sthetischen Bedenken als auch Ihre Obsessionen in Bezug auf Ihre Ohren.<\/p>\n<p>Sie werden keine Probleme mehr in Ihrem sozialen Leben haben, dank unserer L\u00f6sungen f\u00fcr abstehende Ohren, die wir mit Ihnen zusammengestellt haben, um qualitativ hochwertigen Service und perfekte L\u00f6sungen zu bieten. Diese Knorpellockerung, die vor allem Kindern in ihrem sozialen Umfeld Schwierigkeiten bereitet, kann genetisch und umweltbedingt auftreten. Um dieses Problem zu beseitigen, das zu einem Verlust des Selbstvertrauens und einigen anderen psychischen Problemen f\u00fchren kann, k\u00f6nnen Sie auf chirurgische Eingriffe mit dem Unterschied von XXX zur\u00fcckgreifen.<\/p>\n<p><strong>Wie wird eine abstehende Ohrenoperation durchgef\u00fchrt?<\/strong><\/p>\n<p>Ziel ist es, die erfolgreichsten Ergebnisse mit einer Operation an abstehenden Ohren zu erzielen, die von den besten plastischen Chirurgen von Baysal Health durchgef\u00fchrt wird. Dank der technologischen Entwicklungen birgt diese Operation, die Ergebnisse von sehr hoher Qualit\u00e4t liefert, keine sehr ernsten Risiken. Es wird eine Projektion dar\u00fcber gemacht, welche Art von Bild mit der Planung erreicht wird, die vor der Operation stattfindet. Nach der Operation, die zwischen 45 und 90 Minuten dauert, werden die Ohren in die gew\u00fcnschte Form gebracht.<\/p>\n<p>Ein Krankenhausaufenthalt nach einer Operation am abstehenden Ohr ist nicht erforderlich. Es wird empfohlen, f\u00fcr einen Zeitraum von 1 bis 2 Wochen nach der Operation spezielle Tapes zu verwenden, die darauf abzielen, die Knorpelstruktur zu verbessern. Die Verwendung von Klebeband unter Aufsicht von Baysal Health-Experten sollte mit dem Rat eines Arztes entfernt werden. W\u00e4hrend der Operation wird auf eine sensorisch sch\u00e4digende Anwendung am Ohr verzichtet. Daher gibt es keinen Verlust der H\u00f6rf\u00e4higkeit.<\/p>\n<p><strong>Erholungszeit nach der Operation<\/strong><\/p>\n<p>Der Genesungsprozess einer abstehenden Ohrenoperation, der schneller ist als bei vielen chirurgischen Eingriffen, variiert normalerweise zwischen 1 und 2 Wochen. Patienten, die maximal 15 Tage auf die vollst\u00e4ndige Genesung warten m\u00fcssen, m\u00fcssen nicht so lange warten, um ihre t\u00e4gliche Routine durchzuf\u00fchren. Patienten, die innerhalb von 1-2 Tagen nach der Operation ihren normalen Aktivit\u00e4ten nachgehen k\u00f6nnen, sollten ihre Ohren vor St\u00f6\u00dfen und anderen Einwirkungen sch\u00fctzen. Nach der Anwendung, bei der eindeutige Ergebnisse bei der Entfernung von Schaufeln in den Ohren erzielt werden, unterliegen die Ergebnisse der Garantie von Baysal Health.<\/p>\n<p>Patienten, die die Ratschl\u00e4ge und Warnungen unserer erfahrenen plastischen Chirurgen beachten, verlassen unsere Klinik mit eindeutigen Ergebnissen.<\/p>\n<p><strong>Abstehendes Ohr bei Kindern<\/strong><\/p>\n<p>Um dieses bei Kindern beobachtete Problem zu beseitigen, wird zun\u00e4chst ein Tape angelegt. Wenn mit der Tape-Anlage keine Ergebnisse erzielt werden, werden chirurgische Anwendungen in Begleitung von spezialisierten Kinder\u00e4rzten durchgef\u00fchrt. Da die chirurgischen Eingriffe bei Kindern andere sind als bei Erwachsenen, werden unter dem Dach von XXX detaillierte und qualitativ hochwertige Untersuchungen durchgef\u00fchrt. Auf diese Weise ist es m\u00f6glich, perfekte Ergebnisse zu erzielen.<\/p>\n<p><strong>H\u00e4ufig gestellte Fragen zum abstehenden Ohr<\/strong><\/p>\n<p><strong>Gibt es Altersbeschr\u00e4nkungen f\u00fcr Anwendungen mit abstehenden Ohren?<\/strong><\/p>\n<p>Es gibt keine Altersgrenze in Bezug auf die Operation. Daher ist es unabh\u00e4ngig von Ihrem Alter m\u00f6glich, das Problem in Ihren Ohren zu beseitigen.<\/p>\n<p><strong>Wiederholt sich die Schaufel im Ohr?<\/strong><\/p>\n<p>Es ist nicht m\u00f6glich, dass das Problem nach einer Operation am abstehenden Ohr erneut auftritt. Daher ist es m\u00f6glich, das Problem sofort zu beseitigen.<\/p>\n<p><strong>Bleiben nach der Operation Narben zur\u00fcck?<\/strong><\/p>\n<p>Selbst wenn nach der Operation eine Narbe zur\u00fcckbleibt, gibt es kein st\u00f6rendes Erscheinungsbild, da die Schnitte an unsichtbaren Stellen vorgenommen werden.[\/vc_column_text][\/vc_column][\/vc_row]<\/p>\n<\/div>","protected":false},"excerpt":{"rendered":"<p>[vc_row][vc_column][vc_column_text woodmart_inline=&#8221;no&#8221; text_larger=&#8221;no&#8221;]Abstehendes Ohr Das abstehende Ohr ist eines der h\u00e4ufigsten Probleme, auf die Menschen mit ihren Ohrstrukturen sto\u00dfen. Dieses<\/p>\n","protected":false},"author":2,"featured_media":0,"parent":0,"menu_order":0,"comment_status":"closed","ping_status":"closed","template":"","meta":{"footnotes":""},"class_list":["post-8480","page","type-page","status-publish","hentry"],"_links":{"self":[{"href":"https:\/\/www.baysalsaglik.com\/de\/wp-json\/wp\/v2\/pages\/8480","targetHints":{"allow":["GET"]}}],"collection":[{"href":"https:\/\/www.baysalsaglik.com\/de\/wp-json\/wp\/v2\/pages"}],"about":[{"href":"https:\/\/www.baysalsaglik.com\/de\/wp-json\/wp\/v2\/types\/page"}],"author":[{"embeddable":true,"href":"https:\/\/www.baysalsaglik.com\/de\/wp-json\/wp\/v2\/users\/2"}],"replies":[{"embeddable":true,"href":"https:\/\/www.baysalsaglik.com\/de\/wp-json\/wp\/v2\/comments?post=8480"}],"version-history":[{"count":0,"href":"https:\/\/www.baysalsaglik.com\/de\/wp-json\/wp\/v2\/pages\/8480\/revisions"}],"wp:attachment":[{"href":"https:\/\/www.baysalsaglik.com\/de\/wp-json\/wp\/v2\/media?parent=8480"}],"curies":[{"name":"wp","href":"https:\/\/api.w.org\/{rel}","templated":true}]}}