{"id":8481,"date":"2022-05-26T14:24:16","date_gmt":"2022-05-26T11:24:16","guid":{"rendered":"https:\/\/www.baysalsaglik.com\/facelifting\/"},"modified":"2022-05-26T20:43:27","modified_gmt":"2022-05-26T17:43:27","slug":"facelifting","status":"publish","type":"page","link":"https:\/\/www.baysalsaglik.com\/de\/facelifting\/","title":{"rendered":"Facelifting"},"content":{"rendered":"<div class=\"wpb-content-wrapper\"><p>[vc_row][vc_column][vc_column_text woodmart_inline=&#8221;no&#8221; text_larger=&#8221;no&#8221;]Was ist eine Gesichtsstraffung?<\/p>\n<p>Die Facelift-Operation ist eine \u00e4sthetische Operation, die mehr Ver\u00e4nderungen bewirkt als alle \u00e4sthetischen Operationen. Weil es direkt das Gesicht der Person ver\u00e4ndert. Durch Alter, Stress und psychische Ereignisse kann die Gesichtshaut erschlaffen und sich verformen. Menschen, die diese Deformationen im Gesicht st\u00f6ren, greifen zu \u00e4sthetischen Methoden. Bei Gesichtsstraffungsoperationen werden je nach Schwere der Deformation im Gesicht der Person unterschiedliche Techniken angewendet. Fach\u00e4rzte von Baysal Health k\u00f6nnen entscheiden, welche Methode f\u00fcr den jeweiligen Patienten geeignet ist und das gew\u00fcnschte Ergebnis erzielen. Das Ziel von Facelift-Operationen ist es, die Verwirrung und Gr\u00fcbchen um die Augen herum zu beseitigen, das erschlaffte Gesichtsgewebe zu korrigieren, die Schmierung und das Erschlaffen des Halses zu dehnen.<\/p>\n<p>Betriebszeit: 4-5 Stunden<\/p>\n<p>An\u00e4sthesie: Lokal-Allgemeinan\u00e4sthesie<\/p>\n<p>Krankenhausaufenthalt: Keine<\/p>\n<p>R\u00fcckkehr zum sozialen Leben: 3-4 Tage<\/p>\n<p>Wie wird eine Facelift-Operation durchgef\u00fchrt? Was sind Facelift-Techniken?<\/p>\n<p>Facelift-Operationen werden mit zwei verschiedenen Techniken durchgef\u00fchrt. Dies sind die klassische Facelift-Technik und die endoskopische Technik.<\/p>\n<p>Klassische Facelift-Technik; Es wird bei Patienten angewendet, deren Haut stark deformiert ist, Falten und Erschlaffung sind intensiv. Bei der klassischen Gesichtsstraffung beginnt die Operation mit einem Schnitt, der an den Koteletten beginnt und bis zur R\u00fcckseite des Ohrs f\u00fchrt. Mit Hilfe dieser Schnitte wird auch das Gewebe in der Haut gedehnt. Es bleibt keine Spannung auf der Haut. Mit dieser Technik werden langfristige Ergebnisse erzielt.<\/p>\n<p>Bei endoskopischen Facelift-Operationen werden 4-mm-Operationskameras verwendet. Bei der endoskopischen Technik werden Schnitte auf der Kopfhaut gemacht und dank dieser Schnitte wird das Hautgewebe hochgezogen und gedehnt. Diese Technik wird bei Personen angewendet, deren Gesicht nicht zu stark verformt ist.<\/p>\n<p>Heilungsprozess nach Facelift-Operation<\/p>\n<p>Abh\u00e4ngig vom Zustand des Patienten und der Deformation in seinem Gesicht m\u00fcssen die \u00c4rzte von Baysal Health m\u00f6glicherweise \u00fcber Nacht f\u00fcr den Patienten bleiben. Da es sich bei den N\u00e4hten des Patienten um Z\u00fcrcher Spezialstiche handelt, l\u00f6sen sich die N\u00e4hte auf, ohne dass sie entfernt werden m\u00fcssen. Am Tag nach der Operation treten Schwellungen und Bluterg\u00fcsse im Gesicht auf. In der ersten Woche sind Ihre Schwellungen und Bluterg\u00fcsse auf einem hohen Niveau und nach 1 Woche beginnen sie sich allm\u00e4hlich zu bessern. Nach der ersten Woche k\u00f6nnen Sie duschen. Nach einigen Wochen sind Ihre Schwellungen und Bluterg\u00fcsse vollst\u00e4ndig verschwunden. Sie k\u00f6nnen anfangen, Sport zu treiben und sich zu schminken.<\/p>\n<p>Dinge, die nach einer Facelift-Operation zu beachten sind<\/p>\n<ul>\n<li>Nach dieser Operation k\u00f6nnen Schmerzen auftreten. Sie k\u00f6nnen Schmerzmittel verwenden, die von Baysal Health-\u00c4rzten f\u00fcr Ihre Schmerzen empfohlen werden.<\/li>\n<li>Nach der Facelift-Operation kann Ihr Arzt Ihnen Antibiotika empfehlen, da Schwellungen und \u00d6deme in Ihrem Gesicht auftreten. Sie k\u00f6nnen Ihr \u00d6dem minimieren, indem Sie das von Ihrem Arzt empfohlene Antibiotikum verwenden.<\/li>\n<li>Nach der Operation sollten Sie Ihr Gesicht vor m\u00f6glichen St\u00f6\u00dfen und \u00e4u\u00dferen Einwirkungen sch\u00fctzen.<\/li>\n<li>In der ersten Woche sollten Sie nicht duschen.<\/li>\n<li>M\u00f6glicherweise m\u00fcssen Sie f\u00fcr eine Weile eine Halskrause verwenden. Ihr Arzt wird Sie diesbez\u00fcglich beraten.<\/li>\n<\/ul>\n<p><strong>H\u00e4ufig gestellte Fragen<\/strong><\/p>\n<p>Sind Gesichtsstraffungsoperationen dauerhaft?<\/p>\n<p>Ja, die Ergebnisse dieser Operation sind dauerhaft.<\/p>\n<p>Bleiben nach der Facelifting-Operation Narben im Gesicht zur\u00fcck?<\/p>\n<p>Es kann auch kleine Narben auf Ihrer Kopfhaut vor und hinter Ihrem Ohr geben. Diese Narbe nimmt nach einigen Wochen Hautfarbe an und verschwindet mit der Zeit.<\/p>\n<p>Werde ich w\u00e4hrend der Gesichtsstraffung Schmerzen haben?<\/p>\n<p>Schmerzen sind w\u00e4hrend der Operation nicht zu sp\u00fcren, aber Schmerzen k\u00f6nnen nach der Operation auftreten. Sie k\u00f6nnen diese Schmerzen mit Schmerzmitteln minimieren.<\/p>\n<p>Muss die Gesichtsstraffung wiederholt werden?<\/p>\n<p>Etwa 10 Jahre nach der Facelift-Operation kann es sein, dass Sie es erneut machen lassen m\u00fcssen.[\/vc_column_text][\/vc_column][\/vc_row]<\/p>\n<\/div>","protected":false},"excerpt":{"rendered":"<p>[vc_row][vc_column][vc_column_text woodmart_inline=&#8221;no&#8221; text_larger=&#8221;no&#8221;]Was ist eine Gesichtsstraffung? Die Facelift-Operation ist eine \u00e4sthetische Operation, die mehr Ver\u00e4nderungen bewirkt als alle \u00e4sthetischen Operationen.<\/p>\n","protected":false},"author":2,"featured_media":0,"parent":0,"menu_order":0,"comment_status":"closed","ping_status":"closed","template":"","meta":{"footnotes":""},"class_list":["post-8481","page","type-page","status-publish","hentry"],"_links":{"self":[{"href":"https:\/\/www.baysalsaglik.com\/de\/wp-json\/wp\/v2\/pages\/8481","targetHints":{"allow":["GET"]}}],"collection":[{"href":"https:\/\/www.baysalsaglik.com\/de\/wp-json\/wp\/v2\/pages"}],"about":[{"href":"https:\/\/www.baysalsaglik.com\/de\/wp-json\/wp\/v2\/types\/page"}],"author":[{"embeddable":true,"href":"https:\/\/www.baysalsaglik.com\/de\/wp-json\/wp\/v2\/users\/2"}],"replies":[{"embeddable":true,"href":"https:\/\/www.baysalsaglik.com\/de\/wp-json\/wp\/v2\/comments?post=8481"}],"version-history":[{"count":0,"href":"https:\/\/www.baysalsaglik.com\/de\/wp-json\/wp\/v2\/pages\/8481\/revisions"}],"wp:attachment":[{"href":"https:\/\/www.baysalsaglik.com\/de\/wp-json\/wp\/v2\/media?parent=8481"}],"curies":[{"name":"wp","href":"https:\/\/api.w.org\/{rel}","templated":true}]}}