{"id":8483,"date":"2022-05-26T14:22:18","date_gmt":"2022-05-26T11:22:18","guid":{"rendered":"https:\/\/www.baysalsaglik.com\/nasenaesthetik\/"},"modified":"2022-05-26T20:43:27","modified_gmt":"2022-05-26T17:43:27","slug":"nasenaesthetik","status":"publish","type":"page","link":"https:\/\/www.baysalsaglik.com\/de\/nasenaesthetik\/","title":{"rendered":"Nasen\u00e4sthetik"},"content":{"rendered":"<div class=\"wpb-content-wrapper\"><p>[vc_row][vc_column][vc_column_text woodmart_inline=&#8221;no&#8221; text_larger=&#8221;no&#8221;]Die Nasenkorrektur geh\u00f6rt zu den \u00e4sthetischen Operationen, die von Personen bevorzugt werden, die mit ihrer Nasenstruktur nicht zufrieden sind. Der Hauptzweck der Nasenkorrektur, die in der medizinischen Sprache auch als Rhinoplastik bezeichnet wird, besteht darin, die Defekte in der Nasenstruktur zu korrigieren. Eine Nasenoperation, bei der das aktuelle Aussehen der Nase korrigiert wird, sollte von erfahrenen und professionellen plastischen Chirurgen auf diesem Gebiet durchgef\u00fchrt werden.<\/p>\n<p>Die Nase befindet sich in der Mitte des Gesichts und zieht die meiste Aufmerksamkeit auf sich. Au\u00dferdem bedeckt die Nase 1\/3 des Gesichts. Auch die Nase, die in ihrer Funktion und in \u00e4sthetischer Hinsicht ein \u00e4u\u00dferst wichtiges Organ ist, sorgt durch ihre einzigartige Formgebung f\u00fcr eine Steigerung des Selbstbewusstseins des Menschen.<\/p>\n<p><strong>Warum wird eine Nasen\u00e4sthetik durchgef\u00fchrt?<\/strong><\/p>\n<p>Eine Form der plastischen Chirurgie, die als Rhinoplastik bekannt ist, wird weltweit h\u00e4ufig praktiziert, um Nasendeformit\u00e4ten zu korrigieren. Eine Nasenkorrektur wird nicht nur bei Fehlbildungen durchgef\u00fchrt, sondern auch zur Korrektur von Knochen- oder Knorpelverkr\u00fcmmungen, die das Atmen erschweren und das Atmen verhindern. Der Hauptzweck der Rhinoplastik besteht darin, die Nase, die nicht mit der Gesichtsstruktur des Patienten kompatibel ist, mit der Gesichtsstruktur kompatibel, glatt und funktionsf\u00e4hig zu machen. Die Nasenkorrektur ist f\u00fcr Patienten g\u00fcltig, die die K\u00f6rper- und Knochenentwicklung abgeschlossen haben. Menschen, die ihre K\u00f6rper- und Knochenentwicklung nicht abgeschlossen haben, k\u00f6nnen ihre Nasen- und Gesichtsform nicht \u00e4ndern. Daher f\u00fchren diese Personen die Operation nicht durch. Heutzutage wird die Nasenkorrektur f\u00fcr ein sch\u00f6neres und \u00e4sthetischeres Aussehen als f\u00fcr medizinische Zwecke durchgef\u00fchrt.<\/p>\n<p><strong>Methoden der Nasen\u00e4sthetik<\/strong><\/p>\n<p>Vor einer Nasenkorrektur bewerten und untersuchen \u00c4rzte, warum der Patient eine Nasenkorrektur haben m\u00f6chte. Wenn angenommen wird, dass sich der Patient einer Nasenkorrektur unterziehen muss, werden einige Tests am Patienten durchgef\u00fchrt. Bei der Nasenkorrektur kommen zwei unterschiedliche Techniken zum Einsatz. Die Nasenkorrektur wird auf zwei Arten durchgef\u00fchrt, geschlossen und offen.<\/p>\n<p><strong>Geschlossene Nasenkorrektur<\/strong><\/p>\n<p>Bei der Nasenkorrektur in geschlossener Technik werden 2 Einschnitte im unteren Teil der Nase vorgenommen und die Haut an der Nase entfernt. Durch das Entfernen der Haut wird das Nasenbein erreicht und die Nasenkorrektur entsprechend vorgenommen. Der wichtigste Vorteil der geschlossenen Nasenkorrektur sind weniger \u00d6deme nach der Operation und eine k\u00fcrzere Genesungszeit. Bei der geschlossenen Rhinoplastik werden weder Tampons noch Pflaster verwendet. Die Nase wird mit speziellen Schienen und B\u00e4ndern, die auf der Nase platziert werden, vor Besch\u00e4digungen gesch\u00fctzt.<\/p>\n<p><strong>Offene Nasenkorrektur<\/strong><\/p>\n<p>Bei der offenen Nasenkorrektur werden Schnitte zwischen den Nasenl\u00f6chern gesetzt und somit Korrekturen vorgenommen. Nach der Operation dieser Technik gibt es keine Narben auf der Nase. Diese Technik ist jedoch schwieriger als die geschlossene Technik, und der Arzt muss f\u00fcr diese Technik erfahren sein.<\/p>\n<p><strong>Welche Methode kann erfolgreichere Ergebnisse erzielen?<\/strong><\/p>\n<p>Die Methode der Nasenkorrektur ist nicht wichtig. Denn beide Techniken haben ihre Vorteile. Die Wahl dieser Techniken h\u00e4ngt von der Erfahrung des Arztes und der Form der zu behandelnden Nase ab. Die Beurteilung und Entscheidung des Arztes vor der Operation beeinflusst das Ergebnis der Behandlung. Wenn Sie sich f\u00fcr eine Nasenkorrektur entschieden haben, suchen Sie sofort nach dem besten Chirurgen.<\/p>\n<p><strong>Rhinoplastik-Wiederherstellungsprozess<\/strong><\/p>\n<p>Die L\u00e4nge und Komplexit\u00e4t der Erholungsphase bei der Nasenkorrektur h\u00e4ngt von der Technik ab, die Ihr Arzt anwendet. Die Fach\u00e4rzte unserer Klinik w\u00e4hlen f\u00fcr Sie die am besten geeignete Nasenoperationstechnik aus. Nach einer Nasenoperation k\u00f6nnen Schwellungen und Bluterg\u00fcsse auftreten. Diese Bluterg\u00fcsse und Schwellungen vergehen jedoch in kurzer Zeit. In F\u00e4llen, in denen die Schwellung nicht abklingt, kann die Schwellung mit kalten Kompressen behandelt werden. Der Heilungsprozess ist in 1 Monat abgeschlossen.<\/p>\n<p><strong>Dinge, die vor und nach der Nasen\u00e4sthetik zu beachten sind<\/strong><\/p>\n<p>Die Nasenoperation ist ein sehr sensibler Eingriff. Daher gibt es einige Punkte, die vor diesen Operationen ber\u00fccksichtigt werden m\u00fcssen. Sie sollten die Verwendung von Blutverd\u00fcnnern vor einer Nasenoperation einstellen. Sie sollten auch eine Pause vom Alkohol und Rauchen einlegen. M\u00f6glicherweise m\u00fcssen Sie die Einnahme anderer Medikamente abbrechen, wenn Ihr Arzt dies f\u00fcr erforderlich h\u00e4lt. Dar\u00fcber hinaus ist der Genesungsprozess der Nasenoperation sehr wichtig.<\/p>\n<p>Obwohl der Heilungsprozess je nach verwendeter Technik unterschiedlich ist, ist es notwendig, bei jeder Technik vorsichtig zu sein. Nach einer Nasenkorrektur kann ein rosafarbener Ausfluss aus der Nase kommen. Diese Str\u00f6mungen sind ganz normal und stellen keine Gefahr dar. Der wichtigste Punkt, der nach einer Nasenoperation zu beachten ist, ist die Vermeidung eines Schlags auf die Nase. Ein m\u00f6glicher Schlag auf die Nase kann sehr schlimme Folgen haben. Sie k\u00f6nnen Ihre Schmerzen lindern, indem Sie Schmerzmittel gegen m\u00f6gliche Schmerzen und \u00d6deme verwenden.[\/vc_column_text][\/vc_column][\/vc_row]<\/p>\n<\/div>","protected":false},"excerpt":{"rendered":"<p>[vc_row][vc_column][vc_column_text woodmart_inline=&#8221;no&#8221; text_larger=&#8221;no&#8221;]Die Nasenkorrektur geh\u00f6rt zu den \u00e4sthetischen Operationen, die von Personen bevorzugt werden, die mit ihrer Nasenstruktur nicht zufrieden<\/p>\n","protected":false},"author":2,"featured_media":0,"parent":0,"menu_order":0,"comment_status":"closed","ping_status":"closed","template":"","meta":{"footnotes":""},"class_list":["post-8483","page","type-page","status-publish","hentry"],"_links":{"self":[{"href":"https:\/\/www.baysalsaglik.com\/de\/wp-json\/wp\/v2\/pages\/8483","targetHints":{"allow":["GET"]}}],"collection":[{"href":"https:\/\/www.baysalsaglik.com\/de\/wp-json\/wp\/v2\/pages"}],"about":[{"href":"https:\/\/www.baysalsaglik.com\/de\/wp-json\/wp\/v2\/types\/page"}],"author":[{"embeddable":true,"href":"https:\/\/www.baysalsaglik.com\/de\/wp-json\/wp\/v2\/users\/2"}],"replies":[{"embeddable":true,"href":"https:\/\/www.baysalsaglik.com\/de\/wp-json\/wp\/v2\/comments?post=8483"}],"version-history":[{"count":0,"href":"https:\/\/www.baysalsaglik.com\/de\/wp-json\/wp\/v2\/pages\/8483\/revisions"}],"wp:attachment":[{"href":"https:\/\/www.baysalsaglik.com\/de\/wp-json\/wp\/v2\/media?parent=8483"}],"curies":[{"name":"wp","href":"https:\/\/api.w.org\/{rel}","templated":true}]}}