{"id":8484,"date":"2022-05-26T14:32:55","date_gmt":"2022-05-26T11:32:55","guid":{"rendered":"https:\/\/www.baysalsaglik.com\/bauchdeckenstraffung\/"},"modified":"2022-05-26T20:43:26","modified_gmt":"2022-05-26T17:43:26","slug":"bauchdeckenstraffung","status":"publish","type":"page","link":"https:\/\/www.baysalsaglik.com\/de\/bauchdeckenstraffung\/","title":{"rendered":"Bauchdeckenstraffung"},"content":{"rendered":"<div class=\"wpb-content-wrapper\"><p>[vc_row][vc_column][vc_column_text woodmart_inline=&#8221;no&#8221; text_larger=&#8221;no&#8221;]<strong>Bauchdeckenstraffung<\/strong><\/p>\n<p>Bauchdeckenstraffung; Es ist eine der chirurgischen Anwendungen, die die Probleme beseitigt, die im Bauchbereich aufgrund von \u00fcbersch\u00fcssigem Fett, Absacken und einigen anderen Problemen auftreten. Das lockere Erscheinungsbild kann dank der Bauchdeckenstraffung beseitigt werden, die L\u00f6sungen f\u00fcr die Probleme bringt, die sowohl bei Frauen als auch bei M\u00e4nnern zu beobachten sind. Ziel ist die Beseitigung der Risse nach der Bauchdeckenstraffung, die im Rahmen einer Anwendung durchgef\u00fchrt wird, bei der \u00e4sthetische Belange im Vordergrund stehen.<\/p>\n<p><strong>Was ist Bauchdeckenstraffung?<\/strong><\/p>\n<p>Die Abdominoplastik, in der medizinischen Literatur Abdominoplastik genannt, geh\u00f6rt zu den Anwendungen der \u00e4sthetischen Chirurgie. W\u00e4hrend es qualitativ hochwertige L\u00f6sungen f\u00fcr die Probleme im Bauchbereich bietet, spielt es eine gro\u00dfe Rolle bei der Beseitigung von Deformationen und negativen Bildern.<\/p>\n<p>Wenn das Absacken des Bauches, Vorw\u00f6lbung, Risse, \u00fcbersch\u00fcssiges Fett und andere Probleme bewertet werden, sollte erw\u00e4hnt werden, dass die Bauchdeckenstraffung sehr ernsthafte L\u00f6sungen bietet. Auch ein ges\u00fcnderer K\u00f6rper des Patienten ist im Rahmen dieser Anwendung m\u00f6glich, die es schafft, alle Probleme im Bauchbereich mit einer einzigen Operation zu l\u00f6sen. Mit Bauchdeckenstraffungen, die unter \u00e4rztlicher Kontrolle und im Rahmen einer sorgf\u00e4ltigen Planung f\u00fcr jeden Patienten durchgef\u00fchrt werden, k\u00f6nnen erwartungsgem\u00e4\u00dfe Ergebnisse erzielt werden. In diesem Rahmen ist das Ziel, absolut hochwertige Ergebnisse zu erzielen.<\/p>\n<p><strong>Was ist der Operationsprozess einer Bauchdeckenstraffung?<\/strong><\/p>\n<p>Sehprobleme, die im Bauch auftreten, der einer der wichtigsten Punkte des menschlichen K\u00f6rpers ist, beeintr\u00e4chtigen das soziale Leben vieler Menschen. Um diesen Effekt zu beseitigen und ein ges\u00fcnderes Bild zu erhalten, wird die Bauchdeckenstraffung unter \u00e4rztlicher Kontrolle durchgef\u00fchrt. Der Behandlungsprozess beginnt mit einer \u00e4rztlichen Untersuchung und Kontrolle. Durchh\u00e4ngen, Risse, \u00fcbersch\u00fcssiges \u00d6l und alle anderen Probleme werden ermittelt und eine entsprechende L\u00f6sung geplant.<\/p>\n<p>Die gew\u00fcnschten Ergebnisse werden mit einer Bauchstraffungsoperation erzielt, die unter der Kontrolle des Arztes und in Abh\u00e4ngigkeit von der vor der Operation durchgef\u00fchrten Planung durchgef\u00fchrt wird. Hier gilt es, an der Planung festzuhalten und erwartungskonform vorzugehen. Im Rahmen der Bauchdeckenstraffung ist es m\u00f6glich, ein hochwertiges Ergebnis zu erzielen, das den Bauch straffer und sch\u00f6ner erscheinen l\u00e4sst.<\/p>\n<p>Eine Bauchdeckenstraffung hat eine langfristige Wirkung, wenn der Einzelne ein gesundes und aktives Leben f\u00fchrt. Schwangerschaft, \u00dcbergewicht und unausgewogene Ern\u00e4hrung k\u00f6nnen jedoch dazu f\u00fchren, dass die Auswirkungen der Bauchdeckenstraffung verschwinden.<\/p>\n<p><strong>Wie lange dauert eine Bauchstraffung?<\/strong><\/p>\n<p>Die Abdominoplastik weist nicht bei jedem Patienten \u00e4hnliche Prozesse auf. Denn auch der Erschlaffungsstatus des Patienten oder die Menge an \u00fcbersch\u00fcssigem Fett werden den Fahrplan f\u00fcr eine Bauchdeckenstraffung stark beeinflussen. Dabei sollte bekannt sein, dass f\u00fcr jeden Patienten eine andere Planung erforderlich ist. Die durchschnittliche Behandlungsdauer einer Bauchstraffung variiert zwischen 3 und 3,5 Stunden. In F\u00e4llen, in denen Erschlaffung und Fettgewebe hoch sind, kann die Dauer jedoch auf bis zu 4 Stunden verl\u00e4ngert werden.<\/p>\n<p>Dank der unter der Kontrolle des Arztes durchgef\u00fchrten Operation ist es m\u00f6glich, das vom Patienten gew\u00fcnschte Bild aufzunehmen. Gerade f\u00fcr diejenigen, die ein gesundes Aussehen erreichen m\u00f6chten, bietet diese Behandlungsmethode ein gro\u00dfes Privileg.<\/p>\n<p><strong>Heilungsprozess nach Bauchdeckenstraffung<\/strong><\/p>\n<p>Der Genesungsprozess nach einer Bauchdeckenstraffung kann je nach Stoffwechsel des Patienten variieren. Dabei wird der Patient nach 1-2 Tagen Krankenhausaufenthalt nach der Operation entlassen. Dank des Korsetts, das etwa 1 Monat nach der Operation getragen wird, ist es m\u00f6glich, die Genesung zu beschleunigen.<\/p>\n<p>Die N\u00e4hte der Patienten, die 2-3 Tage nach dem chirurgischen Eingriff verwitwet werden k\u00f6nnen, werden nach 7 Tagen entfernt. Patienten, die sich an die Warnhinweise halten und ihren K\u00f6rper w\u00e4hrend der Genesungsphase nicht \u00fcberfordern, k\u00f6nnen innerhalb von 7 bis 10 Wochen zum normalen Leben zur\u00fcckkehren. Bei Schmerzen und Schmerzen, die w\u00e4hrend des Heilungsprozesses auftreten, sollten nur vom Arzt empfohlene Medikamente verwendet werden.<\/p>\n<p>Als Baysal Health unterst\u00fctzen wir Sie w\u00e4hrend des gesamten Prozesses und versprechen Ihnen den besten Service.[\/vc_column_text][\/vc_column][\/vc_row]<\/p>\n<\/div>","protected":false},"excerpt":{"rendered":"<p>[vc_row][vc_column][vc_column_text woodmart_inline=&#8221;no&#8221; text_larger=&#8221;no&#8221;]Bauchdeckenstraffung Bauchdeckenstraffung; Es ist eine der chirurgischen Anwendungen, die die Probleme beseitigt, die im Bauchbereich aufgrund von \u00fcbersch\u00fcssigem<\/p>\n","protected":false},"author":2,"featured_media":0,"parent":0,"menu_order":0,"comment_status":"closed","ping_status":"closed","template":"","meta":{"footnotes":""},"class_list":["post-8484","page","type-page","status-publish","hentry"],"_links":{"self":[{"href":"https:\/\/www.baysalsaglik.com\/de\/wp-json\/wp\/v2\/pages\/8484","targetHints":{"allow":["GET"]}}],"collection":[{"href":"https:\/\/www.baysalsaglik.com\/de\/wp-json\/wp\/v2\/pages"}],"about":[{"href":"https:\/\/www.baysalsaglik.com\/de\/wp-json\/wp\/v2\/types\/page"}],"author":[{"embeddable":true,"href":"https:\/\/www.baysalsaglik.com\/de\/wp-json\/wp\/v2\/users\/2"}],"replies":[{"embeddable":true,"href":"https:\/\/www.baysalsaglik.com\/de\/wp-json\/wp\/v2\/comments?post=8484"}],"version-history":[{"count":0,"href":"https:\/\/www.baysalsaglik.com\/de\/wp-json\/wp\/v2\/pages\/8484\/revisions"}],"wp:attachment":[{"href":"https:\/\/www.baysalsaglik.com\/de\/wp-json\/wp\/v2\/media?parent=8484"}],"curies":[{"name":"wp","href":"https:\/\/api.w.org\/{rel}","templated":true}]}}