{"id":8486,"date":"2022-05-26T14:26:12","date_gmt":"2022-05-26T11:26:12","guid":{"rendered":"https:\/\/www.baysalsaglik.com\/augenlidstraffung\/"},"modified":"2022-05-26T20:43:27","modified_gmt":"2022-05-26T17:43:27","slug":"augenlidstraffung","status":"publish","type":"page","link":"https:\/\/www.baysalsaglik.com\/de\/augenlidstraffung\/","title":{"rendered":"Augenlidstraffung"},"content":{"rendered":"<div class=\"wpb-content-wrapper\"><p>[vc_row][vc_column][vc_column_text woodmart_inline=&#8221;no&#8221; text_larger=&#8221;no&#8221;]<strong>Augenlid\u00e4sthetik<\/strong><\/p>\n<p>Es wird im Rahmen der als Augenlid\u00e4sthetik oder Blepharoplastik bekannten Operation auf die oberen Augenlider aufgetragen. Bei der Operation, bei der die schlaffe Haut und das \u00fcbersch\u00fcssige Fettgewebe entfernt werden, wird auch das Gewebe um die Augen gedehnt. Das Absacken der oberen Augenlider tritt normalerweise als Folge des Fortschreitens des Steins auf.<\/p>\n<p>In der Haut der oberen Augenlider, die der Schwerkraft erliegen, tritt ein starkes Absacken auf. Dar\u00fcber hinaus k\u00f6nnen Probleme wie Tr\u00e4nens\u00e4cke, Hauterschlaffung, Erschlaffung, Falten und Farbver\u00e4nderungen auftreten. Neben der Alterung kann es auch durch Sonneneinstrahlung, unregelm\u00e4\u00dfigen Schlaf, Luftverschmutzung, Alkohol und Rauchen zu einem Erschlaffen des oberen Augenlids kommen.<\/p>\n<p><strong>Wann wird eine Augenlid\u00e4sthetik durchgef\u00fchrt?<\/strong><\/p>\n<p>Die Oberlidstraffung wird in der Regel bei Personen \u00fcber 35 Jahren durchgef\u00fchrt. Denn die Alterserscheinungen an den Augenlidern treten in der Regel ab dem 35. Lebensjahr auf. Aus medizinischer Sicht ist es jedoch in jedem Alter m\u00f6glich, sich einer Oberlidoperation zu unterziehen. Eine Operation ist nicht wirksam, um die Alterung der Augenlider zu stoppen. Es kann jedoch die Auswirkungen des Alterns f\u00fcr 7 bis 8 Jahre verhindern.<\/p>\n<p><strong>Was ist vor der Lid\u00e4sthetik zu beachten?<\/strong><\/p>\n<p>Vor der Oberlid\u00e4sthetik sind einige wichtige Punkte zu beachten. Diese Punkte sind allgemein wie folgt.<\/p>\n<ul>\n<li>W\u00e4hrend der Operation kommt es zu Blutungen. Um zu verhindern, dass diese Blutung zu stark und unaufhaltsam wird, sollten Sie auf die Anwendung von Blutverd\u00fcnnern verzichten. Gleichzeitig sollten Sie vor der Operation auf Medikamente wie Aspirin und Antibiotika verzichten.<\/li>\n<li>Auch Rauchen und Alkoholkonsum verl\u00e4ngern den Heilungsprozess von Wunden. Aus diesem Grund ist es notwendig, vor und nach der Operation mit dem Rauchen und dem Alkoholkonsum aufzuh\u00f6ren.<\/li>\n<li>Wenn Sie pflanzliche Nahrungserg\u00e4nzungsmittel verwenden, da diese verschiedene unerwartete Wirkungen haben k\u00f6nnen, sollten Sie diese vor der Operation eine Weile nicht mehr verwenden.<\/li>\n<\/ul>\n<p><strong>Wie wird die Augenlid\u00e4sthetik durchgef\u00fchrt?<\/strong><\/p>\n<p>Obere Augen\u00e4sthetik, auch Schlupflideroperation genannt, ist die Entfernung von \u00fcbersch\u00fcssiger Haut und Muskelgewebe in diesem Bereich. Im Bereich werden kleine Schnitte gemacht und die \u00fcbersch\u00fcssige Haut am Oberlid entfernt. Die Schnitte werden von der Faltlinie des Augenlids aus vorgenommen, damit die Operationsnarbe minimale Narben hinterl\u00e4sst und die Narbe nicht sichtbar ist. Die besten Ergebnisse werden erzielt, wenn sie zusammen mit der Operation Augenbrauenlifting und Stirnlifting durchgef\u00fchrt wird.<\/p>\n<p><strong>Heilungsprozess nach Lid\u00e4sthetik<\/strong><\/p>\n<p>Patienten m\u00fcssen nach der Oberlid\u00e4sthetik nicht im Krankenhaus bleiben. Patienten, die noch am selben Tag entlassen werden k\u00f6nnen, k\u00f6nnen 1 Tag nach dieser sehr einfachen Operation in ihr soziales Leben zur\u00fcckkehren. Aus dem Ausland kommende Patienten k\u00f6nnen nach der Kontrolle nach 1 Woche nach Hause zur\u00fcckkehren.<\/p>\n<p>Nach einer Augenlidoperation kann es 2-3 Tage lang zu Schwellungen um die Augen kommen. Mit der Eisbehandlungsmethode ist es m\u00f6glich, die betreffende Schwellung zu minimieren. Die Schwellung wird bald durch Bluterg\u00fcsse ersetzt. Es ist jedoch m\u00f6glich zu sagen, dass diese Prellungen in kurzer Zeit vergehen werden. Da nach der Operation keine Naht entfernt wird, ist kein zus\u00e4tzlicher Eingriff f\u00fcr die Patienten erforderlich. In etwa 4 Wochen sind die Augenlider vollst\u00e4ndig verheilt.<\/p>\n<p><strong>Was ist nach der Lid\u00e4sthetik zu beachten?<\/strong><\/p>\n<p>Es gibt verschiedene Details, die nach der Augenlid\u00e4sthetik ber\u00fccksichtigt werden sollten. Es ist m\u00f6glich, diese Details allgemein wie folgt aufzulisten.<\/p>\n<ul>\n<li>Patienten mit Lid\u00e4sthetik sollten in der ersten Woche nach der Operation die Augenpartie in keiner Weise sch\u00e4digen. Gleichzeitig sollten Patienten \u00dcbungen vermeiden, die die Augenpartie sch\u00e4digen.<\/li>\n<li>Es ist notwendig, die von Ihrem Arzt empfohlenen Medikamente gegen verschiedene Probleme wie Brennen und Trockenheit in den Augen zu verwenden.<\/li>\n<li>Die Patienten sollten in der ersten Woche auf dem Kopf schlafen.<\/li>\n<\/ul>\n<p>Nach der Oberlidoperation ist es notwendig, f\u00fcr einige Wochen eine Sonnenbrille im Freien zu tragen.[\/vc_column_text][\/vc_column][\/vc_row]<\/p>\n<\/div>","protected":false},"excerpt":{"rendered":"<p>[vc_row][vc_column][vc_column_text woodmart_inline=&#8221;no&#8221; text_larger=&#8221;no&#8221;]Augenlid\u00e4sthetik Es wird im Rahmen der als Augenlid\u00e4sthetik oder Blepharoplastik bekannten Operation auf die oberen Augenlider aufgetragen. Bei<\/p>\n","protected":false},"author":2,"featured_media":0,"parent":0,"menu_order":0,"comment_status":"closed","ping_status":"closed","template":"","meta":{"footnotes":""},"class_list":["post-8486","page","type-page","status-publish","hentry"],"_links":{"self":[{"href":"https:\/\/www.baysalsaglik.com\/de\/wp-json\/wp\/v2\/pages\/8486","targetHints":{"allow":["GET"]}}],"collection":[{"href":"https:\/\/www.baysalsaglik.com\/de\/wp-json\/wp\/v2\/pages"}],"about":[{"href":"https:\/\/www.baysalsaglik.com\/de\/wp-json\/wp\/v2\/types\/page"}],"author":[{"embeddable":true,"href":"https:\/\/www.baysalsaglik.com\/de\/wp-json\/wp\/v2\/users\/2"}],"replies":[{"embeddable":true,"href":"https:\/\/www.baysalsaglik.com\/de\/wp-json\/wp\/v2\/comments?post=8486"}],"version-history":[{"count":0,"href":"https:\/\/www.baysalsaglik.com\/de\/wp-json\/wp\/v2\/pages\/8486\/revisions"}],"wp:attachment":[{"href":"https:\/\/www.baysalsaglik.com\/de\/wp-json\/wp\/v2\/media?parent=8486"}],"curies":[{"name":"wp","href":"https:\/\/api.w.org\/{rel}","templated":true}]}}