{"id":8490,"date":"2022-05-26T14:33:56","date_gmt":"2022-05-26T11:33:56","guid":{"rendered":"https:\/\/www.baysalsaglik.com\/po-lift\/"},"modified":"2022-05-26T20:43:27","modified_gmt":"2022-05-26T17:43:27","slug":"po-lift","status":"publish","type":"page","link":"https:\/\/www.baysalsaglik.com\/de\/po-lift\/","title":{"rendered":"Po-Lift"},"content":{"rendered":"<div class=\"wpb-content-wrapper\"><p>[vc_row][vc_column][vc_column_text woodmart_inline=&#8221;no&#8221; text_larger=&#8221;no&#8221;]<strong>Po-Lift<\/strong><\/p>\n<p>Das Po-Lifting gilt als eine der beliebtesten \u00e4sthetischen Anwendungen von Frauen. Die bevorzugte Po-Lift-Anwendung wird auch Brazilian Butt Lift genannt, um ein sch\u00f6nes Aussehen zu erzielen und sicherzustellen, dass die H\u00fcften proportional zum K\u00f6rper sind. Neben der in den letzten Jahren weit verbreiteten Anwendung ist die Po-Lift-Operation auch in Bezug auf die optische Perfektion wichtig. Als Baysal Health unterst\u00fctzen wir Patienten dabei, mit dieser Operation ein ges\u00fcnderes Aussehen zu erreichen.<\/p>\n<p><strong>F\u00fcr wen ist der Brazilian Butt Lift (BBL) geeignet?<\/strong><\/p>\n<p>Die Po-Lift-Anwendung ist normalerweise eine Option, die von Frauen bevorzugt wird. In diesem Zusammenhang sei erw\u00e4hnt, dass Patienten, die mit BBL ein ges\u00fcnderes Aussehen erreichen m\u00f6chten, in der Regel folgende Eigenschaften aufweisen. Die allgemeinen Merkmale der Patienten, die BBL beantragt haben oder voraussichtlich beantragen werden, k\u00f6nnen nachstehend aufgef\u00fchrt werden.<\/p>\n<ul>\n<li>Wenn Frauen, die schwach sind und eine flache Po-Struktur haben, Hosen tragen, entsteht ein schlechtes Image. BBL wird bevorzugt, um dieses negative Image schwacher Menschen zu beseitigen.<\/li>\n<li>Frauen, die Probleme mit der Gewichtszunahme und -abnahme haben, werden wahrscheinlich nach einer Weile eine Abflachung ihrer Ges\u00e4\u00dfstruktur feststellen. Dar\u00fcber hinaus wird das Auftreten von Durchh\u00e4ngen als wichtiger Faktor f\u00fcr BBL angesehen.<\/li>\n<li>Es ist notwendig, die Po-Lift-Anwendung f\u00fcr Deformit\u00e4ten anzuwenden, die aufgrund genetischer Faktoren in der Po- und Taillenstruktur auftreten. So entsteht ein ges\u00fcnderes und hochwertigeres Erscheinungsbild.<\/li>\n<\/ul>\n<p>Abgesehen von den oben genannten Details wird auch der Wunsch nach einem gr\u00f6\u00dferen Hintern von Zeit zu Zeit als Grund f\u00fcr eine BBL-Bewerbung akzeptiert. Dabei werden die anzuwendenden Techniken festgelegt und die ideale Form des Po sichergestellt.<\/p>\n<p><strong>Was sind Butt-Lift-Techniken?<\/strong><\/p>\n<p>Die BBL-Methoden variieren je nach der k\u00f6rperlichen Struktur des Patienten und der gew\u00fcnschten L\u00f6sung. An dieser Stelle gilt es, so schnell wie m\u00f6glich zum idealen Ergebnis zu kommen. Die unten aufgef\u00fchrten Methoden sind eine der unabdingbaren Voraussetzungen f\u00fcr ein ges\u00fcnderes Po-Lift.<\/p>\n<p><strong>Po-Lift mit Stichen<\/strong><\/p>\n<p>Die durch Nahtanwendung durchgef\u00fchrte Po-Straffung f\u00e4llt durch ihre tempor\u00e4re Wirkung auf. Obwohl es von einigen Patienten bevorzugt wird, f\u00fchrt das Verschwinden der Wirkung des Po-Liftings mit Stichen in einer kurzen Zeit wie 3 Monaten zu verschiedenen Alternativen.<\/p>\n<p><strong>Ges\u00e4\u00dfstraffung mit Silikon-Ges\u00e4\u00dfprothese<\/strong><\/p>\n<p>Wenn die Po-Struktur stark entleert ist, sollte ein Po-Lift angewendet werden. Diese Technik schafft dauerhaftere Effekte f\u00fcr fast alle, die eine optisch hochwertigere Struktur anstreben. Da es sich um eine chirurgische Anwendung handelt, sollte bedacht werden, dass der Heilungsprozess und die R\u00fcckkehr ins soziale Leben stark beeintr\u00e4chtigt werden. Der Vorteil dieser Operation ist jedoch, dass die Wirkung l\u00e4nger anh\u00e4lt und die Po-Struktur besser aussieht als gew\u00fcnscht.<\/p>\n<p>Bei der Po-Prothese, die im Rahmen einer durchschnittlich 3-st\u00fcndigen Operation durchgef\u00fchrt wird, wird dank BBL eine dauerhafte Wirkung erzielt.<\/p>\n<p><strong>Ges\u00e4\u00dfformung mit Fettinjektion<\/strong><\/p>\n<p>Eine der idealsten Alternativen in Bezug auf Dauerhaftigkeit unter den Po-Shaping-Anwendungen ist die Fettinjektion. Eine durchschnittliche Wirkungsdauer von 1 \u2013 1,5 Jahren und eine nat\u00fcrliche Methode bieten einen Vorteil f\u00fcr Patienten. Durch die erneute Injektion des aus dem K\u00f6rper des Patienten entnommenen Fettes in den K\u00f6rper ist die Wahrscheinlichkeit von Komplikationen sehr gering. Bei einer Fettinjektion, bei der die Erholungsphase durchschnittlich 4 Wochen dauert, betr\u00e4gt die R\u00fcckkehr ins gesellschaftliche Leben bei der Po-Vergr\u00f6\u00dferung 5 Tage.<\/p>\n<p>Als Baysal Health unterst\u00fctzen wir Sie bei Po-Lifting-Verfahren. W\u00e4hrend wir Ihnen helfen, den Service zu erreichen, den Sie erhalten m\u00f6chten, k\u00fcmmern wir uns genauso wie Sie um ein ges\u00fcnderes und sch\u00f6neres Aussehen.[\/vc_column_text][\/vc_column][\/vc_row]<\/p>\n<\/div>","protected":false},"excerpt":{"rendered":"<p>[vc_row][vc_column][vc_column_text woodmart_inline=&#8221;no&#8221; text_larger=&#8221;no&#8221;]Po-Lift Das Po-Lifting gilt als eine der beliebtesten \u00e4sthetischen Anwendungen von Frauen. Die bevorzugte Po-Lift-Anwendung wird auch Brazilian<\/p>\n","protected":false},"author":2,"featured_media":0,"parent":0,"menu_order":0,"comment_status":"closed","ping_status":"closed","template":"","meta":{"footnotes":""},"class_list":["post-8490","page","type-page","status-publish","hentry"],"_links":{"self":[{"href":"https:\/\/www.baysalsaglik.com\/de\/wp-json\/wp\/v2\/pages\/8490","targetHints":{"allow":["GET"]}}],"collection":[{"href":"https:\/\/www.baysalsaglik.com\/de\/wp-json\/wp\/v2\/pages"}],"about":[{"href":"https:\/\/www.baysalsaglik.com\/de\/wp-json\/wp\/v2\/types\/page"}],"author":[{"embeddable":true,"href":"https:\/\/www.baysalsaglik.com\/de\/wp-json\/wp\/v2\/users\/2"}],"replies":[{"embeddable":true,"href":"https:\/\/www.baysalsaglik.com\/de\/wp-json\/wp\/v2\/comments?post=8490"}],"version-history":[{"count":0,"href":"https:\/\/www.baysalsaglik.com\/de\/wp-json\/wp\/v2\/pages\/8490\/revisions"}],"wp:attachment":[{"href":"https:\/\/www.baysalsaglik.com\/de\/wp-json\/wp\/v2\/media?parent=8490"}],"curies":[{"name":"wp","href":"https:\/\/api.w.org\/{rel}","templated":true}]}}