{"id":8496,"date":"2022-05-26T14:31:42","date_gmt":"2022-05-26T11:31:42","guid":{"rendered":"https:\/\/www.baysalsaglik.com\/fettabsaugung\/"},"modified":"2022-05-26T20:43:27","modified_gmt":"2022-05-26T17:43:27","slug":"fettabsaugung","status":"publish","type":"page","link":"https:\/\/www.baysalsaglik.com\/de\/fettabsaugung\/","title":{"rendered":"Fettabsaugung"},"content":{"rendered":"<div class=\"wpb-content-wrapper\"><p>[vc_row][vc_column][vc_column_text woodmart_inline=&#8221;no&#8221; text_larger=&#8221;no&#8221;]<strong>Was ist Fettabsaugung?<\/strong><\/p>\n<p>Die Fettabsaugung wird bevorzugt, um eine st\u00e4rkere L\u00f6sung gegen hartn\u00e4ckige Fette anzubieten, die aus verschiedenen Gr\u00fcnden nicht aus dem menschlichen K\u00f6rper entfernt werden k\u00f6nnen. Eine regionale Ausd\u00fcnnung ist dank Fettabsaugung m\u00f6glich, die die Entfernung von Fett aus dem K\u00f6rper durch chirurgische Methoden erm\u00f6glicht. Mit der Fettabsaugung, die eine der am meisten bevorzugten Anwendungen zur K\u00f6rperformung ist, sorgt sie f\u00fcr eine Ausd\u00fcnnung der H\u00fcften, H\u00fcften, des Bauches, der Taille, der Knie und vieler anderer Bereiche.<\/p>\n<p>Bei der Bewertung der verwendeten Techniken wird diese Behandlungsmethode, die Vielfalt bietet, zu den Anwendungen der \u00e4sthetischen Chirurgie gez\u00e4hlt. Indem es eine gesunde Ausd\u00fcnnung des K\u00f6rpers des Patienten unterst\u00fctzt, hebt es auch optisch zufriedenstellende Ergebnisse hervor.<\/p>\n<p><strong>Bei wem wird eine Fettabsaugung durchgef\u00fchrt?<\/strong><\/p>\n<p>Vorl\u00e4ufige Kontrollen im Zusammenhang mit der Fettabsaugung, die bevorzugt wird, um hartn\u00e4ckiges Fett im K\u00f6rper loszuwerden und einen gesunden K\u00f6rper zu haben, sind am wichtigsten. Regionale Ausd\u00fcnnungen, die durch einen chirurgischen Eingriff entstehen, werden definitiv nicht als Methode zur Gewichtsabnahme eingesetzt. Denn es wird vermutet, dass Menschen, die diese Anwendung beantragen werden, mit Sport und Ern\u00e4hrung nicht das n\u00f6tige Gewicht verlieren k\u00f6nnen.<\/p>\n<p>Jeder kann von einer Fettabsaugung profitieren, sofern er keine gesundheitlichen Probleme hat, nicht schwanger ist oder gerade entbunden hat. Als Ergebnis der vom Arzt durchzuf\u00fchrenden Vorkontrollen wird \u00fcber die Anwendung entschieden und das regionale Ausd\u00fcnnungsverfahren beginnt.<\/p>\n<p><strong>In welchen Situationen hat eine Fettabsaugung keine Wirkung?<\/strong><\/p>\n<p>Da die Fettabsaugung keine Anwendung zur Gewichtsabnahme ist, wird der Patient wahrscheinlich das verlorene Fett wiedererlangen. Aus diesem Grund wird empfohlen, dass Menschen, die sich f\u00fcr eine Fettabsaugung bewerben, ihren Lebensstil, ihre Ern\u00e4hrung und ihre Bewegung \u00e4ndern, um nicht in ihre alten Gewohnheiten zur\u00fcckzufallen. Andernfalls ist es m\u00f6glich, zur Phase vor der Fettabsaugung zur\u00fcckzukehren.<\/p>\n<p>Es wird dar\u00fcber nachgedacht, dass bei dieser Anwendung, bei der es erw\u00fcnscht ist, eine \u00f6rtliche Schmierung zu eliminieren, auch Ma\u00dfnahmen gegen ein Absacken der Haut ergriffen werden k\u00f6nnen. Es ist jedoch nicht m\u00f6glich, das Durchh\u00e4ngen zu beseitigen. Ebenso hat die Fettabsaugung keinen positiven Effekt bei der Bek\u00e4mpfung von Cellulite.<\/p>\n<p><strong>Heilungsprozess nach Fettabsaugung<\/strong><\/p>\n<p>Obwohl die Fettabsaugung als wichtige Eingriffsm\u00f6glichkeit f\u00fcr den K\u00f6rper gilt, ist nach der Operation gro\u00dfe Sorgfalt erforderlich. Denn eine gute Steuerung des Heilungsprozesses l\u00e4sst das Ergebnis noch ges\u00fcnder ausfallen. In diesem Zusammenhang ist es notwendig, nach der Fettabsaugung das empfohlene Korsett zu verwenden. Die Verwendung dieses Korsetts f\u00fcr durchschnittlich 4 bis 8 Wochen erm\u00f6glicht dem K\u00f6rper, sich zu erholen.<\/p>\n<p>Nach einer Fettabsaugung gelten \u00d6deme und Bluterg\u00fcsse als nat\u00fcrlicher Reflex des K\u00f6rpers. Die F\u00e4den werden innerhalb einer Woche nach dem Eingriff entfernt. Nach 3-4 Wochen ist eine R\u00fcckkehr zum normalen Leben m\u00f6glich.<\/p>\n<p><strong>Was sind die Unterschiede zwischen Laser-Lipolyse und Fettabsaugung?<\/strong><\/p>\n<p>Laser-Lipolyse und Fettabsaugung sind unterschiedliche Anwendungen. Zum Vergleich: Die Laser-Lipolyse basiert auf dem Sprengen der Membranen von Fettzellen im Rahmen der Diodenlaser-Anwendung. Laser-Lipolyse, die einen \u00e4hnlichen Effekt wie Fettentfernungsanwendungen erzeugt; Es gilt als ein sehr wichtiger Faktor bei der Beseitigung von Erschlaffungen im Gesichts- und Kinnbereich. Mit dieser Methode, die vor allem bei Personen mit Schwitzproblemen Anwendung findet, ist eine L\u00f6sung des Problems des \u00fcberm\u00e4\u00dfigen Schwitzens m\u00f6glich.<\/p>\n<p>Der offensichtlichste Unterschied zwischen Laser-Lipolyse und Fettabsaugung ist die Art und Weise, wie das Fettgewebe aus dem K\u00f6rper entfernt wird. Bei der Fettabsaugung werden Kan\u00fclen f\u00fcr das dem K\u00f6rper entnommene Fett bevorzugt, w\u00e4hrend bei der Laser-Lipolyse die Ausscheidung \u00fcber den Urin erfolgt. Aus diesem Grund wird die Methode der Fettabsaugung angewendet, wenn bekannt ist, dass das Fettgewebe des Patienten aufgrund der Laser-Lipolyse nicht mit dem Urin ausgeschieden werden kann.[\/vc_column_text][\/vc_column][\/vc_row]<\/p>\n<\/div>","protected":false},"excerpt":{"rendered":"<p>[vc_row][vc_column][vc_column_text woodmart_inline=&#8221;no&#8221; text_larger=&#8221;no&#8221;]Was ist Fettabsaugung? Die Fettabsaugung wird bevorzugt, um eine st\u00e4rkere L\u00f6sung gegen hartn\u00e4ckige Fette anzubieten, die aus verschiedenen<\/p>\n","protected":false},"author":2,"featured_media":0,"parent":0,"menu_order":0,"comment_status":"closed","ping_status":"closed","template":"","meta":{"footnotes":""},"class_list":["post-8496","page","type-page","status-publish","hentry"],"_links":{"self":[{"href":"https:\/\/www.baysalsaglik.com\/de\/wp-json\/wp\/v2\/pages\/8496","targetHints":{"allow":["GET"]}}],"collection":[{"href":"https:\/\/www.baysalsaglik.com\/de\/wp-json\/wp\/v2\/pages"}],"about":[{"href":"https:\/\/www.baysalsaglik.com\/de\/wp-json\/wp\/v2\/types\/page"}],"author":[{"embeddable":true,"href":"https:\/\/www.baysalsaglik.com\/de\/wp-json\/wp\/v2\/users\/2"}],"replies":[{"embeddable":true,"href":"https:\/\/www.baysalsaglik.com\/de\/wp-json\/wp\/v2\/comments?post=8496"}],"version-history":[{"count":0,"href":"https:\/\/www.baysalsaglik.com\/de\/wp-json\/wp\/v2\/pages\/8496\/revisions"}],"wp:attachment":[{"href":"https:\/\/www.baysalsaglik.com\/de\/wp-json\/wp\/v2\/media?parent=8496"}],"curies":[{"name":"wp","href":"https:\/\/api.w.org\/{rel}","templated":true}]}}