{"id":8505,"date":"2022-05-26T12:12:10","date_gmt":"2022-05-26T09:12:10","guid":{"rendered":"https:\/\/www.baysalsaglik.com\/kvkk-beleuchtungstext\/"},"modified":"2022-05-27T17:51:23","modified_gmt":"2022-05-27T14:51:23","slug":"dsgvo-informationen","status":"publish","type":"page","link":"https:\/\/www.baysalsaglik.com\/de\/dsgvo-informationen\/","title":{"rendered":"DSGVO-Informationen"},"content":{"rendered":"<div class=\"wpb-content-wrapper\"><p>[vc_row][vc_column]\n\t\t<div id=\"wd-628f449376a48\" class=\"title-wrapper wd-wpb wd-set-mb reset-last-child  wd-rs-628f449376a48 wd-title-color-default wd-title-style-default text-center  wd-underline-colored\">\n\t\t\t\n\t\t\t<div class=\"liner-continer\">\n\t\t\t\t<h4 class=\"woodmart-title-container title  wd-font-weight- wd-fontsize-xl\" >Kl\u00e4rungstext zur Verarbeitung personenbezogener Daten<\/h4>\n\t\t\t\t\t\t\t<\/div>\n\t\t\t\n\t\t\t\n\t\t\t\n\t\t<\/div>\n\t\t\n\t\t[vc_column_text woodmart_inline=&#8221;no&#8221; text_larger=&#8221;no&#8221;]<\/p>\n<p style=\"text-align: justify;\">Im folgenden Text Baysalsaglik.com | Baysal Gesundheitstourismus Ltd. Sti. nachfolgend UNTERNEHMEN genannt.<\/p>\n<p style=\"text-align: justify;\">Als Unternehmen zeigen wir h\u00f6chste Sensibilit\u00e4t f\u00fcr die Sicherheit Ihrer personenbezogenen Daten. In diesem Bewusstsein legen wir gro\u00dfen Wert auf die Verarbeitung und Aufbewahrung aller personenbezogenen Daten aller mit dem Unternehmen verbundenen Personen, einschlie\u00dflich derer, die von unseren Produkten und Dienstleistungen profitieren, gem\u00e4\u00df dem Gesetz zum Schutz personenbezogener Daten Nr. 6698 (\u201eDSGVO-Gesetz\u201c). In vollem Verst\u00e4ndnis dieser Verantwortung verarbeiten wir als Datenverantwortlicher Ihre personenbezogenen Daten wie nachstehend erl\u00e4utert und innerhalb der gesetzlich vorgeschriebenen Grenzen. Wir informieren Sie, dass Sie uns \u00fcber die E-Mail-Adresse info@baysalsaglik.com erreichen k\u00f6nnen.<\/p>\n<p><strong>Zwecke der Erhebung, Verarbeitung und Verarbeitung personenbezogener Daten<\/strong><\/p>\n<p style=\"text-align: justify;\">Ihre personenbezogenen Daten; Sie k\u00f6nnen m\u00fcndlich, schriftlich oder elektronisch durch automatische oder nicht automatische Methoden, Audio- und Videoaufzeichnungen, biometrische Aufzeichnungen, Software, Websites und \u00e4hnliche Mittel erhoben werden. Solange Ihre Zusammenarbeit mit unserem Unternehmen, Ihre vertraglichen Beziehungen und die gesetzlichen Fristen noch nicht abgelaufen sind, werden Ihre personenbezogenen Daten aktualisiert und verarbeitet und gespeichert.<\/p>\n<p style=\"text-align: justify;\">Ihre gesammelten personenbezogenen Daten, Gew\u00e4hrleistung der rechtlichen und kommerziellen Sicherheit unseres Unternehmens und derjenigen, die eine Gesch\u00e4ftsbeziehung mit unserem Unternehmen haben (Verwaltungsvorg\u00e4nge f\u00fcr die Kommunikation, die von unserem Unternehmen durchgef\u00fchrt werden, Gew\u00e4hrleistung der physischen Sicherheit und Kontrolle der Standorte des Unternehmens, Gesch\u00e4ftspartner\/Kunde \/Lieferanten (befugte oder Mitarbeiter) Bewertungsprozesse, Rechtskonformit\u00e4tsprozess, Finanzangelegenheiten usw.), um die kommerziellen und gesch\u00e4ftlichen Strategien unseres Unternehmens festzulegen und umzusetzen und die Personalpolitik unseres Unternehmens umzusetzen, die Sicherheit am Arbeitsplatz und die Arbeitsrelevanz zu gew\u00e4hrleisten , Produktivit\u00e4tssteigerung oder Vertragserf\u00fcllung in den Artikeln 5 und 6 des DSGVO-Gesetzes und werden im Rahmen der angegebenen Verarbeitungsbedingungen und -zwecke personenbezogener Daten verarbeitet.<\/p>\n<p><strong>An wen die verarbeiteten personenbezogenen Daten \u00fcbermittelt werden k\u00f6nnen und zu welchem Zweck<\/strong><\/p>\n<p style=\"text-align: justify;\">Ihre gesammelten pers\u00f6nlichen Daten; Gew\u00e4hrleistung der rechtlichen und wirtschaftlichen Sicherheit unseres Unternehmens und derjenigen, die mit unserem Unternehmen in Gesch\u00e4ftsbeziehung stehen (Verwaltungshandlungen zur von unserem Unternehmen durchgef\u00fchrten Kommunikation, Gew\u00e4hrleistung der physischen Sicherheit und Kontrolle der Standorte des Unternehmens, Gesch\u00e4ftspartner\/Kunden\/Lieferanten ( autorisierte oder Mitarbeiter) Bewertungsprozesse, Rechtskonformit\u00e4tsprozess, Finanzarbeiten usw.), an unsere Gesch\u00e4ftspartner, Lieferanten, Aktion\u00e4re, Subunternehmer, Unternehmen, von denen wir Supportleistungen erhalten, an unsere Gesch\u00e4ftspartner, Lieferanten, Aktion\u00e4re, Subunternehmer, gesetzlich autorisierte \u00d6ffentlichkeit Institutionen, um die Gesch\u00e4fts- und Gesch\u00e4ftsstrategien unseres Unternehmens festzulegen und umzusetzen, um die Umsetzung der Personalpolitik unseres Unternehmens sicherzustellen, um gesetzliche Mitteilungspflichten zu erf\u00fcllen, Institutionen und Privatpersonen, 8. und Sie k\u00f6nnen im Rahmen der in Artikel 9 genannten Bedingungen und Zwecke der Verarbeitung personenbezogener Daten \u00fcbermittelt werden.<\/p>\n<p><strong>Methode und rechtlicher Grund f\u00fcr die Erhebung personenbezogener Daten<\/strong><\/p>\n<p style=\"text-align: justify;\">Ihre personenbezogenen Daten werden in allen Arten von m\u00fcndlichen, schriftlichen oder elektronischen Medien im Einklang mit den oben genannten Zwecken erhoben, damit unser Unternehmen seine vertraglichen und gesetzlichen Verpflichtungen vollst\u00e4ndig und genau erf\u00fcllen kann. Ihre aus diesem Rechtsgrund erhobenen personenbezogenen Daten entsprechen dem DSGVO-Gesetz. 5. und Im Rahmen der in Artikel 6 genannten Bedingungen und Zwecke der Verarbeitung personenbezogener Daten k\u00f6nnen diese auch f\u00fcr die in Artikel (1) und (2) dieses Textes genannten Zwecke verarbeitet und \u00fcbermittelt werden.<\/p>\n<p><strong>11 des DSGVO-Gesetzes des Eigent\u00fcmers personenbezogener Daten. In Artikel aufgef\u00fchrte Rechte<\/strong><\/p>\n<p style=\"text-align: justify;\">Wenn Sie als Eigent\u00fcmer personenbezogener Daten Ihre Anfragen zu Ihren Rechten \u00fcber die unten in diesem Klarstellungstext beschriebenen Methoden an unser Unternehmen richten, wird unser Unternehmen die Anfrage je nach Art der Anfrage sp\u00e4testens innerhalb von drei\u00dfig Tagen kostenlos abschlie\u00dfen . Wenn jedoch eine Geb\u00fchr vom Personal Data Protection Board festgelegt wird, wird die Geb\u00fchr gem\u00e4\u00df dem von unserem Unternehmen festgelegten Tarif erhoben. In diesem Zusammenhang Eigent\u00fcmer personenbezogener Daten;<\/p>\n<ul style=\"text-align: justify;\">\n<li>Erfahren, ob personenbezogene Daten verarbeitet werden oder nicht,<\/li>\n<li>wenn personenbezogene Daten verarbeitet wurden, Auskunft dar\u00fcber verlangen,<\/li>\n<li>Den Zweck der Verarbeitung personenbezogener Daten zu erfahren und ob sie zweckgem\u00e4\u00df verwendet werden,<\/li>\n<li>Kenntnis der Dritten, an die personenbezogene Daten im In- oder Ausland \u00fcbermittelt werden,<\/li>\n<li>Aufforderung zur Berichtigung personenbezogener Daten im Falle einer unvollst\u00e4ndigen oder fehlerhaften Verarbeitung und Aufforderung zur Benachrichtigung der in diesem Rahmen get\u00e4tigten Transaktionen an Dritte, an die die personenbezogenen Daten \u00fcbermittelt wurden,<\/li>\n<li>Antrag auf L\u00f6schung oder Vernichtung personenbezogener Daten f\u00fcr den Fall, dass die Gr\u00fcnde f\u00fcr ihre Verarbeitung entfallen sind, obwohl sie gem\u00e4\u00df den Bestimmungen des DSGVO-Gesetzes und anderer relevanter Gesetze verarbeitet wurden, und Antrag auf Benachrichtigung \u00fcber die in diesem Rahmen durchgef\u00fchrte Transaktion an Dritte, an die die personenbezogenen Daten \u00fcbermittelt wurden,<\/li>\n<li>Widerspruch gegen die Entstehung eines Ergebnisses gegen die Person selbst durch Analyse der verarbeiteten Daten ausschlie\u00dflich durch automatisierte Systeme,<\/li>\n<li>F\u00fcr den Fall, dass personenbezogene Daten aufgrund einer rechtswidrigen Verarbeitung besch\u00e4digt werden, hat sie das Recht, den Ersatz des Schadens zu verlangen.<\/li>\n<\/ul>\n<p style=\"text-align: justify;\">13 des DSGVO-Gesetzes. 1 des Artikels. In \u00dcbereinstimmung mit dem Absatz k\u00f6nnen Sie Ihre Anfrage bez\u00fcglich der Aus\u00fcbung Ihrer oben genannten Rechte schriftlich oder auf andere vom Datenschutzausschuss festgelegte Weise an unser Unternehmen senden. Da der Datenschutzausschuss zu diesem Zeitpunkt noch keine Methode festgelegt hat, m\u00fcssen Sie Ihren Antrag gem\u00e4\u00df dem DSGVO-Gesetz schriftlich bei unserem Unternehmen einreichen. In diesem Zusammenhang unterliegt unser Unternehmen der 11. Novelle des DSGVO-Gesetzes. Im Folgenden werden die Wege und Verfahren erl\u00e4utert, \u00fcber die Sie Ihre schriftliche Bewerbung einreichen.<\/p>\n<p style=\"text-align: justify;\">Um Ihre oben genannten Rechte auszu\u00fcben, die notwendigen Informationen zur Identifizierung Ihrer Identit\u00e4t und des 11. Artikels des DSGVO-Gesetzes. Es enth\u00e4lt Ihre Anfrage, die Ihre Erl\u00e4uterungen zu Ihrem Recht enth\u00e4lt, das Sie beantragen, von den im Artikel angegebenen Rechten Gebrauch zu machen, und Sie k\u00f6nnen eine unterzeichnete Kopie pers\u00f6nlich an Nailbey Mahallesi, Valifahribey Caddesi, Yenice Sokak, No:10, \u00c7akmak 3 Plaza senden , K9\/35, 23100, Merkez\/ELAZI\u011e, mit Dokumenten, die Ihre Identit\u00e4t identifizieren, \u00fcber einen Notar oder andere im DSGVO-Gesetz festgelegte Methoden, oder Sie k\u00f6nnen die entsprechende Anfrage an die E-Mail-Adresse info@baysalsaglik.com senden.<\/p>\n<p>[\/vc_column_text][\/vc_column][\/vc_row]<\/p>\n<\/div>","protected":false},"excerpt":{"rendered":"<p>[vc_row][vc_column][vc_column_text woodmart_inline=&#8221;no&#8221; text_larger=&#8221;no&#8221;] Im folgenden Text Baysalsaglik.com | Baysal Gesundheitstourismus Ltd. Sti. nachfolgend UNTERNEHMEN genannt. Als Unternehmen zeigen wir h\u00f6chste<\/p>\n","protected":false},"author":2,"featured_media":0,"parent":0,"menu_order":0,"comment_status":"closed","ping_status":"closed","template":"","meta":{"footnotes":""},"class_list":["post-8505","page","type-page","status-publish","hentry"],"_links":{"self":[{"href":"https:\/\/www.baysalsaglik.com\/de\/wp-json\/wp\/v2\/pages\/8505","targetHints":{"allow":["GET"]}}],"collection":[{"href":"https:\/\/www.baysalsaglik.com\/de\/wp-json\/wp\/v2\/pages"}],"about":[{"href":"https:\/\/www.baysalsaglik.com\/de\/wp-json\/wp\/v2\/types\/page"}],"author":[{"embeddable":true,"href":"https:\/\/www.baysalsaglik.com\/de\/wp-json\/wp\/v2\/users\/2"}],"replies":[{"embeddable":true,"href":"https:\/\/www.baysalsaglik.com\/de\/wp-json\/wp\/v2\/comments?post=8505"}],"version-history":[{"count":0,"href":"https:\/\/www.baysalsaglik.com\/de\/wp-json\/wp\/v2\/pages\/8505\/revisions"}],"wp:attachment":[{"href":"https:\/\/www.baysalsaglik.com\/de\/wp-json\/wp\/v2\/media?parent=8505"}],"curies":[{"name":"wp","href":"https:\/\/api.w.org\/{rel}","templated":true}]}}