{"id":8837,"date":"2022-05-26T11:25:15","date_gmt":"2022-05-26T08:25:15","guid":{"rendered":"https:\/\/www.baysalsaglik.com\/privatsphaere-und-sicherheit\/"},"modified":"2022-05-26T20:43:53","modified_gmt":"2022-05-26T17:43:53","slug":"privatsphaere-und-sicherheit","status":"publish","type":"page","link":"https:\/\/www.baysalsaglik.com\/de\/privatsphaere-und-sicherheit\/","title":{"rendered":"Privatsph\u00e4re und Sicherheit"},"content":{"rendered":"<div class=\"wpb-content-wrapper\"><p>[vc_row][vc_column][vc_column_text woodmart_inline=&#8221;no&#8221; text_larger=&#8221;no&#8221;]<\/p>\n<p style=\"text-align: justify;\"><em><strong><img loading=\"lazy\" decoding=\"async\" class=\"alignright wp-image-7747 size-medium\" src=\"https:\/\/www.baysalsaglik.com\/wp-content\/uploads\/2022\/05\/gizlilik_guvenlik_baysal_saglik-300x298.jpg\" alt=\"\" width=\"300\" height=\"298\" title=\"\" srcset=\"https:\/\/www.baysalsaglik.com\/wp-content\/uploads\/2022\/05\/gizlilik_guvenlik_baysal_saglik-300x298.jpg 300w, https:\/\/www.baysalsaglik.com\/wp-content\/uploads\/2022\/05\/gizlilik_guvenlik_baysal_saglik-150x149.jpg 150w, https:\/\/www.baysalsaglik.com\/wp-content\/uploads\/2022\/05\/gizlilik_guvenlik_baysal_saglik.jpg 586w\" sizes=\"auto, (max-width: 300px) 100vw, 300px\" \/>Diese Datenschutzrichtlinie enth\u00e4lt Informationen \u00fcber den Schutz und die Verwendung personenbezogener Daten, die mit https:\/\/www.baysalsaglik.com (\u201eWebsite\u201c) geteilt werden.<\/strong><\/em><\/p>\n<p><strong>Pers\u00f6nliche Kontaktinformationen<\/strong><\/p>\n<p style=\"text-align: justify;\">Bestellungen k\u00f6nnen nicht \u00fcber die Website get\u00e4tigt werden. Aus diesem Grund werden von der Website keine pers\u00f6nlichen Kontaktinformationen gesammelt und es werden diesbez\u00fcglich keine Ma\u00dfnahmen von uns ergriffen. Wenn Sie uns eine Nachricht \u00fcber das Kontaktformular senden, werden Ihr Vor- und Nachname, Ihre Mobiltelefonnummer, Ihre E-Mail-Adresse und Standortinformationen, die Sie mit Ihrer Nachricht \u00fcbermittelt haben, von uns verwendet, um mit Ihnen in Kontakt zu treten.<\/p>\n<p><strong>Navigations- und Klickinformationen<\/strong><\/p>\n<p style=\"text-align: justify;\">W\u00e4hrend Benutzer auf der Website surfen, werden Informationen wie Navigations- und Klickinformationen \u00fcber die von ihnen besuchten Seiten und die Schaltfl\u00e4chen und Links, auf die sie klicken, die von ihnen besuchten Seiten, die Zeit, die sie auf einer Seite bleiben, die Zeit, zu der sie eine Bestellung aufgeben, gespeichert. Diese Informationen geben weder die Identit\u00e4t des Benutzers preis noch sind sie direkt mit der betroffenen Person verbunden und werden nur verwendet, um die \u00fcber die Website get\u00e4tigten Bestellungen zu vervollst\u00e4ndigen, zu analysieren und zu verbessern, die Nutzung der Website zu erh\u00f6hen und Informationen bereitzustellen, wenn dies rechtm\u00e4\u00dfig ist erforderlich. Diese Informationen k\u00f6nnen bei Bedarf an unsere Mitarbeiter oder relevante Dritte weitergegeben werden, um die Bestellung an den Benutzer zu \u00fcbermitteln.<\/p>\n<p><strong>Informationen zu unseren Dienstleistungen<\/strong><\/p>\n<p style=\"text-align: justify;\">Unser Ziel ist es, unseren Benutzern einen qualitativ hochwertigen Service zu bieten. Um dieses Ziel zu erreichen, k\u00f6nnen wir von Zeit zu Zeit E-Mails \u00fcber Produkte, Dienstleistungen, Rabatte, Werbeaktionen und Kampagnen senden, von denen wir glauben, dass sie f\u00fcr Benutzer von Interesse sein k\u00f6nnten, indem wir die Erlaubnis unserer Benutzer einholen. Benutzer k\u00f6nnen den Erhalt von Marketingmitteilungen im Zusammenhang mit unseren Kampagnen und Werbeaktionen jederzeit abbestellen und uns per E-Mail benachrichtigen, oder sie k\u00f6nnen sich von dieser Liste abmelden, indem sie auf den entsprechenden Link per E-Mail klicken.<\/p>\n<p><strong>Kekse<\/strong><\/p>\n<p style=\"text-align: justify;\">Cookies sind kleine Textdateien, die Ihre Einstellungen auf Ihrem Computer speichern, wenn Sie die Website besuchen. Wir verwenden Cookies, um dem Benutzer bei Prozessen wie dem Erinnern, welche Produkte sich in Ihrem Einkaufswagen befinden, dem Wiedererkennen des Benutzers durch die Website, wenn Sie sich erneut auf der Website anmelden, und der Ver\u00f6ffentlichung von Anzeigen und Anzeigen, die m\u00f6glicherweise den qualitativ hochwertigsten Service bieten auf den meistbesuchten Seiten f\u00fcr Sie interessant sein. Cookies enthalten keine pers\u00f6nlichen oder privaten Informationen und schaden Ihrem Computer nicht.<\/p>\n<p style=\"text-align: justify;\">Damit Benutzer Bestellungen \u00fcber die Website aufgeben k\u00f6nnen, m\u00fcssen sie Cookies in ihren Browsereinstellungen zulassen. Wenn Sie m\u00f6chten, k\u00f6nnen Sie diese Cookies sp\u00e4ter von Ihrem Computer l\u00f6schen oder blockieren.<\/p>\n<p style=\"text-align: justify;\">Cookies k\u00f6nnen verwendet werden, um Sie zu identifizieren und die entsprechenden Einstellungen nach dem Einloggen auf der Website beizubehalten. Die meisten Cookies sind \u201eSession-Cookies\u201c und werden vom Computer gel\u00f6scht, nachdem der Benutzer seinen Besuch beendet hat. Abh\u00e4ngig von den Einstellungen des Internetbrowsers akzeptieren Benutzer m\u00f6glicherweise keine Cookies. Cookies von Drittanbietern mit Werbung auf der Website k\u00f6nnen auftreten, aber sie unterliegen nicht der Kontrolle der Website.<\/p>\n<p style=\"text-align: justify;\">Um die Erfolgsrate von Werbung zu messen, k\u00f6nnen Cookies und Tags oder \u00e4hnliche Technologien verwendet werden, um angepasste Werbeinhalte auf der Website oder auf Websites zur\u00fcckzugeben. Benutzer k\u00f6nnen ihre Cookie-Einstellungen in den Optionen ihres Browsers \u00e4ndern. Die von Dritten durch Cookies gesammelten Informationen sind anonym und enthalten keine personenbezogenen Daten.<\/p>\n<p><strong>Websites von Drittanbietern<\/strong><\/p>\n<p style=\"text-align: justify;\">Die Website kann Anzeigen oder Anzeigen enthalten, die Links (Links) zu Websites Dritter enthalten. Die Website unter https:\/\/www.baysalsaglik.com ist nicht verantwortlich f\u00fcr den Inhalt und die Datenschutzrichtlinien von Websites Dritter, die Benutzer \u00fcber die Website verbinden.<\/p>\n<p>[\/vc_column_text][\/vc_column][\/vc_row]<\/p>\n<\/div>","protected":false},"excerpt":{"rendered":"<p>[vc_row][vc_column][vc_column_text woodmart_inline=&#8221;no&#8221; text_larger=&#8221;no&#8221;] Diese Datenschutzrichtlinie enth\u00e4lt Informationen \u00fcber den Schutz und die Verwendung personenbezogener Daten, die mit https:\/\/www.baysalsaglik.com (\u201eWebsite\u201c) geteilt<\/p>\n","protected":false},"author":2,"featured_media":0,"parent":0,"menu_order":0,"comment_status":"closed","ping_status":"closed","template":"","meta":{"footnotes":""},"class_list":["post-8837","page","type-page","status-publish","hentry"],"_links":{"self":[{"href":"https:\/\/www.baysalsaglik.com\/de\/wp-json\/wp\/v2\/pages\/8837","targetHints":{"allow":["GET"]}}],"collection":[{"href":"https:\/\/www.baysalsaglik.com\/de\/wp-json\/wp\/v2\/pages"}],"about":[{"href":"https:\/\/www.baysalsaglik.com\/de\/wp-json\/wp\/v2\/types\/page"}],"author":[{"embeddable":true,"href":"https:\/\/www.baysalsaglik.com\/de\/wp-json\/wp\/v2\/users\/2"}],"replies":[{"embeddable":true,"href":"https:\/\/www.baysalsaglik.com\/de\/wp-json\/wp\/v2\/comments?post=8837"}],"version-history":[{"count":0,"href":"https:\/\/www.baysalsaglik.com\/de\/wp-json\/wp\/v2\/pages\/8837\/revisions"}],"wp:attachment":[{"href":"https:\/\/www.baysalsaglik.com\/de\/wp-json\/wp\/v2\/media?parent=8837"}],"curies":[{"name":"wp","href":"https:\/\/api.w.org\/{rel}","templated":true}]}}