{"id":8846,"date":"2022-05-26T14:45:34","date_gmt":"2022-05-26T11:45:34","guid":{"rendered":"https:\/\/www.baysalsaglik.com\/brustvergroesserung\/"},"modified":"2022-05-26T20:44:02","modified_gmt":"2022-05-26T17:44:02","slug":"brustvergroesserung","status":"publish","type":"page","link":"https:\/\/www.baysalsaglik.com\/de\/brustvergroesserung\/","title":{"rendered":"Brustvergr\u00f6\u00dferung"},"content":{"rendered":"<div class=\"wpb-content-wrapper\"><p>[vc_row][vc_column][vc_column_text woodmart_inline=&#8221;no&#8221; text_larger=&#8221;no&#8221;]<strong>Brustvergr\u00f6\u00dferung<\/strong><\/p>\n<p>Die Brustvergr\u00f6\u00dferung ist eine \u00e4sthetische chirurgische Operation, die zum Retter von Frauen geworden ist, die ihre Br\u00fcste klein finden. Wenn Sie Ihre Br\u00fcste klein finden und gr\u00f6\u00dfere Br\u00fcste haben m\u00f6chten, sind Sie bei uns an der richtigen Adresse. Wir bringen Ihre Br\u00fcste mit unseren fachkundigen und erfahrenen \u00c4rzten auf dem Gebiet der Brustvergr\u00f6\u00dferung auf die gew\u00fcnschte Gr\u00f6\u00dfe und helfen Ihnen, Ihr Selbstbewusstsein zur\u00fcckzugewinnen.<\/p>\n<p>Ihre Br\u00fcste k\u00f6nnen von Geburt an eine kleine Struktur haben oder nach verschiedenen Deformationen geschrumpft sein. Eine Geburt oder ein zu starker Gewichtsverlust k\u00f6nnen dazu f\u00fchren, dass die Br\u00fcste eine kleinere Struktur als ihre normale Form haben. In diesem Zusammenhang sto\u00dfen wir auf Brustvergr\u00f6\u00dferungsoperationen. Brustvergr\u00f6\u00dferungsoperationen, die von Fach\u00e4rzten f\u00fcr Frauen mit kleinen Br\u00fcsten angeboten werden, werden erfolgreich angeboten, und die Gr\u00f6\u00dfe der Br\u00fcste wird zusammen mit dem Arzt gem\u00e4\u00df den Bed\u00fcrfnissen und W\u00fcnschen der Menschen bestimmt.<\/p>\n<p><strong>Wie wird eine Brustvergr\u00f6\u00dferungsoperation durchgef\u00fchrt?<\/strong><\/p>\n<p>Die Brustvergr\u00f6\u00dferung wird im Allgemeinen mit zwei verschiedenen Methoden durchgef\u00fchrt. Diese sind wie folgt.<\/p>\n<p><strong>Brustvergr\u00f6\u00dferung mit patienteneigenem Fettgewebe<\/strong><\/p>\n<p>Bei dieser Methode wird, wie der Name schon sagt, das eigene Fettgewebe des Patienten verwendet. Wenn zum Beispiel \u00fcbersch\u00fcssiges Fettgewebe im Bein des Patienten vorhanden ist und dieses Gewebe f\u00fcr eine Injektion in die Brust geeignet ist, kann diese Methode verwendet werden. Diese Operation wird integriert mit der Fettabsaugung durchgef\u00fchrt. Diese Methode kann nicht angewendet werden, wenn der K\u00f6rper der Person keinen Platz hat, um \u00fcbersch\u00fcssiges Fett aufzunehmen.<\/p>\n<p><strong>Augmentation mit prothetischer Brust<\/strong><\/p>\n<p>Erfolgreiche Ergebnisse k\u00f6nnen mit der Brustprothesenmethode erzielt werden, wenn das eigene Fettgewebe nicht verwendet werden kann. Bei beiden Methoden werden umgekehrte T-f\u00f6rmige Schnitte vom unteren Teil der Brust gemacht und das Fettgewebe oder die Brustprothese wird in der Brust platziert. Die Brustprothese wird meist unter dem Brustmuskel oder im unteren Bereich des Brustgewebes platziert. In \u00dcbereinstimmung mit diesen Verfahren werden die Br\u00fcste freigelegt, die der Patient w\u00fcnscht und bei denen ein Aussehen in direktem Verh\u00e4ltnis zu seinem K\u00f6rper erzielt wird. Die Patienten k\u00f6nnen in der Regel nach 1 Tag Beobachtung entlassen werden.<\/p>\n<p><strong>Wissenswertes nach der Brustvergr\u00f6\u00dferung<\/strong><\/p>\n<p>Alle Details, die nach der Brustvergr\u00f6\u00dferungsoperation bekannt sein sollten, sind wie folgt.<\/p>\n<ul>\n<li>M\u00f6glicherweise m\u00fcssen Sie nach der Brustvergr\u00f6\u00dferungsoperation 1 Nacht im Krankenhaus bleiben. An den Br\u00fcsten werden sogenannte Drainagen angebracht, die es erm\u00f6glichen, das Blut aus dem Bereich auszusto\u00dfen. Eine Entlassung aus dem Krankenhaus ohne Entfernung der betreffenden Instrumente ist nicht m\u00f6glich.<\/li>\n<li>Ein Spannungs-, V\u00f6lle- und Druckgef\u00fchl kann auftreten. Sie k\u00f6nnen Schmerzmittel verwenden, um diese Gef\u00fchle zu minimieren.<\/li>\n<li>Die nach der Operation auftretenden Schmerzen lassen ab dem dritten Tag nach.<\/li>\n<li>Der Verband wird am 4. Tag nach der Operation ge\u00f6ffnet. Dieser Zeitraum ist jedoch je nach Arzt, der die Operation durchf\u00fchrt, unterschiedlich.<\/li>\n<li>Nachdem der Verband ge\u00f6ffnet wurde, k\u00f6nnen Sie Schwellungen und Bluterg\u00fcsse auf Ihrer Brust sehen. Diese Schwellungen und Bluterg\u00fcsse werden in kurzer Zeit vergehen. Aus diesem Grund sollten Sie sich keine Sorgen um Schwellungen und blaue Flecken machen.<\/li>\n<li>Nach der Operation sollte ein medizinischer BH hinzugef\u00fcgt werden. Dieser BH l\u00e4sst die Br\u00fcste in k\u00fcrzerer Zeit heilen.<\/li>\n<\/ul>\n<p><strong>H\u00e4ufig gestellte Fragen<\/strong><\/p>\n<p>Wie lange dauert eine Brustvergr\u00f6\u00dferung?<\/p>\n<p>Die Operation dauert etwa 1-2 Stunden. Die Dauer der Operation variiert jedoch je nach verwendeter Technik und Person. Aus diesem Grund ist es nicht m\u00f6glich, einen eindeutigen Zeitraum f\u00fcr die Operation festzulegen.<\/p>\n<p>Werden die Br\u00fcste nach einer Brustvergr\u00f6\u00dferung Narben hinterlassen?<\/p>\n<p>Nach der Operation verbleiben an den Schnittstellen kleine Narben. Diese Narben verblassen jedoch oder werden im Laufe der Zeit weniger sichtbar, indem sie die Hautfarbe annehmen. Spuren sind nicht st\u00f6rend sichtbar.<\/p>\n<p>Was ist, wenn mir die Gr\u00f6\u00dfe der Br\u00fcste nicht gef\u00e4llt?<\/p>\n<p>Die Gr\u00f6\u00dfe der Br\u00fcste wird in Absprache mit Ihrem Arzt bestimmt. Wenn Sie jedoch immer noch keine gr\u00f6\u00dferen oder kleineren Br\u00fcste als erwartet haben m\u00f6chten, kann eine revidierte Operation durchgef\u00fchrt werden.<\/p>\n<p>Wird es nach der Operation Schmerzen in den Br\u00fcsten geben?<\/p>\n<p>Nach der Operation k\u00f6nnen Schmerzen in der Brust auftreten. Gegen die oben genannten Schmerzen k\u00f6nnen jedoch Schmerzmittel eingesetzt werden.<\/p>\n<p>Wann k\u00f6nnen Sie nach der Operation duschen?<\/p>\n<p>Nach der Brustvergr\u00f6\u00dferung sollten Sie 4-5 Tage nicht duschen. Nach der Endkontrolle durch Ihren Arzt k\u00f6nnen Sie duschen.<\/p>\n<p>Muss ich nach der Operation F\u00e4den ziehen lassen?<\/p>\n<p>Nach der Operation m\u00fcssen Ihre F\u00e4den nicht entfernt werden. Denn spezielle \u00e4sthetische Stiche werden von xxx angebracht. Diese Stiche l\u00f6sen sich auf und verschwinden mit der Zeit.[\/vc_column_text][\/vc_column][\/vc_row]<\/p>\n<\/div>","protected":false},"excerpt":{"rendered":"<p>[vc_row][vc_column][vc_column_text woodmart_inline=&#8221;no&#8221; text_larger=&#8221;no&#8221;]Brustvergr\u00f6\u00dferung Die Brustvergr\u00f6\u00dferung ist eine \u00e4sthetische chirurgische Operation, die zum Retter von Frauen geworden ist, die ihre Br\u00fcste<\/p>\n","protected":false},"author":2,"featured_media":0,"parent":0,"menu_order":0,"comment_status":"closed","ping_status":"closed","template":"","meta":{"footnotes":""},"class_list":["post-8846","page","type-page","status-publish","hentry"],"_links":{"self":[{"href":"https:\/\/www.baysalsaglik.com\/de\/wp-json\/wp\/v2\/pages\/8846","targetHints":{"allow":["GET"]}}],"collection":[{"href":"https:\/\/www.baysalsaglik.com\/de\/wp-json\/wp\/v2\/pages"}],"about":[{"href":"https:\/\/www.baysalsaglik.com\/de\/wp-json\/wp\/v2\/types\/page"}],"author":[{"embeddable":true,"href":"https:\/\/www.baysalsaglik.com\/de\/wp-json\/wp\/v2\/users\/2"}],"replies":[{"embeddable":true,"href":"https:\/\/www.baysalsaglik.com\/de\/wp-json\/wp\/v2\/comments?post=8846"}],"version-history":[{"count":0,"href":"https:\/\/www.baysalsaglik.com\/de\/wp-json\/wp\/v2\/pages\/8846\/revisions"}],"wp:attachment":[{"href":"https:\/\/www.baysalsaglik.com\/de\/wp-json\/wp\/v2\/media?parent=8846"}],"curies":[{"name":"wp","href":"https:\/\/api.w.org\/{rel}","templated":true}]}}