{"id":8850,"date":"2022-05-26T15:05:10","date_gmt":"2022-05-26T12:05:10","guid":{"rendered":"https:\/\/www.baysalsaglik.com\/gynaekomastie\/"},"modified":"2022-05-26T20:44:03","modified_gmt":"2022-05-26T17:44:03","slug":"gynaekomastie","status":"publish","type":"page","link":"https:\/\/www.baysalsaglik.com\/de\/gynaekomastie\/","title":{"rendered":"Gyn\u00e4komastie"},"content":{"rendered":"<div class=\"wpb-content-wrapper\"><p>[vc_row][vc_column][vc_column_text woodmart_inline=&#8221;no&#8221; text_larger=&#8221;no&#8221;]Gyn\u00e4komastie ist das unkontrollierte und unverh\u00e4ltnism\u00e4\u00dfige Wachstum des Brustgewebes von M\u00e4nnern. Wenn an den betreffenden Wucherungen ein chirurgischer Eingriff durchgef\u00fchrt wird, wird dieser Eingriff als Gyn\u00e4komastie-Operation bezeichnet. Bekanntlich ist die Anatomie von M\u00e4nnern anders als die von Frauen. Aus diesem Grund ist gro\u00dfes Brustgewebe bei M\u00e4nnern ein unerw\u00fcnschter Zustand. M\u00e4nner, die aufgrund dieser Brustgr\u00f6\u00dfe Probleme im sozialen Leben haben, beantragen eine Gyn\u00e4komastie-Operation.<\/p>\n<p>Gyn\u00e4komastie ist ein chirurgischer Eingriff zur Entfernung von vergr\u00f6\u00dfertem Brustgewebe. \u00dcbersch\u00fcssiges Fett in m\u00e4nnlichen Br\u00fcsten kann M\u00e4nner daran hindern, die festen und straffen Br\u00fcste zu erreichen, die sie sich w\u00fcnschen. Bei einer Gyn\u00e4komastie-Operation wird \u00fcbersch\u00fcssiges Fettgewebe entfernt, um attraktivere Brustlinien zu schaffen. Es ist eine der am h\u00e4ufigsten durchgef\u00fchrten Sch\u00f6nheitsoperationen bei M\u00e4nnern.<\/p>\n<p>Gemeinsame Merkmale der Gyn\u00e4komastie sind:<\/p>\n<ul>\n<li>Lokalisierte Fettablagerungen im Brustbereich<\/li>\n<li>\u00fcbersch\u00fcssiges Dr\u00fcsengewebe<\/li>\n<li>\u00dcbersch\u00fcssige Brusthaut<\/li>\n<\/ul>\n<p><strong>Was verursacht Gyn\u00e4komastie?<\/strong><\/p>\n<p>Gyn\u00e4komastie ist die abnormale Entwicklung der Brustdr\u00fcse bei M\u00e4nnern. Gyn\u00e4komastie kann eine oder beide Br\u00fcste betreffen. Obwohl die Ursache in den meisten F\u00e4llen unbekannt ist, k\u00f6nnen bestimmte Medikamente oder Medikamente und bestimmte hormonelle St\u00f6rungen sie ausl\u00f6sen.<\/p>\n<p>Ein hormonelles Ungleichgewicht w\u00e4hrend der Pubert\u00e4tsentwicklung kann zu einer vor\u00fcbergehenden Zunahme des Brustgewebes in der Adoleszenz f\u00fchren. Dieser Zustand l\u00f6st sich jedoch normalerweise spontan auf. Im Erwachsenenalter sinkt der Testosteronspiegel mit zunehmendem Alter. Dies bewirkt die Entwicklung von Brustgewebe. Gyn\u00e4komastie ist auch mit einigen Nieren-, Schilddr\u00fcsen- oder Hypophysenerkrankungen verbunden. Der Missbrauch bestimmter Substanzen wie Alkohol, Anabolika oder Kortikosteroide stimuliert die Brustentwicklung bei M\u00e4nnern.<\/p>\n<p>&nbsp;<\/p>\n<p>Personen mit Gyn\u00e4komastieproblemen k\u00f6nnen eine ernsthafte Ver\u00e4nderung ihres Selbstwertgef\u00fchls erfahren. An diesem Punkt neigen Einzelpersonen dazu, bestimmte soziale Situationen zu vermeiden, in denen es darum geht, ihren K\u00f6rper zu entbl\u00f6\u00dfen. Enge oder partnerschaftliche Beziehungen k\u00f6nnen aufgrund der Unsicherheit, die durch feminin aussehende Br\u00fcste entsteht, beeintr\u00e4chtigt werden. Sie vermeiden Kleidung, die am K\u00f6rper anliegt, um ihre Makel nicht zu markieren. Diese geringe pers\u00f6nliche Sicherheit macht sich umso st\u00e4rker bemerkbar, je j\u00fcnger der Patient ist.<\/p>\n<p><strong>Wie wird eine Gyn\u00e4komastie-Operation durchgef\u00fchrt?<\/strong><\/p>\n<p>Wenn die Gyn\u00e4komastie haupts\u00e4chlich auf \u00fcbersch\u00fcssiges Fettgewebe im Brustbereich zur\u00fcckzuf\u00fchren ist, wird normalerweise eine Fettabsaugung durchgef\u00fchrt, um diese Fettzellen dauerhaft zu entfernen. Nach kleinen Schnitten in den Unterbrustfalten wird eine Kan\u00fcle unter die Haut eingef\u00fchrt, um die unerw\u00fcnschten Fettpolster aufzusaugen. Wenn Gyn\u00e4komastie h\u00e4ufiger auftritt, k\u00f6nnen auch Brusthaut und Dr\u00fcsengewebe entfernt werden.<\/p>\n<p>Eine andere Methode, die in der Gyn\u00e4komastie-Chirurgie verwendet wird, ist die offene Methode. Das Fett im Brustgewebe der Patientin wird mit Einschnitten aus dem Bereich entfernt. Die offene Methode, die viel weniger anspruchsvoll ist als die Methode der Fettabsaugung, hat auch eine lange Genesungszeit. In dieser Richtung ist die M\u00f6glichkeit, Narben am K\u00f6rper zu hinterlassen, extrem hoch.<\/p>\n<p><strong>Genesungsprozess nach Gyn\u00e4komastie<\/strong><\/p>\n<p>Nach der Gyn\u00e4komastie-Operation werden die Patientinnen mit einem engen Verband umwickelt, um inneren Blutungen vorzubeugen. Der betreffende Verband wird 2 Tage lang nicht entfernt. W\u00e4hrend der Operation wird eine spezielle Naht verwendet. Daher m\u00fcssen die F\u00e4den nach der Operation nicht entfernt werden. Die F\u00e4den l\u00f6sen sich von selbst auf.<\/p>\n<p>Nach der Operation k\u00f6nnen im Bereich Schwellungen und Bluterg\u00fcsse auftreten. Diese Schwellungen und Bluterg\u00fcsse variieren je nach Alter der Patienten, dem entfernten Fettgewebe und der bevorzugten Technik. Nach der Gyn\u00e4komastie-Operation verbleiben wahrscheinlich leichte Narben in dem Bereich. Diese Narben verschwinden innerhalb von 1-2 Monaten.[\/vc_column_text][\/vc_column][\/vc_row]<\/p>\n<\/div>","protected":false},"excerpt":{"rendered":"<p>[vc_row][vc_column][vc_column_text woodmart_inline=&#8221;no&#8221; text_larger=&#8221;no&#8221;]Gyn\u00e4komastie ist das unkontrollierte und unverh\u00e4ltnism\u00e4\u00dfige Wachstum des Brustgewebes von M\u00e4nnern. Wenn an den betreffenden Wucherungen ein chirurgischer<\/p>\n","protected":false},"author":2,"featured_media":0,"parent":0,"menu_order":0,"comment_status":"closed","ping_status":"closed","template":"","meta":{"footnotes":""},"class_list":["post-8850","page","type-page","status-publish","hentry"],"_links":{"self":[{"href":"https:\/\/www.baysalsaglik.com\/de\/wp-json\/wp\/v2\/pages\/8850","targetHints":{"allow":["GET"]}}],"collection":[{"href":"https:\/\/www.baysalsaglik.com\/de\/wp-json\/wp\/v2\/pages"}],"about":[{"href":"https:\/\/www.baysalsaglik.com\/de\/wp-json\/wp\/v2\/types\/page"}],"author":[{"embeddable":true,"href":"https:\/\/www.baysalsaglik.com\/de\/wp-json\/wp\/v2\/users\/2"}],"replies":[{"embeddable":true,"href":"https:\/\/www.baysalsaglik.com\/de\/wp-json\/wp\/v2\/comments?post=8850"}],"version-history":[{"count":0,"href":"https:\/\/www.baysalsaglik.com\/de\/wp-json\/wp\/v2\/pages\/8850\/revisions"}],"wp:attachment":[{"href":"https:\/\/www.baysalsaglik.com\/de\/wp-json\/wp\/v2\/media?parent=8850"}],"curies":[{"name":"wp","href":"https:\/\/api.w.org\/{rel}","templated":true}]}}