{"id":8851,"date":"2022-05-26T14:36:04","date_gmt":"2022-05-26T11:36:04","guid":{"rendered":"https:\/\/www.baysalsaglik.com\/armheben\/"},"modified":"2022-05-26T20:44:02","modified_gmt":"2022-05-26T17:44:02","slug":"armheben","status":"publish","type":"page","link":"https:\/\/www.baysalsaglik.com\/de\/armheben\/","title":{"rendered":"Armheben"},"content":{"rendered":"<div class=\"wpb-content-wrapper\"><p>[vc_row][vc_column][vc_column_text woodmart_inline=&#8221;no&#8221; text_larger=&#8221;no&#8221;]Armheben<\/p>\n<p>Die Armdehnung ist eine \u00e4sthetische Operation, die durchgef\u00fchrt wird, um ein Durchh\u00e4ngen der Arme zu beseitigen. Durchh\u00e4ngende Arme k\u00f6nnen Sie am besten mit der in letzter Zeit stark nachgefragten Armstraffungsoperation beseitigen.<\/p>\n<p>Ein Durchh\u00e4ngen der Arme kann aus verschiedenen Gr\u00fcnden auftreten. Besonders fortschreitendes Alter und Gewichtsabnahme f\u00fchren zu einem Durchh\u00e4ngen der Arme. In dieser Richtung ist es m\u00f6glich, ein durch verschiedene Gr\u00fcnde verursachtes Durchh\u00e4ngen der Arme leicht zu beseitigen. Der Hauptzweck der Armstreckoperation besteht, wie der Name schon sagt, darin, das Durchh\u00e4ngen der Arme zu beseitigen und sicherzustellen, dass der Arm ein straffes Aussehen hat. Auf diese Weise ist es m\u00f6glich, Arme mit einem extrem straffen und straffen Aussehen zu haben.<\/p>\n<p>Wie wird die Armstraffungsoperation durchgef\u00fchrt?<\/p>\n<p>Die Armstraffungsoperation wird unter Vollnarkose durchgef\u00fchrt. Nachdem dem Patienten die An\u00e4sthesie verabreicht wurde, beginnt der Operationsprozess mit L-f\u00f6rmigen Einschnitten. Nach dem betreffenden Schnitt wird das \u00fcbersch\u00fcssige Fettgewebe am Arm entfernt. In einigen F\u00e4llen weist der Arm des Patienten jedoch kein \u00fcbersch\u00fcssiges Fettgewebe auf. In diesem Fall wird \u00fcbersch\u00fcssige Haut aus dem Bereich entfernt, ohne das Fettgewebe zu ber\u00fchren.<\/p>\n<p>Damit der Arm straff und straff aussieht, wird Liposhaping angewendet. Nach dem Entfernen des \u00fcbersch\u00fcssigen Gewebes und der Durchf\u00fchrung aller Eingriffe werden \u00e4sthetische N\u00e4hte auf den Bereich aufgebracht. \u00c4sthetische N\u00e4hte m\u00fcssen nicht entfernt werden. Es hat eine selbstschmelzende Struktur. Nach der Operation wird eine Drainage gelegt, um zu verhindern, dass sich Fl\u00fcssigkeit im Bereich ansammelt, und um inneren Blutungen vorzubeugen. Nachdem es in die Kanalisation gelegt wurde, wird der Bereich angezogen. Nach diesem Schritt sind alle Prozesse abgeschlossen. Wenn der Patient keine Probleme hat, werden Entlassungsverfahren eingeleitet.<\/p>\n<p>Dinge, die vor der Armliftoperation zu beachten sind<\/p>\n<p>Es gibt einige Details, die vor der Armliftoperation ber\u00fccksichtigt werden sollten. Diese Details sind sehr wichtig f\u00fcr die Gesundheit des Einzelnen. Die Dinge, die allgemein betrachtet werden m\u00fcssen, sind wie folgt.<\/p>\n<p>Vor der Oberarmstraffung sollten Sie Ihren Arzt unbedingt \u00fcber die von Ihnen eingenommenen Medikamente und Ihre chronischen Erkrankungen informieren. Wenn die \u00c4rzte es f\u00fcr notwendig erachten, sollten die betreffenden Medikamente abgesetzt werden. Dar\u00fcber hinaus sollten Sie sich vor der betreffenden Operation eine Zeit lang von Ihren schlechten Gewohnheiten wie Rauchen und Alkohol erholen. Denn Alkohol und Zigaretten wirken blutverd\u00fcnnend. Sie sollten auch keine Blutverd\u00fcnner verwenden. Diese Medikamente, Alkohol und Rauchen f\u00fchren dazu, dass sich das Blut w\u00e4hrend der Operation verfl\u00fcssigt und einen intensiven Blutfluss verursacht.<\/p>\n<p>Dinge, die nach der Armstraffungsoperation zu beachten sind<\/p>\n<ul>\n<li>Nach der Arm\u00e4sthetik sollten die Menschen mindestens eine Woche lang keine zwanghaften Bewegungen ausf\u00fchren.<\/li>\n<li>Pl\u00f6tzliche Armbewegungen sollten in den ersten Wochen vermieden werden.<\/li>\n<li>Sie sollten 2-3 Wochen warten, um zu schwimmen. Da der Bereich, in dem die Operation durchgef\u00fchrt wird, sehr empfindlich ist, kann er durch die Schwimmzeit besch\u00e4digt werden, was zu schlechten Ergebnissen f\u00fchren kann.<\/li>\n<li>Nach der Operation k\u00f6nnen Bluterg\u00fcsse, Schwellungen und R\u00f6tungen auftreten. Diese Bluterg\u00fcsse werden in ein paar Wochen verschwinden.<\/li>\n<li>Bei postoperativen Schmerzen k\u00f6nnen Sie das von Ihrem Arzt empfohlene Schmerzmittel verwenden.<\/li>\n<\/ul>\n<p>Wiederherstellungsprozess nach der Armliftoperation<\/p>\n<p>Patienten k\u00f6nnen unmittelbar nach der Oberarmstraffung in ihr soziales Leben zur\u00fcckkehren. Schwellungen und Bluterg\u00fcsse treten meist in den ersten Tagen auf. Um diesen Situationen vorzubeugen, sollten Patienten einen abschwellenden Verband tragen. In den Tagen nach der Operation sollte der Arm hochgelagert werden. Auf diese Weise wird der Heilungsprozess viel schneller sein. Bei diesem Verfahren sollten Schmerzmittel wie von Ihrem Arzt empfohlen verwendet werden.<\/p>\n<p>Wird die Armstraffungsoperation in Kombination mit anderen Operationen durchgef\u00fchrt?<\/p>\n<p>Besonders bei einer Fettabsaugung wird h\u00e4ufig eine Oberarmstraffung bevorzugt. Personen mit dicken Armen und diejenigen, die m\u00f6chten, dass ihre Arme d\u00fcnn sind, wenden eine Fettabsaugung an. Da nach einer Fettabsaugung \u00fcbersch\u00fcssige Haut entsteht, wird die \u00fcbersch\u00fcssige Haut durch eine Oberarmstraffung entfernt. Dar\u00fcber hinaus kann die Armstraffungs\u00e4sthetik in Kombination mit Operationen an verschiedenen K\u00f6rperteilen durchgef\u00fchrt werden.<\/p>\n<p>H\u00e4ufig gestellte Fragen<\/p>\n<p>Wie lange dauert die Operation?<\/p>\n<p>Es dauert zwischen 1 und 3 Stunden.<\/p>\n<p>Ist die \u00c4sthetik der Armstraffung dauerhaft?<\/p>\n<p>Solange die Personen nicht an Gewicht zunehmen oder abnehmen, k\u00f6nnen wir sagen, dass die Armstraffungsoperation f\u00fcr lange Zeit wirksam sein wird.<\/p>\n<p>Darf man nach einer Oberarmstraffung duschen?<\/p>\n<p>Nachdem die Drainagen entfernt wurden, wird geduscht. Dies bedeutet einen Zeitraum von 2-3 Tagen.<\/p>\n<p>Werden die F\u00e4den nach der Operation entfernt?<\/p>\n<p>Nein. Die F\u00e4den l\u00f6sen sich von selbst auf.[\/vc_column_text][\/vc_column][\/vc_row]<\/p>\n<\/div>","protected":false},"excerpt":{"rendered":"<p>[vc_row][vc_column][vc_column_text woodmart_inline=&#8221;no&#8221; text_larger=&#8221;no&#8221;]Armheben Die Armdehnung ist eine \u00e4sthetische Operation, die durchgef\u00fchrt wird, um ein Durchh\u00e4ngen der Arme zu beseitigen. Durchh\u00e4ngende<\/p>\n","protected":false},"author":2,"featured_media":0,"parent":0,"menu_order":0,"comment_status":"closed","ping_status":"closed","template":"","meta":{"footnotes":""},"class_list":["post-8851","page","type-page","status-publish","hentry"],"_links":{"self":[{"href":"https:\/\/www.baysalsaglik.com\/de\/wp-json\/wp\/v2\/pages\/8851","targetHints":{"allow":["GET"]}}],"collection":[{"href":"https:\/\/www.baysalsaglik.com\/de\/wp-json\/wp\/v2\/pages"}],"about":[{"href":"https:\/\/www.baysalsaglik.com\/de\/wp-json\/wp\/v2\/types\/page"}],"author":[{"embeddable":true,"href":"https:\/\/www.baysalsaglik.com\/de\/wp-json\/wp\/v2\/users\/2"}],"replies":[{"embeddable":true,"href":"https:\/\/www.baysalsaglik.com\/de\/wp-json\/wp\/v2\/comments?post=8851"}],"version-history":[{"count":0,"href":"https:\/\/www.baysalsaglik.com\/de\/wp-json\/wp\/v2\/pages\/8851\/revisions"}],"wp:attachment":[{"href":"https:\/\/www.baysalsaglik.com\/de\/wp-json\/wp\/v2\/media?parent=8851"}],"curies":[{"name":"wp","href":"https:\/\/api.w.org\/{rel}","templated":true}]}}