{"id":8852,"date":"2022-05-26T15:06:19","date_gmt":"2022-05-26T12:06:19","guid":{"rendered":"https:\/\/www.baysalsaglik.com\/fue-haartransplantation\/"},"modified":"2022-05-26T20:44:03","modified_gmt":"2022-05-26T17:44:03","slug":"fue-haartransplantation","status":"publish","type":"page","link":"https:\/\/www.baysalsaglik.com\/de\/fue-haartransplantation\/","title":{"rendered":"FUE-Haartransplantation"},"content":{"rendered":"<div class=\"wpb-content-wrapper\"><p>[vc_row][vc_column][vc_column_text woodmart_inline=&#8221;no&#8221; text_larger=&#8221;no&#8221;]FUE-Haartransplantation ist die Abk\u00fcrzung f\u00fcr die als Follicular Unit Extraction bekannte Praxis. Dank FUE, der wichtigsten Methode, die bei Haartransplantationen in den Sinn kommt, ist es m\u00f6glich, positive Ergebnisse zu erzielen. Aus dieser Sicht ist FUE die wertvollste Methode, die von Einzelpersonen bevorzugt wird, wenn sie nat\u00fcrliches Haar haben m\u00f6chten.<\/p>\n<p><strong>Haartransplantation mit der FUE-Methode<\/strong><\/p>\n<p>Die erste Wahl fast aller, die sich f\u00fcr eine Haartransplantation bewerben m\u00f6chten, ist die FUE-Technik. Das Fehlen eines Einschnitts und das Fehlen jeglicher Narbenbildung im Haartransplantationsbereich werden als Gr\u00fcnde f\u00fcr die Bevorzugung dieser Technik angesehen. Dar\u00fcber hinaus gilt der Erfolg der nach der Haartransplantation erzielten Ergebnisse als einer der wichtigsten Faktoren bei der Wahl der FUE-Technik.<\/p>\n<p>Bei Haartransplantationsverfahren, die nach Wahl der FUE-Technik durchgef\u00fchrt werden, f\u00fchrt der Haartransplantationsspezialist Voruntersuchungen durch. In diesem Zusammenhang wird geplant, wie eine Operation durchgef\u00fchrt wird. Dann wird ein Termin f\u00fcr die Operation vereinbart.<\/p>\n<p><strong>Wie wird eine FUE-Haartransplantation durchgef\u00fchrt?<\/strong><\/p>\n<p>Obwohl darauf abzielt, mit FUE-Haartransplantationsanwendungen die idealsten Ergebnisse zu erzielen, sollte Professionalit\u00e4t im Vordergrund stehen. An dieser Stelle wird die Erfahrung und der Erfolg des Haartransplantationsspezialisten wichtig.<\/p>\n<p>Bei FUE-Haartransplantationsverfahren wird der Patient in erster Linie mit \u00f6rtlicher Bet\u00e4ubung auf die Haartransplantation vorbereitet. Nach dem An\u00e4sthesieverfahren werden Haarfollikel mit Hilfe eines Stiftes mit feiner Spitze aus dem Spenderbereich entnommen. Die Entnahme von Haarfollikeln, sogenannten Transplantaten, erfolgt einzeln. Dies ist sehr wertvoll f\u00fcr die Durchf\u00fchrung eines erfolgreichen Haartransplantationsprozesses.<\/p>\n<p>Die aus dem Nackenbereich entnommenen Transplantate werden in den haarlosen Bereich verpflanzt, um in kurzer Zeit ein nat\u00fcrliches Aussehen zu erreichen. Auf diese Weise sollen erfolgreiche Ergebnisse erzielt werden.<\/p>\n<p><strong>Dinge, die vor der FUE-Haartransplantation zu beachten sind<\/strong><\/p>\n<p>Vor einer Haartransplantation sollten Einzelpersonen die Ratschl\u00e4ge und Warnungen mit maximaler Sensibilit\u00e4t beachten. Denn sowohl der Heilungsprozess als auch der Operationsverlauf der Patienten, die die Warnungen nicht beachten, bringen nicht die gew\u00fcnschten Ergebnisse. Wenn Sie sich f\u00fcr eine Haartransplantation bewerben, ist es in diesem Zusammenhang sinnvoll, die unten aufgef\u00fchrten Punkte zu ber\u00fccksichtigen.<\/p>\n<ul>\n<li>Sie sollten mindestens 1 Woche vor der Operation mit schlechten Gewohnheiten wie Rauchen und Alkohol aufh\u00f6ren,<\/li>\n<li>Sie sollten den Heilungsprozess auf einen erfolgreicheren Punkt verschieben, indem Sie Kaffee und andere koffeinhaltige Lebensmittel vermeiden.<\/li>\n<li>Sie sollten den Konsum von gr\u00fcnem Tee 1-2 Wochen vor der Operation einstellen,<\/li>\n<li>Sie sollten Ihren Haartransplantationsspezialisten \u00fcber Ihre chronischen Krankheiten und die von Ihnen verwendeten Medikamente informieren.<\/li>\n<li>Medikamente mit blutverd\u00fcnnenden Eigenschaften sollten mindestens 1 Woche vor der Operation abgesetzt werden,<\/li>\n<li>Sie sollten keine Cremes und Lotionen verwenden, die die Eigenschaften Ihrer Kopfhaut ver\u00e4ndern,<\/li>\n<li>Vor der Operation sollten Sie sicherstellen, dass Ihr Haar sauber ist und nicht mit Substanzen wie Gelee,<\/li>\n<li>Je nach Operationszeit sollten Sie Ihren Magen mit leichten Speisen f\u00fcllen,<\/li>\n<li>Nach der Operation sollten Sie die mit Kn\u00f6pfen oder Rei\u00dfverschl\u00fcssen der Kleidung vorziehen, bei der Ihre Haare reiben,<\/li>\n<li>Da Sie nach der Haartransplantation nicht Auto fahren k\u00f6nnen, sollten Sie nicht alleine kommen oder lieber ein Taxi nehmen.<\/li>\n<\/ul>\n<p><strong>Dinge, die nach einer FUE-Haartransplantation zu beachten sind<\/strong><\/p>\n<p>Eines der wichtigsten Dinge, die nach einer Haartransplantation zu beachten sind, ist die Vorsicht nach der Operation. Denn jedes Detail, das den Heilungsprozess negativ beeinflussen k\u00f6nnte, ist f\u00fcr Sie ein ernsthaftes Problem.<\/p>\n<ul>\n<li>Sie sollten die Ruhezeit so lange wie m\u00f6glich einhalten,<\/li>\n<li>Sie sollten die Schl\u00e4ge verhindern, die auf den transplantierten Bereich kommen k\u00f6nnen,<\/li>\n<li>Sie sollten darauf achten, dass Ihr Haar keiner direkten Sonneneinstrahlung ausgesetzt ist,<\/li>\n<li>Sie sollten viel Fl\u00fcssigkeit zu sich nehmen,<\/li>\n<li>Sie sollten sich von Alkohol, Rauchen und Geschlechtsverkehr fernhalten,<\/li>\n<li>Sie sollten eine Zeit lang eine Pause vom Sport machen,<\/li>\n<li>Vor jedem Verfahren, das an Ihrem Haar durchgef\u00fchrt werden soll, m\u00fcssen Sie Ihren Haartransplantationsspezialisten informieren,<\/li>\n<li>Gegen die w\u00e4hrend des Heilungsprozesses auftretenden Schmerzen sollten Sie die von Ihrem Facharzt empfohlenen Medikamente anwenden.<\/li>\n<\/ul>\n<p>[\/vc_column_text][\/vc_column][\/vc_row]<\/p>\n<\/div>","protected":false},"excerpt":{"rendered":"<p>[vc_row][vc_column][vc_column_text woodmart_inline=&#8221;no&#8221; text_larger=&#8221;no&#8221;]FUE-Haartransplantation ist die Abk\u00fcrzung f\u00fcr die als Follicular Unit Extraction bekannte Praxis. Dank FUE, der wichtigsten Methode, die<\/p>\n","protected":false},"author":2,"featured_media":0,"parent":0,"menu_order":0,"comment_status":"closed","ping_status":"closed","template":"","meta":{"footnotes":""},"class_list":["post-8852","page","type-page","status-publish","hentry"],"_links":{"self":[{"href":"https:\/\/www.baysalsaglik.com\/de\/wp-json\/wp\/v2\/pages\/8852","targetHints":{"allow":["GET"]}}],"collection":[{"href":"https:\/\/www.baysalsaglik.com\/de\/wp-json\/wp\/v2\/pages"}],"about":[{"href":"https:\/\/www.baysalsaglik.com\/de\/wp-json\/wp\/v2\/types\/page"}],"author":[{"embeddable":true,"href":"https:\/\/www.baysalsaglik.com\/de\/wp-json\/wp\/v2\/users\/2"}],"replies":[{"embeddable":true,"href":"https:\/\/www.baysalsaglik.com\/de\/wp-json\/wp\/v2\/comments?post=8852"}],"version-history":[{"count":0,"href":"https:\/\/www.baysalsaglik.com\/de\/wp-json\/wp\/v2\/pages\/8852\/revisions"}],"wp:attachment":[{"href":"https:\/\/www.baysalsaglik.com\/de\/wp-json\/wp\/v2\/media?parent=8852"}],"curies":[{"name":"wp","href":"https:\/\/api.w.org\/{rel}","templated":true}]}}