{"id":8858,"date":"2022-05-26T14:44:12","date_gmt":"2022-05-26T11:44:12","guid":{"rendered":"https:\/\/www.baysalsaglik.com\/beinheben\/"},"modified":"2022-05-26T20:44:03","modified_gmt":"2022-05-26T17:44:03","slug":"beinheben","status":"publish","type":"page","link":"https:\/\/www.baysalsaglik.com\/de\/beinheben\/","title":{"rendered":"Beinheben"},"content":{"rendered":"<div class=\"wpb-content-wrapper\"><p>[vc_row][vc_column][vc_column_text woodmart_inline=&#8221;no&#8221; text_larger=&#8221;no&#8221;]Als Folge des Verlusts der Hautelastizit\u00e4t und der Abnahme des subkutanen Fettgewebes aufgrund von Gr\u00fcnden wie Alterung, Geburt, Gewichtszunahme und -abnahme kann es zu einem Durchh\u00e4ngen der Beine kommen. Dar\u00fcber hinaus k\u00f6nnen viele Frauen aufgrund des hohen Gewichtsverlusts mit dem Problem des Lockerns und Durchh\u00e4ngens konfrontiert sein, insbesondere an der Innenseite ihrer Beine. Die Region der Beine von der H\u00fcfte bis zum Knie wird als Oberschenkel bezeichnet, und die Schwankungen und Erschlaffungen der Haut in diesem Bereich sind eines der st\u00f6rendsten Probleme. An dieser Stelle bevorzugen Menschen, die ihren Wohnkomfort erh\u00f6hen und ihre \u00e4sthetischen Bedenken loswerden m\u00f6chten, eine \u00e4sthetische Beinstreckungsoperation.<\/p>\n<p>Auf den oberen Teilen der Beine; Es gibt einen Spannungsverlust aufgrund von Gr\u00fcnden wie Alterung, Geburt, Gewichtszunahme und -verlust. Infolgedessen kommt es in den inneren Teilen der Oberschenkel zu Lockerungen und Absackungen. Verlust der Hautspannung, Ausd\u00fcnnung des subkutanen Fettgewebes; Normalerweise h\u00e4ngt die Beinhaut an der Innenseite des Oberschenkels herunter, und H\u00e4morrhoiden treten in Richtung der Mitte des Oberschenkels oder des Knies auf. Sie k\u00f6nnen uns w\u00e4hlen, um diese Durchbiegungen und Unregelm\u00e4\u00dfigkeiten zu beseitigen.<\/p>\n<p>Aufgrund der Auswirkungen von Alterung und Schwerkraft, dem allm\u00e4hlichen Verlust der Hautelastizit\u00e4t und der Abnahme des subkutanen Fettgewebes kann die Haut der Beine, insbesondere im inneren Teil des Oberschenkels, von der Leistengegend herabh\u00e4ngen. Abh\u00e4ngig von Faktoren wie Gewichtszunahme, Inaktivit\u00e4t, Geburt und Alter kann sich die Entspannung in diesem Bereich beschleunigen. Diese Probleme k\u00f6nnen jedoch durch \u00e4sthetische Operationen zur Beinstraffung beseitigt werden. Mit beinstreckenden \u00e4sthetischen Operationen wird versucht, das Problem der Lockerung und Erschlaffung der Haut im Oberschenkelbereich des K\u00f6rpers zu beseitigen.<\/p>\n<p>Obwohl etwa eine Woche nach der \u00e4sthetischen Beinstraffungsoperation mit dem Gehen begonnen werden kann, sollten Sport und schwere k\u00f6rperliche Aktivit\u00e4ten f\u00fcr etwa 4 Wochen vermieden werden. Auch die Raucherentw\u00f6hnung spielt eine wichtige Rolle bei der Beschleunigung des Heilungsprozesses. In der ersten Woche sollte darauf geachtet werden, dass die Beinh\u00f6he im Liegen und Sitzen auf Herzh\u00f6he gehalten wird. Bei Innenbeindehnungsoperationen sollten die Oberschenkelbewegungen f\u00fcr 1 Monat eingeschr\u00e4nkt werden, um eine Vergr\u00f6\u00dferung der Narbe nach der Operation zu verhindern. Obwohl nach einer \u00e4sthetischen Beinstraffung Schmerzen auftreten k\u00f6nnen, k\u00f6nnen die Schmerzen mit den vom Arzt verschriebenen Schmerzmitteln kontrolliert werden. Leichte Bluterg\u00fcsse und Schwellungen k\u00f6nnen an der Innenseite des Beins zu sehen sein. Diese verschwinden jedoch einige Wochen nach der Operation vollst\u00e4ndig. Obwohl der Genesungsprozess nach einer Beinstraffung von Person zu Person unterschiedlich ist, dauert die Genesung normalerweise zwischen 7 und 10 Tagen. Fr\u00fche Narben verblassen auch im Laufe der Zeit.<\/p>\n<p>Da beinstreckende \u00e4sthetische Operationen direkt an den Beinen des Patienten durchgef\u00fchrt werden, sollte darauf geachtet werden, den Nahtbereich zu schonen und einige Wochen nach der Operation ein Korsett zu tragen. Die vollst\u00e4ndige und regelm\u00e4\u00dfige Befolgung der \u00e4rztlichen Empfehlungen durch den Patienten kann direkt zum Heilungsprozess beitragen. Als Folge von mangelnder Hygiene im Nahtbereich, zu wenig Ruhe und schweren Bewegungen kann es beim Patienten zu Problemen im Nahtbereich kommen.[\/vc_column_text][\/vc_column][\/vc_row]<\/p>\n<\/div>","protected":false},"excerpt":{"rendered":"<p>[vc_row][vc_column][vc_column_text woodmart_inline=&#8221;no&#8221; text_larger=&#8221;no&#8221;]Als Folge des Verlusts der Hautelastizit\u00e4t und der Abnahme des subkutanen Fettgewebes aufgrund von Gr\u00fcnden wie Alterung, Geburt,<\/p>\n","protected":false},"author":2,"featured_media":0,"parent":0,"menu_order":0,"comment_status":"closed","ping_status":"closed","template":"","meta":{"footnotes":""},"class_list":["post-8858","page","type-page","status-publish","hentry"],"_links":{"self":[{"href":"https:\/\/www.baysalsaglik.com\/de\/wp-json\/wp\/v2\/pages\/8858","targetHints":{"allow":["GET"]}}],"collection":[{"href":"https:\/\/www.baysalsaglik.com\/de\/wp-json\/wp\/v2\/pages"}],"about":[{"href":"https:\/\/www.baysalsaglik.com\/de\/wp-json\/wp\/v2\/types\/page"}],"author":[{"embeddable":true,"href":"https:\/\/www.baysalsaglik.com\/de\/wp-json\/wp\/v2\/users\/2"}],"replies":[{"embeddable":true,"href":"https:\/\/www.baysalsaglik.com\/de\/wp-json\/wp\/v2\/comments?post=8858"}],"version-history":[{"count":0,"href":"https:\/\/www.baysalsaglik.com\/de\/wp-json\/wp\/v2\/pages\/8858\/revisions"}],"wp:attachment":[{"href":"https:\/\/www.baysalsaglik.com\/de\/wp-json\/wp\/v2\/media?parent=8858"}],"curies":[{"name":"wp","href":"https:\/\/api.w.org\/{rel}","templated":true}]}}