{"id":8863,"date":"2022-05-26T15:08:09","date_gmt":"2022-05-26T12:08:09","guid":{"rendered":"https:\/\/www.baysalsaglik.com\/saphir-haartransplantation\/"},"modified":"2022-05-26T20:44:03","modified_gmt":"2022-05-26T17:44:03","slug":"saphir-haartransplantation","status":"publish","type":"page","link":"https:\/\/www.baysalsaglik.com\/de\/saphir-haartransplantation\/","title":{"rendered":"Saphir-Haartransplantation"},"content":{"rendered":"<div class=\"wpb-content-wrapper\"><p>[vc_row][vc_column][vc_column_text woodmart_inline=&#8221;no&#8221; text_larger=&#8221;no&#8221;]Die Saphir-Haartransplantation gilt als eine der Anwendungen, die mit der FUE-Technik durchgef\u00fchrt werden. Dank dieser Methode, die von Menschen mit starkem Haarausfall bevorzugt wird, ist es m\u00f6glich, ein optisch perfektes Ergebnis zu erzielen. Dar\u00fcber hinaus k\u00f6nnen Sie durch die w\u00e4hrend der Haartransplantation bevorzugten Anwendungen nat\u00fcrliches Haar haben.<\/p>\n<p><strong>Wie wird eine Saphir-Haartransplantation durchgef\u00fchrt?<\/strong><\/p>\n<p>Der wichtigste Grund, warum die Saphir-Haartransplantation diesen Namen tr\u00e4gt, ist, dass sie mit Ger\u00e4ten mit Saphirspitze durchgef\u00fchrt wird. Das wichtigste Detail bei der jeweiligen Anwendung ist das Erzielen perfekter Ergebnisse durch die ganzheitliche Durchf\u00fchrung mit der FUE-Technik.<\/p>\n<p>Aus dem Spenderbereich entnommene Haarfollikel werden in den zu transplantierenden Bereich transplantiert, indem V-f\u00f6rmige Einschnitte mit Hilfe von Ger\u00e4ten mit Saphirspitze vorgenommen werden. Da die Haarfollikel einzeln transplantiert werden, ist es m\u00f6glich, ein nat\u00fcrliches Aussehen zu erzielen. In diesem Zusammenhang werden hochwertige Haarfollikel aus dem Spendergebiet gesammelt, um von den besten Qualit\u00e4tsoptionen zu profitieren.<\/p>\n<p>Der Haartransplantationsprozess variiert je nach Haarausfall am Kopf des Patienten zwischen 6 und 8 Stunden. Ein ganz \u00e4hnlicher Vorgang findet in diesem Zusammenhang bei der FUE-Technik statt. Es ist m\u00f6glich zu erw\u00e4hnen, dass die aus dem Saphirstein hergestellten Wurzeln ziemlich bemerkenswert sind.<\/p>\n<p><strong>\u00dcberlegungen vor der Saphir-Haartransplantation<\/strong><\/p>\n<p>Die Saphir-Haartransplantation ist sehr wertvoll f\u00fcr Einzelpersonen, um eine bessere Haarqualit\u00e4t zu erzielen. In diesem Zusammenhang k\u00f6nnen durch die Dinge, die vor der Operation zu beachten sind, optimalere Ergebnisse erzielt werden. Nachfolgend sollten Sie die Punkte bewerten, die bei einer mit der Saphir-Technik durchgef\u00fchrten Haartransplantation zu ber\u00fccksichtigen sind.<\/p>\n<ul>\n<li>Alkohol- und Zigarettenkonsum sollten mindestens 1 Woche vor der Operation eingestellt werden, um den Heilungsprozess positiv zu beeinflussen,<\/li>\n<li>Sie sollten den Heilungsprozess unterst\u00fctzen, indem Sie darauf achten, keine koffeinhaltigen Getr\u00e4nke zu sich zu nehmen,<\/li>\n<li>Aufgrund der Wirkung von gr\u00fcnem Tee auf die Durchblutung und den Stoffwechsel sollte er vor der Operation nicht konsumiert werden.<\/li>\n<li>Die Kopfhaut sollte keiner Behandlung unterzogen worden sein,<\/li>\n<li>Vor der Operation ist es wichtig, dass das Haar sauber und verstopft ist,<\/li>\n<li>Cremes und Lotionen sollten vor der Operation nicht bevorzugt werden, da sie langanhaltend auf den Haaren sind.<\/li>\n<li>Da es unpraktisch ist, direkt nach der Haartransplantation mit dem Auto zu fahren, sollten Sie mit dem Taxi oder mit einem Angeh\u00f6rigen zur Operation kommen.<\/li>\n<\/ul>\n<p><strong>\u00dcberlegungen vor der Saphir-Haartransplantation<\/strong><\/p>\n<p>Die Dinge, auf die Sie nach der Haartransplantation achten werden, sind die Details, die eine bessere Heilung unterst\u00fctzen und den Erfolg des Haartransplantationsprozesses sicherstellen. Aus diesem Grund liefert die Ber\u00fccksichtigung der folgenden Details nach der Saphirhaartransplantation im Allgemeinen erfolgreichere Ergebnisse.<\/p>\n<ul>\n<li>Sie sollten sich so viel wie m\u00f6glich ausruhen, um Ihre Kopfhaut zu entspannen und die Haarfollikel zu beruhigen,<\/li>\n<li>Sie sollten versuchen, Vorkehrungen gegen St\u00f6\u00dfe zu treffen und die Pflanzfl\u00e4che zu sch\u00fctzen,<\/li>\n<li>Sie sollten Ihren Kopf und insbesondere den Haartransplantationsbereich nicht kratzen,<\/li>\n<li>Da Sie wissen, dass Alkohol, Rauchen und Geschlechtsverkehr den Haartransplantationsprozess untergraben k\u00f6nnen, sollten Sie solche Situationen vermeiden.<\/li>\n<li>Sie sollten schwere Sportarten vermeiden und kurze Spazierg\u00e4nge nach fachkundiger Anleitung unternehmen,<\/li>\n<li>Du solltest auf die richtige Schlafposition achten, damit deine Haare beim Schlafen nichts ber\u00fchren,<\/li>\n<li>Sie k\u00f6nnen Schmerzmittel w\u00e4hlen, die vom Spezialisten f\u00fcr Schmerzen empfohlen werden,<\/li>\n<li>Sie sollten einen einfachen Hut verwenden, um direkte Sonneneinstrahlung zu vermeiden.<\/li>\n<\/ul>\n<p><strong>H\u00e4ufig gestellte Fragen zur Saphir-Haartransplantation<\/strong><\/p>\n<p>Was ist der Unterschied zwischen Saphir-Haartransplantation und FUE-Haartransplantation?<\/p>\n<p>Der wichtigste Unterschied zwischen den beiden Methoden bezieht sich auf die verwendeten Spitzen. Erfolgreichere Ergebnisse werden bei der Haartransplantation erzielt, die mit Ger\u00e4ten mit Saphirspitze durchgef\u00fchrt wird.<\/p>\n<p>Ist es m\u00f6glich, nat\u00fcrliches Haar mit einer Saphirhaartransplantation zu haben?<\/p>\n<p>Da die Saphirhaartransplantation mit feineren Handgriffen durchgef\u00fchrt wird, werden perfekte Ergebnisse in Bezug auf Nat\u00fcrlichkeit erzielt.<\/p>\n<p>Ist Haarausfall nach einer Haartransplantation nat\u00fcrlich?<\/p>\n<p>Shedding, bekannt als Shock Shedding, zeigt an, dass das Haar auf nat\u00fcrliche Weise nachw\u00e4chst. Daher sollten sich Patienten im Falle eines Schockversch\u00fcttens keine Sorgen machen.<\/p>\n<p>K\u00f6nnen Menschen mit chronischen Krankheiten eine Haartransplantation haben?<\/p>\n<p>Es ist m\u00f6glich, dass Menschen mit chronischen Krankheiten von Haartransplantationsverfahren profitieren. Es ist jedoch notwendig, den Spezialisten \u00fcber dieses Problem zu informieren.[\/vc_column_text][\/vc_column][\/vc_row]<\/p>\n<\/div>","protected":false},"excerpt":{"rendered":"<p>[vc_row][vc_column][vc_column_text woodmart_inline=&#8221;no&#8221; text_larger=&#8221;no&#8221;]Die Saphir-Haartransplantation gilt als eine der Anwendungen, die mit der FUE-Technik durchgef\u00fchrt werden. Dank dieser Methode, die von<\/p>\n","protected":false},"author":2,"featured_media":0,"parent":0,"menu_order":0,"comment_status":"closed","ping_status":"closed","template":"","meta":{"footnotes":""},"class_list":["post-8863","page","type-page","status-publish","hentry"],"_links":{"self":[{"href":"https:\/\/www.baysalsaglik.com\/de\/wp-json\/wp\/v2\/pages\/8863","targetHints":{"allow":["GET"]}}],"collection":[{"href":"https:\/\/www.baysalsaglik.com\/de\/wp-json\/wp\/v2\/pages"}],"about":[{"href":"https:\/\/www.baysalsaglik.com\/de\/wp-json\/wp\/v2\/types\/page"}],"author":[{"embeddable":true,"href":"https:\/\/www.baysalsaglik.com\/de\/wp-json\/wp\/v2\/users\/2"}],"replies":[{"embeddable":true,"href":"https:\/\/www.baysalsaglik.com\/de\/wp-json\/wp\/v2\/comments?post=8863"}],"version-history":[{"count":0,"href":"https:\/\/www.baysalsaglik.com\/de\/wp-json\/wp\/v2\/pages\/8863\/revisions"}],"wp:attachment":[{"href":"https:\/\/www.baysalsaglik.com\/de\/wp-json\/wp\/v2\/media?parent=8863"}],"curies":[{"name":"wp","href":"https:\/\/api.w.org\/{rel}","templated":true}]}}