{"id":8864,"date":"2022-05-26T15:07:17","date_gmt":"2022-05-26T12:07:17","guid":{"rendered":"https:\/\/www.baysalsaglik.com\/dhi-haartransplantation\/"},"modified":"2022-05-26T20:44:03","modified_gmt":"2022-05-26T17:44:03","slug":"dhi-haartransplantation","status":"publish","type":"page","link":"https:\/\/www.baysalsaglik.com\/de\/dhi-haartransplantation\/","title":{"rendered":"DHI-Haartransplantation"},"content":{"rendered":"<div class=\"wpb-content-wrapper\"><p>[vc_row][vc_column][vc_column_text woodmart_inline=&#8221;no&#8221; text_larger=&#8221;no&#8221;]Die DHI-Haartransplantation ist eine der erfolgreichsten Optionen f\u00fcr Personen, die an d\u00fcnner werdendem oder ausfallendem Haar leiden. In diesem Zusammenhang wird die DHI-Technik, die f\u00fcr den Einzelnen eine sinnvolle Alternative darstellt, als Teilmethode der FUE-Technik akzeptiert. Es ist auch m\u00f6glich, ideale Ergebnisse zu erzielen, da es der FUE-Technik \u00e4hnlich ist. Wenn Sie also von Haartransplantationsanwendungen profitieren m\u00f6chten, k\u00f6nnen Sie sich die DHI-Methode ansehen.<\/p>\n<p><strong>Wie wird die DHI-Haartransplantation durchgef\u00fchrt?<\/strong><\/p>\n<p>Obwohl die DHI-Haartransplantation und die FUE-Technik sehr \u00e4hnlich sind, zielt sie darauf ab, mit kleinen Unterschieden im Verfahren ein erfolgreicheres Ergebnis zu erzielen. In diesem Zusammenhang w\u00e4re es von Vorteil, wenn der Facharzt, der die Operation durchf\u00fchrt, sehr sorgf\u00e4ltig vorgeht. Nun, wie geht der Prozess f\u00fcr Personen weiter, die aufgrund von Haarausfall optisch mit ihrem Haar nicht zufrieden sind?<\/p>\n<p>Die Planung erfolgt als Ergebnis der vor Beginn der Haartransplantation durchgef\u00fchrten Vorkontrollen. In diesem Zusammenhang wird der Patient auf den Prozess vorbereitet und ein Termin vereinbart. Nach der Planung des Ablaufs f\u00fcr die DHI-Haartransplantation finden am Tag der Operation vorbereitende Vorbereitungen statt. Die Operation, die in \u00f6rtlicher Bet\u00e4ubung durchgef\u00fchrt wird, stellt sicher, dass der Patient die geringsten Schmerzen versp\u00fcrt.<\/p>\n<p>Nach Beginn der Operation wird die Haartransplantation im Gegensatz zur FUE-Anwendung ohne Er\u00f6ffnung des Kanals durchgef\u00fchrt. Die Haartransplantation wird mit Nadeln namens Implanter \/ Choi durchgef\u00fchrt. Dank dieser Nadeln, die eine d\u00fcnne und zylindrische Struktur haben, findet eine perfekte Haartransplantation statt. Bei der schmerzfreien Anwendung gibt es keine Schnitte und Narben. Auf diese Weise werden optimale Ergebnisse erzielt.<\/p>\n<p><strong>Dinge, die vor einer DHI-Haartransplantation zu beachten sind<\/strong><\/p>\n<p>DHI- und FUE-Techniken liegen sehr nahe beieinander, ebenso sind die vor der Anwendung zu beachtenden Punkte \u00e4hnlich. Aus diesem Grund ist es notwendig, die T\u00fcr zu einem idealen Prozess zu \u00f6ffnen, um von L\u00f6sungen im Zusammenhang mit der Haartransplantation zu profitieren.<\/p>\n<ul>\n<li>Vor der Operation sollten mindestens 1 Woche lang keine Zigaretten, Alkohol und koffeinhaltige Elemente konsumiert werden.<\/li>\n<li>In Anbetracht der Auswirkungen von gr\u00fcnem Tee auf den K\u00f6rper wird es nicht empfohlen, ihn vor der Operation zu konsumieren.<\/li>\n<li>Menschen mit Diabetes, Blutdruck und Herzerkrankungen sollten sich mit einem Haartransplantationsspezialisten austauschen,<\/li>\n<li>Es ist notwendig, Medikamente zu verwenden, die die Blutgerinnung verhindern und die Operation untergraben,<\/li>\n<li>Es ist notwendig, den Haartransplantationsspezialisten \u00fcber die Medikamente zu informieren, die zur kontinuierlichen Anwendung verpflichtet sind,<\/li>\n<li>Cremes, die eine dauerhafte oder vor\u00fcbergehende Differenzierung der Kopfhaut verursachen, sollten nicht verwendet werden.<\/li>\n<li>Es sollte darauf geachtet werden, dass das Haar sauber ist und dass keine Feuchtigkeitscremes, Gele oder andere Elemente aufgetragen werden.<\/li>\n<li>Da die Kleidung nach der Operation gewechselt werden muss, sollten Sie Kleidung mit Kn\u00f6pfen und Rei\u00dfverschl\u00fcssen w\u00e4hlen.<\/li>\n<li>Da die Nutzung eines Autos nach der Haartransplantation nicht empfohlen wird, sollten Sie mit einer Begleitperson zur Operation kommen oder ein Taxi f\u00fcr den Transport bevorzugen.<\/li>\n<\/ul>\n<p>All diese Details tragen zum Heilungsprozess bei. Aus diesem Grund ist es am wichtigsten, den Prozess zu beschleunigen, indem Sie die Warnungen und Empfehlungen befolgen.<\/p>\n<p><strong>Dinge, die nach einer DHI-Haartransplantation zu beachten sind<\/strong><\/p>\n<p>Eines der wichtigsten Probleme bei der Haartransplantation ist es, nach der Operation vorsichtig zu sein. Denn wenn der Bereich, in den die Haare transplantiert werden, nach Abschluss der Operation nicht gesch\u00fctzt ist, k\u00f6nnen die Ergebnisse nicht zufriedenstellend sein. Darauf sollten Sie nach einer Haartransplantation unbedingt achten!<\/p>\n<ul>\n<li>Sie sollten sich viel ausruhen, um die Genesung nach der Haartransplantation zu beschleunigen,<\/li>\n<li>Um den Bereich, in dem die Haartransplantation durchgef\u00fchrt wird, nicht zu besch\u00e4digen, sollten Sie auf St\u00f6\u00dfe achten,<\/li>\n<li>In Anbetracht der sch\u00e4dlichen Wirkung von Sonnenstrahlen sollten Sie nicht ohne Hut ausgehen,<\/li>\n<li>Da Sie wissen, dass Fl\u00fcssigkeitsaufnahme die Genesung beschleunigt, sollten Sie darauf achten, viel Fl\u00fcssigkeit zu sich zu nehmen.<\/li>\n<li>Da Sie wissen, dass schwere Sportarten Ihr Haar beeintr\u00e4chtigen, sollten Sie darauf achten, zu handeln,<\/li>\n<li>Bei Schmerzen sollten Sie die vom Haartransplantationsspezialisten empfohlenen Medikamente w\u00e4hlen.<\/li>\n<\/ul>\n<p>Wenn Sie den gesamten Prozess unter Ber\u00fccksichtigung der Empfehlungen und Warnungen des Haartransplantationsspezialisten fortsetzen, ist es m\u00f6glich, ein erfolgreicheres Ergebnis zu erzielen.[\/vc_column_text][\/vc_column][\/vc_row]<\/p>\n<\/div>","protected":false},"excerpt":{"rendered":"<p>[vc_row][vc_column][vc_column_text woodmart_inline=&#8221;no&#8221; text_larger=&#8221;no&#8221;]Die DHI-Haartransplantation ist eine der erfolgreichsten Optionen f\u00fcr Personen, die an d\u00fcnner werdendem oder ausfallendem Haar leiden. In<\/p>\n","protected":false},"author":2,"featured_media":0,"parent":0,"menu_order":0,"comment_status":"closed","ping_status":"closed","template":"","meta":{"footnotes":""},"class_list":["post-8864","page","type-page","status-publish","hentry"],"_links":{"self":[{"href":"https:\/\/www.baysalsaglik.com\/de\/wp-json\/wp\/v2\/pages\/8864","targetHints":{"allow":["GET"]}}],"collection":[{"href":"https:\/\/www.baysalsaglik.com\/de\/wp-json\/wp\/v2\/pages"}],"about":[{"href":"https:\/\/www.baysalsaglik.com\/de\/wp-json\/wp\/v2\/types\/page"}],"author":[{"embeddable":true,"href":"https:\/\/www.baysalsaglik.com\/de\/wp-json\/wp\/v2\/users\/2"}],"replies":[{"embeddable":true,"href":"https:\/\/www.baysalsaglik.com\/de\/wp-json\/wp\/v2\/comments?post=8864"}],"version-history":[{"count":0,"href":"https:\/\/www.baysalsaglik.com\/de\/wp-json\/wp\/v2\/pages\/8864\/revisions"}],"wp:attachment":[{"href":"https:\/\/www.baysalsaglik.com\/de\/wp-json\/wp\/v2\/media?parent=8864"}],"curies":[{"name":"wp","href":"https:\/\/api.w.org\/{rel}","templated":true}]}}