{"id":8866,"date":"2022-05-26T15:03:03","date_gmt":"2022-05-26T12:03:03","guid":{"rendered":"https:\/\/www.baysalsaglik.com\/brustrekonstruktion\/"},"modified":"2022-05-26T20:44:03","modified_gmt":"2022-05-26T17:44:03","slug":"brustrekonstruktion","status":"publish","type":"page","link":"https:\/\/www.baysalsaglik.com\/de\/brustrekonstruktion\/","title":{"rendered":"Brustrekonstruktion"},"content":{"rendered":"<div class=\"wpb-content-wrapper\"><p>[vc_row][vc_column][vc_column_text woodmart_inline=&#8221;no&#8221; text_larger=&#8221;no&#8221;]<\/p>\n<header>\n<h1>Brustreparatur<\/h1>\n<\/header>\n<article>Brustkrebs ist die h\u00e4ufigste Krebsart, die bei einer von acht Frauen auftritt&#8230; Obwohl es mit Fortschritten in der Medizin und sozialen Projekten m\u00f6glich ist, die Krankheit in einem fr\u00fchen Stadium zu erkennen und zu behandeln, f\u00fchlen sich die meisten Frauen unvollst\u00e4ndig oder ungl\u00fccklich, wenn die Brust entfernt werden muss. Die Wiederherstellung der Brust (Rekonstruktion) bedeutet, eine \u00e4hnliche Brust mit verschiedenen Methoden anstelle der nach einer Krebserkrankung entfernten Brust herzustellen. Die Brustrekonstruktion erfordert einen multidisziplin\u00e4ren Ansatz. Die Rekonstruktion ohne Entfernung der Brust sollte unmittelbar nach der Diagnose der Erkrankung in die Behandlung aufgenommen werden. Kurz gesagt werden zwei unterschiedliche Zeitpunkte als fr\u00fche Rekonstruktion und sp\u00e4te Rekonstruktion bevorzugt. Dieser Zeitpunkt kann durch den Allgemeinzustand des Patienten und das Stadium des Krebses bestimmt werden.<\/p>\n<h2>Fr\u00fcher Wiederaufbau<\/h2>\n<p>Im Allgemeinen ist bei Brustkrebs im Fr\u00fchstadium das Team der plastischen Chirurgie an der Operation beteiligt und rekonstruiert die Brust in derselben Operation, in der die Brust entfernt wird. Der Vorteil dieser Operation besteht darin, dass der Patientin eine zweite Operation erspart bleibt und vor allem die Brust sofort ersetzt wird und die Frau weniger Verlust von Gliedma\u00dfen und psychisches Trauma erleidet. In derselben Operation werden beide Krebsgewebe entfernt und eine neue Brust hergestellt.<\/p>\n<h2>Sp\u00e4te Rekonstruktion<\/h2>\n<p>Es handelt sich um Sp\u00e4trekonstruktionen in F\u00e4llen, in denen entschieden wird, die Rekonstruktion nach diesen Behandlungsmethoden mit gemeinsamer Entscheidung des Onkologen, des Allgemeinchirurgen und der Fach\u00e4rzte f\u00fcr plastische Chirurgie im Einklang mit der Notwendigkeit zus\u00e4tzlicher Behandlungen wie Chemotherapie und Strahlentherapie nach der Operation durchzuf\u00fchren Operationen. Um die verlorene Brust zu ersetzen, wird erwartet, dass der Krebsbereich unter Kontrolle gebracht oder eine zus\u00e4tzliche Behandlung abgeschlossen wird.<\/p>\n<h2>Prozess der Brustreparaturoperation<\/h2>\n<p>Die Brustentfernung und die Wiederherstellung der Brust sind v\u00f6llig getrennte Fachgebiete. Die Korrektur der Brust sollte nicht von einem Allgemeinchirurgen, sondern von einem Spezialisten f\u00fcr \u00e4sthetische und plastische Chirurgie durchgef\u00fchrt werden. Patientinnen haben das Recht, sich vom ersten Treffen an zu erkundigen, wie die entfernte Brust repariert werden kann, und sie sollten dies verlangen.<\/p>\n<p>Die Planung erfolgt nach dem Allgemeinzustand des Patienten, den Auswirkungen der Strahlentherapie und dem psychischen Zustand des Patienten. Dabei k\u00f6nnen entweder die von au\u00dfen einsetzbaren Prothesenoptionen oder die Operationsoptionen unter Verwendung von patienteneigenem Gewebe bevorzugt werden.<\/p>\n<p>Bei der Entscheidung, ob aufgrund der Strahlentherapie in der genommenen Brust ein Gef\u00e4\u00dfschaden vorliegt, wird das Vorhandensein anderer Krankheiten der Patientin wie Diabetes, Herz und Rauchen ber\u00fccksichtigt. Bei diesen Operationen k\u00f6nnen verschiedene Teile des R\u00fcckens, des Bauches, der H\u00fcften und der Innenbeine des Patienten verwendet werden.<\/p>\n<p>Der am meisten bevorzugte Bereich bei Operationen ist der Bauch. Bei Frauen nach der Geburt mit Bauchfett und Erschlaffung kann die Haut und das Fettgewebe dieses Bereichs f\u00fcr den Brustaufbau verwendet werden. Durch ein einer Bauchdeckenstraffung \u00e4hnliches Verfahren kann die Patientin das bereits \u00fcbersch\u00fcssige Fettgewebe zur Brustrekonstruktion \u00fcbertragen. Es kann bei mikrochirurgischen Verfahren bei diesem Transfer eingesetzt werden. W\u00e4hrend also die Brust der Patientin hergestellt wird, wird gleichzeitig eine Bauchdeckenstraffung durchgef\u00fchrt.<\/p>\n<p>Da bei simultanen Rekonstruktionen die Brusthaut intakt bleibt, kann eine Prothese unter das Muskelgewebe gelegt werden. Bei sp\u00e4ten Rekonstruktionen k\u00f6nnen Gewebeexpander-Anwendungen und dann Prothesenanwendungen vorgenommen werden, um die Hautelastizit\u00e4t zu gewinnen.<\/p>\n<p>Der Zweck der Rekonstruktion besteht darin, das verlorene Gewebe so genau wie m\u00f6glich zu reparieren. Der erste Schritt besteht darin, die Brust zu formen, die an der vorderen Brustwand verschwindet. W\u00e4hrend im zweiten Schritt die andere Brust mit dieser Brust verglichen wird, wird an der neu entstandenen Brust die Brustwarze geformt. Im n\u00e4chsten Schritt soll ein braunes Aussehen der Brustwarze erreicht werden.<\/p>\n<h2>Wer ist f\u00fcr eine Brustoperation geeignet?<\/h2>\n<p>Jeder Patient, bei dem Brustkrebs diagnostiziert wurde oder der sich einer Mastektomie unterzogen hat, kann sich bei einem plastischen Chirurgen um eine Brustrekonstruktion mit einer f\u00fcr ihn geplanten Operation bewerben, es sei denn, es gibt ein Hindernis bei den Bewertungen. Sie sollte von einem plastisch-\u00e4sthetischen und rekonstruktiven Chirurgen durchgef\u00fchrt werden, der Experte auf dem Gebiet der Brustrekonstruktion ist.<\/p>\n<p>Allgemeine Probleme k\u00f6nnen wie bei allen chirurgischen Eingriffen auftreten. Das Risiko ist bei Patienten, die rauchen oder systemische Probleme wie Diabetes oder Herzerkrankungen haben, leicht erh\u00f6ht. Bei Operationen, bei denen patienteneigenes Gewebe verwendet wird, kann es, wenn auch selten, zu Durchblutungsst\u00f6rungen des \u00fcbertragenen Gewebes und teilweisem oder vollst\u00e4ndigem Gewebeverlust kommen. Aus diesem Grund sollten bei der Planung der Operationen Sekund\u00e4roptionen im Auge behalten werden.<\/p>\n<\/article>\n<p>[\/vc_column_text][\/vc_column][\/vc_row]<\/p>\n<\/div>","protected":false},"excerpt":{"rendered":"<p>[vc_row][vc_column][vc_column_text woodmart_inline=&#8221;no&#8221; text_larger=&#8221;no&#8221;] Brustreparatur Brustkrebs ist die h\u00e4ufigste Krebsart, die bei einer von acht Frauen auftritt&#8230; Obwohl es mit Fortschritten<\/p>\n","protected":false},"author":2,"featured_media":0,"parent":0,"menu_order":0,"comment_status":"closed","ping_status":"closed","template":"","meta":{"footnotes":""},"class_list":["post-8866","page","type-page","status-publish","hentry"],"_links":{"self":[{"href":"https:\/\/www.baysalsaglik.com\/de\/wp-json\/wp\/v2\/pages\/8866","targetHints":{"allow":["GET"]}}],"collection":[{"href":"https:\/\/www.baysalsaglik.com\/de\/wp-json\/wp\/v2\/pages"}],"about":[{"href":"https:\/\/www.baysalsaglik.com\/de\/wp-json\/wp\/v2\/types\/page"}],"author":[{"embeddable":true,"href":"https:\/\/www.baysalsaglik.com\/de\/wp-json\/wp\/v2\/users\/2"}],"replies":[{"embeddable":true,"href":"https:\/\/www.baysalsaglik.com\/de\/wp-json\/wp\/v2\/comments?post=8866"}],"version-history":[{"count":0,"href":"https:\/\/www.baysalsaglik.com\/de\/wp-json\/wp\/v2\/pages\/8866\/revisions"}],"wp:attachment":[{"href":"https:\/\/www.baysalsaglik.com\/de\/wp-json\/wp\/v2\/media?parent=8866"}],"curies":[{"name":"wp","href":"https:\/\/api.w.org\/{rel}","templated":true}]}}