{"id":8867,"date":"2022-05-26T14:46:23","date_gmt":"2022-05-26T11:46:23","guid":{"rendered":"https:\/\/www.baysalsaglik.com\/brustverkleinerung\/"},"modified":"2022-05-26T20:44:03","modified_gmt":"2022-05-26T17:44:03","slug":"brustverkleinerung","status":"publish","type":"page","link":"https:\/\/www.baysalsaglik.com\/de\/brustverkleinerung\/","title":{"rendered":"Brustverkleinerung"},"content":{"rendered":"<div class=\"wpb-content-wrapper\"><p>[vc_row][vc_column][vc_column_text woodmart_inline=&#8221;no&#8221; text_larger=&#8221;no&#8221;]<strong>Brustverkleinerung<\/strong><\/p>\n<p>Die Brustverkleinerung ist eine \u00e4sthetische Operation, die von Personen durchgef\u00fchrt wird, die mit der Gr\u00f6\u00dfe ihrer Br\u00fcste nicht zufrieden sind.<\/p>\n<p>Viele Menschen versuchen heute mit den Problemen des \u00dcbergewichts durch einseitige Ern\u00e4hrung und Bewegungsmangel fertig zu werden. Dies f\u00fchrt zu einer Brustvergr\u00f6\u00dferung. Der Anteil der Menschen, die zu keinem Zeitpunkt ihres Lebens versuchen, Gewicht zu verlieren, ist sehr gering. Gewichtsprobleme werden jedoch nicht nur durch eine unausgewogene Ern\u00e4hrung verursacht. Einige Gewichtsprobleme weisen darauf hin, dass Menschen ein Gesundheitsproblem haben.<\/p>\n<p>Insulinresistenz und Schilddr\u00fcsenprobleme erschweren das Abnehmen. Die Menschen k\u00f6nnen das durch diese Probleme verursachte \u00dcbergewicht nicht loswerden. An dieser Stelle werden wir mit verschiedenen Operationsmethoden konfrontiert. Dar\u00fcber hinaus k\u00f6nnen gro\u00dfe Br\u00fcste auf genetische Faktoren zur\u00fcckzuf\u00fchren sein. Die Brustverkleinerung ist einer der wichtigsten chirurgischen Eingriffe. Eine Brustverkleinerungsoperation ist eine Methode, bei der \u00fcbersch\u00fcssiges Fettgewebe in der Brust chirurgisch aus dem K\u00f6rper entfernt wird. Also, wie wird die Brustverkleinerung durchgef\u00fchrt?<\/p>\n<p><strong>Wie wird eine Brustverkleinerung durchgef\u00fchrt?<\/strong><\/p>\n<p>Viele Menschen, die eine Brustverkleinerung beantragen m\u00f6chten, suchen eine Antwort auf die Frage, wie diese Operation abl\u00e4uft. Eine Brustverkleinerung kann auf verschiedene Arten durchgef\u00fchrt werden.<\/p>\n<p>Die erste dieser Methoden ist die klassische Methode der Fettabsaugung. In dem Bereich, in dem die Fettabsaugung durchgef\u00fchrt wird, werden 3-4 mm gro\u00dfe Einschnitte vorgenommen. Mit Hilfe dieser ge\u00f6ffneten Schnitte wird das \u00fcbersch\u00fcssige Fettgewebe in dem Bereich geschmolzen. Nachdem das Fett geschmolzen ist, wird es mit Hilfe von Kan\u00fclen abgesaugt und aus dem K\u00f6rper entfernt. Nach der klassischen Fettabsaugung bleiben sehr leichte Operationsnarben zur\u00fcck. Das Beste an der klassischen Methode der Fettabsaugung ist die sofortige Entfernung des K\u00f6rperfetts. Nach der Operation tritt ein merklicher Unterschied auf.<\/p>\n<p>Eine weitere Methode ist die Laser-Liposuktion. Das \u00fcbersch\u00fcssige Fett in der Brust wird mit Laserstrahlen geschmolzen und das Fett mit 1-2 mm Schnitten abgesaugt. Es wird in F\u00e4llen angewendet, in denen das Brustgewebe sehr lebendig, nicht schlaff, rissig und flexibel ist. \u00dcbersch\u00fcssiges Fettgewebe in der Umgebung wird mit einer Laser-Liposuktion entfernt. Zu diesem Zeitpunkt treten keine Erschlaffungen und Narben an den Br\u00fcsten auf.<\/p>\n<p>Eine andere Methode ist die klassische \u00e4sthetische Operationsmethode. Die Einschnitte werden von der Brustspitze bis zum unteren Teil vorgenommen. \u00dcbersch\u00fcssiges Fettgewebe wird aus dem ge\u00f6ffneten Brustgewebe entfernt. Da es nach diesem Vorgang in der Regel zu einem Durchh\u00e4ngen kommt, wird gleichzeitig auch der Hebevorgang durchgef\u00fchrt. Auf diese Weise ist es m\u00f6glich, dass Einzelpersonen perfekte Br\u00fcste haben.<\/p>\n<p><strong>Heilungsprozess nach Brustverkleinerung<\/strong><\/p>\n<p>Die Brustverkleinerung ist eine Operation, die unter Vollnarkose durchgef\u00fchrt wird. Daher geht der Wiederherstellungsprozess schnell nach der Verarbeitung weiter. Obwohl der Erholungsprozess nach der Reposition je nach Deformation in der Region und Art der Anwendung variiert, ist es normalerweise ein leicht schmerzhafter und schneller Erholungsprozess. Der wichtigste Punkt, der den Genesungsprozess nach der Operation beeinflusst, ist jedoch das Korsett. Welche Methode auch immer angewendet wird, Patienten sollten Korsetts tragen. Korsetts lassen den K\u00f6rper in Form kommen und verhindern ein Durchh\u00e4ngen.<\/p>\n<p>Nach der Operation k\u00f6nnen leichte Schmerzen, Schwellungen und Bluterg\u00fcsse auftreten. Diese Symptome sind ganz normal. Sie k\u00f6nnen von Ihrem Arzt empfohlene Schmerzmittel und Antibiotika verwenden, um Ihre Schmerzen und Schwellungen zu minimieren. Nach der Operation werden die Patienten mit Verb\u00e4nden versorgt. Diese Verb\u00e4nde sollten in von Ihrem Arzt festgelegten Abst\u00e4nden erneuert werden. Obwohl der Patient unmittelbar nach der Operation in sein normales Leben zur\u00fcckkehren kann, sollte er pl\u00f6tzliche Bewegungen vermeiden.<\/p>\n<p><strong>Wie lange dauert die Operation?<\/strong><\/p>\n<p>Die Antwort darauf, wie lange die Operation dauert, ist von Person zu Person unterschiedlich. Denn w\u00e4hrend der Operation \u00e4ndert sich die Gr\u00f6\u00dfe des Gewebes und der zu entnehmenden Fl\u00e4che der Brust. Die Operation dauert jedoch in der Regel zwischen 1 und 3 Stunden. Es gibt jedoch einige Verfahren, die im Laufe der Zeit mit einer Brustverkleinerung durchgef\u00fchrt werden k\u00f6nnen. Diese werden als Bruststraffung und K\u00f6rperformung aufgef\u00fchrt. Je nach Vorliebe der Person kann nach der Bruststraffung Fett in das Ges\u00e4\u00df der Person injiziert oder die K\u00f6rpererschlaffung entsprechend dem von der Person entnommenen Fettanteil gestrafft werden.<\/p>\n<p><strong>H\u00e4ufig gestellte Fragen<\/strong><\/p>\n<p><strong>Wer kann sich einer Brustverkleinerung unterziehen?<\/strong><\/p>\n<p>Die Altersgrenze f\u00fcr die Operation liegt bei 18 Jahren. Personen, die keine gesundheitlichen Probleme haben, k\u00f6nnen sich einer Brustverkleinerung unterziehen, wenn sie mit der Gr\u00f6\u00dfe ihrer Br\u00fcste nicht zufrieden sind.<\/p>\n<p><strong>Gef\u00fchlsverlust in den Br\u00fcsten?<\/strong><\/p>\n<p>Es gibt keinen Gef\u00fchlsverlust in den Br\u00fcsten nach der Operation.<\/p>\n<p><strong>Kann das Baby nach der Operation gestillt werden?<\/strong><\/p>\n<p>W\u00e4hrend der Operation kann es in den Milchg\u00e4ngen zu Schrumpfungen kommen. Dies hat jedoch keinen Einfluss auf das Stillen.<\/p>\n<p><strong>Wird es irgendwelche Spuren geben?<\/strong><\/p>\n<p>Nach der Operation treten im Bereich verschiedene Bluterg\u00fcsse und Schwellungen auf. Diese Bluterg\u00fcsse vergehen jedoch und die Narben nehmen mit der Zeit die Hautfarbe an.[\/vc_column_text][\/vc_column][\/vc_row]<\/p>\n<\/div>","protected":false},"excerpt":{"rendered":"<p>[vc_row][vc_column][vc_column_text woodmart_inline=&#8221;no&#8221; text_larger=&#8221;no&#8221;]Brustverkleinerung Die Brustverkleinerung ist eine \u00e4sthetische Operation, die von Personen durchgef\u00fchrt wird, die mit der Gr\u00f6\u00dfe ihrer Br\u00fcste<\/p>\n","protected":false},"author":2,"featured_media":0,"parent":0,"menu_order":0,"comment_status":"closed","ping_status":"closed","template":"","meta":{"footnotes":""},"class_list":["post-8867","page","type-page","status-publish","hentry"],"_links":{"self":[{"href":"https:\/\/www.baysalsaglik.com\/de\/wp-json\/wp\/v2\/pages\/8867","targetHints":{"allow":["GET"]}}],"collection":[{"href":"https:\/\/www.baysalsaglik.com\/de\/wp-json\/wp\/v2\/pages"}],"about":[{"href":"https:\/\/www.baysalsaglik.com\/de\/wp-json\/wp\/v2\/types\/page"}],"author":[{"embeddable":true,"href":"https:\/\/www.baysalsaglik.com\/de\/wp-json\/wp\/v2\/users\/2"}],"replies":[{"embeddable":true,"href":"https:\/\/www.baysalsaglik.com\/de\/wp-json\/wp\/v2\/comments?post=8867"}],"version-history":[{"count":0,"href":"https:\/\/www.baysalsaglik.com\/de\/wp-json\/wp\/v2\/pages\/8867\/revisions"}],"wp:attachment":[{"href":"https:\/\/www.baysalsaglik.com\/de\/wp-json\/wp\/v2\/media?parent=8867"}],"curies":[{"name":"wp","href":"https:\/\/api.w.org\/{rel}","templated":true}]}}