{"id":8877,"date":"2022-05-26T15:01:31","date_gmt":"2022-05-26T12:01:31","guid":{"rendered":"https:\/\/www.baysalsaglik.com\/bruststraffung\/"},"modified":"2022-05-26T20:44:03","modified_gmt":"2022-05-26T17:44:03","slug":"bruststraffung","status":"publish","type":"page","link":"https:\/\/www.baysalsaglik.com\/de\/bruststraffung\/","title":{"rendered":"Bruststraffung"},"content":{"rendered":"<div class=\"wpb-content-wrapper\"><p>[vc_row][vc_column][vc_column_text woodmart_inline=&#8221;no&#8221; text_larger=&#8221;no&#8221;]<strong>Bruststraffung<\/strong><\/p>\n<p>Das Absacken der Brust ist ein Problem, das in letzter Zeit bei vielen Menschen aufgetreten ist. Heutzutage haben die meisten Menschen ein Problem mit h\u00e4ngenden Br\u00fcsten oder mit \u00dcbergewicht. Es gibt auch verschiedene Ursachen f\u00fcr ein Erschlaffen der Brust, das normalerweise durch Fettleibigkeit verursacht wird. Fettleibigkeit ist eigentlich ein Problem, dem man mit Ern\u00e4hrung und Sport entgegenwirken kann. Menschen mit fortgeschrittener Adipositas sind jedoch m\u00f6glicherweise nicht in der Lage, \u00fcbersch\u00fcssiges Fett mit Di\u00e4t und Sport loszuwerden. In diesem Fall werden verschiedene Operationen f\u00fcr das Fettleibigkeitsproblem angewendet. Magenverkleinerungs- und Darmverk\u00fcrzungsoperationen sind Methoden der Adipositaschirurgie. Nach diesen Magenverkleinerungs- und Darmverk\u00fcrzungsoperationen kommt es zu einer Erschlaffung der Haut. \u00c4sthetische Methoden werden verwendet, um diese Absackungen zu korrigieren. Eine davon ist die Bruststraffung. Wir k\u00f6nnen jedoch sagen, dass die betreffende Operation nicht nur zur Bruststraffung durchgef\u00fchrt wird, sondern auch aus Gr\u00fcnden wie dem Stillen.<\/p>\n<p><strong>Wie<\/strong> <strong>wird die \u00c4sthetik der Bruststraffung<\/strong> durchgef\u00fchrt? <\/p>\n<p>Die angewandten \u00e4sthetischen Anwendungen k\u00f6nnen mit einer Bruststraffung und verschiedenen Operationen kombiniert werden. Jeder \u00e4sthetische Typ hat unterschiedliche Anwendungsformen. Diese Operationen werden im Allgemeinen mit Hilfe von Einschnitten durchgef\u00fchrt, die im bestimmten Bereich vorgenommen werden. Dank dieser Einschnitte wird die \u00fcbersch\u00fcssige Haut in dem Bereich entfernt und die Haut gedehnt.<\/p>\n<p>Die Brustverkleinerung kann auch zusammen mit der Bruststraffung durchgef\u00fchrt werden. Dieser Vorgang erfolgt auf zwei Arten. Eine davon ist die Methode, bei der mit klassischen Schnitten gearbeitet wird und \u00fcbersch\u00fcssiges Brustgewebe entfernt wird. Die andere ist die Methode der Fettabsaugung. Bei der Methode der Fettabsaugung kommen 2 verschiedene Techniken zum Einsatz. Dies sind die klassische Fettabsaugung und die Laser-Liposuktion. Bei der klassischen Fettabsaugung wird das Fett mit Hilfe eines Vakuums entfernt, w\u00e4hrend bei der Laser-Liposuktion das Fettgewebe abgebaut und das Fett mit Hilfe von Kan\u00fclen abgesaugt wird. Nach diesem Eingriff wird eine Bruststraffung durchgef\u00fchrt.<\/p>\n<p>Die am h\u00e4ufigsten verwendete Bruststraffungsmethode, die umgekehrte T-Methode, wird mit Einschnitten von der Brustwarze bis zum unteren Teil der Brust durchgef\u00fchrt. Mit Hilfe dieser Schnitte wird \u00fcbersch\u00fcssiges Fettgewebe aus der Brust entfernt.<\/p>\n<p>Der Punkt, der vor jeder Operation zu ber\u00fccksichtigen ist, sind die verwendeten Drogen, Zigaretten und Alkohol. Insbesondere sollten die verwendeten Blutverd\u00fcnner abgesetzt werden.<\/p>\n<p>Heilungsprozess nach der <strong>\u00c4sthetik<\/strong> <strong>der Bruststraffung<\/strong><\/p>\n<p>Nach dieser Operation k\u00f6nnen verschiedene Bluterg\u00fcsse und \u00d6deme auftreten. Diese \u00d6deme und Bluterg\u00fcsse werden nach etwa 1 Woche abklingen. Au\u00dferdem k\u00f6nnen Schmerzen im Operationsgebiet auftreten. Bei diesen Schmerzen und Prellungen sollten Sie die von Ihrem Arzt empfohlenen Medikamente anwenden.<\/p>\n<p><strong>Dinge, die nach einer Bruststraffungsoperation zu beachten sind<\/strong><\/p>\n<p>Nach einer Bruststraffung m\u00fcssen verschiedene Faktoren ber\u00fccksichtigt werden.<\/p>\n<ul>\n<li>Eine Bruststraffung wird durch die Gr\u00f6\u00dfe der Brust und den Grad der Erschlaffung bestimmt.<\/li>\n<li>Durch die Wirkung der An\u00e4sthesie treten nach der Operation keine Schmerzen auf.<\/li>\n<li>Mit der Fl\u00fcssignahrung sollte 4 Stunden nach der Operation begonnen werden. Wenn Sie fl\u00fcssige Nahrung problemlos vertragen, k\u00f6nnen Sie 6 Stunden nach der Operation leichte Kost wie Fr\u00fchst\u00fcck zu sich nehmen.<\/li>\n<li>Es ist m\u00f6glich, die Schmerzen nach der Operation mit einfachen Schmerzmitteln zu beseitigen.<\/li>\n<li>Nach der Operation sollte ein Sport-BH getragen werden.<\/li>\n<\/ul>\n<p><strong>H\u00e4ufig gestellte Fragen<\/strong><\/p>\n<p>Wer kann von \u00e4sthetischen Bruststraffungsoperationen profitieren?<\/p>\n<p>Die Altersgrenze f\u00fcr diese Operation liegt bei 18 Jahren. Auch Frauen, die keine gesundheitlichen Probleme haben und mit der Gr\u00f6\u00dfe ihrer Br\u00fcste nicht zufrieden sind, k\u00f6nnen sich dieser Operation unterziehen.<\/p>\n<p>K\u00f6nnen alle \u00e4sthetischen Bruststraffungsoperationen zusammen durchgef\u00fchrt werden?<\/p>\n<p>Wichtig ist hier das Alter der Menschen und der Deformationsgrad der Regionen. Ihr Arzt entscheidet, welche Operationen gemeinsam durchgef\u00fchrt werden sollen. Es ist jedoch richtig, h\u00f6chstens 3 Operationen gleichzeitig durchzuf\u00fchren.<\/p>\n<p>Wird es bei \u00e4sthetischen Operationen zur Bruststraffung Narben geben?<\/p>\n<p>Im Allgemeinen werden Einschnitte an weniger sichtbaren K\u00f6rperteilen vorgenommen. Die Narben nehmen jedoch die Hautfarbe an und verschwinden mit der Zeit.<\/p>\n<p>Gibt es nach der Operation einen Gef\u00fchlsverlust in den Br\u00fcsten?<\/p>\n<p>Nein. Sie werden nach der Operation keinen Gef\u00fchlsverlust versp\u00fcren. Es besteht jedoch eine geringe M\u00f6glichkeit des Gef\u00fchlsverlusts.<\/p>\n<p>Ist es m\u00f6glich, ein Baby nach der Operation zu stillen?<\/p>\n<p>W\u00e4hrend der Operation kann es zu einer Schrumpfung der Still- und Milchg\u00e4nge kommen. Dies beeintr\u00e4chtigt das Stillen jedoch nicht allzu sehr. Dar\u00fcber hinaus kann diese Situation bei einigen Frauen umgekehrt sein und es k\u00f6nnen verschiedene Probleme in den Stillkan\u00e4len auftreten und die Stillfunktion kann m\u00f6glicherweise nicht erneut auftreten.[\/vc_column_text][\/vc_column][\/vc_row]<\/p>\n<\/div>","protected":false},"excerpt":{"rendered":"<p>[vc_row][vc_column][vc_column_text woodmart_inline=&#8221;no&#8221; text_larger=&#8221;no&#8221;]Bruststraffung Das Absacken der Brust ist ein Problem, das in letzter Zeit bei vielen Menschen aufgetreten ist. Heutzutage<\/p>\n","protected":false},"author":2,"featured_media":0,"parent":0,"menu_order":0,"comment_status":"closed","ping_status":"closed","template":"","meta":{"footnotes":""},"class_list":["post-8877","page","type-page","status-publish","hentry"],"_links":{"self":[{"href":"https:\/\/www.baysalsaglik.com\/de\/wp-json\/wp\/v2\/pages\/8877","targetHints":{"allow":["GET"]}}],"collection":[{"href":"https:\/\/www.baysalsaglik.com\/de\/wp-json\/wp\/v2\/pages"}],"about":[{"href":"https:\/\/www.baysalsaglik.com\/de\/wp-json\/wp\/v2\/types\/page"}],"author":[{"embeddable":true,"href":"https:\/\/www.baysalsaglik.com\/de\/wp-json\/wp\/v2\/users\/2"}],"replies":[{"embeddable":true,"href":"https:\/\/www.baysalsaglik.com\/de\/wp-json\/wp\/v2\/comments?post=8877"}],"version-history":[{"count":0,"href":"https:\/\/www.baysalsaglik.com\/de\/wp-json\/wp\/v2\/pages\/8877\/revisions"}],"wp:attachment":[{"href":"https:\/\/www.baysalsaglik.com\/de\/wp-json\/wp\/v2\/media?parent=8877"}],"curies":[{"name":"wp","href":"https:\/\/api.w.org\/{rel}","templated":true}]}}