{"id":9236,"date":"2022-05-26T15:18:54","date_gmt":"2022-05-26T12:18:54","guid":{"rendered":"https:\/\/www.baysalsaglik.com\/laecheln-design\/"},"modified":"2022-05-26T20:44:13","modified_gmt":"2022-05-26T17:44:13","slug":"laecheln-design","status":"publish","type":"page","link":"https:\/\/www.baysalsaglik.com\/de\/laecheln-design\/","title":{"rendered":"L\u00e4cheln-Design"},"content":{"rendered":"<div class=\"wpb-content-wrapper\"><p>[vc_row][vc_column][vc_column_text woodmart_inline=&#8221;no&#8221; text_larger=&#8221;no&#8221;]<strong>Was ist Smile-Design?<\/strong><\/p>\n<p>L\u00e4cheln-Design; Es ist eine Methode der \u00e4sthetischen Chirurgie, die angewendet wird, wenn Menschen Probleme mit Z\u00e4hnen, Zahnfleisch, Mund oder Lippen haben. L\u00e4cheln-Design; Sie sorgt daf\u00fcr, dass das Zahnfleisch wieder normal aussieht, Zahnverf\u00e4rbungen, Risse und Br\u00fcche korrigiert und die Zahnmuskulatur wiederhergestellt wird.<\/p>\n<p>Der wichtigste Punkt bei der \u00c4sthetik des L\u00e4chelndesigns ist, dass Z\u00e4hne und Zahnfleisch miteinander harmonieren. Denn diese Harmonie ist das Element, das beim L\u00e4cheln die meiste Aufmerksamkeit auf sich zieht.<\/p>\n<p>Smile-Design-\u00c4sthetik; Es umfasst viele Prozesse wie Zahnreinigung, Zahnaufhellung, Zahnfleischkorrektur, Zahnimplantate, Prothesen, Porzellan, Laminatfurniere und kieferorthop\u00e4dische Behandlungen.<\/p>\n<p><strong>Wie wird die Smile-Design-Operation durchgef\u00fchrt? <\/strong><\/p>\n<p>Vor der Smile-Design-Operation teilen die Patienten unserer Klinik mit, welche Eingriffe sie w\u00fcnschen. Die durchzuf\u00fchrenden Eingriffe werden im Einklang mit den Erwartungen der Patienten entschieden.<\/p>\n<p>Wenn entschieden ist, welche Eingriffe w\u00e4hrend der Smile-Design-Operation durchgef\u00fchrt werden sollen, erfolgt die Operationsplanung. Wenn w\u00e4hrend der Smile-Design-Operation keine kieferorthop\u00e4dische Behandlung erforderlich ist, werden zun\u00e4chst die Zahnfleischerkrankungen korrigiert. Wenn dem Patienten Z\u00e4hne fehlen, werden Implantationsverfahren durchgef\u00fchrt.<\/p>\n<p>Die beim Smile Design angewandte Technik wird vom Arzt entsprechend der Art der vom Patienten gew\u00fcnschten Operation, der Anzahl und dem Alter des Patienten festgelegt. Beispielsweise k\u00f6nnen f\u00fcr Patientinnen, die eine Brustvergr\u00f6\u00dferung und eine Bauchdeckenstraffung in Form von Smile Design w\u00fcnschen, unterschiedliche Methoden bevorzugt werden.<\/p>\n<p><strong>Was ist vor der Smile Design Operation zu beachten?<\/strong><\/p>\n<p>Vor der Smile-Design-Operation sollten keine Blutverd\u00fcnner verwendet werden. Patienten sollten ihren Arzt \u00fcber die Medikamente informieren, die sie regelm\u00e4\u00dfig einnehmen, und sie gem\u00e4\u00df den Anweisungen des Arztes verwenden oder nicht verwenden.<\/p>\n<p>Sie sollten mindestens 1 Woche vor der Smile Design Operation mit dem Rauchen und dem Alkoholkonsum aufh\u00f6ren. Bis 6 Stunden vor der Operation sollten Sie nichts essen oder trinken.<\/p>\n<p>&nbsp;<\/p>\n<p><strong>Heilungsprozess nach der Smile-Design-Operation<\/strong><\/p>\n<p>Der Heilungsprozess bei Smile Design-Operationen variiert je nach Art und Anzahl der vom Patienten bevorzugten \u00c4sthetik. Die Schmerzen, die w\u00e4hrend und nach der Operation auftreten k\u00f6nnen, werden durch die von Ihrem Arzt verschriebenen Medikamente minimiert. Obwohl der Heilungsprozess in der Smile-Design-\u00c4sthetik von Person zu Person unterschiedlich ist, dauert er normalerweise etwa 10-14 Tage. Am Ende dieses Prozesses sind die Z\u00e4hne und der Mund vollst\u00e4ndig geheilt.<\/p>\n<p><strong>Was ist nach der Smile Design Operation zu beachten?<\/strong><\/p>\n<p><strong>Fl\u00fcssigkeitsverbrauch<\/strong><\/p>\n<p>Mindestens 6 Stunden nach Smile Design-Operationen sollte kein Wasser mehr getrunken werden. Andernfalls k\u00f6nnen Erbrechen und Zahnschmerzen auftreten.<\/p>\n<p><strong>Drogenkonsum<\/strong><\/p>\n<p>Nach der Smile Design-\u00c4sthetik treten Schmerzen auf. Sie k\u00f6nnen die Schmerzen minimieren, indem Sie die von Ihrem Arzt empfohlenen Medikamente einnehmen.<\/p>\n<p><strong>Rauchen<\/strong><\/p>\n<p>Wenn Sie nach einer plastischen Operation rauchen, k\u00f6nnen Ihre N\u00e4hte undicht und platzen. Daher sollten Sie das Rauchen vermeiden.<\/p>\n<p><strong>Nahrungsaufnahme<\/strong><\/p>\n<p>Es ist notwendig, bis zur vollst\u00e4ndigen Genesung nach der \u00c4sthetik des L\u00e4chelndesigns auf feste Mahlzeiten zu verzichten. Daher ist es vorteilhaft, bis zur Genesung fl\u00fcssige Lebensmittel zu sich zu nehmen.<\/p>\n<p><strong>Hygiene<\/strong><\/p>\n<p>Nach allen zahn\u00e4sthetischen Operationen muss auf die Mundhygiene geachtet werden. Sie sollten Ihre Mundhygiene gem\u00e4\u00df den Anweisungen Ihres Arztes durchf\u00fchren.<\/p>\n<p><strong>H\u00e4ufig gestellte Fragen<\/strong><\/p>\n<p>Ist die Smile-Design-Operation ein schwieriger und schmerzhafter Prozess?<\/p>\n<p>Nein. Obwohl nach der Operation Schmerzen auftreten k\u00f6nnen, ist dieser Vorgang nicht schwierig.<\/p>\n<p>Ist die Smile-Design-Operation ein zuverl\u00e4ssiges Verfahren?<\/p>\n<p>Ja. Sie werden nach dem Smile-Design-Vorgang keine Probleme haben.<\/p>\n<p>Ist der Smile-Design-Betrieb dauerhaft?<\/p>\n<p>Ja. Auf jeden Fall ist der Smile-Design-Betrieb dauerhaft.<\/p>\n<p>Ist die Smile-Design-Operation riskant?<\/p>\n<p>Nein. W\u00e4hrend der Operation besteht kein Risiko.[\/vc_column_text][\/vc_column][\/vc_row]<\/p>\n<\/div>","protected":false},"excerpt":{"rendered":"<p>[vc_row][vc_column][vc_column_text woodmart_inline=&#8221;no&#8221; text_larger=&#8221;no&#8221;]Was ist Smile-Design? L\u00e4cheln-Design; Es ist eine Methode der \u00e4sthetischen Chirurgie, die angewendet wird, wenn Menschen Probleme mit<\/p>\n","protected":false},"author":2,"featured_media":0,"parent":0,"menu_order":0,"comment_status":"closed","ping_status":"closed","template":"","meta":{"footnotes":""},"class_list":["post-9236","page","type-page","status-publish","hentry"],"_links":{"self":[{"href":"https:\/\/www.baysalsaglik.com\/de\/wp-json\/wp\/v2\/pages\/9236","targetHints":{"allow":["GET"]}}],"collection":[{"href":"https:\/\/www.baysalsaglik.com\/de\/wp-json\/wp\/v2\/pages"}],"about":[{"href":"https:\/\/www.baysalsaglik.com\/de\/wp-json\/wp\/v2\/types\/page"}],"author":[{"embeddable":true,"href":"https:\/\/www.baysalsaglik.com\/de\/wp-json\/wp\/v2\/users\/2"}],"replies":[{"embeddable":true,"href":"https:\/\/www.baysalsaglik.com\/de\/wp-json\/wp\/v2\/comments?post=9236"}],"version-history":[{"count":0,"href":"https:\/\/www.baysalsaglik.com\/de\/wp-json\/wp\/v2\/pages\/9236\/revisions"}],"wp:attachment":[{"href":"https:\/\/www.baysalsaglik.com\/de\/wp-json\/wp\/v2\/media?parent=9236"}],"curies":[{"name":"wp","href":"https:\/\/api.w.org\/{rel}","templated":true}]}}