{"id":9237,"date":"2022-05-26T15:17:46","date_gmt":"2022-05-26T12:17:46","guid":{"rendered":"https:\/\/www.baysalsaglik.com\/zahnaufhellung\/"},"modified":"2022-05-26T20:44:14","modified_gmt":"2022-05-26T17:44:14","slug":"zahnaufhellung","status":"publish","type":"page","link":"https:\/\/www.baysalsaglik.com\/de\/zahnaufhellung\/","title":{"rendered":"Zahnaufhellung"},"content":{"rendered":"<div class=\"wpb-content-wrapper\"><p>[vc_row][vc_column][vc_column_text woodmart_inline=&#8221;no&#8221; text_larger=&#8221;no&#8221;]Zahnaufhellung bezieht sich auf den Prozess der Aufhellung von Z\u00e4hnen, die aus verschiedenen Gr\u00fcnden gelb werden. Viele Menschen w\u00fcnschen sich wei\u00dfe Z\u00e4hne und ein sch\u00f6nes L\u00e4cheln. Aus diesem Grund sind Z\u00e4hne von gro\u00dfer \u00e4sthetischer Bedeutung. Es ist sehr wichtig, dass der Zahnaufhellungsprozess von einem professionellen und erfahrenen Arzt durchgef\u00fchrt wird.<\/p>\n<p>Es ist in der \u00e4sthetischen Wahrnehmung des Einzelnen zu finden, dass die Z\u00e4hne wei\u00df und glatt sein sollten. An diesem Punkt ist es m\u00f6glich, ein \u00e4sthetisch ansprechendes Erscheinungsbild zu erhalten, indem Zahnaufhellungsverfahren effektiv durchgef\u00fchrt werden.<\/p>\n<p>Zahnaufhellungsverfahren werden bevorzugt, da die Z\u00e4hne gelb werden. Also, warum werden Z\u00e4hne gelb? Alle Details sind wie folgt.<\/p>\n<p><strong>Warum werden Z\u00e4hne gelb?<\/strong><\/p>\n<p>Z\u00e4hne verlieren ihre nat\u00fcrliche Farbe auf 2 Arten. Diese erscheinen als innere Verf\u00e4rbung und \u00e4u\u00dfere Verf\u00e4rbung. Die Einzelheiten dieser Farb\u00e4nderungen sind wie folgt.<\/p>\n<p><strong>Extrinsische Farb\u00e4nderungen<\/strong><\/p>\n<p>Lebensmittelfarbe, Tee, Kaffee und Rauchen verursachen Farbver\u00e4nderungen an den Z\u00e4hnen. Die \u00e4u\u00dfere Einwirkung auf die Zahnoberfl\u00e4che f\u00fchrt mit der Zeit zu einer Verdunkelung und Vergilbung. In dieser Richtung werden bei \u00e4u\u00dferen Farbver\u00e4nderungen Techniken bevorzugt, die die \u00e4u\u00dfere Oberfl\u00e4che betreffen, um die Zahnfarbe aufzuhellen.<\/p>\n<p><strong>Intrinsische Farb\u00e4nderungen<\/strong><\/p>\n<p>Intrinsische Farbver\u00e4nderungen h\u00e4ngen mit Gesundheitsproblemen zusammen, die zu Funktions- und Gewebeverlust im Gewebe im Inneren des Zahns f\u00fchren. Intrinsische Farbver\u00e4nderungen aus diesen Gr\u00fcnden treten im Allgemeinen im Kindesalter w\u00e4hrend des Wachstums- und Entwicklungsprozesses des Zahns auf. Drogenkonsum, Infektionen, Karies, Traumata und fieberhafte Erkrankungen k\u00f6nnen w\u00e4hrend dieser Zeit zu einer inneren Verf\u00e4rbung der Z\u00e4hne f\u00fchren. Zur Behandlung dieser Farbver\u00e4nderungen werden Techniken auf professionellem Niveau eingesetzt.<\/p>\n<p><strong>Wie Z\u00e4hne aufhellen?<\/strong><\/p>\n<p>Es gibt einige Techniken in professionellen Zahnaufhellungsprozessen. Die fraglichen Techniken sind wie folgt.<\/p>\n<p><strong>Bleichmethode<\/strong><\/p>\n<p>Bleichmittel wird mit Hilfe einer Spritze auf den Mund des Patienten aufgetragen. Dabei werden Kerbamid, Wasserstoff oder Peroxid verwendet. Damit die Behandlung wirksam ist, muss der Patient etwa 4 bis 5 Stunden am Tag darauf bleiben. Diese Methode wird im Allgemeinen f\u00fcr innere Zahnfarb\u00e4nderungen bevorzugt.<\/p>\n<p><strong>Apparateanwendung<\/strong><\/p>\n<p>Hinzu kommt die Anwendung der bei Zahnaufhellungsprozessen verwendeten Materialien, die mit einem Gel beschichtet und speziell f\u00fcr den Menschen aufbereitet werden. Es ist nicht erforderlich, 30 Minuten bis 1 Mal eine zahn\u00e4rztliche Apparatur zu tragen.<\/p>\n<p><strong>Nebenwirkungen der Zahnaufhellung<\/strong><\/p>\n<p>Als Folge der Zahnaufhellung k\u00f6nnen einige Nebenwirkungen auftreten. Diese Nebenwirkungen sind wie folgt.<\/p>\n<p><strong>Zahnempfindlichkeit<\/strong><\/p>\n<p>Zahnempfindlichkeit w\u00e4hrend der Behandlung ist die h\u00e4ufigste Nebenwirkung bei Patienten. Denn das Bleichmittel dringt durch die Schmelzporen in das Dentin ein. Bevor Sie sich manifestieren, sollten Sie nicht in Panik geraten. Dies ist ein sehr h\u00e4ufiges und vor\u00fcbergehendes Symptom. Daher wird es im Laufe der Zeit von selbst abnehmen.<\/p>\n<p><strong>Zahnfleischreizung<\/strong><\/p>\n<p>W\u00e4hrend der Behandlung kann das Zahnfleisch der Wirkung des Bleichmittels ausgesetzt werden. Daher kann es zu Irritationen kommen. Es erholt sich, wenn das Produkt keinen Kontakt mehr mit Weichteilen hat.<\/p>\n<p><strong>brennt<\/strong><\/p>\n<p>Die Verwendung von Produkten in schlechtem Zustand oder in h\u00f6heren Konzentrationen als empfohlen kann die Weichteile des Mundes, dh Lippen und Zahnfleisch, verbrennen. Au\u00dferdem kann es zu einer Erosion des Zahnschmelzes kommen.<\/p>\n<p><strong>Allergische Reaktionen<\/strong><\/p>\n<p>Sehr selten reagiert der Patient allergisch auf die Bestandteile von Bleichmitteln. In diesem Fall sollte der Vorgang sofort gestoppt werden.<\/p>\n<p><strong>Wirksamkeit und Garantie der Ergebnisse der Zahnaufhellung<\/strong><\/p>\n<p>Das Ergebnis der Zahnaufhellung h\u00e4ngt von vielen Faktoren ab, wie dem Grad der Verf\u00e4rbung des Zahnschmelzes, den Konsumgewohnheiten und der Mundhygiene. Daher war die Zahnaufhellung nicht immer ein wirksames Verfahren zur Verbesserung der oralen \u00c4sthetik.<\/p>\n<p>Zahnaufhellung ist bei der Entfernung von Zahnschmelzflecken bei Patienten mit Tetracyclin-F\u00e4rbung unwirksam. Stattdessen w\u00fcrde der Zahnarzt eine \u00e4sthetische Behandlung von Zahnveneers bevorzugen.<\/p>\n<p>Rauchen wirkt sich sehr negativ auf die Farbe Ihres Zahnschmelzes aus. Aus diesem Grund werden Menschen, die h\u00e4ufig rauchen, feststellen, dass sich die Ergebnisse der Behandlung schneller verbessern. Ebenso sollte nicht vergessen werden, dass wir nach solchen Verfahren regelm\u00e4\u00dfig eine Zahnaufhellung durchf\u00fchren lassen sollten.[\/vc_column_text][\/vc_column][\/vc_row]<\/p>\n<\/div>","protected":false},"excerpt":{"rendered":"<p>[vc_row][vc_column][vc_column_text woodmart_inline=&#8221;no&#8221; text_larger=&#8221;no&#8221;]Zahnaufhellung bezieht sich auf den Prozess der Aufhellung von Z\u00e4hnen, die aus verschiedenen Gr\u00fcnden gelb werden. Viele Menschen<\/p>\n","protected":false},"author":2,"featured_media":0,"parent":0,"menu_order":0,"comment_status":"closed","ping_status":"closed","template":"","meta":{"footnotes":""},"class_list":["post-9237","page","type-page","status-publish","hentry"],"_links":{"self":[{"href":"https:\/\/www.baysalsaglik.com\/de\/wp-json\/wp\/v2\/pages\/9237","targetHints":{"allow":["GET"]}}],"collection":[{"href":"https:\/\/www.baysalsaglik.com\/de\/wp-json\/wp\/v2\/pages"}],"about":[{"href":"https:\/\/www.baysalsaglik.com\/de\/wp-json\/wp\/v2\/types\/page"}],"author":[{"embeddable":true,"href":"https:\/\/www.baysalsaglik.com\/de\/wp-json\/wp\/v2\/users\/2"}],"replies":[{"embeddable":true,"href":"https:\/\/www.baysalsaglik.com\/de\/wp-json\/wp\/v2\/comments?post=9237"}],"version-history":[{"count":0,"href":"https:\/\/www.baysalsaglik.com\/de\/wp-json\/wp\/v2\/pages\/9237\/revisions"}],"wp:attachment":[{"href":"https:\/\/www.baysalsaglik.com\/de\/wp-json\/wp\/v2\/media?parent=9237"}],"curies":[{"name":"wp","href":"https:\/\/api.w.org\/{rel}","templated":true}]}}