{"id":9239,"date":"2022-05-26T15:11:33","date_gmt":"2022-05-26T12:11:33","guid":{"rendered":"https:\/\/www.baysalsaglik.com\/magen-bypass\/"},"modified":"2022-05-26T20:44:13","modified_gmt":"2022-05-26T17:44:13","slug":"magen-bypass","status":"publish","type":"page","link":"https:\/\/www.baysalsaglik.com\/de\/magen-bypass\/","title":{"rendered":"Magen-ByPass"},"content":{"rendered":"<div class=\"wpb-content-wrapper\"><p>[vc_row][vc_column][vc_column_text woodmart_inline=&#8221;no&#8221; text_larger=&#8221;no&#8221;]<strong>Magenbypass <\/strong><\/p>\n<p>Diese Methode, auch laparoskopischer Magenbypass genannt, ist eine h\u00e4ufig durchgef\u00fchrte bariatrische Operation. Es ist m\u00f6glich, den erfolgreichen Behandlungsprozess der Adipositas mit einem Magenbypass zu steuern. W\u00e4hrend das Volumen durch die genannte Operation reduziert wird, erfolgt die Aufnahme von N\u00e4hrstoffen durch den D\u00fcnndarm. Dadurch wird der Weg verk\u00fcrzt.<\/p>\n<p>Ein gro\u00dfer Teil des Magens wird entfernt, wobei etwa 30 bis 50 cc am Anfang des Magens verbleiben. Au\u00dferdem sind einige der D\u00fcnnd\u00e4rme mit dem Magen verbunden. In dieser Richtung wird es m\u00f6glich, Patienten mit viel kleineren Portionen zu s\u00e4ttigen. Au\u00dferdem wird die Aufnahme eines erheblichen Teils kalorienreicher Lebensmittel verhindert.<\/p>\n<p><strong>Wie wird eine Magenbypass-Operation durchgef\u00fchrt?<\/strong><\/p>\n<p>Der Magenbypass wird laparoskopisch durchgef\u00fchrt. Neuerdings kann auch die Roboterchirurgie bevorzugt werden. Diese Operation wird durch 4-6 L\u00f6cher mit einem Durchmesser von 1 cm durchgef\u00fchrt. Die Magenbypass-Operation, die bekannterma\u00dfen eine Operation mit Schlauchmagen ist, erm\u00f6glicht eine Verkleinerung des Magens. Bei dieser Operation werden ca. 95 % des Magens umgangen.<\/p>\n<p>Bei einer professionellen Operationsmethode wird ein Teil des Magens, der in zwei Teile geteilt ist, durch die 12 Fingerd\u00e4rme umgangen. Es wird nicht aus dem K\u00f6rper entfernt. Dadurch wird sichergestellt, dass der Darm weiter funktioniert. Auf diese Weise wird verhindert, dass die verzehrten Lebensmittel den 12-Finger-Darm passieren. Dank der Operation soll mit weniger Nahrung ges\u00e4ttigt werden und die Aufnahme eines Teils der aufgenommenen Nahrung sichergestellt werden.<\/p>\n<p>Bei wem kann ein Magenbypass angewendet werden?<\/p>\n<p>Die Magenbypass-Operation ist in erster Linie als Operation der morbiden Adipositas bekannt. Es ist m\u00f6glich, diese Operation bei Begleiterkrankungen der Fettleibigkeit anzuwenden. Diese Operation ist insbesondere f\u00fcr die Behandlung des Typ-2-Diabetes von gro\u00dfer Bedeutung.<\/p>\n<p><strong>Nach Magen-Bypass-Operation<\/strong><\/p>\n<p>Die Patienten werden 5-6 Tage nach der Operation nachbeobachtet. Nach der Entlassung werden die Patienten von Ern\u00e4hrungsberatern kontrolliert. In dieser Richtung wird ein Ern\u00e4hrungsplan durchgef\u00fchrt. Im ersten Jahr nach der Operation werden neben der Adipositaschirurgie psychiatrische, endokrinologische und di\u00e4tetische Fach\u00e4rzte betreut.<\/p>\n<p><strong>Was sind die Magenbypass-Typen?<\/strong><\/p>\n<p>Magenbypass-Typen sind im Allgemeinen wie folgt.<\/p>\n<p>Roux en Y Magenbypass: W\u00e4hrend der Operation wird der Magen zweigeteilt, mit einem Volumen von 25-30 cc. W\u00e4hrend der kleine Magen im K\u00f6rper verbleibt, wird der gr\u00f6\u00dfere Teil entfernt.<\/p>\n<p>Mini-Gastric-Bypass: Bei dieser Operation nimmt der Magen mit speziellen Klammerwerkzeugen die Form eines Schlauchs an. Anschlie\u00dfend wird aus 200 cm Entfernung das D\u00fcnndarmsegment gebildet und dessen Verbindung mit der Magentasche hergestellt.<\/p>\n<p>H\u00e4ufig gestellte Fragen<\/p>\n<p>Ist es m\u00f6glich, nach einer Magenbypass-Operation im Krankenhaus zu bleiben?<\/p>\n<p>Nach der Operation m\u00fcssen die Patienten in der Regel 3-4 Tage im Krankenhaus bleiben. Probleme, die w\u00e4hrend der pr\u00e4operativen Beurteilung und der postoperativen Erholungsphase auftreten k\u00f6nnen, k\u00f6nnen dazu f\u00fchren, dass dieser Zeitraum verl\u00e4ngert wird.<\/p>\n<p>Ist schweres Heben nach der Operation f\u00fcr den Patienten gef\u00e4hrlich?<\/p>\n<p>Nach Verlassen des Krankenhauses sollten Patienten alle anstrengenden T\u00e4tigkeiten einschr\u00e4nken. Besonders in den ersten 6 Wochen sollten keine schweren Lasten gehoben werden.<\/p>\n<p>Wann kann ein Auto nach der Operation benutzt werden?<\/p>\n<p>Nach der Operation sollten die Patienten 2 Wochen lang kein Auto fahren. Patienten k\u00f6nnen jedoch gehen, duschen oder Treppen steigen.<\/p>\n<p>Wie lange nach der Operation k\u00f6nnen Sie wieder arbeiten?<\/p>\n<p>Bei Patienten, die ein ruhiges Berufsleben f\u00fchren und im B\u00fcro arbeiten, ist eine R\u00fcckkehr in den Beruf nach 2-3 Wochen m\u00f6glich. Patienten, die in k\u00f6rperlich intensiven Berufen arbeiten, sollten jedoch nach der Operation eine Arbeitspause von 6-8 Wochen einlegen.<\/p>\n<p>Wie lange nach der Operation ist Gewichtsverlust?<\/p>\n<p>Es wird erwartet, dass der Gewichtsverlust allm\u00e4hlich eintritt. Der schnellste Gewichtsverlust in den ersten 2 Monaten. 1,5-2 Jahre sollten auf maximalen Gewichtsverlust gewartet werden. Es wird erwartet, dass die Patienten 70 bis 80 % ihres \u00dcbergewichts verlieren.[\/vc_column_text][\/vc_column][\/vc_row]<\/p>\n<\/div>","protected":false},"excerpt":{"rendered":"<p>[vc_row][vc_column][vc_column_text woodmart_inline=&#8221;no&#8221; text_larger=&#8221;no&#8221;]Magenbypass Diese Methode, auch laparoskopischer Magenbypass genannt, ist eine h\u00e4ufig durchgef\u00fchrte bariatrische Operation. Es ist m\u00f6glich, den erfolgreichen<\/p>\n","protected":false},"author":2,"featured_media":0,"parent":0,"menu_order":0,"comment_status":"closed","ping_status":"closed","template":"","meta":{"footnotes":""},"class_list":["post-9239","page","type-page","status-publish","hentry"],"_links":{"self":[{"href":"https:\/\/www.baysalsaglik.com\/de\/wp-json\/wp\/v2\/pages\/9239","targetHints":{"allow":["GET"]}}],"collection":[{"href":"https:\/\/www.baysalsaglik.com\/de\/wp-json\/wp\/v2\/pages"}],"about":[{"href":"https:\/\/www.baysalsaglik.com\/de\/wp-json\/wp\/v2\/types\/page"}],"author":[{"embeddable":true,"href":"https:\/\/www.baysalsaglik.com\/de\/wp-json\/wp\/v2\/users\/2"}],"replies":[{"embeddable":true,"href":"https:\/\/www.baysalsaglik.com\/de\/wp-json\/wp\/v2\/comments?post=9239"}],"version-history":[{"count":0,"href":"https:\/\/www.baysalsaglik.com\/de\/wp-json\/wp\/v2\/pages\/9239\/revisions"}],"wp:attachment":[{"href":"https:\/\/www.baysalsaglik.com\/de\/wp-json\/wp\/v2\/media?parent=9239"}],"curies":[{"name":"wp","href":"https:\/\/api.w.org\/{rel}","templated":true}]}}