{"id":9240,"date":"2022-05-26T15:09:01","date_gmt":"2022-05-26T12:09:01","guid":{"rendered":"https:\/\/www.baysalsaglik.com\/unrasierte-haartransplantation\/"},"modified":"2022-05-26T20:44:14","modified_gmt":"2022-05-26T17:44:14","slug":"unrasierte-haartransplantation","status":"publish","type":"page","link":"https:\/\/www.baysalsaglik.com\/de\/unrasierte-haartransplantation\/","title":{"rendered":"Unrasierte Haartransplantation"},"content":{"rendered":"<div class=\"wpb-content-wrapper\"><p>[vc_row][vc_column][vc_column_text woodmart_inline=&#8221;no&#8221; text_larger=&#8221;no&#8221;]<strong>Unrasierte Haartransplantation<\/strong><\/p>\n<p>Die unrasierte Haartransplantation ist als eine der wichtigsten Anwendungen f\u00fcr M\u00e4nner und Frauen bekannt, die Antworten auf ihre Sch\u00f6nheitserwartungen finden m\u00f6chten. Nach Haarausfall aus verschiedenen Gr\u00fcnden werden unrasierte Haartransplantationsverfahren angewendet, um den besagten Verlust auszugleichen. Mit dieser Haartransplantationsmethode haben Sie das Haar Ihrer Tr\u00e4ume, mit dem Sie ein nat\u00fcrliches Aussehen und kr\u00e4ftiges Haar erzielen k\u00f6nnen.<\/p>\n<p><strong>Wie wird eine unrasierte Haartransplantation durchgef\u00fchrt?<\/strong><\/p>\n<p>Unrasierte Haartransplantation wird als Anwendung f\u00fcr Haartransplantationsanwendungen ohne Rasur akzeptiert. Mit der in diesen Anwendungen verwendeten Sapphire FUE-Haartransplantationstechnik k\u00f6nnen die am besten geeigneten L\u00f6sungen erreicht werden. Diese Anwendung, die sorgf\u00e4ltig von Haartransplantationsspezialisten durchgef\u00fchrt wird, beginnt mit der Anwendung einer Lokalan\u00e4sthesie.<\/p>\n<p>Dank \u00f6rtlicher Bet\u00e4ubung werden zu Beginn der Haartransplantation Haarfollikel aus dem Nackenbereich mit Nadeln mit Saphirspitze entnommen. Die gesammelten Haarfollikel werden mit Hilfe von Nadeln mit Saphirspitze auf die kahle Stelle verpflanzt. Sehr erfolgreiche Ergebnisse werden durch die Transplantation der Haarfollikel erzielt, die einzeln entnommen werden.<\/p>\n<p>Die Haartransplantation wird entsprechend der nat\u00fcrlichen Wachstumsrichtung und Struktur des Haares durchgef\u00fchrt. Dank dieser Operation, die durchschnittlich zwischen 6 und 8 Stunden dauert, erh\u00e4lt der Patient die gew\u00fcnschte Haarqualit\u00e4t.<\/p>\n<p><strong>F\u00fcr wen ist eine unrasierte Haartransplantation geeignet?<\/strong><\/p>\n<p>Obwohl die Haartransplantation sowohl f\u00fcr Frauen als auch f\u00fcr M\u00e4nner als ideale Anwendung gilt, bringen die richtigen Anwendungen Perfektion. An dieser Stelle ist unbedingt darauf zu achten, f\u00fcr wen eine unrasierte Haartransplantation geeignet ist. Wenn Sie zu der unten aufgef\u00fchrten Gruppe geh\u00f6ren, sollten Sie sich in unserer Klinik bewerben und von unrasierten Haartransplantationsanwendungen profitieren.<\/p>\n<ul>\n<li>Frauen mit Haarausfall,<\/li>\n<li>Wenn die Sp\u00e4rlichkeit der Haare nicht zu viel ist,<\/li>\n<li>Bei regionalem Haarausfall<\/li>\n<li>Bei Haarausfall im Stirnbereich<\/li>\n<li>Bei Haarausfall im Vartex-Bereich.<\/li>\n<\/ul>\n<p>Zus\u00e4tzlich zu all diesen Situationen ist es m\u00f6glich, gem\u00e4\u00df der endg\u00fcltigen Entscheidung des Haartransplantationsspezialisten von unrasierten Haartransplantationsanwendungen zu profitieren. Um die genauesten Ergebnisse zu erhalten, sollten Sie sich dann in unserer Klinik bewerben und pr\u00fcfen, ob Sie f\u00fcr eine unrasierte Haartransplantation geeignet sind.<\/p>\n<p><strong>Was ist vor einer unrasierten Haartransplantation zu beachten?<\/strong><\/p>\n<p>Vor den unrasierten Haartransplantationsanwendungen, die mit der FUE-Technik durchgef\u00fchrt werden, sollte der Patient sehr sensibel mit dem Prozess umgehen. Andernfalls f\u00fchren Haartransplantationsverfahren nicht zum gew\u00fcnschten Ergebnis. In diesem Zusammenhang sollte der Patient auf die unrasierte Haartransplantation vorbereitet werden, indem die folgenden Details ber\u00fccksichtigt werden.<\/p>\n<ul>\n<li>Alkohol- und Zigarettenkonsum sollten vor der Operation eingestellt werden,<\/li>\n<li>Blutverd\u00fcnner sollten nicht verwendet werden und der Haartransplantationsspezialist sollte \u00fcber andere Medikamente informiert werden,<\/li>\n<li>Sie sollten den Haartransplantationsspezialisten \u00fcber Ihre aktuelle Krankheit oder Beschwerden informieren,<\/li>\n<li>Sie sollten den Spezialisten \u00fcber Ihre speziellen W\u00fcnsche bez\u00fcglich der Haartransplantation informieren und jedes Detail vor dem Eingriff vereinbaren.<\/li>\n<\/ul>\n<p>Unter Ber\u00fccksichtigung all dieser Details ist es m\u00f6glich, ein perfektes Ergebnis zu erzielen, wenn Sie eine unrasierte Haartransplantation durchf\u00fchren.<\/p>\n<p><strong>Was ist nach einer unrasierten Haartransplantation zu beachten?<\/strong><\/p>\n<p>Nach der Haartransplantation warten noch viele weitere Situationen auf Sie. Aus diesem Grund sollten Sie die Empfehlungen von Experten bez\u00fcglich einer unrasierten Haartransplantation ber\u00fccksichtigen und den Heilungsprozess beschleunigen. Hier sind die wichtigen Punkte, die nach einer unrasierten Haartransplantation auf Sie warten!<\/p>\n<ul>\n<li>Der transplantierte Bereich sollte vor St\u00f6\u00dfen und anderen Einwirkungen gesch\u00fctzt werden,<\/li>\n<li>Beim Schlafen sollte der Kopf vor St\u00f6\u00dfen und Reibungen gesch\u00fctzt werden,<\/li>\n<li>Es sollte darauf geachtet werden, dass das Kopfteil nicht durch die Wahl von Kleidung mit Rei\u00dfverschl\u00fcssen oder Kn\u00f6pfen erzwungen wird,<\/li>\n<li>Schwere und erm\u00fcdende sportliche Aktivit\u00e4ten sollten f\u00fcr 15 Tage nach der Operation vermieden werden,<\/li>\n<li>Sie sollten mindestens 48 Stunden auf die Dusche warten und nicht handeln, ohne sich vom Haartransplantationsspezialisten informiert zu haben.<\/li>\n<li>Es sollten Vorkehrungen getroffen werden, damit der Haartransplantationsbereich nicht in direkten Kontakt mit der Sonne kommt,<\/li>\n<li>Schmerzmittel sollten unter der Kontrolle eines Haartransplantationsspezialisten verwendet werden.<\/li>\n<\/ul>\n<p>Wenn Sie all diese Details beachten, wird innerhalb von 12 Monaten eine signifikante \u00c4nderung eintreten. Auf diese Weise erhalten Sie Ihr nat\u00fcrliches Haar.[\/vc_column_text][\/vc_column][\/vc_row]<\/p>\n<\/div>","protected":false},"excerpt":{"rendered":"<p>[vc_row][vc_column][vc_column_text woodmart_inline=&#8221;no&#8221; text_larger=&#8221;no&#8221;]Unrasierte Haartransplantation Die unrasierte Haartransplantation ist als eine der wichtigsten Anwendungen f\u00fcr M\u00e4nner und Frauen bekannt, die Antworten<\/p>\n","protected":false},"author":2,"featured_media":0,"parent":0,"menu_order":0,"comment_status":"closed","ping_status":"closed","template":"","meta":{"footnotes":""},"class_list":["post-9240","page","type-page","status-publish","hentry"],"_links":{"self":[{"href":"https:\/\/www.baysalsaglik.com\/de\/wp-json\/wp\/v2\/pages\/9240","targetHints":{"allow":["GET"]}}],"collection":[{"href":"https:\/\/www.baysalsaglik.com\/de\/wp-json\/wp\/v2\/pages"}],"about":[{"href":"https:\/\/www.baysalsaglik.com\/de\/wp-json\/wp\/v2\/types\/page"}],"author":[{"embeddable":true,"href":"https:\/\/www.baysalsaglik.com\/de\/wp-json\/wp\/v2\/users\/2"}],"replies":[{"embeddable":true,"href":"https:\/\/www.baysalsaglik.com\/de\/wp-json\/wp\/v2\/comments?post=9240"}],"version-history":[{"count":0,"href":"https:\/\/www.baysalsaglik.com\/de\/wp-json\/wp\/v2\/pages\/9240\/revisions"}],"wp:attachment":[{"href":"https:\/\/www.baysalsaglik.com\/de\/wp-json\/wp\/v2\/media?parent=9240"}],"curies":[{"name":"wp","href":"https:\/\/api.w.org\/{rel}","templated":true}]}}