{"id":9241,"date":"2022-05-26T15:11:52","date_gmt":"2022-05-26T12:11:52","guid":{"rendered":"https:\/\/www.baysalsaglik.com\/schlauchmagenchirurgie\/"},"modified":"2022-05-26T20:44:13","modified_gmt":"2022-05-26T17:44:13","slug":"schlauchmagenchirurgie","status":"publish","type":"page","link":"https:\/\/www.baysalsaglik.com\/de\/schlauchmagenchirurgie\/","title":{"rendered":"Schlauchmagenchirurgie"},"content":{"rendered":"<div class=\"wpb-content-wrapper\"><p>[vc_row][vc_column][vc_column_text woodmart_inline=&#8221;no&#8221; text_larger=&#8221;no&#8221;]<strong>Sondenmagenoperation<\/strong><\/p>\n<p>Die Schlauchmagenentfernung, auch Schlauchmagenentfernung genannt, ist eine Operation zur Magenverkleinerung. Bei der Schlauchmagen-Operation, der heute am weitesten verbreiteten Methode in der Adipositaschirurgie, werden 0,5 cm gro\u00dfe L\u00f6cher von der Vorderwand des Bauches er\u00f6ffnet. In dieser Richtung werden 80% des Magens entfernt. Die restlichen 20 % werden als Schlauchmagen-Operation bezeichnet, da sie der Form einer R\u00f6hre \u00e4hneln. Dieser Eingriff wird auch als geschlossene laparoskopische Chirurgie bezeichnet.<\/p>\n<p><strong>Wie wird eine Schlauchmagenoperation durchgef\u00fchrt?<\/strong><\/p>\n<p>Diese Operation, die mit der laparoskopischen Methode durchgef\u00fchrt wird, ist eine geschlossene Operationstechnik. Es werden keine 10-cm-Einschnitte wie bei offenen Operationen vorgenommen. Der Magen wird mit einigen L\u00f6chern von 0,5 cm aus dem Bauch entnommen. Durch das Senden einer hochaufl\u00f6senden Kamera in die Bauchregion wird der Operationsverlauf auf den Monitoren \u00fcberwacht. Auch diese \u00e4u\u00dferst komfortable Operation wird schmerzfrei und schnell durchgef\u00fchrt.<\/p>\n<p>Die Operation wird unter Vollnarkose durchgef\u00fchrt. Es ist von entscheidender Bedeutung, die Blutung an der Nahtlinie nach der Operation zu kontrollieren. Nachdem die Kontrollen durchgef\u00fchrt wurden, werden die w\u00e4hrend der Operation gesendeten Schl\u00e4uche entfernt und ein Drainagesystem platziert, um \u00fcbersch\u00fcssiges Blut zu entfernen.<\/p>\n<p><strong>Vorteile der Schlauchmagenchirurgie<\/strong><\/p>\n<p>Es gibt verschiedene Vorteile der Schlauchmagenoperation f\u00fcr Einzelpersonen. Diese Vorteile sind allgemein wie folgt.<\/p>\n<ul>\n<li>Nach der Operation kommt es zu einer Abnahme des Magenvolumens. Aus diesem Grund werden Menschen durch den Verzehr von mehr Nahrung s\u00e4ttigender. Dies beschleunigt die Gewichtsabnahme. Es besteht jedoch keine lebenslange Nahrungsrestriktion nach der Operation.<\/li>\n<li>Das Ghrelin-Hormon, auch Hungerhormon genannt, befindet sich in dem entnommenen Teil des Magens. Dadurch verringert sich die Lust auf Essen.<\/li>\n<li>Darm wird nicht behandelt. Auf diese Weise werden Probleme wie Obstruktion, Leckagen und Blutungen im Darm nicht gesehen.<\/li>\n<li>Erfordert weniger Krankenhausaufenthalt.<\/li>\n<li>Keine fremden Substanzen oder Gegenst\u00e4nde werden in irgendeiner Weise in den K\u00f6rper eingebracht.<\/li>\n<li>Es gibt keine Beeintr\u00e4chtigung der Magenabsorption. Daher sind Mineralstoff- und Vitaminm\u00e4ngel viel geringer.<\/li>\n<\/ul>\n<p><strong>Nach Schlauchmagen-OP<\/strong><\/p>\n<p>Es wird nach der Operation \u00e4u\u00dferst komfortabel sein. Denn es handelt sich um eine geschlossene Operationsmethode. Da kleine Einschnitte vorgenommen werden, versp\u00fcren die Patienten weniger Schmerzen in ihrem K\u00f6rper. Dies bringt einen schnellen Wiederherstellungsprozess mit sich. Einzelpersonen 1.3.6. und 12. Monate gepr\u00fcft. Personen, die im ersten Monat durchschnittlich 20 kg abnehmen, werden voraussichtlich 80 % ihres \u00dcbergewichts am Ende eines Jahres verlieren.<\/p>\n<p><strong>Wer kann f\u00fcr eine Schlauchmagenoperation angewendet werden?<\/strong><\/p>\n<p>Wer mit der Ganzbauchoperation abnehmen m\u00f6chte, sollte folgende Voraussetzungen erf\u00fcllen.<\/p>\n<ul>\n<li>Personen m\u00fcssen einen Body-Mass-Index \u00fcber 40 haben.<\/li>\n<li>Menschen mit einem Body-Mass-Index zwischen 35-40 sollten Typ-2-Diabetes, Schlafapnoe und Bluthochdruckprobleme aufgrund von Fettleibigkeit haben.<\/li>\n<li>F\u00fcr Menschen mit neu aufgetretenem Diabetes mellitus Typ 2 und Stoffwechselst\u00f6rungen durch \u00dcbergewicht ist ein Body-Mass-Index von 30 und mehr ausreichend.<\/li>\n<\/ul>\n<p>H\u00e4ufig gestellte Fragen<\/p>\n<p>Bleibt nach der Operation eine Narbe zur\u00fcck?<\/p>\n<p>Die Operation wird mit der geschlossenen Methode durchgef\u00fchrt. Lediglich am Bauch sind kleine Schnittnarben vorhanden. Diese Narben verschwinden innerhalb weniger Monate.<\/p>\n<p>Wie viel Gewicht wird bei einer Schlauchmagenoperation verloren?<\/p>\n<p>Es wird erwartet, dass Einzelpersonen 2 Jahre nach der Operation 70 bis 80 % ihres \u00dcbergewichts verlieren.<\/p>\n<p>Wird das Gewicht nach der Operation wieder zunehmen?<\/p>\n<p>Personen k\u00f6nnen aufgrund einer unregelm\u00e4\u00dfigen Ern\u00e4hrung wieder an Gewicht zunehmen. Diese Quote liegt bei etwa 15 %.<\/p>\n<p>Wenn Sie Informationen zu Schlauchmagen-Preisen und mehr erhalten m\u00f6chten, kontaktieren Sie uns einfach.[\/vc_column_text][\/vc_column][\/vc_row]<\/p>\n<\/div>","protected":false},"excerpt":{"rendered":"<p>[vc_row][vc_column][vc_column_text woodmart_inline=&#8221;no&#8221; text_larger=&#8221;no&#8221;]Sondenmagenoperation Die Schlauchmagenentfernung, auch Schlauchmagenentfernung genannt, ist eine Operation zur Magenverkleinerung. Bei der Schlauchmagen-Operation, der heute am weitesten<\/p>\n","protected":false},"author":2,"featured_media":0,"parent":0,"menu_order":0,"comment_status":"closed","ping_status":"closed","template":"","meta":{"footnotes":""},"class_list":["post-9241","page","type-page","status-publish","hentry"],"_links":{"self":[{"href":"https:\/\/www.baysalsaglik.com\/de\/wp-json\/wp\/v2\/pages\/9241","targetHints":{"allow":["GET"]}}],"collection":[{"href":"https:\/\/www.baysalsaglik.com\/de\/wp-json\/wp\/v2\/pages"}],"about":[{"href":"https:\/\/www.baysalsaglik.com\/de\/wp-json\/wp\/v2\/types\/page"}],"author":[{"embeddable":true,"href":"https:\/\/www.baysalsaglik.com\/de\/wp-json\/wp\/v2\/users\/2"}],"replies":[{"embeddable":true,"href":"https:\/\/www.baysalsaglik.com\/de\/wp-json\/wp\/v2\/comments?post=9241"}],"version-history":[{"count":0,"href":"https:\/\/www.baysalsaglik.com\/de\/wp-json\/wp\/v2\/pages\/9241\/revisions"}],"wp:attachment":[{"href":"https:\/\/www.baysalsaglik.com\/de\/wp-json\/wp\/v2\/media?parent=9241"}],"curies":[{"name":"wp","href":"https:\/\/api.w.org\/{rel}","templated":true}]}}