{"id":9243,"date":"2022-05-26T15:15:25","date_gmt":"2022-05-26T12:15:25","guid":{"rendered":"https:\/\/www.baysalsaglik.com\/implantatbehandlung\/"},"modified":"2022-05-26T20:44:13","modified_gmt":"2022-05-26T17:44:13","slug":"implantatbehandlung","status":"publish","type":"page","link":"https:\/\/www.baysalsaglik.com\/de\/implantatbehandlung\/","title":{"rendered":"Implantatbehandlung"},"content":{"rendered":"<div class=\"wpb-content-wrapper\"><p>[vc_row][vc_column][vc_column_text woodmart_inline=&#8221;no&#8221; text_larger=&#8221;no&#8221;]Die Implantatbehandlung ist eine k\u00fcnstliche Zahnwurzel, die verwendet wird, um die \u00c4sthetik und Funktion fehlender Z\u00e4hne zu gew\u00e4hrleisten. Implantate, die in letzter Zeit sehr gefragt sind, sind \u00e4u\u00dferst langlebige und vorteilhafte k\u00fcnstliche Zahnwurzeln. Aus Titan werden Implantate gewonnen, die in den Kieferknochen des Patienten eingesetzt werden und aus f\u00fcr die Zahnstruktur geeigneten Materialien bestehen.<\/p>\n<p>Trotz der enormen modernen M\u00f6glichkeiten und des bedingungslosen Erfolgs der Zahnheilkunde ist Zahnverlust auch heute noch aktuell. Wir alle wollen selbstbewusst durchs Leben gehen und der Zustand unserer Z\u00e4hne beeinflusst unser Selbstwertgef\u00fchl stark. Noch vor 20 Jahren wurde der Ersatz eines verlorenen oder extrahierten Zahns mit begrenzten prothetischen Methoden bewerkstelligt. Heute besteht kein Zweifel daran, dass die Implantation unter allen m\u00f6glichen Optionen die geeignetste und qualitativ hochwertigste Prothese ist.<\/p>\n<p>Implantate werden im Allgemeinen bevorzugt, um dem Einzelnen ein nat\u00fcrliches Zahngef\u00fchl zu vermitteln. Dies verhilft den Implantaten zu einem nat\u00fcrlichen Aussehen. Menschen, die einen Implantatantrag stellen m\u00f6chten, fragen sich, bei wem Implantatantr\u00e4ge gestellt werden k\u00f6nnen. Also, bei wem kann das Implantat angewendet werden? Was sind die Vorteile der Implantatanwendung? Lassen Sie es uns gemeinsam untersuchen.<\/p>\n<p><strong>Wer kann Implantate haben?<\/strong><\/p>\n<p>Bei krankheitsbedingtem Zahnverlust wird ein Zahnimplantat empfohlen. Dar\u00fcber hinaus werden Implantate nach unfallbedingtem Zahnverlust und bei angeborenem Zahnverlust bevorzugt. Generell sollte jedes fehlende St\u00fcck durch ein Implantat ersetzt werden. Es ist jedoch m\u00f6glich, ihre Anzahl in einigen Bereichen des Mundes zu reduzieren, in denen die Z\u00e4hne weniger belastet sind.<\/p>\n<p>Das Implantat wird normalerweise unter \u00f6rtlicher Bet\u00e4ubung platziert und einige, wie z. B. die Sofortbelastung, erm\u00f6glichen eine Reduzierung des gesamten Eingriffs. Die neuesten Fortschritte in der Implantologie erm\u00f6glichen die Extraktion eines Zahns, die Platzierung des Implantats und den sofortigen Einbau einer provisorischen Prothese sowie den Ersatz des Zahns in situ in derselben Sitzung.<\/p>\n<p>Computergest\u00fctzte Implantate, CAD-CAM, werden wesentlich pr\u00e4ziser und schmerzfreier fixiert als zuvor mit einem CT-Scan. Dar\u00fcber hinaus lockert sich die Krone im Laufe der Zeit weniger und das Ergebnis ist \u00e4sthetisch ansprechender.<\/p>\n<p>Vorteile des Implantats<\/p>\n<p>Es gibt mehrere Vorteile, die das Implantat bietet. Diese Vorteile sind allgemein wie folgt.<\/p>\n<ul>\n<li>Es ist die sicherste Option.<\/li>\n<li>Es erh\u00e4lt die Funktion am Knochen. Dies beugt Knochenschwund vor.<\/li>\n<li>Das Kaugef\u00fchl \u00e4hnelt dem eines nat\u00fcrlichen Zahnes.<\/li>\n<li>Die Implantatpflege \u00e4hnelt den Bed\u00fcrfnissen anderer Z\u00e4hne. Sie k\u00f6nnen das Implantat durch regelm\u00e4\u00dfiges Z\u00e4hneputzen erhalten.<\/li>\n<li>Es ist viel einfacher, wenn es um die Pflege eines Zahnimplantats geht.<\/li>\n<\/ul>\n<p><strong>H\u00e4ufig gestellte Fragen<\/strong><\/p>\n<p>Wird es w\u00e4hrend des Implantationsverfahrens Schmerzen geben?<\/p>\n<p>W\u00e4hrend der Implantatbehandlung wird eine An\u00e4sthesie angewendet. Es gibt keine Schmerzen in dieser Richtung.<\/p>\n<p>F\u00fcr wen ist das Implantat geeignet?<\/p>\n<p>Ob Personen f\u00fcr Implantate geeignet sind, kann mit einer \u00e4rztlichen Untersuchung entschieden werden.<\/p>\n<p>Sollten Implantate gereinigt werden?<\/p>\n<p>Die Implantatreinigung ist \u00e4u\u00dferst wichtig. Deshalb muss das Implantat gereinigt werden.[\/vc_column_text][\/vc_column][\/vc_row]<\/p>\n<\/div>","protected":false},"excerpt":{"rendered":"<p>[vc_row][vc_column][vc_column_text woodmart_inline=&#8221;no&#8221; text_larger=&#8221;no&#8221;]Die Implantatbehandlung ist eine k\u00fcnstliche Zahnwurzel, die verwendet wird, um die \u00c4sthetik und Funktion fehlender Z\u00e4hne zu gew\u00e4hrleisten.<\/p>\n","protected":false},"author":2,"featured_media":0,"parent":0,"menu_order":0,"comment_status":"closed","ping_status":"closed","template":"","meta":{"footnotes":""},"class_list":["post-9243","page","type-page","status-publish","hentry"],"_links":{"self":[{"href":"https:\/\/www.baysalsaglik.com\/de\/wp-json\/wp\/v2\/pages\/9243","targetHints":{"allow":["GET"]}}],"collection":[{"href":"https:\/\/www.baysalsaglik.com\/de\/wp-json\/wp\/v2\/pages"}],"about":[{"href":"https:\/\/www.baysalsaglik.com\/de\/wp-json\/wp\/v2\/types\/page"}],"author":[{"embeddable":true,"href":"https:\/\/www.baysalsaglik.com\/de\/wp-json\/wp\/v2\/users\/2"}],"replies":[{"embeddable":true,"href":"https:\/\/www.baysalsaglik.com\/de\/wp-json\/wp\/v2\/comments?post=9243"}],"version-history":[{"count":0,"href":"https:\/\/www.baysalsaglik.com\/de\/wp-json\/wp\/v2\/pages\/9243\/revisions"}],"wp:attachment":[{"href":"https:\/\/www.baysalsaglik.com\/de\/wp-json\/wp\/v2\/media?parent=9243"}],"curies":[{"name":"wp","href":"https:\/\/api.w.org\/{rel}","templated":true}]}}