{"id":9244,"date":"2022-05-26T15:14:09","date_gmt":"2022-05-26T12:14:09","guid":{"rendered":"https:\/\/www.baysalsaglik.com\/magenballon\/"},"modified":"2022-05-26T20:44:14","modified_gmt":"2022-05-26T17:44:14","slug":"magenballon","status":"publish","type":"page","link":"https:\/\/www.baysalsaglik.com\/de\/magenballon\/","title":{"rendered":"Magenballon"},"content":{"rendered":"<div class=\"wpb-content-wrapper\"><p>[vc_row][vc_column][vc_column_text woodmart_inline=&#8221;no&#8221; text_larger=&#8221;no&#8221;]Der Magenballon ist eine der am h\u00e4ufigsten bevorzugten Methoden von Menschen, die abnehmen und ihr ideales K\u00f6rpergewicht erreichen m\u00f6chten. In dieser Richtung k\u00f6nnen wir sagen, dass viele Menschen neugierig auf die Magenballonanwendung sind. Lassen Sie uns nun gemeinsam alle Details untersuchen, die Sie \u00fcber den Magenballon wissen m\u00fcssen.<\/p>\n<p><strong>Was ist ein Magenballon?<\/strong><\/p>\n<p>Die Platzierung des Magenballons ist ein ambulanter Eingriff, der es dem Patienten erm\u00f6glicht, in kurzer Zeit Gewicht zu verlieren. Die Magenballonoperation erfordert keinen Krankenhausaufenthalt, sie hilft, die Di\u00e4t einzuhalten und gute Ergebnisse zu erzielen. Der mit Fl\u00fcssigkeit gef\u00fcllte Ballon nimmt den gr\u00f6\u00dften Teil des Magens ein und l\u00e4sst wenig Platz f\u00fcr Nahrung. Dadurch stellt sich das S\u00e4ttigungsgef\u00fchl schneller ein, die Portionen werden kleiner und das Gewicht nimmt allm\u00e4hlich um 10-30 kg ab.<\/p>\n<p><strong>Indikationen und Kontraindikationen f\u00fcr den Magenballon<\/strong><\/p>\n<p>Im Kampf gegen Fettleibigkeit wird der Magenballon ohne chirurgische Behandlung und in der Vorbereitungsphase eingesetzt. Um einem Menschen einen Magenballon anzulegen, wird der Body-Mass-Index \u00fcberpr\u00fcft. Bei fehlender Indikation f\u00fcr 2 Operationen bis 30 kg \/ m wird eine Di\u00e4t durchgef\u00fchrt, um mit Hilfe verschiedener Di\u00e4ten und ohne nachhaltige Wirkung Gewicht zu verlieren.<\/p>\n<p>Die Operation kann bei Vorhandensein von 50 kg \/ m 2 , \u00fcberm\u00e4\u00dfiger Fettleibigkeit und begleitenden Pathologien zur pr\u00e4operativen Vorbereitung durchgef\u00fchrt werden. Das Volumen des Ballons betr\u00e4gt 700 &#8211; 1500 ml und wird individuell nach Gewicht des Patienten gew\u00e4hlt. Die Operation hat minimale Kontraindikationen. In diesem akuten Stadium sind Magengeschw\u00fcre akute Infektionskrankheiten, psychische St\u00f6rungen und lebensbedrohliche Zust\u00e4nde.<\/p>\n<p><strong>Vorbereitung vor einer Magenballonoperation<\/strong><\/p>\n<p>Manipulation erfordert keine spezielle Ausbildung, Analyse und Krankenhausaufenthalt unter Aufsicht. Der Eingriff wird unter intraven\u00f6ser An\u00e4sthesie durchgef\u00fchrt und ist \u00fcblicherweise in drei Phasen unterteilt:<\/p>\n<p>&nbsp;<\/p>\n<ul>\n<li>Um den Zustand des Magens zu beurteilen, wird eine Fibrogastroskopie durchgef\u00fchrt.<\/li>\n<li>Ein in einen Schlauch gewickelter intragastrischer Ballon wird in den Magen eingef\u00fchrt.<\/li>\n<li>Der Ballon wird mit einer L\u00f6sung bis zu einem vorbestimmten Volumen gef\u00fcllt.<\/li>\n<\/ul>\n<p>Nach der Manipulation k\u00f6nnen leichte Schmerzen im Oberbauch, \u00dcbelkeit und Erbrechen auftreten. Die Beschwerden verschwinden in 3-5 Tagen. Das Entfernen des Magenballons ist genauso einfach und schnell wie das Platzieren. Der Magenballon besteht aus Latex und ist v\u00f6llig unbedenklich. Als F\u00fcllstoff wird eine mit Methylenblau eingef\u00e4rbte Kochsalzl\u00f6sung aus Natriumchlorid verwendet, die bei vorzeitiger Zerst\u00f6rung der Ballonwand die Farbe des Urins ver\u00e4ndert und dem Patienten deutlich anzeigt, dass der Ballon entfernt werden muss. Ein Ballon wird f\u00fcr einen Zeitraum von 6 Monaten in den Magen gelegt, wodurch Sie sich daran gew\u00f6hnen k\u00f6nnen, in kleinen Portionen zu essen.<\/p>\n<p><strong>Was sind die Auswirkungen des Magenballons?<\/strong><\/p>\n<p>Die Wirksamkeit der Adipositasbehandlung und des Gewichtsmanagements mit dem Magenballon h\u00e4ngt ma\u00dfgeblich von Ihrer Motivation und Disziplin ab. Sechs Monate reichen aus, um eine neue Ern\u00e4hrung zu entwickeln. Sie m\u00fcssen sich nur daran halten und Ihren Erfolg festigen.<\/p>\n<p><strong>Ist der Magenballon f\u00fcr jeden geeignet?<\/strong><\/p>\n<p>Die Magenballonoperation kann grunds\u00e4tzlich bei Personen mit einem Body-Mass-Index zwischen 27 und 35 durchgef\u00fchrt werden. Bei der Magenballonoperation, die von Menschen bevorzugt wird, die sich keiner bariatrischen Operation unterziehen m\u00f6chten, sollten zun\u00e4chst das Gesamtk\u00f6rpergewicht und der Body-Mass-Index der Patienten berechnet werden. In dieser Richtung wird entschieden, ob die Magenballonoperation durchgef\u00fchrt werden kann oder nicht. Es wurde beobachtet, dass Patienten nach der Operation im Allgemeinen 20 % ihres K\u00f6rpergewichts verlieren. Die Rolle des Patienten ist auch sehr hoch, um diese extrem hohen Verluste zu realisieren.<\/p>\n<p><strong>Was ist nach einer Magenballonoperation zu beachten?<\/strong><\/p>\n<p>Nach einer Magenballonoperation k\u00f6nnen bei Patienten Beschwerden wie Kr\u00e4mpfe und \u00dcbelkeit auftreten. In dieser Richtung k\u00f6nnen Sie die Auswirkungen der Operation minimieren, indem Sie verschiedene Medikamente und Methoden anwenden, die Ihr Arzt empfehlen wird. Da die Magenballonoperation kein chirurgischer Eingriff ist, treten nach der Operation nicht viele Komplikationen auf.[\/vc_column_text][\/vc_column][\/vc_row]<\/p>\n<\/div>","protected":false},"excerpt":{"rendered":"<p>[vc_row][vc_column][vc_column_text woodmart_inline=&#8221;no&#8221; text_larger=&#8221;no&#8221;]Der Magenballon ist eine der am h\u00e4ufigsten bevorzugten Methoden von Menschen, die abnehmen und ihr ideales K\u00f6rpergewicht erreichen<\/p>\n","protected":false},"author":2,"featured_media":0,"parent":0,"menu_order":0,"comment_status":"closed","ping_status":"closed","template":"","meta":{"footnotes":""},"class_list":["post-9244","page","type-page","status-publish","hentry"],"_links":{"self":[{"href":"https:\/\/www.baysalsaglik.com\/de\/wp-json\/wp\/v2\/pages\/9244","targetHints":{"allow":["GET"]}}],"collection":[{"href":"https:\/\/www.baysalsaglik.com\/de\/wp-json\/wp\/v2\/pages"}],"about":[{"href":"https:\/\/www.baysalsaglik.com\/de\/wp-json\/wp\/v2\/types\/page"}],"author":[{"embeddable":true,"href":"https:\/\/www.baysalsaglik.com\/de\/wp-json\/wp\/v2\/users\/2"}],"replies":[{"embeddable":true,"href":"https:\/\/www.baysalsaglik.com\/de\/wp-json\/wp\/v2\/comments?post=9244"}],"version-history":[{"count":0,"href":"https:\/\/www.baysalsaglik.com\/de\/wp-json\/wp\/v2\/pages\/9244\/revisions"}],"wp:attachment":[{"href":"https:\/\/www.baysalsaglik.com\/de\/wp-json\/wp\/v2\/media?parent=9244"}],"curies":[{"name":"wp","href":"https:\/\/api.w.org\/{rel}","templated":true}]}}