{"id":9245,"date":"2022-05-26T15:10:01","date_gmt":"2022-05-26T12:10:01","guid":{"rendered":"https:\/\/www.baysalsaglik.com\/bart-und-schnurrbarttransplantation\/"},"modified":"2022-05-26T20:44:14","modified_gmt":"2022-05-26T17:44:14","slug":"bart-und-schnurrbarttransplantation","status":"publish","type":"page","link":"https:\/\/www.baysalsaglik.com\/de\/bart-und-schnurrbarttransplantation\/","title":{"rendered":"Bart- und Schnurrbarttransplantation"},"content":{"rendered":"<div class=\"wpb-content-wrapper\"><p>[vc_row][vc_column][vc_column_text woodmart_inline=&#8221;no&#8221; text_larger=&#8221;no&#8221;]Schnurrbart ist eine der bevorzugten Optionen, um ein qualitativ besseres Bild auf dem Gesicht von M\u00e4nnern zu bieten. In diesem Zusammenhang ist es f\u00fcr einen Mann, der sich einen Schnurrbart wachsen lassen m\u00f6chte, das Wichtigste, sich professionelle Unterst\u00fctzung zu holen. In diesem Zusammenhang sollten Sie auch Ma\u00dfnahmen f\u00fcr einen gesunden Schnurrbart-Transplantationsprozess ergreifen.<\/p>\n<p>Schnurrbart gilt als ein sehr wichtiges Element in der anatolischen Geographie. Aus diesem Grund ist es f\u00fcr M\u00e4nner, die keinen Schnurrbart haben, selbstverst\u00e4ndlich, sich eine maskulinere Struktur zu w\u00fcnschen, indem sie einen Schnurrbart pflanzen lassen. Von den erfolgreichsten Optionen kann im Rahmen der Schnurrbarttransplantation profitiert werden, die als \u00e4rztliche Praxis gilt.<\/p>\n<p><strong>Wie wird eine Schnurrbarttransplantation durchgef\u00fchrt?<\/strong><\/p>\n<p>Das Wichtigste bei der Schnurrbarttransplantation ist die Bewerbung bei einem professionellen Transplantationszentrum. Andernfalls ist es nicht m\u00f6glich, den Schnurrbart zu erreichen, von dem Sie tr\u00e4umen. Schauen wir uns also genauer an, wie der Prozess abl\u00e4uft!<\/p>\n<p>Die Schnurrbarttransplantation wird mit FUE durchgef\u00fchrt, was wie bei der Haartransplantation die erfolgreichste Methode ist. Die FUE-Technik wird nicht nur wegen ihrer hohen Qualit\u00e4t bevorzugt, sondern auch, weil sie eine erfolgreiche Technik ist. Der Prozess beginnt, um den aus verschiedenen Gr\u00fcnden verursachten Haarmangel zu beseitigen.<\/p>\n<p>Die Operation, die mit \u00f6rtlicher Bet\u00e4ubung beginnt, wird mit der st\u00fcckweisen Entfernung der Haare aus dem Spenderbereich im Rahmen der FUE-Technik fortgesetzt. Wichtig bei diesem Prozess ist, dass die Haare in der richtigen Richtung und im richtigen Winkel gepflanzt werden. Dank dieser Option, die besonders bevorzugt wird, um Spuren zu vermeiden, ist es m\u00f6glich, von der idealsten Option zu profitieren. Nachdem die Schnurrb\u00e4rte auf der gew\u00fcnschten H\u00f6he gepflanzt wurden, beginnt der Heilungsprozess. Auf diese Weise ist es m\u00f6glich, die getr\u00e4umte Visualit\u00e4t zu erreichen.<\/p>\n<p><strong>Dinge, die vor einer Schnurrbarttransplantation zu beachten sind<\/strong><\/p>\n<p>Es ist vorteilhaft f\u00fcr Einzelpersonen, vor dem Schnurrbart-Transplantationsprozess vorsichtig zu sein. Weil die Schnurrbarttransplantation einen sensiblen Prozess vor und nach der Haartransplantation verursacht. Wenn Sie in diesem Zusammenhang einen Schnurrbart pflanzen lassen m\u00f6chten, ist es sinnvoll, die folgenden Details zu ber\u00fccksichtigen.<\/p>\n<ul>\n<li>Schnurrbartbereich sollte vor der Operation sauber sein,<\/li>\n<li>Blutverd\u00fcnner und Elemente, die die Operation erschweren, sollten nicht konsumiert werden,<\/li>\n<li>Koffeinhaltige Lebensmittel wie Kaffee und Tee sollten nicht verzehrt werden,<\/li>\n<li>Vermeiden Sie Substanzen, die die Heilung verz\u00f6gern, wie Zigaretten und Alkohol,<\/li>\n<li>Kleidung mit Kn\u00f6pfen oder Rei\u00dfverschl\u00fcssen sollte anstelle von Kleidung bevorzugt werden, bei der der Schnurrbart reibt.<\/li>\n<\/ul>\n<p><strong>Dinge, die nach einer Schnurrbarttransplantation zu beachten sind<\/strong><\/p>\n<p>Nach einer Schnurrbarttransplantation sind die Details zu beachten, die sich direkt auf den Heilungsprozess auswirken. Aus diesem Grund sollten die folgenden Punkte ber\u00fccksichtigt werden, um die Wiederherstellung zu erleichtern.<\/p>\n<ul>\n<li>Wenn die Schnurrbarttransplantation abgeschlossen ist, ist es dem Individuum m\u00f6glich, in sein soziales Leben zur\u00fcckzukehren,<\/li>\n<li>Der Heilungsprozess sollte ausgel\u00f6st werden, indem die erste W\u00e4sche innerhalb der vom Transplantationsspezialisten festgelegten Frist durchgef\u00fchrt wird.<\/li>\n<li>darf den Schnurrbartbereich bis zum Waschvorgang nicht ber\u00fchren,<\/li>\n<li>Es sollten Schutzma\u00dfnahmen gegen Situationen wie Reibung und Sto\u00df getroffen werden,<\/li>\n<li>Um sich zu rasieren, sollten Sie eine Expertenmeinung einholen und dabei vorsichtig sein,<\/li>\n<li>Sie k\u00f6nnen Ihre Schmerzen lindern, indem Sie Schmerzmittel w\u00e4hlen, die vom Spezialisten gegen Schmerzen empfohlen werden.<\/li>\n<li>Sie m\u00fcssen durchschnittlich 10 Monate warten, um einen nat\u00fcrlichen Schnurrbart-Look zu bekommen.<\/li>\n<\/ul>\n<p><strong>Wer kann eine Schnurrbarttransplantation haben?<\/strong><\/p>\n<p>Es gibt Fragezeichen dar\u00fcber, wer die Menschen sein werden, die eine Schnurrbarttransplantation w\u00fcnschen. Als Ergebnis der Voruntersuchungen kann jeder von einer Schnurrbarttransplantation profitieren, der keine gesundheitlichen Probleme im Zusammenhang mit einer Schnurrbarttransplantation hat. An dieser Stelle werden das Ausd\u00fcnnen der Haare, das Nichtwachstum oder die Sp\u00e4rlichkeit im Schnurrbartbereich aus verschiedenen Gr\u00fcnden als Gr\u00fcnde angesehen, die eine Schnurrbarttransplantation erfordern.<\/p>\n<p>Wenn Sie auch mit einer Ausd\u00fcnnung Ihres Schnurrbarts konfrontiert sind, sollten Sie unbedingt eine Schnurrbarttransplantation durchf\u00fchren lassen und ein nat\u00fcrliches Aussehen erhalten. Alles, was Sie tun m\u00fcssen, um ein nat\u00fcrliches Aussehen zu erhalten, ist, sich bei einer professionellen Klinik f\u00fcr Schnurrbarttransplantationen zu bewerben.<\/p>\n<p><strong>H\u00e4ufig gestellte Fragen zur Schnurrbarttransplantation<\/strong><\/p>\n<p>Wie lange dauert die Schnurrbarttransplantation?<\/p>\n<p>Obwohl die Schnurrbarttransplantation von Person zu Person unterschiedlich ist, variiert die Operationszeit im Durchschnitt zwischen 3 und 5 Stunden.<\/p>\n<p>Welche Altersgruppe ist f\u00fcr eine Haartransplantation geeignet?<\/p>\n<p>Obwohl es keine Altersgrenze f\u00fcr Haartransplantationen gibt, liegt die Untergrenze bei 24 Jahren. Wenn das Haar bei M\u00e4nnern ab 24 Jahren nicht dicht genug ist, kann eine Schnurrbarttransplantation durchgef\u00fchrt werden.[\/vc_column_text][\/vc_column][\/vc_row]<\/p>\n<\/div>","protected":false},"excerpt":{"rendered":"<p>[vc_row][vc_column][vc_column_text woodmart_inline=&#8221;no&#8221; text_larger=&#8221;no&#8221;]Schnurrbart ist eine der bevorzugten Optionen, um ein qualitativ besseres Bild auf dem Gesicht von M\u00e4nnern zu bieten.<\/p>\n","protected":false},"author":2,"featured_media":0,"parent":0,"menu_order":0,"comment_status":"closed","ping_status":"closed","template":"","meta":{"footnotes":""},"class_list":["post-9245","page","type-page","status-publish","hentry"],"_links":{"self":[{"href":"https:\/\/www.baysalsaglik.com\/de\/wp-json\/wp\/v2\/pages\/9245","targetHints":{"allow":["GET"]}}],"collection":[{"href":"https:\/\/www.baysalsaglik.com\/de\/wp-json\/wp\/v2\/pages"}],"about":[{"href":"https:\/\/www.baysalsaglik.com\/de\/wp-json\/wp\/v2\/types\/page"}],"author":[{"embeddable":true,"href":"https:\/\/www.baysalsaglik.com\/de\/wp-json\/wp\/v2\/users\/2"}],"replies":[{"embeddable":true,"href":"https:\/\/www.baysalsaglik.com\/de\/wp-json\/wp\/v2\/comments?post=9245"}],"version-history":[{"count":0,"href":"https:\/\/www.baysalsaglik.com\/de\/wp-json\/wp\/v2\/pages\/9245\/revisions"}],"wp:attachment":[{"href":"https:\/\/www.baysalsaglik.com\/de\/wp-json\/wp\/v2\/media?parent=9245"}],"curies":[{"name":"wp","href":"https:\/\/api.w.org\/{rel}","templated":true}]}}