{"id":9249,"date":"2022-05-26T15:13:19","date_gmt":"2022-05-26T12:13:19","guid":{"rendered":"https:\/\/www.baysalsaglik.com\/mini-magen-bypass\/"},"modified":"2022-05-26T20:44:14","modified_gmt":"2022-05-26T17:44:14","slug":"mini-magen-bypass","status":"publish","type":"page","link":"https:\/\/www.baysalsaglik.com\/de\/mini-magen-bypass\/","title":{"rendered":"Mini-Magen-ByPass"},"content":{"rendered":"<div class=\"wpb-content-wrapper\"><p>[vc_row][vc_column][vc_column_text woodmart_inline=&#8221;no&#8221; text_larger=&#8221;no&#8221;]<strong>Mini-Gastritis-Bypass<\/strong><\/p>\n<p>Der Mini-Magenbypass, der zu den Methoden der Adipositaschirurgie geh\u00f6rt, wird auch in der Stoffwechselchirurgie angewendet. Wir k\u00f6nnen sagen, dass diese Methode f\u00fcr Personen geeignet ist, die kontrolliert abnehmen und die durch das Gewicht verursachten Krankheiten loswerden m\u00f6chten. Da die Erholungszeit nach der Operation extrem kurz ist, wird sie viel st\u00e4rker beansprucht als andere Methoden.<\/p>\n<p>Die Mini-Magenbypass-Operation, die eine Alternative zur Schlauchmagen-Operation darstellt, sorgt durch die Reduzierung des Magenvolumens f\u00fcr ein konstantes S\u00e4ttigungsgef\u00fchl. Auf diese Weise wird den Patienten geholfen, ihr Gewicht bestm\u00f6glich zu kontrollieren.<\/p>\n<p><strong>Wie wird die Mini-Gastritis-Bypass-Operation angewendet?<\/strong><\/p>\n<p>Unter einer Mini-Gastritis-Bypass-Operation versteht man die Volumenverkleinerung des Magens und die Entfernung eines Teils des D\u00fcnndarms. Bei der komplett geschlossenen Operation werden keine gro\u00dfen Schnitte gemacht. Es wird mit 5-6 Schnitten unter 1 cm durchgef\u00fchrt. Durch die gemachten L\u00f6cher werden chirurgische Instrumente in den Bauch getragen. Mit den verwendeten Kameras wird am Eingang des Magens eine Magensonde angelegt. Ein gro\u00dfer Teil des Magens ist vom kleineren Teil getrennt. W\u00e4hrend der Operation werden keine Organe entnommen. Der durchtrennte Teil des Magens verbleibt im Bauch und produziert weiterhin sein Sekret.<\/p>\n<p><strong>Bei wem wird ein Mini-Magenbypass angewendet?<\/strong><\/p>\n<p>Der wichtigste Faktor bei der Durchf\u00fchrung dieser Operation, die fast ein Ausgangspunkt f\u00fcr \u00fcbergewichtige Personen ist, ist die Vorgeschichte des Patienten. Anhand der Ern\u00e4hrungs- und Gewichtsanamnese des Patienten entscheidet der Arzt, ob er f\u00fcr diese Operation geeignet ist. Diese Operation wird Personen mit einem Body-Mass-Index \u00fcber 50 oder Personen mit Typ-2-Diabetes empfohlen.<\/p>\n<p>Es kann bei Personen angewendet werden, die wieder krankhaft fettleibig sind, indem sie Jahre sp\u00e4ter im Rahmen einer Schlauchmagenoperation an Gewicht zunehmen. Bei diesen Patienten wurde bereits eine Schlauchmagenoperation durchgef\u00fchrt, die die erste Stufe der Mini-Magenbypass-Operation darstellt. Lediglich die zweite Stufe, die Unterbindung der Eingeweide, kommt hinzu.<\/p>\n<p><strong>Nach der Operation<\/strong><\/p>\n<p>W\u00e4hrend der Operation kann ein 2-3-t\u00e4giger Katheter in den Magen gelegt werden. Dieser Katheter wird nach 2-3 Tagen entfernt. Nach der Operation wird in keiner Weise feste Nahrung zu sich genommen. Nach dem 3. Tag wird die Nahrungsaufnahme mit w\u00e4ssrigen Speisen begonnen. Dann erfolgt der \u00dcbergang zu p\u00fcrierten und weichen Speisen. An den Beinen und F\u00fc\u00dfen werden spezielle Socken getragen, um Blutgerinnseln vorzubeugen.<\/p>\n<p><strong>Unterschiede zwischen Mini-Gastritis-Bypass und Gastritis-Bypass<\/strong><\/p>\n<p>Es gibt verschiedene Unterschiede zwischen dem Gastritis-Bypass, bekannt als Sleeve-Gastrektomie, und dem Mini-Gastritis-Bypass. Wissenswertes \u00fcber die beiden Methoden sind wie folgt:<\/p>\n<ul>\n<li>Bei der Magenbypass-Operation wird der Darm durchtrennt und mit dem Magen verbunden und der Magen verkleinert. Bei der Mini-Gastritis-Bypass-Operation wird der Darm ohne Schnitt mit dem Magen verbunden.<\/li>\n<li>Die Schlauchmagen-Operation hat zwei Stiche, die Anastomose genannt werden. Dies erh\u00f6ht die Wahrscheinlichkeit von Komplikationen. Diese Komplikationen treten jedoch bei Mini-Bypass-Operationen seltener auf.<\/li>\n<li>Bei einer Schlauchmagen-Operation wird der Magen kleiner, die Nahrungsaufnahme nimmt ab und der D\u00fcnndarm wird durchtrennt. Daher ist der Gewichtsverlustprozess schneller.<\/li>\n<\/ul>\n<p><strong>Mini-Gastritis-Bypass-Preise<\/strong><\/p>\n<p>Das am meisten recherchierte Thema von Personen, die ihr zus\u00e4tzliches Gewicht loswerden m\u00f6chten, sind Mini-Gastritis-Bypass-Preise. Detaillierte Informationen erhalten Sie in unserer Klinik, die Ihnen diesbez\u00fcglich professionelle Unterst\u00fctzung bietet.[\/vc_column_text][\/vc_column][\/vc_row]<\/p>\n<\/div>","protected":false},"excerpt":{"rendered":"<p>[vc_row][vc_column][vc_column_text woodmart_inline=&#8221;no&#8221; text_larger=&#8221;no&#8221;]Mini-Gastritis-Bypass Der Mini-Magenbypass, der zu den Methoden der Adipositaschirurgie geh\u00f6rt, wird auch in der Stoffwechselchirurgie angewendet. Wir k\u00f6nnen<\/p>\n","protected":false},"author":2,"featured_media":0,"parent":0,"menu_order":0,"comment_status":"closed","ping_status":"closed","template":"","meta":{"footnotes":""},"class_list":["post-9249","page","type-page","status-publish","hentry"],"_links":{"self":[{"href":"https:\/\/www.baysalsaglik.com\/de\/wp-json\/wp\/v2\/pages\/9249","targetHints":{"allow":["GET"]}}],"collection":[{"href":"https:\/\/www.baysalsaglik.com\/de\/wp-json\/wp\/v2\/pages"}],"about":[{"href":"https:\/\/www.baysalsaglik.com\/de\/wp-json\/wp\/v2\/types\/page"}],"author":[{"embeddable":true,"href":"https:\/\/www.baysalsaglik.com\/de\/wp-json\/wp\/v2\/users\/2"}],"replies":[{"embeddable":true,"href":"https:\/\/www.baysalsaglik.com\/de\/wp-json\/wp\/v2\/comments?post=9249"}],"version-history":[{"count":0,"href":"https:\/\/www.baysalsaglik.com\/de\/wp-json\/wp\/v2\/pages\/9249\/revisions"}],"wp:attachment":[{"href":"https:\/\/www.baysalsaglik.com\/de\/wp-json\/wp\/v2\/media?parent=9249"}],"curies":[{"name":"wp","href":"https:\/\/api.w.org\/{rel}","templated":true}]}}