{"id":9252,"date":"2022-05-26T15:16:24","date_gmt":"2022-05-26T12:16:24","guid":{"rendered":"https:\/\/www.baysalsaglik.com\/zirkoniumbeschichtung\/"},"modified":"2022-05-26T20:44:14","modified_gmt":"2022-05-26T17:44:14","slug":"zirkoniumbeschichtung","status":"publish","type":"page","link":"https:\/\/www.baysalsaglik.com\/de\/zirkoniumbeschichtung\/","title":{"rendered":"Zirkoniumbeschichtung"},"content":{"rendered":"<div class=\"wpb-content-wrapper\"><p>[vc_row][vc_column][vc_column_text woodmart_inline=&#8221;no&#8221; text_larger=&#8221;no&#8221;]Unter Zirkonbeschichtung versteht man die Beschichtung des Zahnes mit k\u00fcnstlichen Zahnmaterialien, auch Wei\u00dfstahl genannt. Zirkonium ist ein keramisches Material, das in der kosmetischen Zahnheilkunde f\u00fcr die Prothetik verwendet wird, um Kronen und Br\u00fccken mit klareren und helleren Farben herzustellen. Zirkonium ist ein zu 100 % biokompatibles Material und wird h\u00e4ufig f\u00fcr medizinische Zwecke verwendet, einschlie\u00dflich k\u00fcnstlicher H\u00fcftgelenke.<\/p>\n<p>Kronen und Br\u00fccken aus Zirkoniumdioxid sind sehr langlebig. Diese durchscheinenden, \u00e4sthetisch einwandfreien Restaurationen, die heute in der Zahnheilkunde zu finden sind, sind f\u00fcnfmal st\u00e4rker als Porzellanprothesen und \u00e4hneln nat\u00fcrlichen Z\u00e4hnen.<\/p>\n<p><strong>Ist Zirkonium ein langlebiges Material?<\/strong><\/p>\n<p>In Labortests wurde festgestellt, dass Zirkoniumkronen doppelt so stark sind wie metallkeramische Prothesen und f\u00fcnfmal so stark wie Vollkeramikrestaurationen, die in der Zahnmedizin verwendet werden. Im Gegensatz zu fr\u00fcher in der Zahnheilkunde verwendeten Amalgam- und Metalllegierungen nimmt der K\u00f6rper Zirkonium als nat\u00fcrlichen Werkstoff wahr, sodass Sie keine Allergien oder Nebenreaktionen bef\u00fcrchten m\u00fcssen.<\/p>\n<p><strong>Merkmale der Zirkoniumbeschichtung<\/strong><\/p>\n<p>Transparenz macht Zirkonium zu einem hervorragenden Material f\u00fcr die kosmetische Zahnheilkunde. Aufgrund der extremen Ma\u00dfhaltigkeit von Kronen k\u00f6nnen diese mit biokompatiblem Material realisiert werden. Dies vermeidet die Verwendung von invasiven S\u00e4ure\u00e4tzverfahren und Sch\u00e4den an der Pulpa oder den Nerven des Zahns.<\/p>\n<p>Zirkonoxid zeichnet sich vor allem durch seine hohe Bruchz\u00e4higkeit aus. Der Risswiderstand bezeichnet den Widerstand, den ein Material der Rissausbreitung entgegensetzt. Beim Aufprall auf das Material kommt es zu Spannungen in Fehlstellen (Poren, Oberfl\u00e4chenfehler, Lunker) oder Materialrissen.<\/p>\n<p>Eine im Vergleich zu anderen Materialien ungew\u00f6hnliche Eigenschaft von Zirkonium ist, dass sich die Kristallstruktur beim Anlegen von Hochspannung ver\u00e4ndert. Dieser Vorgang wird auch von einer Volumenexpansion begleitet. Diese beiden Prozesse verursachen nicht expandierende Risse.<\/p>\n<p>&nbsp;<\/p>\n<p>Auch hier schneidet Zirkonium aufgrund seiner Zugfestigkeit hervorragend ab. Dank seiner hohen Zugfestigkeit eignet es sich ideal zur \u00dcberbr\u00fcckung der Seitenz\u00e4hne. Dar\u00fcber hinaus weist Zirkonium im Vergleich zu anderen Materialien eine hohe Korrosionsbest\u00e4ndigkeit, Hydrolysebest\u00e4ndigkeit und eine hohe Biokompatibilit\u00e4t auf. All diese Eigenschaften machen Zirkonium zu einem idealen Material f\u00fcr die restaurative Zahnheilkunde.<\/p>\n<p><strong>Wie wird eine Zirkoniumbeschichtung hergestellt?<\/strong><\/p>\n<p>Zirkonium-Zahnveneer wird auf \u00e4hnliche Weise wie andere Zahnveneer-Methoden aufgetragen. Wir k\u00f6nnen erw\u00e4hnen, dass der wichtigste Unterschied zwischen Zahnfurnierbehandlungen das verwendete Material ist. In dieser Richtung sind Zirkoniumzahnbeschichtungsverfahren wie folgt.<\/p>\n<p>Kleinere Korrekturen werden an den Z\u00e4hnen vorgenommen, bevor mit dem Zahnverblendungsprozess begonnen wird. Auf diese Weise werden die Z\u00e4hne reduziert. Dadurch passen sich die Veneers viel bequemer und vollst\u00e4ndiger an die Z\u00e4hne an. Die Zirkonbeschichtung, die keine Sch\u00e4den an den Z\u00e4hnen verursacht, wird mit besonderen Ma\u00dfnahmen durchgef\u00fchrt. Entsprechend der Mund- und Zahnstruktur werden Veneers geformt und auf den Zahn geklebt. Je nach Struktur und Farbe des Zahnes lassen sich mit den durchgef\u00fchrten Beschichtungsverfahren erfolgreiche Ergebnisse erzielen. Im Endstadium der Zahnverblendung wird diese mit speziellen Verblendklebern auf den Zahn geklebt. Damit ist der Zahnbeschichtungsprozess abgeschlossen.<\/p>\n<p><strong>Dinge, die vor und nach Zirkonium Dental Veneer zu beachten sind<\/strong><\/p>\n<p>Es gibt einige wichtige Details, auf die Einzelpersonen vor und nach dem Tragen einer Zirkoniumkrone achten sollten. Im Rahmen dieser Angaben k\u00f6nnen die Vorteile der Zirkonbeschichtung genutzt werden.<\/p>\n<p>Vor dem Eingriff wird der Patient \u00f6rtlich bet\u00e4ubt, um keine Schmerzen zu empfinden. Vor dem Zirkonbeschichtungsprozess sind nicht viele Details zu beachten. Wenn jedoch Erkrankungen wie Zahnfleischprobleme und Kariesbehandlung vorliegen, sollten diese Probleme vor Zirkonbeschichtungsverfahren beseitigt werden.<\/p>\n<p>Am Tag der Zirkonbeschichtung ist der Verzehr von extrem hei\u00dfen oder extrem kalten Speisen zu vermeiden. Au\u00dferdem ist es sehr wichtig, keine harten Speisen zu sich zu nehmen. Sie sollten innerhalb der von Ihrem Zahnarzt empfohlenen Zeit einen Kontrolltermin vereinbaren.<\/p>\n<p>Die Gew\u00f6hnungszeit an Zirkonkronenz\u00e4hne ist individuell unterschiedlich. Die meisten Patienten gew\u00f6hnen sich in der Regel innerhalb von 5 bis 10 Tagen an die Beschichtung ihrer Z\u00e4hne.<\/p>\n<p><strong>H\u00e4ufig gestellte Fragen<\/strong><\/p>\n<p><strong>Sind Zirkonz\u00e4hne \u00e4sthetisch vorteilhaft?<\/strong><\/p>\n<p>Ja. Dank seiner Lichtdurchl\u00e4ssigkeit gibt es das nat\u00fcrliche Zahnbild vollst\u00e4ndig wieder.<\/p>\n<p><strong>Harmonieren Zirkonz\u00e4hne mit dem Zahnfleisch? <\/strong><\/p>\n<p>Ja. Die betreffenden Z\u00e4hne harmonieren perfekt mit dem Zahnfleisch.<\/p>\n<p><strong>Ist eine Zirkoniumbeschichtung f\u00fcr Metallallergiker m\u00f6glich?<\/strong><\/p>\n<p>Es gibt kein Metall in der Zirkonbeschichtung. Aus diesem Grund ist es f\u00fcr Metallallergiker problemlos m\u00f6glich, eine Zirkoniumbeschichtung zu erhalten.[\/vc_column_text][\/vc_column][\/vc_row]<\/p>\n<\/div>","protected":false},"excerpt":{"rendered":"<p>[vc_row][vc_column][vc_column_text woodmart_inline=&#8221;no&#8221; text_larger=&#8221;no&#8221;]Unter Zirkonbeschichtung versteht man die Beschichtung des Zahnes mit k\u00fcnstlichen Zahnmaterialien, auch Wei\u00dfstahl genannt. Zirkonium ist ein keramisches<\/p>\n","protected":false},"author":2,"featured_media":0,"parent":0,"menu_order":0,"comment_status":"closed","ping_status":"closed","template":"","meta":{"footnotes":""},"class_list":["post-9252","page","type-page","status-publish","hentry"],"_links":{"self":[{"href":"https:\/\/www.baysalsaglik.com\/de\/wp-json\/wp\/v2\/pages\/9252","targetHints":{"allow":["GET"]}}],"collection":[{"href":"https:\/\/www.baysalsaglik.com\/de\/wp-json\/wp\/v2\/pages"}],"about":[{"href":"https:\/\/www.baysalsaglik.com\/de\/wp-json\/wp\/v2\/types\/page"}],"author":[{"embeddable":true,"href":"https:\/\/www.baysalsaglik.com\/de\/wp-json\/wp\/v2\/users\/2"}],"replies":[{"embeddable":true,"href":"https:\/\/www.baysalsaglik.com\/de\/wp-json\/wp\/v2\/comments?post=9252"}],"version-history":[{"count":0,"href":"https:\/\/www.baysalsaglik.com\/de\/wp-json\/wp\/v2\/pages\/9252\/revisions"}],"wp:attachment":[{"href":"https:\/\/www.baysalsaglik.com\/de\/wp-json\/wp\/v2\/media?parent=9252"}],"curies":[{"name":"wp","href":"https:\/\/api.w.org\/{rel}","templated":true}]}}