{"id":9626,"date":"2022-05-26T15:29:21","date_gmt":"2022-05-26T12:29:21","guid":{"rendered":"https:\/\/www.baysalsaglik.com\/magenklemme\/"},"modified":"2022-05-26T20:44:23","modified_gmt":"2022-05-26T17:44:23","slug":"magenklemme","status":"publish","type":"page","link":"https:\/\/www.baysalsaglik.com\/de\/magenklemme\/","title":{"rendered":"Magenklemme"},"content":{"rendered":"<div class=\"wpb-content-wrapper\"><p>[vc_row][vc_column][vc_column_text woodmart_inline=&#8221;no&#8221; text_larger=&#8221;no&#8221;]Die Magenklemme ist eine Methode, um \u00fcbersch\u00fcssiges Gewicht loszuwerden, das nicht durch Di\u00e4t und Sport aus dem K\u00f6rper entfernt wird. Mit dem Magenband, einer f\u00fcr Adipositas-Patienten geeigneten Methode, wird angestrebt, im ersten 1 Jahr mindestens die H\u00e4lfte des \u00dcbergewichts loszuwerden. Diese Methode eignet sich im Allgemeinen f\u00fcr Menschen, die etwa 40-50 Kilo \u00fcber ihrem Idealgewicht liegen.<\/p>\n<p>Die Magenklammeroperation, die mit der laparoskopischen Operationsmethode angewendet wird, ist innerhalb von 1 Stunde abgeschlossen. Die aus Silikonmaterialien gewonnene Magenklemme sch\u00e4digt Organe und Gewebe in keiner Weise. Die Breite dieser Klammern, die eine L\u00e4nge von etwa 10 cm haben, betr\u00e4gt 1 cm. Am unteren Ende der Manschetten befindet sich ein aufblasbarer Ballon. Diese ist ebenfalls in die Klemme integriert. Nachdem die Klemme angebracht ist, wird der Ballon aufgeblasen.<\/p>\n<p><strong>Bei wem kann die Magenklemme angewendet werden?<\/strong><\/p>\n<p>Die Magenklemme wird bei Personen zwischen 18 und 65 Jahren und mit einem Body-Mass-Index von mindestens 40 angelegt. Dar\u00fcber hinaus sollten Einzelpersonen kein Problem haben, das ein Hindernis f\u00fcr die Operation darstellt. Es ist bekannt, dass die idealsten Kandidaten f\u00fcr ein Magenband Menschen sind, die 40 Kilo \u00fcber ihrem Idealgewicht liegen. Dar\u00fcber hinaus kann diese Operation nicht auf Personen unter 18 Jahren angewendet werden. Es kann festgestellt werden, dass die Magenoperation f\u00fcr Personen mit Nierenversagen, verschiedenen wichtigen Krankheiten und chronischen Krankheiten nicht geeignet ist.<\/p>\n<p><strong>Wie wird die Magenklemme befestigt?<\/strong><\/p>\n<p>Die betreffende Operation dauert in der Regel etwa 1 Stunde. Bei der Magenbandoperation, bei der es sich um einen chirurgischen Eingriff handelt, wird den Patienten eine Vollnarkose verabreicht. Im Unterleib des Patienten werden kleine Einschnitte von nicht mehr als 1 cm vorgenommen. Durch diese Einschnitte wird ein Zugang zur Verbindung mit der Speiser\u00f6hre und dem Magen bereitgestellt. In diesem Teil wird eine Magenklemme mit technologischen Hilfsmitteln platziert. Es wird einige Zentimeter vor der Verbindung von Speiser\u00f6hre und Magen installiert. Der direkt unter der Manschette befindliche Ballon wird aufgeblasen und der Magen verengt. Bei diesem Eingriff entsteht eine kleine Magenkammer, die am Eingangsbereich des Magens durchgef\u00fchrt wird. Die Nahrung, die in diesen Bereich gelangt, der ein Fassungsverm\u00f6gen von 30 cc hat, kommt langsamer als normal voran und sorgt f\u00fcr Gewichtsverlust.<\/p>\n<p>Nach Magenklammeroperation<\/p>\n<p>Obwohl die Magenklammeroperation als einfache Operation angesehen wird, sollte vor und nach der Operation \u00e4u\u00dferste Vorsicht walten. Der Vorgang nach dem Anlegen der Magenklemme am Patienten kann wie folgt erw\u00e4hnt werden.<\/p>\n<ul>\n<li>Nach der Operation wird erwartet, dass der Patient 1-2 Tage im Krankenhaus bleibt. Dabei wird der Zustand des Patienten beurteilt.<\/li>\n<li>Nach der Operation sollten sich die Essgewohnheiten \u00e4ndern. Hierbei sollte professionelle Unterst\u00fctzung gesucht werden.<\/li>\n<li>Getr\u00e4nke sollten nicht zu den Mahlzeiten eingenommen werden.<\/li>\n<li>Es sollte 3 Mahlzeiten am Tag gef\u00fcttert werden.<\/li>\n<li>Gesunde Lebensmittel mit hohem N\u00e4hrwert sollten bevorzugt werden.<\/li>\n<li>Nach der Operation sollte der Patient noch einige Zeit nachbeobachtet werden.<\/li>\n<\/ul>\n<p>H\u00e4ufig gestellte Fragen<\/p>\n<p>Ist es m\u00f6glich, nach einer Magenbypass-Operation im Krankenhaus zu bleiben?<\/p>\n<p>Nach der Operation m\u00fcssen die Patienten in der Regel 1-2 Tage im Krankenhaus bleiben.<\/p>\n<p>Kann der Patient nach der Operation schwer heben?<\/p>\n<p>Nach der Operation sollte der Patient in den ersten 6 Wochen keine schweren Lasten heben.<\/p>\n<p>Wann kann ein Auto nach der Operation benutzt werden?<\/p>\n<p>Nach der Operation d\u00fcrfen die Patienten f\u00fcr 2 Wochen kein Auto benutzen.<\/p>\n<p>Wie lange nach der Operation k\u00f6nnen Sie wieder arbeiten?<\/p>\n<p>B\u00fcroangestellte k\u00f6nnen innerhalb von 2-3 Wochen zur Arbeit zur\u00fcckkehren, w\u00e4hrend diejenigen, die hart arbeiten, innerhalb von 6-8 Wochen zur Arbeit zur\u00fcckkehren k\u00f6nnen.<\/p>\n<p>Wie lange nach der Operation ist Gewichtsverlust?<\/p>\n<p>Es wird erwartet, dass der Gewichtsverlust allm\u00e4hlich eintritt. Der schnellste Gewichtsverlust in den ersten 2 Monaten. 1,5-2 Jahre sollten auf maximalen Gewichtsverlust gewartet werden. Es wird erwartet, dass die Patienten 70 bis 80 % ihres \u00dcbergewichts verlieren.[\/vc_column_text][\/vc_column][\/vc_row]<\/p>\n<\/div>","protected":false},"excerpt":{"rendered":"<p>[vc_row][vc_column][vc_column_text woodmart_inline=&#8221;no&#8221; text_larger=&#8221;no&#8221;]Die Magenklemme ist eine Methode, um \u00fcbersch\u00fcssiges Gewicht loszuwerden, das nicht durch Di\u00e4t und Sport aus dem K\u00f6rper<\/p>\n","protected":false},"author":2,"featured_media":0,"parent":0,"menu_order":0,"comment_status":"closed","ping_status":"closed","template":"","meta":{"footnotes":""},"class_list":["post-9626","page","type-page","status-publish","hentry"],"_links":{"self":[{"href":"https:\/\/www.baysalsaglik.com\/de\/wp-json\/wp\/v2\/pages\/9626","targetHints":{"allow":["GET"]}}],"collection":[{"href":"https:\/\/www.baysalsaglik.com\/de\/wp-json\/wp\/v2\/pages"}],"about":[{"href":"https:\/\/www.baysalsaglik.com\/de\/wp-json\/wp\/v2\/types\/page"}],"author":[{"embeddable":true,"href":"https:\/\/www.baysalsaglik.com\/de\/wp-json\/wp\/v2\/users\/2"}],"replies":[{"embeddable":true,"href":"https:\/\/www.baysalsaglik.com\/de\/wp-json\/wp\/v2\/comments?post=9626"}],"version-history":[{"count":0,"href":"https:\/\/www.baysalsaglik.com\/de\/wp-json\/wp\/v2\/pages\/9626\/revisions"}],"wp:attachment":[{"href":"https:\/\/www.baysalsaglik.com\/de\/wp-json\/wp\/v2\/media?parent=9626"}],"curies":[{"name":"wp","href":"https:\/\/api.w.org\/{rel}","templated":true}]}}