{"id":9627,"date":"2022-05-26T16:28:02","date_gmt":"2022-05-26T13:28:02","guid":{"rendered":"https:\/\/www.baysalsaglik.com\/adipositas-chirurgie\/"},"modified":"2022-05-26T20:44:24","modified_gmt":"2022-05-26T17:44:24","slug":"adipositas-chirurgie","status":"publish","type":"page","link":"https:\/\/www.baysalsaglik.com\/de\/adipositas-chirurgie\/","title":{"rendered":"Adipositas-Chirurgie"},"content":{"rendered":"<div class=\"wpb-content-wrapper\"><p>[vc_row][vc_column][vc_column_text woodmart_inline=&#8221;no&#8221; text_larger=&#8221;no&#8221;]Adipositas ist eines der h\u00e4ufigsten Probleme, mit denen Menschen heute konfrontiert sind. Ern\u00e4hrung ist eines der grundlegendsten Bed\u00fcrfnisse, die Menschen im Mutterleib zu erf\u00fcllen beginnen. Damit Menschen wachsen, sich entwickeln, produktiv und gesund sein k\u00f6nnen, m\u00fcssen sie mit den ges\u00fcndesten und notwendigsten N\u00e4hrstoffen versorgt werden.<\/p>\n<p>Man kann sagen, dass Menschen, die sich ausreichend und ausgewogen ern\u00e4hren, ihre gesundheitlichen Probleme am wenigsten lindern. Menschen mit einer ungesunden Ern\u00e4hrung haben jedoch h\u00e4ufig verschiedene gesundheitliche Probleme, insbesondere Fettleibigkeit. Adipositas ist die Bezeichnung f\u00fcr die Situation, in der eine Person zu viel Gewicht zunimmt, wenn der K\u00f6rper mehr Kalorien verbrennt und verbraucht, als er ben\u00f6tigt. \u00dcbergewicht wirkt sich sowohl k\u00f6rperlich als auch psychisch negativ aus.<\/p>\n<h2><strong>Wie wird Fettleibigkeit behandelt?<\/strong><\/h2>\n<p>Heutzutage gibt es verschiedene chirurgische Behandlungsmethoden, die bei der Behandlung von Adipositas eingesetzt werden. Wir k\u00f6nnen sie wie folgt auflisten.<\/p>\n<h2><strong>Schlauchmagenchirurgie<\/strong><\/h2>\n<p>Die Schlauchmagen-Operation ist heute die am h\u00e4ufigsten bevorzugte Adipositas-Operation. Die Schlauchmagen-Operation, auch Magenverkleinerungsoperation genannt, hat viel weniger Nebenwirkungen als andere Methoden der Adipositas-Operation. Die Schlauchmagen-Operation wird laparoskopisch durchgef\u00fchrt.<\/p>\n<p>Der gr\u00f6\u00dfte Teil des Magens wird chirurgisch entfernt. 15 % des Magenvolumens werden durch eine Schlauchmagen-Operation entfernt. Bei der Schlauchmagen-Operation werden laparoskopisch 5 Wunden im Abdomen angelegt. W\u00e4hrend eine dieser Wunden 1,5 cm gro\u00df ist, liegen die anderen zwischen 0,5 und 1 cm. Nach einer Schlauchmagen-Operation wird eine definitive L\u00f6sung f\u00fcr das Problem der Fettleibigkeit gefunden. Dar\u00fcber hinaus entsteht nach einer Schlauchmagenoperation keine Narbe.<\/p>\n<h2><strong>Magenbypass<\/strong><\/h2>\n<p>Bei einer Magenbypass-Operation wird ein gro\u00dfer Teil des Magens funktionsunf\u00e4hig gemacht. Es ist von oberhalb des Magens und d\u00fcnn von der Unterseite des Magens mit der Speiser\u00f6hre verbunden. Bei der Magenbypass-Behandlungsmethode werden 25-30 ml des Magens von der Speiser\u00f6hre mit dem D\u00fcnndarm verbunden. Mit anderen Worten, wir k\u00f6nnen sagen, dass das Magenvolumen um 25-30 ml abgenommen hat. Bei der Gastritis-Bypass-Operation wird die Aufnahme von N\u00e4hrstoffen aus dem D\u00fcnndarm verhindert.<\/p>\n<p>Dies f\u00fchrt zu einem Mangel an Vitaminen und Elementen. Dabei darf nicht vergessen werden, dass die Behandlungsmethode Gastritis Bypass sowohl Vor- als auch Nachteile hat.<\/p>\n<h2><strong>Anwendung des Magenballons<\/strong><\/h2>\n<p>Die Magenballonanlage geh\u00f6rt zu den chirurgischen Behandlungsmethoden. Neben dem endoskopisch angelegten Magenballon gibt es Magenballonarten ohne Endoskopie. Bei der Magenballonapplikation ohne Endoskopie werden Kapsel und Ballon geschluckt und im Magen aufgeblasen.<\/p>\n<p>Die Anwendung eines Magenballons wird in F\u00e4llen angewendet, in denen eine bariatrische Operation am Patienten nicht durchgef\u00fchrt werden kann. Bei der endoskopisch angelegten Magenballon-Anwendung wird ein Ballon mit Hilfe der Endoskopie im Magen belassen und der Ballon im Magen aufgeblasen. Durch das Volumen des Ballons von 400 bis 700 ml im Magen stellt sich beim Menschen ein S\u00e4ttigungsgef\u00fchl im Magen ein.<\/p>\n<h2><strong>Magen-Botox<\/strong><\/h2>\n<p>Magen-Botox ist nicht gerade ein chirurgischer Eingriff. Wie bei der Magenballonmethode wird auch beim Magen-Botox ein Endoskop verwendet. Mit Botulinumtoxin wird die Kontraktion der Magenmuskulatur eingeschr\u00e4nkt. Dadurch verz\u00f6gert sich der Entleerungsprozess des Magens. Au\u00dferdem kommt es bei Magen-Botox zu Appetitlosigkeit. Dies f\u00fchrt auch zu einer Gewichtsabnahme.<\/p>\n<p>Magen-Botox ist eine Methode, die zusammen mit Di\u00e4t und Sport angewendet werden sollte. In dieser Richtung wird der gr\u00f6\u00dfte Erfolg durch die Behandlungsmethode erzielt. Es ist f\u00fcr Menschen mit einem Body-Mass-Index unter 40 geeignet.<\/p>\n<h3><strong>\u00dcberlegungen bei der Behandlung von Fettleibigkeit und danach<\/strong><\/h3>\n<p>Je nach Methode der Adipositasbehandlung sind die anschlie\u00dfend zu ber\u00fccksichtigenden Punkte unterschiedlich. Wir k\u00f6nnen die Dinge, die bei der Behandlung von Fettleibigkeit und danach zu beachten sind, wie folgt verallgemeinern.<\/p>\n<ul>\n<li>Wenn Di\u00e4t- und Sportmethoden zur Behandlung von Fettleibigkeit angewendet werden, ist es notwendig, nach der Behandlung nicht zur alten Ern\u00e4hrungsweise zur\u00fcckzukehren. Dar\u00fcber hinaus ist es notwendig, Di\u00e4t und Bewegung zu machen, bis das angestrebte Gewicht stabil ist. Anders ist es nicht m\u00f6glich, mit der Di\u00e4t- und Sportmethode Erfolge bei der Behandlung von \u00dcbergewicht zu erzielen.<\/li>\n<li>Der wichtigste Punkt, der bei der medikament\u00f6sen Behandlungsmethode zu ber\u00fccksichtigen ist, ist die regelm\u00e4\u00dfige Einnahme von Medikamenten. Dar\u00fcber hinaus ist bei der medikament\u00f6sen Behandlung von \u00dcbergewicht unbedingt auf die \u00e4rztliche Untersuchung zu achten.<\/li>\n<li>Bei der Schlauchmagen-Operation sind verschiedene Punkte zu beachten. Die wichtigste davon ist die Ern\u00e4hrung. Nach der Schlauchmagenoperation informiert Sie Ihr Arzt \u00fcber Ihre Ern\u00e4hrung. Nach der Operation muss eine Zeit lang Fl\u00fcssigkeit zugef\u00fchrt werden. Ihr Arzt wird das Beste davon bestimmen. Dann wird es eine Weile mit Brei gef\u00fcttert. Nach Ablauf der P\u00fcreezeit k\u00f6nnen Sie zum Verzehr normaler Lebensmittel \u00fcbergehen.<\/li>\n<li>Um erfolgreiche Ergebnisse nach Magenbotox- und Magenballonanwendungen zu erzielen, sollte auf eine ausgewogene Ern\u00e4hrung und regelm\u00e4\u00dfiges Sporttreiben geachtet werden. Die Laufzeit beider Antr\u00e4ge betr\u00e4gt 6 Monate.<\/li>\n<\/ul>\n<p>[\/vc_column_text][\/vc_column][\/vc_row]<\/p>\n<\/div>","protected":false},"excerpt":{"rendered":"<p>[vc_row][vc_column][vc_column_text woodmart_inline=&#8221;no&#8221; text_larger=&#8221;no&#8221;]Adipositas ist eines der h\u00e4ufigsten Probleme, mit denen Menschen heute konfrontiert sind. Ern\u00e4hrung ist eines der grundlegendsten Bed\u00fcrfnisse,<\/p>\n","protected":false},"author":2,"featured_media":0,"parent":0,"menu_order":0,"comment_status":"closed","ping_status":"closed","template":"","meta":{"footnotes":""},"class_list":["post-9627","page","type-page","status-publish","hentry"],"_links":{"self":[{"href":"https:\/\/www.baysalsaglik.com\/de\/wp-json\/wp\/v2\/pages\/9627","targetHints":{"allow":["GET"]}}],"collection":[{"href":"https:\/\/www.baysalsaglik.com\/de\/wp-json\/wp\/v2\/pages"}],"about":[{"href":"https:\/\/www.baysalsaglik.com\/de\/wp-json\/wp\/v2\/types\/page"}],"author":[{"embeddable":true,"href":"https:\/\/www.baysalsaglik.com\/de\/wp-json\/wp\/v2\/users\/2"}],"replies":[{"embeddable":true,"href":"https:\/\/www.baysalsaglik.com\/de\/wp-json\/wp\/v2\/comments?post=9627"}],"version-history":[{"count":0,"href":"https:\/\/www.baysalsaglik.com\/de\/wp-json\/wp\/v2\/pages\/9627\/revisions"}],"wp:attachment":[{"href":"https:\/\/www.baysalsaglik.com\/de\/wp-json\/wp\/v2\/media?parent=9627"}],"curies":[{"name":"wp","href":"https:\/\/api.w.org\/{rel}","templated":true}]}}