{"id":9632,"date":"2022-05-26T16:39:04","date_gmt":"2022-05-26T13:39:04","guid":{"rendered":"https:\/\/www.baysalsaglik.com\/urologie\/"},"modified":"2022-05-26T20:44:24","modified_gmt":"2022-05-26T17:44:24","slug":"urologie","status":"publish","type":"page","link":"https:\/\/www.baysalsaglik.com\/de\/urologie\/","title":{"rendered":"Urologie"},"content":{"rendered":"<div class=\"wpb-content-wrapper\"><p>[vc_row][vc_column][vc_column_text woodmart_inline=&#8221;no&#8221; text_larger=&#8221;no&#8221;]Die Urologie ist das medizinische Fachgebiet, das f\u00fcr das reibungslose Funktionieren des m\u00e4nnlichen und weiblichen Harnsystems verantwortlich ist. Es widmet sich jedoch auch der Erforschung, Diagnose und Behandlung von Erkrankungen des m\u00e4nnlichen Sexualapparats. Diese Spezialit\u00e4t umfasst sowohl die Diagnose dieser Pathologien als auch ihre klinische und chirurgische Behandlung.<\/p>\n<p>Auf diese Weise ist der Urologe, der Urologe ist, nicht nur f\u00fcr die Diagnose und Behandlung von Pathologien der Harnwege und des m\u00e4nnlichen Fortpflanzungssystems verantwortlich. Tats\u00e4chlich ist es auch f\u00fcr die Pr\u00e4vention vieler dieser Krankheiten verantwortlich, von denen einige eine hohe Pr\u00e4valenz in der Bev\u00f6lkerung haben.<\/p>\n<h2><strong>Was macht ein Urologe?<\/strong><\/h2>\n<p>Als Spezialist f\u00fcr urologische Erkrankungen untersucht der Urologe verschiedene Pathologien im Zusammenhang mit der korrekten Funktion verschiedener Organe. Diese lauten im Allgemeinen wie folgt:<\/p>\n<ul>\n<li>Blase<\/li>\n<li>Niere<\/li>\n<li>Nebenniere<\/li>\n<li>Harnr\u00f6hre<\/li>\n<li>Harnleiter<\/li>\n<li>Beckenboden<\/li>\n<li>Prostata<\/li>\n<li>Penis<\/li>\n<li>Hoden<\/li>\n<li>zukunftstr\u00e4chtiger Weg<\/li>\n<li>Nebenhoden<\/li>\n<li>Hodensack<\/li>\n<\/ul>\n<p>Eine Konsultation bei einem Urologen ist eine Konsultation zur Untersuchung, Diagnose, Vorbeugung und Behandlung all dieser Pathologien, die die oben genannten Organe betreffen. Das bedeutet, dass es innerhalb der Urologie bestimmte Teilgebiete gibt, wie zum Beispiel:<\/p>\n<p>&nbsp;<\/p>\n<p><strong>P\u00e4diatrische Urologie:<\/strong> Es ist die Abteilung f\u00fcr Urologie, die f\u00fcr die Diagnose und Behandlung von urologischen Erkrankungen bei m\u00e4nnlichen Kindern wie Hodenfehlsenkung oder vesikourethralem Reflux zust\u00e4ndig ist.<\/p>\n<p><strong>Weibliche Urologie:<\/strong> Sie ist verantwortlich f\u00fcr alle Pathologien im Zusammenhang mit dem weiblichen Harnsystem, bei denen Harninkontinenz und Zystitis im Vordergrund stehen.<\/p>\n<p><strong>Urologische Onkologie:<\/strong> Diese Subspezialit\u00e4t ist verantwortlich f\u00fcr die Diagnose und Behandlung von onkologischen Pathologien, die das Harnsystem und das m\u00e4nnliche Fortpflanzungssystem betreffen. Obwohl es viele Organe betreffen kann, ist Prostatakrebs in diesem Bereich am h\u00e4ufigsten.<\/p>\n<p><strong>Andrologie:<\/strong> Die Abteilung f\u00fcr Urologie ist f\u00fcr die Untersuchung, Behandlung und Diagnose all dieser St\u00f6rungen des m\u00e4nnlichen Sexuallebens zust\u00e4ndig. Daher geht es in diesem Teilgebiet in erster Linie um Erektionsst\u00f6rungen, Ejakulationsst\u00f6rungen etc.<\/p>\n<p><strong>Urolithiasis:<\/strong> Dieser Teil der Urologie ist die Harnsteinerkrankung, d.h. in Blase, Niere etc. untersucht und behandelt Probleme im Zusammenhang mit der Bildung von Harnsteinen.<\/p>\n<p><strong>Endourologie:<\/strong> Dies ist das urologische Fachgebiet, das die chirurgische Behandlung verschiedener Erkrankungen des Harnsystems durchf\u00fchrt, zum Beispiel die gutartige Prostatahyperplasie.<\/p>\n<h3>Krankheiten, die von der Urologie behandelt werden<\/h3>\n<p>Wie bereits in den urologischen Teilgebieten erw\u00e4hnt, sind die von der Urologie behandelten Erkrankungen sehr vielf\u00e4ltig, lassen sich aber wie folgt zusammenfassen:<\/p>\n<ul>\n<li>Harnwegsinfektion<\/li>\n<li>Inkontinenz<\/li>\n<li>Harnlithiasis<\/li>\n<li>Pyelonephritis<\/li>\n<li>Balanitis<\/li>\n<li>H\u00e4maturie<\/li>\n<li>Gutartige Prostatahyperplasie<\/li>\n<li>Prostatitis<\/li>\n<li>Urethritis<\/li>\n<li>Nykturie<\/li>\n<li>Peyronie-Krankheit<\/li>\n<li>Sexuell \u00fcbertragbare Krankheiten<\/li>\n<li>Prostatakrebs, Penis, Hoden, Harnr\u00f6hre, Blase usw. Urologische Krebsarten wie z<\/li>\n<li>M\u00e4nnliche sexuelle Funktionsst\u00f6rungen<\/li>\n<li>Ejakulationsst\u00f6rungen<\/li>\n<li>Erektionsst\u00f6rungen oder Impotenz<\/li>\n<\/ul>\n<p>[\/vc_column_text][\/vc_column][\/vc_row]<\/p>\n<\/div>","protected":false},"excerpt":{"rendered":"<p>[vc_row][vc_column][vc_column_text woodmart_inline=&#8221;no&#8221; text_larger=&#8221;no&#8221;]Die Urologie ist das medizinische Fachgebiet, das f\u00fcr das reibungslose Funktionieren des m\u00e4nnlichen und weiblichen Harnsystems verantwortlich ist.<\/p>\n","protected":false},"author":2,"featured_media":0,"parent":0,"menu_order":0,"comment_status":"closed","ping_status":"closed","template":"","meta":{"footnotes":""},"class_list":["post-9632","page","type-page","status-publish","hentry"],"_links":{"self":[{"href":"https:\/\/www.baysalsaglik.com\/de\/wp-json\/wp\/v2\/pages\/9632","targetHints":{"allow":["GET"]}}],"collection":[{"href":"https:\/\/www.baysalsaglik.com\/de\/wp-json\/wp\/v2\/pages"}],"about":[{"href":"https:\/\/www.baysalsaglik.com\/de\/wp-json\/wp\/v2\/types\/page"}],"author":[{"embeddable":true,"href":"https:\/\/www.baysalsaglik.com\/de\/wp-json\/wp\/v2\/users\/2"}],"replies":[{"embeddable":true,"href":"https:\/\/www.baysalsaglik.com\/de\/wp-json\/wp\/v2\/comments?post=9632"}],"version-history":[{"count":0,"href":"https:\/\/www.baysalsaglik.com\/de\/wp-json\/wp\/v2\/pages\/9632\/revisions"}],"wp:attachment":[{"href":"https:\/\/www.baysalsaglik.com\/de\/wp-json\/wp\/v2\/media?parent=9632"}],"curies":[{"name":"wp","href":"https:\/\/api.w.org\/{rel}","templated":true}]}}