{"id":9634,"date":"2022-05-26T16:41:02","date_gmt":"2022-05-26T13:41:02","guid":{"rendered":"https:\/\/www.baysalsaglik.com\/herzchirugie\/"},"modified":"2022-05-26T20:44:25","modified_gmt":"2022-05-26T17:44:25","slug":"herzchirugie","status":"publish","type":"page","link":"https:\/\/www.baysalsaglik.com\/de\/herzchirugie\/","title":{"rendered":"Herzchirugie"},"content":{"rendered":"<div class=\"wpb-content-wrapper\"><p>[vc_row][vc_column][vc_column_text woodmart_inline=&#8221;no&#8221; text_larger=&#8221;no&#8221;]Die Kardiologie ist ein Teilgebiet der Medizin, das Herz-Kreislauf-Erkrankungen erkennt und behandelt. Herzkrankheiten, eines der f\u00fchrenden Gesundheitsprobleme der Welt und in unserem Land, haben kein Alter oder Geschlecht. W\u00e4hrend Herzerkrankungen manchmal im S\u00e4uglingsalter auftreten k\u00f6nnen, k\u00f6nnen sie auch im fortgeschrittenen Alter auftreten. Daher ist es eine Krankheit mit einem sehr breiten Altersspektrum. Da Herzkrankheiten von lebenswichtiger Bedeutung sind, sollten sie ernsthaft befolgt werden.<\/p>\n<p>Unsere kardiologische Gesundheitsklinik in Ankara ist sich der Bedeutung der Herzgesundheit bewusst, daher arbeiten unsere Expertenkollegen st\u00e4ndig daran, Ihr Herz mit den schnellsten und genauesten Behandlungsmethoden zu behandeln.<\/p>\n<h2><strong>Was untersucht die Kardiologie?<\/strong><\/h2>\n<p>Das bekannteste Merkmal des Herzens ist das Pumpen von Blut durch den K\u00f6rper. Nehmen wir an, unser Herz hat aus irgendeinem Grund ein Problem beim Pumpen von Blut. Die durch dieses Problem verursachte Krankheit ist Herzinsuffizienz. Neben der Herzinsuffizienz behandelt das Fachgebiet Kardiologie auch Erkrankungen wie Bluthochdruck, isch\u00e4mische Herzerkrankungen, Aorteninsuffizienz und Mitralklappeninsuffizienz. Die Symptome dieser Erkrankungen sind wie folgt: Herzklopfen, unfreiwilliger Gewichtsverlust (nur bei einigen Herzpatienten beobachtet), Bluterbrechen, Atemnot und n\u00e4chtliches Wasserlassen. Bei Erkrankungen im Zusammenhang mit Herzklappen ist das h\u00e4ufigste Symptom Ohnmacht. Eines der auff\u00e4lligsten Symptome von Herzerkrankungen ist paroxysmale Dyspnoe, das hei\u00dft Atembeschwerden, die so stark sind, dass der Patient nachts aufwacht. Wenn Sie diese und \u00e4hnliche Symptome haben, wenden Sie sich ohne Zeitverlust an unsere Gesundheitsklinik.<\/p>\n<p>Herz- und Gef\u00e4\u00dfchirurgen operieren Herz und Blutgef\u00e4\u00dfe, um Sch\u00e4den zu reparieren, die durch Erkrankungen oder St\u00f6rungen des Herz-Kreislauf-Systems verursacht wurden.<\/p>\n<h3><strong>Herz-Kreislauf-Chirurgie<\/strong><\/h3>\n<p>Herz- und Gef\u00e4\u00dfchirurgen operieren Herz und Blutgef\u00e4\u00dfe, um Sch\u00e4den zu reparieren, die durch Erkrankungen oder St\u00f6rungen des Herz-Kreislauf-Systems verursacht wurden. H\u00e4ufig beginnt die Diagnose einer Herz-Kreislauf-Erkrankung damit, dass der Hausarzt den Patienten an einen Kardiologen \u00fcberweist. Entscheidet der Kardiologe, dass eine Operation notwendig ist, \u00fcberweist er den Patienten an einen Herzchirurgen, das neue Mitglied des Kardiologieteams. Auch nach einem Herzeingriff bleibt der Patient unter kardiologischer Aufsicht.<\/p>\n<p>&nbsp;<\/p>\n<p>Kardiovaskul\u00e4re Chirurgen f\u00fchren viele verschiedene Operationen durch, einschlie\u00dflich Klappenreparatur und -ersatz, Herzfehlerreparatur, Koronarbypass, Aneurysmareparatur, transmyokardiale Laserrevaskularisation und Herztransplantation. Sie f\u00fchren auch Operationen an Blutgef\u00e4\u00dfen durch, einschlie\u00dflich der Aorta, die die Hauptblutversorgung des K\u00f6rpers darstellt. Heutzutage kann die Herzchirurgie auch die Verwendung oder Implantation von ventrikul\u00e4ren Unterst\u00fctzungsger\u00e4ten (VADs) beinhalten, mechanischen Ger\u00e4ten, die einem versagenden Herzen helfen, indem sie ihm helfen, Blut durch den K\u00f6rper zu pumpen.<\/p>\n<h2><strong>Professionelle Gesundheitsdienste<\/strong><\/h2>\n<p>W\u00e4hrend Sie von den Dienstleistungen profitieren, die Ihnen im Bereich der Kardiologie angeboten werden, werden Sie auf die g\u00fcnstigsten Preise sowie den hochwertigsten Service sto\u00dfen. Sie m\u00fcssen nicht dar\u00fcber nachdenken, wie hoch die Behandlungsrechnung sein wird. Da wir an die Gesundheit Ihres Herzens denken, haben wir uns als erstes Ziel vorgenommen, Sie nicht zu erschwinglichen Preisen zum Opfer zu machen. Kontaktieren Sie uns unter baysalsaglik.com, um uns Ihr Herz anzuvertrauen.<\/p>\n<p>Herz- und Gef\u00e4\u00dfchirurgen stehen an der Spitze der Forschungsanstrengungen, die darauf abzielen, die Behandlung von Herz-Kreislauf-Erkrankungen kontinuierlich zu verbessern. Wenn Sie an dieser Stelle Unterst\u00fctzung f\u00fcr eine Herz-Kreislauf-Chirurgie ben\u00f6tigen, reicht es aus, sich an unsere Klinik zu wenden.<\/p>\n<p>[\/vc_column_text][\/vc_column][\/vc_row]<\/p>\n<\/div>","protected":false},"excerpt":{"rendered":"<p>[vc_row][vc_column][vc_column_text woodmart_inline=&#8221;no&#8221; text_larger=&#8221;no&#8221;]Die Kardiologie ist ein Teilgebiet der Medizin, das Herz-Kreislauf-Erkrankungen erkennt und behandelt. Herzkrankheiten, eines der f\u00fchrenden Gesundheitsprobleme der<\/p>\n","protected":false},"author":2,"featured_media":0,"parent":0,"menu_order":0,"comment_status":"closed","ping_status":"closed","template":"","meta":{"footnotes":""},"class_list":["post-9634","page","type-page","status-publish","hentry"],"_links":{"self":[{"href":"https:\/\/www.baysalsaglik.com\/de\/wp-json\/wp\/v2\/pages\/9634","targetHints":{"allow":["GET"]}}],"collection":[{"href":"https:\/\/www.baysalsaglik.com\/de\/wp-json\/wp\/v2\/pages"}],"about":[{"href":"https:\/\/www.baysalsaglik.com\/de\/wp-json\/wp\/v2\/types\/page"}],"author":[{"embeddable":true,"href":"https:\/\/www.baysalsaglik.com\/de\/wp-json\/wp\/v2\/users\/2"}],"replies":[{"embeddable":true,"href":"https:\/\/www.baysalsaglik.com\/de\/wp-json\/wp\/v2\/comments?post=9634"}],"version-history":[{"count":0,"href":"https:\/\/www.baysalsaglik.com\/de\/wp-json\/wp\/v2\/pages\/9634\/revisions"}],"wp:attachment":[{"href":"https:\/\/www.baysalsaglik.com\/de\/wp-json\/wp\/v2\/media?parent=9634"}],"curies":[{"name":"wp","href":"https:\/\/api.w.org\/{rel}","templated":true}]}}