{"id":9635,"date":"2022-05-26T16:37:03","date_gmt":"2022-05-26T13:37:03","guid":{"rendered":"https:\/\/www.baysalsaglik.com\/paediatrische-nephrologie\/"},"modified":"2022-05-26T20:44:24","modified_gmt":"2022-05-26T17:44:24","slug":"paediatrische-nephrologie","status":"publish","type":"page","link":"https:\/\/www.baysalsaglik.com\/de\/paediatrische-nephrologie\/","title":{"rendered":"P\u00e4diatrische Nephrologie"},"content":{"rendered":"<div class=\"wpb-content-wrapper\"><p>[vc_row][vc_column][vc_column_text woodmart_inline=&#8221;no&#8221; text_larger=&#8221;no&#8221;]Es ist die Subspezialit\u00e4t, die Nierenerkrankungen bei Kindern und Jugendlichen und ihre Beziehung zum Rest des K\u00f6rpers untersucht, diagnostiziert und behandelt.<\/p>\n<h2><strong>Welche Krankheiten behandelt ein p\u00e4diatrischer Nephrologe?<\/strong><\/h2>\n<p>Die p\u00e4diatrische Nephrologie umfasst alle Erkrankungen, die die Nieren und Harnwege betreffen, wie Nierenversagen, arterielle Hypertonie (HPA), Harnwegsinfektionen, Harninkontinenz, H\u00e4maturie, akutes oder chronisches Nierenversagen und nephrologiebedingte Autoimmunerkrankungen wie systemischer Lupus erythematodes . Der p\u00e4diatrische Nephrologe ist auch verantwortlich f\u00fcr die Beurteilung und Behandlung von Wachstums- und Entwicklungsproblemen, insbesondere im Zusammenhang mit chronischen Nierenerkrankungen.<\/p>\n<h3><strong>Welche Teilgebiete gibt es in der p\u00e4diatrischen Nephrologie?<\/strong><\/h3>\n<p>Wie die Nephrologie hat die p\u00e4diatrische Nephrologie keine Unterspezialisierungen. Aber es arbeitet mit anderen Fachgebieten zusammen, die eng mit der Nephrologie verwandt sind. F\u00fcr die Nephrologie sind medizinische Einheiten wie Bildgebung, Nuklearmedizin, Radiologie, Ultraschall, Psychologie, Psychiatrie, Bakteriologie, p\u00e4diatrische Endokrinologie, neonatale Intensivmedizin, p\u00e4diatrische Intensivmedizin, Urologie in der Kinderdialyse, klinisches Labor und peritoneale Gleichgewichtspr\u00fcfung von gro\u00dfer Bedeutung.<\/p>\n<h3><strong>Wann sollten Sie einen p\u00e4diatrischen Nephrologen aufsuchen?<\/strong><\/h3>\n<p>Es ist eine gute Idee, einen p\u00e4diatrischen Nephrologen aufzusuchen, wenn Ihr Kind an Nieren- oder Harnwegserkrankungen, Blasenproblemen, Bluthochdruck, Inkontinenzproblemen, Wachstums- und Entwicklungsproblemen oder Ver\u00e4nderungen beim Wasserlassen leidet.<\/p>\n<p>Die p\u00e4diatrische Nephrologie ist ein Teilgebiet der P\u00e4diatrie. Wir sind spezialisiert auf angeborene und erworbene Erkrankungen der Nieren und\/oder der Harnwege, bei denen sowohl anatomische als auch funktionelle Ver\u00e4nderungen vorliegen. Von der ambulanten Beratung \u00fcber den Krankenhausaufenthalt, die Nierenersatztherapie bis hin zur M\u00f6glichkeit einer Transplantation erhalten Sie professionelle Unterst\u00fctzung, indem Sie Kliniken w\u00e4hlen, die in der Lage sind, die medizinische und chirurgische Behandlung der Krankheit auf allen Ebenen der Komplexit\u00e4t durchzuf\u00fchren.<\/p>\n<p>Patienten mit den folgenden Pathologien sollten konsultiert werden:<\/p>\n<ul>\n<li>Patienten mit anatomischen und funktionellen Ver\u00e4nderungen der Harnwege (Nieren, Harnleiter, Blase).<\/li>\n<li>Harnwegsinfektion<\/li>\n<li>Ver\u00e4nderungen der Urineigenschaften (z. B. blutiger, schaumiger Urin).<\/li>\n<li>Arterieller Hypertonie.<\/li>\n<li>Systemische Erkrankungen, die die Funktion der Harnwege st\u00f6ren.<\/li>\n<li>Nierenversagen.<\/li>\n<li>Familiengeschichte der Nierenfunktion, angeborene oder erbliche Krankheiten.<\/li>\n<li>Glomerulopathien (nephrotisches und nephritisches Syndrom).<\/li>\n<li>Einzelnierendiagnose.<\/li>\n<li>Trauma, das die Harnwege beeintr\u00e4chtigt.<\/li>\n<li>Steine (Urolithiasis).<\/li>\n<li>Tubulopathien (renale tubul\u00e4re Azidose).<\/li>\n<li>Stoffwechselerkrankungen.<\/li>\n<li>Chronische Nierenerkrankung und terminales Nierenversagen.<\/li>\n<li>Komplikation der Nierenersatztherapie.<\/li>\n<\/ul>\n<p>[\/vc_column_text][\/vc_column][\/vc_row]<\/p>\n<\/div>","protected":false},"excerpt":{"rendered":"<p>[vc_row][vc_column][vc_column_text woodmart_inline=&#8221;no&#8221; text_larger=&#8221;no&#8221;]Es ist die Subspezialit\u00e4t, die Nierenerkrankungen bei Kindern und Jugendlichen und ihre Beziehung zum Rest des K\u00f6rpers untersucht,<\/p>\n","protected":false},"author":2,"featured_media":0,"parent":0,"menu_order":0,"comment_status":"closed","ping_status":"closed","template":"","meta":{"footnotes":""},"class_list":["post-9635","page","type-page","status-publish","hentry"],"_links":{"self":[{"href":"https:\/\/www.baysalsaglik.com\/de\/wp-json\/wp\/v2\/pages\/9635","targetHints":{"allow":["GET"]}}],"collection":[{"href":"https:\/\/www.baysalsaglik.com\/de\/wp-json\/wp\/v2\/pages"}],"about":[{"href":"https:\/\/www.baysalsaglik.com\/de\/wp-json\/wp\/v2\/types\/page"}],"author":[{"embeddable":true,"href":"https:\/\/www.baysalsaglik.com\/de\/wp-json\/wp\/v2\/users\/2"}],"replies":[{"embeddable":true,"href":"https:\/\/www.baysalsaglik.com\/de\/wp-json\/wp\/v2\/comments?post=9635"}],"version-history":[{"count":0,"href":"https:\/\/www.baysalsaglik.com\/de\/wp-json\/wp\/v2\/pages\/9635\/revisions"}],"wp:attachment":[{"href":"https:\/\/www.baysalsaglik.com\/de\/wp-json\/wp\/v2\/media?parent=9635"}],"curies":[{"name":"wp","href":"https:\/\/api.w.org\/{rel}","templated":true}]}}