{"id":9640,"date":"2022-05-26T15:26:14","date_gmt":"2022-05-26T12:26:14","guid":{"rendered":"https:\/\/www.baysalsaglik.com\/parodontologie\/"},"modified":"2022-05-26T20:44:25","modified_gmt":"2022-05-26T17:44:25","slug":"parodontologie","status":"publish","type":"page","link":"https:\/\/www.baysalsaglik.com\/de\/parodontologie\/","title":{"rendered":"Parodontologie"},"content":{"rendered":"<div class=\"wpb-content-wrapper\"><p>[vc_row][vc_column][vc_column_text woodmart_inline=&#8221;no&#8221; text_larger=&#8221;no&#8221;]Parodontologische Behandlung oder Zahnfleischbehandlung ist eine Behandlungsmethode, die Reizstoffe und Bakterien, die Entz\u00fcndungen verursachen k\u00f6nnen, aus dem Zahnfleisch entfernt.<\/p>\n<p>In der Anfangsphase der Zahnfleischbehandlung wird f\u00fcr die Reinigung der Z\u00e4hne der Patienten, die Entfernung von Zahnbelag und ein glattes Zahnfleisch gesorgt. In fortgeschrittenen F\u00e4llen ist jedoch ein chirurgischer Eingriff erforderlich, um Korrekturen an der Gingiva vorzunehmen.<\/p>\n<p>Der Hauptzweck der parodontologischen Behandlung besteht darin, die Steine in den tiefen Taschen rund um die Z\u00e4hne zu reinigen, die Taschen durch Abflachen zu beseitigen und eine glatte Zahnwurzel zu bilden.<\/p>\n<p><strong>Was sind Parodontalerkrankungen?<\/strong><\/p>\n<p>Es ist bekannt, dass die meisten Zahnverluste bei Erwachsenen auf Zahnfleischerkrankungen zur\u00fcckzuf\u00fchren sind.<\/p>\n<p>Wir sch\u00fctzen Ihre Z\u00e4hne mit unseren makellosen Praktiken, um Ihre Z\u00e4hne klinisch ges\u00fcnder zu pflegen. Es ist bekannt, dass Zahnfleischprobleme, deren Symptome sehr unterschiedlich sind, im Allgemeinen mit den folgenden Symptomen auftreten.<\/p>\n<ul>\n<li>Blutungen beim Z\u00e4hneputzen<\/li>\n<li>Schwellung, R\u00f6tung und Schwellung des Zahnfleisches,<\/li>\n<li>Trennung zwischen Z\u00e4hnen und Zahnfleisch,<\/li>\n<li>Sch\u00fctteln oder Bewegen der Z\u00e4hne voneinander weg,<\/li>\n<li>Schmerzgef\u00fchl beim Bei\u00dfen,<\/li>\n<li>Schlechter Geruch im Mund.<\/li>\n<\/ul>\n<p>All diese Zust\u00e4nde h\u00e4ngen mit Entz\u00fcndungen im Zusammenhang mit dem Zahnfleisch zusammen. Wenn Sie also eines dieser Symptome versp\u00fcren, sollten Sie sich unbedingt professionelle Unterst\u00fctzung holen.<\/p>\n<p><strong>Bedingungen, die ein Risiko bei der Erfahrung von Parodontalerkrankungen tragen<\/strong><\/p>\n<p>Festzuhalten ist, dass unterschiedliche Bedingungen Risikofaktoren f\u00fcr die Entstehung parodontaler Erkrankungen darstellen. In diesem Fall kann festgestellt werden, dass die Krankheit ernstere Ausma\u00dfe annehmen wird. Folgende parodontale Risikofaktoren k\u00f6nnen zu Problemen wie Zahnverlust und Zahnfleischschwund f\u00fchren.<\/p>\n<ul>\n<li>Senil<\/li>\n<li>Rauchen<\/li>\n<li>Genetische Faktoren<\/li>\n<li>Betonen<\/li>\n<li>Zuckerkrankheit \u2013 Zuckerkrankheit<\/li>\n<\/ul>\n<p><strong>Wie wird die parodontologische Behandlung durchgef\u00fchrt? <\/strong><\/p>\n<p>Vor der parodontologischen Behandlung treffen sich Arzt und Patient durch einen Dolmetscher. Der Arzt geht auf die W\u00fcnsche und Erwartungen des Patienten ein und erstellt einen Operationsplan.<\/p>\n<p>Besteht vor Beginn der parodontologischen Behandlung eine Zahnfleischentz\u00fcndung, sollte diese Infektion entfernt werden. Dies ist m\u00f6glich, indem der Zahnstein und die Wurzel, an der der Zahnstein befestigt ist, gereinigt werden. Dieser Vorgang wird Initialtherapie genannt. In der Erstbehandlung stehen Eingriffe wie die Behandlung von Karies, die Erneuerung von F\u00fcllungen und die Korrektur von Prothesen an.<\/p>\n<p>In der zweiten Stufe der parodontologischen Behandlung wird je nach Zahnfleischzustand des Patienten eine vom Arzt bevorzugte Zahnfleischbehandlungsmethode angewendet. Diese Methoden sind Gingivektomie, Lappenoperation und Mukogingivalchirurgie. Nach diesen Arten von chirurgischen Eingriffen sind regelm\u00e4\u00dfige Kontrollen des Patienten vorgesehen.<\/p>\n<p><strong>Genesungsprozess nach einer parodontologischen Behandlung<\/strong><\/p>\n<p>Da die Behandlung unter \u00f6rtlicher Bet\u00e4ubung erfolgt, treten w\u00e4hrend der Behandlung keine Schmerzen auf. Nach der Behandlung treten jedoch Schmerzen auf, da die Wirkung der Lokalan\u00e4sthesie nachl\u00e4sst. Sie sollten auf jeden Fall die von Ihrem Arzt empfohlenen Medikamente gegen diese Schmerzen anwenden. Obwohl der Heilungsprozess des Zahnfleisches von Person zu Person unterschiedlich ist, normalisiert sich das Zahnfleisch normalerweise innerhalb von 10-15 Tagen wieder.<\/p>\n<p><strong>Was ist nach der parodontologischen Behandlungsoperation zu beachten?<\/strong><\/p>\n<p><strong>Fl\u00fcssigkeitsverbrauch<\/strong><\/p>\n<p>Nach den parodontologischen Behandlungsoperationen sollte f\u00fcr mindestens 3-4 Stunden keine Fl\u00fcssigkeit eingenommen werden.<\/p>\n<p><strong>Drogenkonsum<\/strong><\/p>\n<p>Nach einer parodontologischen Behandlung k\u00f6nnen Schmerzen an Z\u00e4hnen und Zahnfleisch auftreten. Sie k\u00f6nnen Schmerzmittel verwenden, um Ihre Schmerzen zu lindern.<\/p>\n<p><strong>Nahrungsaufnahme<\/strong><\/p>\n<p>Nach der parodontologischen Behandlung sollte f\u00fcr mindestens 3-4 Stunden keine Nahrung zu sich genommen werden. Nach 3-4 Stunden sollten Sie darauf achten, Ihre Z\u00e4hne und Ihr Zahnfleisch bei den zu verzehrenden Mahlzeiten nicht zu stark zu belasten.<\/p>\n<p><strong>Hygiene<\/strong><\/p>\n<p>Nach der parodontologischen Behandlung sollten Sie auf die Mundhygiene achten, um Entz\u00fcndungen an Z\u00e4hnen und Zahnfleisch vorzubeugen und die Kontinuit\u00e4t der Behandlung zu gew\u00e4hrleisten.<\/p>\n<p><strong>H\u00e4ufig gestellte Fragen<\/strong><\/p>\n<p>Woher wei\u00df ich, ob es ein Problem mit meinem Zahnfleisch gibt?<\/p>\n<p>Symptome wie Zahnfleischbluten beim Z\u00e4hneputzen oder Essen, Zahnlockerung, Zahnfleischr\u00fcckgang sind die Vorboten von Zahnfleischproblemen.<\/p>\n<p>Ist die parodontologische Behandlung eine dauerhafte Methode?<\/p>\n<p>Wenn das Zahnfleisch und die Zahnhygiene nicht gepflegt werden, treten die gleichen Probleme wieder auf. In dieser Richtung sollten Sie auf die von Ihrem Arzt empfohlenen Reinigungsgewohnheiten achten.<\/p>\n<p>Ist eine parodontologische Behandlung ein schmerzhafter Prozess?<\/p>\n<p>Sie werden etwa 1 Woche bis 10 Tage Schmerzen in Ihren Z\u00e4hnen und Ihrem Zahnfleisch haben. Dies ist jedoch eine vor\u00fcbergehende Situation.<\/p>\n<p>Gibt es Nebenwirkungen bei der parodontologischen Behandlung?<\/p>\n<p>Nein. Eine parodontologische Behandlung hat keine Nebenwirkungen.[\/vc_column_text][\/vc_column][\/vc_row]<\/p>\n<\/div>","protected":false},"excerpt":{"rendered":"<p>[vc_row][vc_column][vc_column_text woodmart_inline=&#8221;no&#8221; text_larger=&#8221;no&#8221;]Parodontologische Behandlung oder Zahnfleischbehandlung ist eine Behandlungsmethode, die Reizstoffe und Bakterien, die Entz\u00fcndungen verursachen k\u00f6nnen, aus dem Zahnfleisch<\/p>\n","protected":false},"author":2,"featured_media":0,"parent":0,"menu_order":0,"comment_status":"closed","ping_status":"closed","template":"","meta":{"footnotes":""},"class_list":["post-9640","page","type-page","status-publish","hentry"],"_links":{"self":[{"href":"https:\/\/www.baysalsaglik.com\/de\/wp-json\/wp\/v2\/pages\/9640","targetHints":{"allow":["GET"]}}],"collection":[{"href":"https:\/\/www.baysalsaglik.com\/de\/wp-json\/wp\/v2\/pages"}],"about":[{"href":"https:\/\/www.baysalsaglik.com\/de\/wp-json\/wp\/v2\/types\/page"}],"author":[{"embeddable":true,"href":"https:\/\/www.baysalsaglik.com\/de\/wp-json\/wp\/v2\/users\/2"}],"replies":[{"embeddable":true,"href":"https:\/\/www.baysalsaglik.com\/de\/wp-json\/wp\/v2\/comments?post=9640"}],"version-history":[{"count":0,"href":"https:\/\/www.baysalsaglik.com\/de\/wp-json\/wp\/v2\/pages\/9640\/revisions"}],"wp:attachment":[{"href":"https:\/\/www.baysalsaglik.com\/de\/wp-json\/wp\/v2\/media?parent=9640"}],"curies":[{"name":"wp","href":"https:\/\/api.w.org\/{rel}","templated":true}]}}