{"id":9644,"date":"2022-05-26T15:22:55","date_gmt":"2022-05-26T12:22:55","guid":{"rendered":"https:\/\/www.baysalsaglik.com\/gingivektomie\/"},"modified":"2022-05-26T20:44:25","modified_gmt":"2022-05-26T17:44:25","slug":"gingivektomie","status":"publish","type":"page","link":"https:\/\/www.baysalsaglik.com\/de\/gingivektomie\/","title":{"rendered":"Gingivektomie"},"content":{"rendered":"<div class=\"wpb-content-wrapper\"><p>[vc_row][vc_column][vc_column_text woodmart_inline=&#8221;no&#8221; text_larger=&#8221;no&#8221;]Die Gingivektomie ist ein kleiner chirurgischer Eingriff, der durchgef\u00fchrt wird, um die Menge an Zahnfleisch zu reduzieren, die die Z\u00e4hne bedeckt, die wir beim L\u00e4cheln zeigen. Diese Parodontaloperation behandelt auch Entz\u00fcndungen, die Gewebewachstum im Zahnfleisch verursachen. Das den Zahn umgebende Zahnfleisch wird durchtrennt. Damit diese Zahnbehandlung funktioniert, muss der Patient ein ausreichend platziertes Zahnfleisch haben. Die Technik kann auch zur Entfernung von suprazessiven parodontalen Taschen verwendet werden.<\/p>\n<p><strong>Was sind die Ursachen einer Gingivarezession? <\/strong><\/p>\n<p>Ein \u00fcberwucherter Oberkiefer ist eine der grundlegendsten Ursachen f\u00fcr Zahnfleischr\u00fcckgang. Was \u00fcbersch\u00fcssiges Zahnfleisch verursacht, ist mehr Knochenwachstum als normal. Der Kieferchirurg ist f\u00fcr die Reduzierung dieses Knochens verantwortlich. Die Gingivektomie korrigiert nur den \u00e4sthetischen Teil des L\u00e4chelns. Orthognath Chirurgie wird verwendet, wenn eine bessere L\u00f6sung gew\u00fcnscht wird.<\/p>\n<p>St\u00e4ndiges Zusammenbei\u00dfen der Z\u00e4hne verursacht Verschlei\u00df, wodurch die Z\u00e4hne schrumpfen und sich abnutzen, wodurch das Zahnfleisch freigelegt wird. Porzellankronen oder Veneers werden oft verwendet, um den Zahn zu bedecken, wenn er ausgeh\u00e4rtet ist. Um den Mund richtig schlie\u00dfen zu k\u00f6nnen, sollte festgestellt werden, dass die oberen Z\u00e4hne dazu neigen, mit den unteren Z\u00e4hnen in Kontakt zu kommen. Die Z\u00e4hne des kleineren oberen Zahnbogens neigen dazu, durchzubrechen und das Zahnfleisch mitzunehmen.<\/p>\n<p>Modifizierte passive Eruption ist eine weitere Ursache. EPA, das mit dem nat\u00fcrlichen Wachstum der Z\u00e4hne entsteht, f\u00fchrt dazu, dass sich das Zahnfleisch nicht ausreichend zur\u00fcckbildet und den Zahnschmelz stark bedeckt.<\/p>\n<p><strong>Vorteile der Gingivektomie<\/strong><\/p>\n<p>Die Gingivektomie hat folgende Vorteile:<\/p>\n<ul>\n<li>Es wird m\u00f6glich, mehr von dem Zahn zu verwenden.<\/li>\n<li>Ihre Z\u00e4hne erscheinen l\u00e4nger, gr\u00f6\u00dfer und weniger quadratisch als vor dem Eingriff.<\/li>\n<li>Das L\u00e4cheln wird deutlich verbessert, es wird \u00e4sthetischer und proportionaler.<\/li>\n<li>Es ist eine schmerzlose, vorhersehbare und schnelle Operation.<\/li>\n<li>In der Regel werden sehr zufriedenstellende und sichtbare Ergebnisse erzielt.<\/li>\n<\/ul>\n<p><strong>Was sind die Unterschiede zwischen Gingivektomie und Gingivoplastik?<\/strong><\/p>\n<p>Die Gingivoplastik konzentriert sich nur auf das umgeformte Ende des Zahnfleisches, um ein harmonischeres \u00e4sthetisches Erscheinungsbild des L\u00e4chelns zu erreichen. Im Gegensatz dazu wird die Gingivektomie als Resektion des Zahnfleisches definiert. Sie stellt eine umfassendere Exzisionsoperation als die Gingivoplastik dar. Bei der Gingivoplastik werden die R\u00e4nder des Zahnfleischs poliert, sodass die Zahnoberfl\u00e4che freigelegt wird. Auf diese Weise wirken klein aussehende Z\u00e4hne gr\u00f6\u00dfer.<\/p>\n<p>Ziel der Gingivoplastik ist es, ad\u00e4quate Konturen zu schaffen und eine geringe Gingivarezession einzuschlie\u00dfen. Gingivektomie, gr\u00f6\u00dfere Mengen an gingivaler Rezession.<\/p>\n<p>Gingivoplastik ist f\u00fcr \u00e4sthetische Eingriffe indiziert. Die Gingivektomie wird unterst\u00fctzend im parodontalen Bereich eingesetzt, verleiht den Z\u00e4hnen eine st\u00e4rkere Reinigungswirkung und verleiht Glanz.<\/p>\n<p>Beide Techniken haben die gleichen Nachteile. Kosmetische Probleme laufen Gefahr, sie zu verschlimmern, anstatt sie zu korrigieren. Es besteht auch ein hohes Risiko einer Wurzelexposition, wenn Sie nicht vorsichtig sind. Es kann zu einer Erh\u00f6hung der Zahnempfindlichkeit kommen, wenn der Zahnhals mehr als n\u00f6tig untersucht wird.<\/p>\n<p><strong>Was ist nach Gingivektomie zu beachten?<\/strong><\/p>\n<p>Die Erholung von dieser Operation kann zwischen einem Monat und sechs Wochen dauern. Nach etwa sechs Monaten sieht das Zahnfleisch normal aus. Es ist wichtig, eine angemessene Mundhygiene aufrechtzuerhalten, indem Sie eine Zahnb\u00fcrste mit weichen Borsten sowie Zahnseide verwenden. H\u00f6chstwahrscheinlich wird der Zahnarzt eine Art Mundwasser verschreiben, um die Heilung zu unterst\u00fctzen und das Infektionsrisiko zu minimieren.<\/p>\n<p>Das Auftragen kalter Kompressen auf den operierten Bereich f\u00fcr etwa f\u00fcnf Minuten alle halbe Stunde funktioniert am ersten Tag.<\/p>\n<p>Das Essen von Lebensmitteln, die in den ersten 2 Tagen normalerweise Raumtemperatur oder K\u00e4lte haben, hilft, die Entz\u00fcndung schneller zu reduzieren und so Blutungen zu verhindern, die nach dem Eingriff auftreten k\u00f6nnen. Sie sollten eine Schonkost ohne s\u00e4urehaltige Lebensmittel zu sich nehmen. Vermeiden Sie es, sich hohen Temperaturen auszusetzen. Rauchen und Alkohol sollten nicht konsumiert werden.[\/vc_column_text][\/vc_column][\/vc_row]<\/p>\n<\/div>","protected":false},"excerpt":{"rendered":"<p>[vc_row][vc_column][vc_column_text woodmart_inline=&#8221;no&#8221; text_larger=&#8221;no&#8221;]Die Gingivektomie ist ein kleiner chirurgischer Eingriff, der durchgef\u00fchrt wird, um die Menge an Zahnfleisch zu reduzieren, die<\/p>\n","protected":false},"author":2,"featured_media":0,"parent":0,"menu_order":0,"comment_status":"closed","ping_status":"closed","template":"","meta":{"footnotes":""},"class_list":["post-9644","page","type-page","status-publish","hentry"],"_links":{"self":[{"href":"https:\/\/www.baysalsaglik.com\/de\/wp-json\/wp\/v2\/pages\/9644","targetHints":{"allow":["GET"]}}],"collection":[{"href":"https:\/\/www.baysalsaglik.com\/de\/wp-json\/wp\/v2\/pages"}],"about":[{"href":"https:\/\/www.baysalsaglik.com\/de\/wp-json\/wp\/v2\/types\/page"}],"author":[{"embeddable":true,"href":"https:\/\/www.baysalsaglik.com\/de\/wp-json\/wp\/v2\/users\/2"}],"replies":[{"embeddable":true,"href":"https:\/\/www.baysalsaglik.com\/de\/wp-json\/wp\/v2\/comments?post=9644"}],"version-history":[{"count":0,"href":"https:\/\/www.baysalsaglik.com\/de\/wp-json\/wp\/v2\/pages\/9644\/revisions"}],"wp:attachment":[{"href":"https:\/\/www.baysalsaglik.com\/de\/wp-json\/wp\/v2\/media?parent=9644"}],"curies":[{"name":"wp","href":"https:\/\/api.w.org\/{rel}","templated":true}]}}